{"id":4529,"date":"2019-11-21T16:03:22","date_gmt":"2019-11-21T10:33:22","guid":{"rendered":"https:\/\/www.ayurmana.in\/einrichtungen-fuer-gaeste\/"},"modified":"2023-10-18T15:15:23","modified_gmt":"2023-10-18T09:45:23","slug":"einrichtungen-fuer-gaeste","status":"publish","type":"page","link":"https:\/\/ayurmana.in\/de\/einrichtungen-fuer-gaeste\/","title":{"rendered":"Einrichtungen f\u00fcr G\u00e4ste"},"content":{"rendered":"&#13;\n<h2 class=\"wp-block-heading\">Einrichtungen f\u00fcr G\u00e4ste<\/h2>&#13;\n&#13;\n<p>Wir von Ayurmana haben alles getan, um Ihren Aufenthalt in Dharmagiri so angenehm wie m\u00f6glich zu gestalten. Die ungezwungene, entspannte Stimmung der Klausur ist gewollt und f\u00fcr unser Konzept der Heilung wesentlich.<\/p>&#13;\n&#13;\n<p><strong>AYURMANA<\/strong><\/p>&#13;\n&#13;\n<p>Das Dharma Ayurveda Center for Advanced healing verf\u00fcgt \u00fcber einen vollwertigen Behandlungsblock &#8211; AYURMANA &#8211; mit Einrichtungen, die jede authentische ayurvedische Behandlung in der Praxis anbieten. In der \u00c4rztekammer des Zentrums k\u00f6nnen die Patienten pers\u00f6nliche Gespr\u00e4che mit den \u00c4rzten f\u00fchren und die Behandlungsfortschritte besprechen. Die Apotheke im Block dient als Labor, in dem die ausgew\u00e4hlten ayurvedischen Rezepturen f\u00fcr die Behandlung durch die Therapeuten vorbereitet und verarbeitet werden.<\/p>&#13;\n&#13;\n<p><strong>DER HEILIGE HAIN<\/strong><\/p>&#13;\n&#13;\n<p>Ein kleiner Spaziergang zum Gipfel des Dharmagiri f\u00fchrt Sie zum Heiligen Hain, wo Sie unter den sanften Schatten der B\u00e4ume meditieren, sich Yoga-Asanas hingeben oder einfach dem beruhigenden Klang der sanften Brise und dem Panoramablick auf das Hochland lauschen k\u00f6nnen.<\/p>&#13;\n&#13;\n<p><strong>GEHENDE SPUR<\/strong><\/p>&#13;\n&#13;\n<p>Morgen- und Abendspazierg\u00e4nge gehen in eine Meditation in Dharmagiri \u00fcber. Die wohltuende Sonne, das Zwitschern der V\u00f6gel, die sanfte Brise und die wechselnden Schattierungen des Horizonts machen Ihren Spaziergang zu einer Aktivit\u00e4t, auf die Sie sich jeden Tag freuen.<\/p>&#13;\n&#13;\n<p><strong>KLEINER GARTEN<\/strong><\/p>&#13;\n&#13;\n<p>Unser Kr\u00e4utergarten beherbergt eine Vielzahl von Kr\u00e4utern, Str\u00e4uchern und B\u00e4umen, die im Ayurveda zur Heilung verwendet werden, und die liebevoll angebaut werden, um das Bewusstsein zu sch\u00e4rfen.<\/p>&#13;\n&#13;\n<p><strong>AYURVEDISCHE K\u00dcCHE<\/strong><\/p>&#13;\n&#13;\n<p>Im Ayurveda spielt die Nahrung eine wichtige Rolle bei der Heilung. Unsere Heiler sind der Meinung, dass die Nahrung, die Sie zu sich nehmen, Ihrem K\u00f6rper einen frischen Schwung verleihen sollte. Deshalb bem\u00fchen wir uns, dass die von uns servierten Speisen ebenso leicht und schmackhaft wie gesund und energiereich sind.<\/p>&#13;\n&#13;\n<p><strong>BUDHHA KITCHEN<\/strong><\/p>&#13;\n&#13;\n<p>Unsere Buddha-K\u00fcche serviert den ganzen Tag \u00fcber Erfrischungen wie Tees, Snacks usw., w\u00e4hrend die G\u00e4ste die Aussicht auf das gr\u00fcne Hochland genie\u00dfen.<\/p>&#13;\n&#13;\n<p><strong>INTERNET und SATELLITEN-TV<\/strong><\/p>&#13;\n&#13;\n<p>Wir sind der festen \u00dcberzeugung, dass Ihr Aufenthalt in Dharmagiri maximalen Nutzen bringt, wenn Sie Stressausl\u00f6ser aus dem beruflichen und sozialen Leben minimieren. Aber wenn es sehr wichtig ist, k\u00f6nnen wir Ihnen helfen, 3G-Sim f\u00fcr die Verwendung mit Tablet oder Internet-Dongle zu beschaffen. Satellitenfernsehen ist in den Zimmern der h\u00f6heren Kategorie verf\u00fcgbar und bietet eine gro\u00dfe Auswahl an nationalen und internationalen Kan\u00e4len.<\/p>&#13;\n&#13;\n<p><strong>REISEB\u00dcRO<\/strong><\/p>&#13;\n&#13;\n<p>Wir k\u00f6nnen f\u00fcr Sie Touren in die Stadt oder zu nahe gelegenen Sehensw\u00fcrdigkeiten arrangieren, Ihnen bei der Buchung von Tickets und anderen Dienstleistungen behilflich sein und alle reisebezogenen Informationen f\u00fcr Sie einholen. Wir sorgen auch daf\u00fcr, dass Ihre Abholung vom und zum Flughafen genauestens organisiert wird.<\/p>&#13;\n","protected":false},"excerpt":{"rendered":"<p>&#13; Einrichtungen f\u00fcr G\u00e4ste &#13; &#13; Wir von Ayurmana haben [&hellip;]<\/p>\n","protected":false},"author":1,"featured_media":0,"parent":0,"menu_order":0,"comment_status":"closed","ping_status":"closed","template":"","meta":{"_monsterinsights_skip_tracking":false,"_monsterinsights_sitenote_active":false,"_monsterinsights_sitenote_note":"","_monsterinsights_sitenote_category":0,"_joinchat":[],"footnotes":""},"class_list":["post-4529","page","type-page","status-publish","hentry"],"_links":{"self":[{"href":"https:\/\/ayurmana.in\/de\/wp-json\/wp\/v2\/pages\/4529","targetHints":{"allow":["GET"]}}],"collection":[{"href":"https:\/\/ayurmana.in\/de\/wp-json\/wp\/v2\/pages"}],"about":[{"href":"https:\/\/ayurmana.in\/de\/wp-json\/wp\/v2\/types\/page"}],"author":[{"embeddable":true,"href":"https:\/\/ayurmana.in\/de\/wp-json\/wp\/v2\/users\/1"}],"replies":[{"embeddable":true,"href":"https:\/\/ayurmana.in\/de\/wp-json\/wp\/v2\/comments?post=4529"}],"version-history":[{"count":0,"href":"https:\/\/ayurmana.in\/de\/wp-json\/wp\/v2\/pages\/4529\/revisions"}],"wp:attachment":[{"href":"https:\/\/ayurmana.in\/de\/wp-json\/wp\/v2\/media?parent=4529"}],"curies":[{"name":"wp","href":"https:\/\/api.w.org\/{rel}","templated":true}]}}