{"id":4536,"date":"2019-11-21T20:58:44","date_gmt":"2019-11-21T15:28:44","guid":{"rendered":"https:\/\/www.ayurmana.in\/diabetes\/"},"modified":"2023-10-18T15:15:24","modified_gmt":"2023-10-18T09:45:24","slug":"diabetes","status":"publish","type":"page","link":"https:\/\/ayurmana.in\/de\/diabetes\/","title":{"rendered":"Diabetes"},"content":{"rendered":"[vc_row css=&#8221;.vc_custom_1577384645434{padding-bottom: 6px !important;}&#8221;][vc_column width=&#8221;2\/3&#8243; css=&#8221;.vc_custom_1577696343492{padding-bottom: 6px !important;}&#8221;][vc_column_text]\n<h1>Wirksames ayurvedisches Behandlungsprogramm f\u00fcr Diabetes in Kerala Indien<\/h1>\n[\/vc_column_text][vc_single_image image=&#8221;104&#8243; img_size=&#8221;large&#8221;][vc_column_text]\n<h3>Freiheit von Typ-2-Diabetes<\/h3>\n<h3>Lassen Sie sich Ihr Leben nicht von Diabetes diktieren<\/h3>\n[\/vc_column_text][\/vc_column][vc_column width=&#8221;1\/3&#8243; offset=&#8221;vc_hidden-xs&#8221;][vc_empty_space height=&#8221;55px&#8221;][vc_empty_space height=&#8221;55px&#8221;][vc_column_text]\n<h4>TESTIMONIALS<\/h4>\n<p><em>Als ich zur Behandlung kam, bekam ich 80 Einheiten Insulin pro Tag. Jetzt bin ich insulinfrei und mein Blutzuckerspiegel ist wieder im normalen Bereich.<\/em>[\/vc_column_text][vc_column_text]\n<p style=\"text-align: right;\"><strong>Reno Greve, Norwegen<\/strong><\/p>\n[\/vc_column_text][vc_column_text]\n<p><em>Ich nahm Insulin und zwei andere Medikamente gegen Diabetes. Die ayurvedische Behandlung brachte gro\u00dfartige Ergebnisse. Ich habe das Insulin, das orale Hypoglyk\u00e4mikum und die Tabletten abgesetzt, und trotzdem ist mein Zucker normal.<\/em><\/p>\n[\/vc_column_text][vc_column_text]\n<p style=\"text-align: right;\"><strong>Sweta Tivari, Patna<\/strong><\/p>\n[\/vc_column_text][\/vc_column][\/vc_row][vc_row css=&#8221;.vc_custom_1577384784092{padding-top: 6px !important;padding-bottom: 20px !important;}&#8221;][vc_column width=&#8221;2\/3&#8243;][vc_column_text]Diabetes ist eine Krankheit, bei der ein hoher Blutzuckerspiegel vorliegt. Bei Typ-2-Diabetes liegt dies entweder daran, dass die Bauchspeicheldr\u00fcse zu wenig Insulin produziert oder dass der K\u00f6rper nicht angemessen auf das produzierte Insulin reagiert (bekannt als Insulinresistenz).<\/p>\n<p>Die \u00e4lteste Beschreibung von Diabetes mellitus in der Geschichte findet sich in den ayurvedischen Schriften, die auf ca. 1500 v. Chr. zur\u00fcckgehen. Die ayurvedischen \u00c4rzte nannten ihn &#8216;Madhumeha&#8217;, was so viel wie Honigurin oder s\u00fc\u00dfer Urin bedeutet, und erkl\u00e4rten, dass der Urin eines Diabetikers Ameisen anzieht. Die ayurvedischen Schriften Charaka samhita und Susruta samhita gehen noch weiter und erkl\u00e4ren zwei Haupttypen von Madhumeha. Typ 1 betrifft Jugendliche und Typ 2 ist mit dem K\u00f6rpergewicht verbunden.<\/p>\n<p>Das renommierte ayurvedische Behandlungsprogramm f\u00fcr Diabetes, das im Diabetes Retreat von Dharma Ayurveda angeboten wird, beinhaltet in erster Linie die Wiederbelebung und Verj\u00fcngung der Betazellen der Langerhans-Inseln in der Bauchspeicheldr\u00fcse, damit diese ausreichend Insulin produzieren k\u00f6nnen, und die Verbesserung der Reaktionsf\u00e4higkeit des K\u00f6rpergewebes, insbesondere der Muskel- und Fettzellen, auf das ausgesch\u00fcttete Insulin. \u00c4nderungen des Lebensstils und Ern\u00e4hrungsumstellungen werden ebenfalls eingesetzt, um den Blutzuckerspiegel schnell unter Kontrolle zu bringen.<\/p>\n<p>Statistisch gesehen sind \u00fcber 90 % der Diabetesf\u00e4lle Typ-2-Diabetes. Im Gegensatz zu Typ 1 kann Typ 2 erfolgreich behandelt werden, um eine optimale Blutzuckerkontrolle zu erreichen und kann sogar durch AyurMana&#8217;s ayurvedische Behandlung f\u00fcr Diabetes in Kerala heilbar sein.[\/vc_column_text][\/vc_column][vc_column width=&#8221;1\/3&#8243; offset=&#8221;vc_hidden-xs&#8221;][vc_column_text el_class=&#8221;rr-menu&#8221;]\n<h4>Schnelle Links<\/h4>\n<ul>\n<li><a href=\"https:\/\/ayurmana.in\/de\/zimmer-und-suiten\/\">Zimmer &amp; Suiten<\/a><br \/>\n<hr>\n<\/li>\n<li><a href=\"https:\/\/ayurmana.in\/de\/ayurveda-pakete-kerala\/\">Unsere Pakete<\/a><br \/>\n<hr>\n<\/li>\n<li><a href=\"https:\/\/ayurmana.in\/de\/zimmerreservierung\/\">Zimmerreservierung<\/a><br \/>\n<hr>\n<\/li>\n<li><a href=\"https:\/\/ayurmana.in\/de\/faq\/\">FAQ<\/a><\/li>\n<\/ul>\n[\/vc_column_text][\/vc_column][\/vc_row][vc_row css=&#8221;.vc_custom_1577038844768{padding-top: 6px !important;}&#8221;][vc_column width=&#8221;1\/2&#8243;][vc_message message_box_color=&#8221;mulled_wine&#8221;]<strong>H\u00e4ufige Symptome<\/strong>[\/vc_message][vc_column_text]\n<ul>\n<li>H\u00e4ufiges Wasserlassen<\/li>\n<li>Erh\u00f6hter Durst<\/li>\n<li>Verst\u00e4rkter Hunger<\/li>\n<li>Verschwommenes Sehen<\/li>\n<li>Hautausschl\u00e4ge<\/li>\n<li>Erm\u00fcdung<\/li>\n<li>H\u00e4ufige Infektionen<\/li>\n<li>Langsam heilende Wunden<\/li>\n<\/ul>\n[\/vc_column_text][\/vc_column][vc_column width=&#8221;1\/2&#8243;][vc_message message_box_color=&#8221;mulled_wine&#8221;]<strong>Was k\u00f6nnen Sie von unserem Programm erwarten?<\/strong>[\/vc_message][vc_column_text]\n<ul class=\"inline list-01\">\n<li>Stabile Kontrolle des Blutzuckers<\/li>\n<li>Diabetiker-Medikamente minimieren oder absetzen<\/li>\n<li>Deutliche Verbesserung der Symptome<\/li>\n<li>Erh\u00f6hter Energiegehalt<\/li>\n<li>Verbesserte Immunit\u00e4t<\/li>\n<li>Verbesserte kardiovaskul\u00e4re Gesundheit<\/li>\n<\/ul>\n[\/vc_column_text][\/vc_column][\/vc_row][vc_row][vc_column width=&#8221;2\/3&#8243;][\/vc_column][vc_column width=&#8221;1\/3&#8243; offset=&#8221;vc_hidden-lg vc_hidden-md vc_hidden-sm&#8221;][vc_empty_space height=&#8221;55px&#8221;][vc_column_text]\n<h4>TESTIMONIALS<\/h4>\n<p><em>Als ich zur Behandlung kam, bekam ich 80 Einheiten Insulin pro Tag. Jetzt bin ich insulinfrei und mein Blutzuckerspiegel ist wieder im normalen Bereich.<\/em>[\/vc_column_text][vc_column_text]\n<p style=\"text-align: right;\"><strong>Reno Greve, Norwegen<\/strong><\/p>\n[\/vc_column_text][vc_column_text]\n<p><em>Ich nahm Insulin und zwei andere Medikamente gegen Diabetes. Die ayurvedische Behandlung brachte gro\u00dfartige Ergebnisse. Ich habe das Insulin, das orale Hypoglyk\u00e4mikum und die Tabletten abgesetzt, und trotzdem ist mein Zucker normal.<\/em><\/p>\n[\/vc_column_text][vc_column_text]\n<p style=\"text-align: right;\"><strong>Sweta Tivari, Indien<\/strong><\/p>\n[\/vc_column_text][vc_column_text el_class=&#8221;rr-menu&#8221;]\n<h4>Schnelle Links<\/h4>\n<ul>\n<li><a href=\"https:\/\/ayurmana.in\/de\/zimmer-und-suiten\/\">Zimmer &amp; Suiten<\/a><br \/>\n<hr>\n<\/li>\n<li><a href=\"https:\/\/ayurmana.in\/de\/ayurveda-pakete-kerala\/\">Unsere Pakete<\/a><br \/>\n<hr>\n<\/li>\n<li><a href=\"https:\/\/ayurmana.in\/de\/zimmerreservierung\/\">Zimmerreservierung<\/a><br \/>\n<hr>\n<\/li>\n<li><a href=\"https:\/\/ayurmana.in\/de\/faq\/\">FAQ<\/a><\/li>\n<\/ul>\n[\/vc_column_text][\/vc_column][\/vc_row]\n","protected":false},"excerpt":{"rendered":"<p>[vc_row css=&#8221;.vc_custom_1577384645434{padding-bottom: 6px !important;}&#8221;][vc_column width=&#8221;2\/3&#8243; css=&#8221;.vc_custom_1577696343492{padding-bottom: 6px !important;}&#8221;][vc_column_text] Wirksames ayurvedisches [&hellip;]<\/p>\n","protected":false},"author":1,"featured_media":0,"parent":0,"menu_order":0,"comment_status":"closed","ping_status":"closed","template":"","meta":{"_monsterinsights_skip_tracking":false,"_monsterinsights_sitenote_active":false,"_monsterinsights_sitenote_note":"","_monsterinsights_sitenote_category":0,"_joinchat":[],"footnotes":""},"class_list":["post-4536","page","type-page","status-publish","hentry"],"_links":{"self":[{"href":"https:\/\/ayurmana.in\/de\/wp-json\/wp\/v2\/pages\/4536","targetHints":{"allow":["GET"]}}],"collection":[{"href":"https:\/\/ayurmana.in\/de\/wp-json\/wp\/v2\/pages"}],"about":[{"href":"https:\/\/ayurmana.in\/de\/wp-json\/wp\/v2\/types\/page"}],"author":[{"embeddable":true,"href":"https:\/\/ayurmana.in\/de\/wp-json\/wp\/v2\/users\/1"}],"replies":[{"embeddable":true,"href":"https:\/\/ayurmana.in\/de\/wp-json\/wp\/v2\/comments?post=4536"}],"version-history":[{"count":0,"href":"https:\/\/ayurmana.in\/de\/wp-json\/wp\/v2\/pages\/4536\/revisions"}],"wp:attachment":[{"href":"https:\/\/ayurmana.in\/de\/wp-json\/wp\/v2\/media?parent=4536"}],"curies":[{"name":"wp","href":"https:\/\/api.w.org\/{rel}","templated":true}]}}