{"id":4540,"date":"2019-11-21T21:53:46","date_gmt":"2019-11-21T16:23:46","guid":{"rendered":"https:\/\/www.ayurmana.in\/arthritis\/"},"modified":"2023-10-18T15:16:35","modified_gmt":"2023-10-18T09:46:35","slug":"arthritis","status":"publish","type":"page","link":"https:\/\/ayurmana.in\/de\/arthritis\/","title":{"rendered":"Arthritis"},"content":{"rendered":"[vc_row css=&#8221;.vc_custom_1577039447178{padding-bottom: 6px !important;}&#8221;][vc_column width=&#8221;2\/3&#8243;][vc_column_text]\n&#13;\n<h1 class=\"wp-block-heading\">Wirksame ayurvedische Behandlung f\u00fcr rheumatoide und Osteo Arthritis in Kerala Indien<\/h1>&#13;\n<p><\/p><\/p>\n<p>\n<br\/>[\/vc_column_text][vc_single_image image=&#8221;120&#8243; img_size=&#8221;large&#8221;][vc_column_text]&#13;\n<h3 class=\"wp-block-heading\">Lassen Sie nicht zu, dass Schmerzen und Steifheit Ihr Leben einschr\u00e4nken.<\/h3>&#13;\n<h3>Kontrolle und Heilung von Arthritis nat\u00fcrlich.<\/h3>&#13;\n[\/vc_column_text][\/vc_column][vc_column width=&#8221;1\/3&#8243; offset=&#8221;vc_hidden-xs&#8221;][vc_empty_space height=&#8221;115px&#8221;][vc_column_text]&#13;\n<h4>TESTIMONIALS<\/h4>&#13;\n<p style=\"text-align: justify;\"><em>I was suffering from RA and was under medications for 6 years. My fingers had\u00a0 deformity too. The improvement after 6 weeks of\u00a0 treatment was astonishing. The pain and swelling almost vanished, even the deformity decreased.<\/em><\/p>&#13;\n[\/vc_column_text][vc_column_text]&#13;\n<p style=\"text-align: right;\"><strong>Maunu Manninen, Finland<\/strong><\/p>&#13;\n[\/vc_column_text][vc_column_text]&#13;\n<p><em>In just 6 weeks my Osteoarthritis improved so much that I could walk without support after almost 4 years.<\/em><\/p>&#13;\n[\/vc_column_text][vc_column_text]&#13;\n<p style=\"text-align: right;\"><strong>Sumathi, India<\/strong><\/p>&#13;\n[\/vc_column_text][vc_empty_space height=&#8221;115px&#8221;][\/vc_column][\/vc_row][vc_row css=&#8221;.vc_custom_1577334170275{padding-top: 6px !important;padding-bottom: 6px !important;}&#8221;][vc_column width=&#8221;2\/3&#8243;][vc_column_text]<\/p>\n<p>\nArthritis is a condition that causes pain and inflammation in the joints and is one of the main cause of disability among populations worldwide. There are several types of arthritis like Osteoarthritis, Rheumatoid arthritis, Gout etc. The symptoms and age of onset may vary widely depending on the type of arthritis and the joints involved.&#13;\n<p><\/p><p>Ayurvedische Heiler, die sich vor mehreren Jahrhunderten eingehend mit der \u00c4tiologie der Arthritis befassten, leiteten spezifische Behandlungsstrategien f\u00fcr verschiedene Arten von Arthritis ab. Diese bew\u00e4hrten Behandlungen werden von ayurvedischen \u00c4rzten seit Jahrhunderten praktiziert und haben Millionen von Menschen geheilt, die an dieser schw\u00e4chenden Krankheit leiden.<\/p>\n<p>\nThis Specialised Ayurvedic treatment for arthritis offered by AyurMana for rheumatoid arthritis, osteo arthritis and gout, combines profound ayurvedic therapies, yoga practises, potent herbal formulations, customised diets and natural supplements for quick and lasting results.\r\n<p><!-- \/wp:post-content --><\/p>\n[\/vc_column_text][\/vc_column][vc_column width=&#8221;1\/3&#8243; offset=&#8221;vc_hidden-xs&#8221;][vc_column_text css=&#8221;.vc_custom_1588230439461{padding-top: 20px !important;padding-right: 20px !important;padding-bottom: 20px !important;padding-left: 20px !important;background-color: #f7f8f8 !important;border-radius: 3px !important;}&#8221; el_class=&#8221;rr-menu&#8221;]\n<h4>Schnelle Links<\/h4>\n<ul>\n<li><a href=\"https:\/\/ayurmana.in\/de\/zimmer-und-suiten\/\">Zimmer &amp; Suiten<\/a><br \/>\n<hr>\n<\/li>\n<li><a href=\"https:\/\/ayurmana.in\/de\/ayurveda-pakete-kerala\/\">Unsere Pakete<\/a><br \/>\n<hr>\n<\/li>\n<li><a href=\"https:\/\/ayurmana.in\/de\/zimmerreservierung\/\">Zimmerreservierung<\/a><br \/>\n<hr>\n<\/li>\n<li><a href=\"https:\/\/ayurmana.in\/de\/faq\/\">FAQ<\/a><\/li>\n<\/ul>\n[\/vc_column_text][\/vc_column][\/vc_row][vc_row css=&#8221;.vc_custom_1577691638157{padding-top: 6px !important;}&#8221;][vc_column width=&#8221;1\/2&#8243;][vc_message message_box_color=&#8221;mulled_wine&#8221;]\n<p><strong>H\u00e4ufige Ursachen<\/strong><\/p>\n[\/vc_message][vc_column_text]\n<ul>\n<li>Erbliche Faktoren<\/li>\n<li>K\u00f6rperlich anstrengender Lebensstil<\/li>\n<li>Fettleibigkeit<\/li>\n<li>Bestimmte Arten von Lebensmitteln<\/li>\n<li>Fr\u00fchere Verletzungen<\/li>\n<li>Infektion<\/li>\n<li>Autoimmunkrankheit<\/li>\n<li>Allergische Reaktion<\/li>\n<li>Stress<\/li>\n<\/ul>\n[\/vc_column_text][\/vc_column][vc_column width=&#8221;1\/2&#8243;][vc_message message_box_color=&#8221;mulled_wine&#8221;]\n<p><strong>Was k\u00f6nnen Sie von unserem Programm erwarten?<\/strong><\/p>\n[\/vc_message][vc_column_text]\n<ul>\n<li>Rasche Kontrolle von Schmerzen und Steifheit<\/li>\n<li>Hemmt den Entz\u00fcndungsprozess<\/li>\n<li>Schnelle Verbesserung der Mobilit\u00e4t<\/li>\n<li>Erh\u00f6hter Energiegehalt<\/li>\n<li>Verbesserte Festigkeit der Gelenke<\/li>\n<li>Gelenksch\u00e4den weitgehend r\u00fcckg\u00e4ngig machen<\/li>\n<\/ul>\n[\/vc_column_text][\/vc_column][\/vc_row][vc_row][vc_column width=&#8221;2\/3&#8243;][\/vc_column][vc_column width=&#8221;1\/3&#8243; offset=&#8221;vc_hidden-lg vc_hidden-md vc_hidden-sm&#8221;][vc_empty_space height=&#8221;35px&#8221;][vc_column_text]\n<h4>TESTIMONIALS<\/h4>\n<p style=\"text-align: justify;\"><em>Ich litt an RA und wurde 6 Jahre lang mit Medikamenten behandelt. Auch meine Finger waren deformiert. Die Verbesserung nach 6 Wochen Behandlung war erstaunlich. Die Schmerzen und Schwellungen verschwanden fast vollst\u00e4ndig, auch die Deformierung ging zur\u00fcck.<\/em><\/p>\n[\/vc_column_text][vc_column_text]\n<p style=\"text-align: right;\"><strong>Maunu Manninen, Finnland<\/strong><\/p>\n[\/vc_column_text][vc_column_text]\n<p><em>In nur 6 Wochen verbesserte sich meine Arthrose so sehr, dass ich nach fast 4 Jahren wieder ohne Unterst\u00fctzung gehen konnte.<\/em><\/p>\n[\/vc_column_text][vc_column_text]\n<p style=\"text-align: right;\"><strong>Sumathi, Indien<\/strong><\/p>\n[\/vc_column_text][vc_empty_space height=&#8221;35px&#8221;][vc_column_text css=&#8221;.vc_custom_1588231107930{padding-top: 20px !important;padding-right: 20px !important;padding-bottom: 20px !important;padding-left: 20px !important;background-color: #f7f8f8 !important;border-radius: 3px !important;}&#8221; el_class=&#8221;rr-menu&#8221;]\n<h4>Schnelle Links<\/h4>\n<ul>\n<li><a href=\"https:\/\/ayurmana.in\/de\/zimmer-und-suiten\/\">Zimmer &amp; Suiten<\/a><br \/>\n<hr>\n<\/li>\n<li><a href=\"https:\/\/ayurmana.in\/de\/ayurveda-pakete-kerala\/\">Unsere Pakete<\/a><br \/>\n<hr>\n<\/li>\n<li><a href=\"https:\/\/ayurmana.in\/de\/zimmerreservierung\/\">Zimmerreservierung<\/a><br \/>\n<hr>\n<\/li>\n<li><a href=\"https:\/\/ayurmana.in\/de\/faq\/\">FAQ<\/a><\/li>\n<\/ul>\n[\/vc_column_text][\/vc_column][\/vc_row]\n","protected":false},"excerpt":{"rendered":"<p>[vc_row css=&#8221;.vc_custom_1577039447178{padding-bottom: 6px !important;}&#8221;][vc_column width=&#8221;2\/3&#8243;][vc_column_text] &#13; Wirksame ayurvedische Behandlung f\u00fcr [&hellip;]<\/p>\n","protected":false},"author":1,"featured_media":0,"parent":0,"menu_order":0,"comment_status":"closed","ping_status":"closed","template":"","meta":{"_monsterinsights_skip_tracking":false,"_monsterinsights_sitenote_active":false,"_monsterinsights_sitenote_note":"","_monsterinsights_sitenote_category":0,"_joinchat":[],"footnotes":""},"class_list":["post-4540","page","type-page","status-publish","hentry"],"_links":{"self":[{"href":"https:\/\/ayurmana.in\/de\/wp-json\/wp\/v2\/pages\/4540","targetHints":{"allow":["GET"]}}],"collection":[{"href":"https:\/\/ayurmana.in\/de\/wp-json\/wp\/v2\/pages"}],"about":[{"href":"https:\/\/ayurmana.in\/de\/wp-json\/wp\/v2\/types\/page"}],"author":[{"embeddable":true,"href":"https:\/\/ayurmana.in\/de\/wp-json\/wp\/v2\/users\/1"}],"replies":[{"embeddable":true,"href":"https:\/\/ayurmana.in\/de\/wp-json\/wp\/v2\/comments?post=4540"}],"version-history":[{"count":0,"href":"https:\/\/ayurmana.in\/de\/wp-json\/wp\/v2\/pages\/4540\/revisions"}],"wp:attachment":[{"href":"https:\/\/ayurmana.in\/de\/wp-json\/wp\/v2\/media?parent=4540"}],"curies":[{"name":"wp","href":"https:\/\/api.w.org\/{rel}","templated":true}]}}