{"id":4582,"date":"2019-11-21T20:13:06","date_gmt":"2019-11-21T14:43:06","guid":{"rendered":"https:\/\/www.ayurmana.in\/fettleibigkeit\/"},"modified":"2023-10-18T14:52:44","modified_gmt":"2023-10-18T09:22:44","slug":"fettleibigkeit","status":"publish","type":"page","link":"https:\/\/ayurmana.in\/de\/fettleibigkeit\/","title":{"rendered":"Fettleibigkeit"},"content":{"rendered":"[vc_row css=&#8221;.vc_custom_1577035591276{padding-bottom: 6px !important;}&#8221;][vc_column width=&#8221;2\/3&#8243;][vc_column_text]\n<h1>Ayurvedische Gewichtsabnahme Behandlungsprogramm f\u00fcr Adipositas<\/h1>\n[\/vc_column_text][vc_single_image image=&#8221;75&#8243; img_size=&#8221;large&#8221;][vc_column_text]\n<h3>Ein nat\u00fcrliches Programm, um in 4 Wochen bis zu 10% Ihres aktuellen Gewichts zu verlieren<\/h3>\n[\/vc_column_text][\/vc_column][vc_column width=&#8221;1\/3&#8243; offset=&#8221;vc_hidden-xs&#8221;][vc_empty_space height=&#8221;55px&#8221;][vc_column_text]\n<h4>TESTIMONIALS<\/h4>\n<p><em>Ich habe bei ayurmana \u00fcber 70 Pfund abgenommen und es hat mein Leben v\u00f6llig ver\u00e4ndert. Mein Diabetes und meine Schilddr\u00fcsenunterfunktion sind verschwunden, ich bin aktiver und energiegeladener, und die Leute sagen, ich sehe mindestens 10 Jahre j\u00fcnger aus.<\/em>[\/vc_column_text][vc_column_text]\n<p style=\"text-align: right;\"><strong>Abdul Mehsin, Kuwait<\/strong><\/p>\n[\/vc_column_text][vc_column_text]<em>Mein Hausarzt hatte mir eine bariatrische Operation vorgeschlagen, da ich an krankhafter Fettleibigkeit litt. Ich bin ayurmana dankbar, dass sie mir geholfen hat, \u00fcber 40 Kilo abzunehmen und eine Operation zu vermeiden. <\/em>[\/vc_column_text][vc_column_text]\n<p style=\"text-align: right;\"><strong>Paul D&#8217; Souza, Indien<\/strong><\/p>\n[\/vc_column_text][\/vc_column][\/vc_row][vc_row][vc_column width=&#8221;2\/3&#8243;][vc_column_text]Das preisgekr\u00f6nte Schlankheitsprogramm von Ayurmana ist ein umfassender Plan zur Gewichtsabnahme, der den wahrscheinlich schnellsten Gewichtsverlust erm\u00f6glicht, der bei einer v\u00f6llig nat\u00fcrlichen Behandlung beobachtet werden kann. Wenn Sie wie die meisten Menschen sind, haben Sie schon einmal versucht, abzunehmen und sind gescheitert oder haben abgenommen, nur um wieder zuzunehmen. Egal wie oft Sie zuvor gescheitert sind, Ayurmana&#8217;s umfassendes Abnehmprogramm ist ma\u00dfgeschneidert, um sicherzustellen, dass Sie dieses Mal ERFOLG haben.<\/p>\n<p>Im Laufe des Programms werden Sie an den richtigen Stellen abnehmen und ohne den gef\u00fcrchteten Jo-Jo-Effekt Ihre Kleidergr\u00f6\u00dfe reduzieren.<\/p>\n<p>Wenn Sie Ihr Ziel der Gewichtsabnahme erreichen, werden Sie eine dramatische Verbesserung Ihrer gesamten k\u00f6rperlichen und geistigen Gesundheit erleben und einen sp\u00fcrbaren Energieschub erfahren. Tausende von F\u00e4llen von \u00dcbergewicht und Fettleibigkeit aus verschiedenen L\u00e4ndern haben in den letzten Jahrzehnten ihre Ziele in unserem Abnehmzentrum erreicht. Wir haben mehrere F\u00e4lle von Typ-2-Diabetes und Patienten mit Bluthochdruck, hohem Cholesterinspiegel, Schilddr\u00fcsenunterfunktion und mehreren damit verbundenen Krankheiten beobachtet, die durch eine Gewichtsabnahme geheilt wurden. Das Abnehmprogramm von Ayurmana zeichnet sich durch einen einzigartigen Ansatz bei der Gewichtsabnahme aus, der dazu beitr\u00e4gt, den &#8220;Feed-Forward&#8221;-Mechanismus zu durchbrechen, der zur Gewichtszunahme f\u00fchrt &#8211; je mehr Dickmacher Sie essen, desto mehr verlangt Ihr K\u00f6rper nach denselben ungesunden Lebensmitteln. Und diese unglaubliche ayurvedischen Gewichtsverlust Behandlung f\u00fcr Fettleibigkeit in Kerala Indien, wird Ihnen helfen, genie\u00dfen Sie den gesamten Prozess der Gewichtsabnahme ohne Hunger und Sie werden bald zu erkennen, was Sie verpasst haben im Leben durch \u00dcbergewicht oder Adipositas.[\/vc_column_text][vc_column_text]\n<h5><strong>Kennen Sie Ihr Idealgewicht<\/strong><\/h5>\n<p>Das Idealgewicht [based on BMI or Body Mass Index] wird seit langem als Indikator oder Ma\u00df f\u00fcr die Gesundheit und das Risiko der Entwicklung schwerwiegender Gesundheitsst\u00f6rungen verwendet. Sie k\u00f6nnen Ihr Idealgewicht ganz einfach berechnen, indem Sie 100 von Ihrer K\u00f6rpergr\u00f6\u00dfe in Zentimetern abziehen. Wenn Sie zum Beispiel 177 cm gro\u00df sind, betr\u00e4gt Ihr Idealgewicht 177 &#8211; 100 = 77 kg. Und Ihr gesundes Gewicht liegt zwischen + oder &#8211; 3 kg. d.h. zwischen 74 und 80. Wenn Sie also \u00fcbergewichtig oder fettleibig sind, sollte das Ziel idealerweise darin bestehen, das Gewicht auf 80 oder weniger zu reduzieren.<\/p>\n<p>Neben dem Gewicht wird jedoch ein weiterer Parameter als ebenso wichtig f\u00fcr die Messung der Fettleibigkeit angesehen. Es ist bekannt als WHR oder das Verh\u00e4ltnis von Taille zu H\u00fcfte. Ein Verh\u00e4ltnis von Taille zu H\u00fcfte von \u00fcber 0,90 bei M\u00e4nnern und \u00fcber 0,85 bei Frauen gilt als Fettleibigkeit. Dies wiederum deutet auf ein h\u00f6heres Risiko f\u00fcr die Entwicklung schwerwiegender Gesundheitsst\u00f6rungen hin und wirkt sich sogar negativ auf die Fruchtbarkeit aus.[\/vc_column_text][\/vc_column][vc_column width=&#8221;1\/3&#8243; offset=&#8221;vc_hidden-xs&#8221;][vc_column_text css=&#8221;.vc_custom_1588229978406{background-color: #f8f7f7 !important;border-radius: 3px !important;}&#8221; el_class=&#8221;rr-menu&#8221;]\n<h4>Schnelle Links<\/h4>\n<ul>\n<li><a href=\"https:\/\/ayurmana.in\/de\/zimmer-und-suiten\/\">Zimmer &amp; Suiten<\/a><br \/>\n<hr \/>\n<\/li>\n<li><a href=\"https:\/\/ayurmana.in\/de\/ayurveda-pakete-kerala\/\">Unsere Pakete<\/a><br \/>\n<hr \/>\n<\/li>\n<li><a href=\"https:\/\/ayurmana.in\/de\/zimmerreservierung\/\">Zimmerreservierung<\/a><br \/>\n<hr \/>\n<\/li>\n<li><a href=\"https:\/\/ayurmana.in\/de\/faq\/\">FAQ<\/a><\/li>\n<\/ul>\n[\/vc_column_text][\/vc_column][\/vc_row][vc_row css=&#8221;.vc_custom_1577691134852{padding-top: 6px !important;}&#8221;][vc_column width=&#8221;1\/2&#8243;][vc_message message_box_color=&#8221;mulled_wine&#8221;]<strong>H\u00e4ufige Ursachen<\/strong>[\/vc_message][vc_column_text]\n<ul>\n<li>Ungesunde Essgewohnheiten<\/li>\n<li>Mangel an angemessener Bewegung<\/li>\n<li>Nachwirkung von Medikamenten oder Drogen<\/li>\n<li>Sekund\u00e4r zu einer anderen Krankheit<\/li>\n<li>Hormonelles Ungleichgewicht<\/li>\n<li>Genetischer Einfluss<\/li>\n<\/ul>\n[\/vc_column_text][\/vc_column][vc_column width=&#8221;1\/2&#8243;][vc_message message_box_color=&#8221;mulled_wine&#8221;]<strong>Was k\u00f6nnen Sie von unserem Programm erwarten?<\/strong>[\/vc_message][vc_column_text]\n<ul>\n<li>Schnelle und sichere Gewichtsabnahme<\/li>\n<li>Sp\u00fcrbare Steigerung des Energieniveaus<\/li>\n<li>Verbesserung des Muskeltonus und der K\u00f6rperform<\/li>\n<li>Senkung des schlechten Cholesterins und Erh\u00f6hung des guten Cholesterins<\/li>\n<li>Bessere Zuckerkontrolle bei Diabetikern<\/li>\n<li>Dramatische Verbesserung der allgemeinen Gesundheit und Stimmung<\/li>\n<\/ul>\n[\/vc_column_text][\/vc_column][\/vc_row][vc_row][vc_column width=&#8221;2\/3&#8243; offset=&#8221;vc_hidden-lg vc_hidden-md vc_hidden-sm vc_hidden-xs&#8221;][\/vc_column][vc_column width=&#8221;1\/3&#8243; offset=&#8221;vc_hidden-lg vc_hidden-md vc_hidden-sm&#8221;][vc_empty_space height=&#8221;55px&#8221;][vc_column_text]\n<h4>TESTIMONIALS<\/h4>\n<p><em>Ich habe bei ayurmana \u00fcber 70 Pfund abgenommen und es hat mein Leben v\u00f6llig ver\u00e4ndert. Mein Diabetes und meine Schilddr\u00fcsenunterfunktion sind verschwunden, ich bin aktiver und energiegeladener, und die Leute sagen, ich sehe mindestens 10 Jahre j\u00fcnger aus.<\/em>[\/vc_column_text][vc_column_text]\n<p style=\"text-align: right;\"><strong>Abdul Mehsin, Kuwait<\/strong><\/p>\n[\/vc_column_text][vc_column_text]<em>Mein Hausarzt hatte mir eine bariatrische Operation vorgeschlagen, da ich an krankhafter Fettleibigkeit litt. Ich bin ayurmana dankbar, dass sie mir geholfen hat, \u00fcber 40 Kilo abzunehmen und eine Operation zu vermeiden. <\/em>[\/vc_column_text][vc_column_text]\n<p style=\"text-align: right;\"><strong>Paul D&#8217; Souza, Indien<\/strong><\/p>\n[\/vc_column_text][vc_column_text css=&#8221;.vc_custom_1588231516103{background-color: #f8f7f7 !important;border-radius: 3px !important;}&#8221; el_class=&#8221;rr-menu&#8221;]\n<h4>Schnelle Links<\/h4>\n<ul>\n<li><a href=\"https:\/\/ayurmana.in\/de\/zimmer-und-suiten\/\">Zimmer &amp; Suiten<\/a><br \/>\n<hr \/>\n<\/li>\n<li><a href=\"https:\/\/ayurmana.in\/de\/ayurveda-pakete-kerala\/\">Unsere Pakete<\/a><br \/>\n<hr \/>\n<\/li>\n<li><a href=\"https:\/\/ayurmana.in\/de\/zimmerreservierung\/\">Zimmerreservierung<\/a><br \/>\n<hr \/>\n<\/li>\n<li><a href=\"https:\/\/ayurmana.in\/de\/faq\/\">FAQ<\/a><\/li>\n<\/ul>\n[\/vc_column_text][\/vc_column][\/vc_row]\n","protected":false},"excerpt":{"rendered":"<p>[vc_row css=&#8221;.vc_custom_1577035591276{padding-bottom: 6px !important;}&#8221;][vc_column width=&#8221;2\/3&#8243;][vc_column_text] Ayurvedische Gewichtsabnahme Behandlungsprogramm f\u00fcr Adipositas [&hellip;]<\/p>\n","protected":false},"author":1,"featured_media":0,"parent":0,"menu_order":0,"comment_status":"closed","ping_status":"closed","template":"","meta":{"_monsterinsights_skip_tracking":false,"_monsterinsights_sitenote_active":false,"_monsterinsights_sitenote_note":"","_monsterinsights_sitenote_category":0,"_joinchat":[],"footnotes":""},"class_list":["post-4582","page","type-page","status-publish","hentry"],"_links":{"self":[{"href":"https:\/\/ayurmana.in\/de\/wp-json\/wp\/v2\/pages\/4582","targetHints":{"allow":["GET"]}}],"collection":[{"href":"https:\/\/ayurmana.in\/de\/wp-json\/wp\/v2\/pages"}],"about":[{"href":"https:\/\/ayurmana.in\/de\/wp-json\/wp\/v2\/types\/page"}],"author":[{"embeddable":true,"href":"https:\/\/ayurmana.in\/de\/wp-json\/wp\/v2\/users\/1"}],"replies":[{"embeddable":true,"href":"https:\/\/ayurmana.in\/de\/wp-json\/wp\/v2\/comments?post=4582"}],"version-history":[{"count":0,"href":"https:\/\/ayurmana.in\/de\/wp-json\/wp\/v2\/pages\/4582\/revisions"}],"wp:attachment":[{"href":"https:\/\/ayurmana.in\/de\/wp-json\/wp\/v2\/media?parent=4582"}],"curies":[{"name":"wp","href":"https:\/\/api.w.org\/{rel}","templated":true}]}}