{"id":4593,"date":"2019-11-21T21:42:57","date_gmt":"2019-11-21T16:12:57","guid":{"rendered":"https:\/\/www.ayurmana.in\/stress-depression\/"},"modified":"2023-10-18T14:21:56","modified_gmt":"2023-10-18T08:51:56","slug":"stress-depression","status":"publish","type":"page","link":"https:\/\/ayurmana.in\/de\/stress-depression\/","title":{"rendered":"Stress\/Depression"},"content":{"rendered":"[vc_row css=&#8221;.vc_custom_1577039151046{padding-bottom: 6px !important;}&#8221;][vc_column width=&#8221;2\/3&#8243; css=&#8221;.vc_custom_1577695401698{padding-bottom: 6px !important;}&#8221;][vc_column_text]\r\n<h1>Ayurvedische Behandlung von Depressionen, Stress und Angstzust\u00e4nden<\/h1>\r\n[\/vc_column_text][vc_single_image image=&#8221;116&#8243; img_size=&#8221;large&#8221;][vc_column_text]\r\n<h3>Lassen Sie nicht zu, dass Stress Ihren K\u00f6rper und Ihren Geist verw\u00fcstet<\/h3>\r\n[\/vc_column_text][\/vc_column][vc_column width=&#8221;1\/3&#8243; offset=&#8221;vc_hidden-xs&#8221;][vc_empty_space height=&#8221;95px&#8221;][vc_column_text]\r\n<h4>TESTIMONIALS<\/h4>\r\n<p><em>Seit einigen Jahren kann ich nicht mehr schlafen, ohne Beruhigungsmittel oder Antidepressiva zu nehmen. Nach einer ayurvedischen Behandlung habe ich beides eingestellt und f\u00fchle mich besser als je zuvor.<\/em><\/p>\r\n[\/vc_column_text][vc_column_text]\r\n<p style=\"text-align: right;\"><strong>Lynn R. Williams, USA<\/strong><\/p>\r\n[\/vc_column_text][vc_column_text]\r\n<p><em>Ich litt fr\u00fcher unter chronischer M\u00fcdigkeit und schlechter Laune. Die ayurvedische Behandlung hat mich v\u00f6llig ver\u00e4ndert. Ich f\u00fchle mich erfrischt, erneuert und habe wieder ein gutes Fitnessniveau erreicht.<\/em><\/p>\r\n[\/vc_column_text][vc_column_text]\r\n<p style=\"text-align: right;\"><strong>Fiona, Vereinigtes K\u00f6nigreich<\/strong><\/p>\r\n[\/vc_column_text][\/vc_column][\/vc_row][vc_row css=&#8221;.vc_custom_1577695999735{padding-top: 10px !important;padding-bottom: 10px !important;}&#8221;][vc_column width=&#8221;2\/3&#8243;][vc_column_text]\r\n\r\n<p>Stress related diseases and health issues are rising sharply worldwide, perhaps caused by factors ranging from highly demanding work environments and volatile relationships to declining health and lack of quality time for oneself.<\/p>\r\n<p><!-- \/wp:post-content -->Dharma\u2019s time proven therapies use specialised massages and therapies to release the knots and spasms that have built in the muscles over time, flush out toxins that have accumulated in the system and relieve inflammations from the body. As the stresses in the muscles are released, the stresses in the mind too start to unwind. The shirodhara sessions where soothingly warmed medicinal oil is streamed onto the forehead will steadily transport you to deep levels of relaxation and peace. Our Yoga Master will guide and train you in specialized yogic routines and meditation techniques to conquer and manage stress, even when you are surrounded by chaos. So it won\u2019t be just fond memories that you will take along when you leave the center, but ancient practises and wisdom too that will stand you in good stead when facing the challenges and burdens that may lie ahead.<\/p>\r\n<p><!-- wp:separator {\"className\":\"is-style-wide\"} -->[\/vc_column_text][\/vc_column][vc_column width=&#8221;1\/3&#8243; offset=&#8221;vc_hidden-xs&#8221;][vc_column_text el_class=&#8221;rr-menu&#8221;]\r\n<h4>Schnelle Links<\/h4>\r\n<ul>\r\n<li><a href=\"https:\/\/ayurmana.in\/de\/zimmer-und-suiten\/\">Zimmer &amp; Suiten<\/a><br \/><hr \/><\/li>\r\n<li><a href=\"https:\/\/ayurmana.in\/de\/ayurveda-pakete-kerala\/\">Unsere Pakete<\/a><br \/><hr \/><\/li>\r\n<li><a href=\"https:\/\/ayurmana.in\/de\/zimmerreservierung\/\">Zimmerreservierung<\/a><br \/><hr \/><\/li>\r\n<li><a href=\"https:\/\/ayurmana.in\/de\/faq\/\">FAQ<\/a><\/li>\r\n<\/ul>\r\n[\/vc_column_text][\/vc_column][\/vc_row][vc_row css=&#8221;.vc_custom_1577694926236{padding-top: 6px !important;}&#8221;][vc_column width=&#8221;1\/2&#8243;][vc_message message_box_color=&#8221;mulled_wine&#8221;]\r\n<p><strong>H\u00e4ufige Beschwerden<\/strong><\/p>\r\n[\/vc_message][vc_column_text]\r\n<ul>\r\n<li>Erm\u00fcdung<\/li>\r\n<li>Kopfschmerzen<\/li>\r\n<li>Reizdarm<\/li>\r\n<li>R\u00fcckenschmerzen und Gelenkschmerzen<\/li>\r\n<li>Unruhiger Schlaf<\/li>\r\n<li>Stimmungsschwankungen<\/li>\r\n<\/ul>\r\n[\/vc_column_text][\/vc_column][vc_column width=&#8221;1\/2&#8243;][vc_message message_box_color=&#8221;mulled_wine&#8221;]\r\n<p><strong>Was k\u00f6nnen Sie von unserem Programm erwarten?<\/strong><\/p>\r\n[\/vc_message][vc_column_text]\r\n<ul>\r\n<li>Neuer Schwung<\/li>\r\n<li>Schmerzen und Beschwerden lindern<\/li>\r\n<li>Entspannt den K\u00f6rper und den Geist<\/li>\r\n<li>Verbessert das Schlafverhalten<\/li>\r\n<li>Verbessert die emotionale Stabilit\u00e4t<\/li>\r\n<li>Verbessert die allgemeine Gesundheit und Immunit\u00e4t<\/li>\r\n<\/ul>\r\n[\/vc_column_text][\/vc_column][\/vc_row][vc_row][vc_column width=&#8221;2\/3&#8243;][\/vc_column][vc_column width=&#8221;1\/3&#8243; offset=&#8221;vc_hidden-lg vc_hidden-md vc_hidden-sm&#8221;][vc_empty_space height=&#8221;55px&#8221;][vc_column_text]\r\n<h4>TESTIMONIALS<\/h4>\r\n<p><em>Seit einigen Jahren kann ich nicht mehr schlafen, ohne Beruhigungsmittel oder Antidepressiva zu nehmen. Nach einer ayurvedischen Behandlung habe ich beides eingestellt und f\u00fchle mich besser als je zuvor.<\/em><\/p>\r\n[\/vc_column_text][vc_column_text]\r\n<p style=\"text-align: right;\"><strong>Lynn R. Williams, USA<\/strong><\/p>\r\n[\/vc_column_text][vc_column_text]\r\n<p><em>Ich litt fr\u00fcher unter chronischer M\u00fcdigkeit und schlechter Laune. Die ayurvedische Behandlung hat mich v\u00f6llig ver\u00e4ndert. Ich f\u00fchle mich erfrischt, erneuert und habe wieder ein gutes Fitnessniveau erreicht.<\/em><\/p>\r\n[\/vc_column_text][vc_column_text]\r\n<p style=\"text-align: right;\"><strong>Fiona, Vereinigtes K\u00f6nigreich<\/strong><\/p>\r\n[\/vc_column_text][vc_column_text el_class=&#8221;rr-menu&#8221;]\r\n<h4>Schnelle Links<\/h4>\r\n<ul>\r\n<li><a href=\"https:\/\/ayurmana.in\/de\/zimmer-und-suiten\/\">Zimmer &amp; Suiten<\/a><br \/><hr \/><\/li>\r\n<li><a href=\"https:\/\/ayurmana.in\/de\/ayurveda-pakete-kerala\/\">Unsere Pakete<\/a><br \/><hr \/><\/li>\r\n<li><a href=\"https:\/\/ayurmana.in\/de\/zimmerreservierung\/\">Zimmerreservierung<\/a><br \/><hr \/><\/li>\r\n<li><a href=\"https:\/\/ayurmana.in\/de\/faq\/\">FAQ<\/a><\/li>\r\n<\/ul>\r\n[\/vc_column_text][\/vc_column][\/vc_row]","protected":false},"excerpt":{"rendered":"<p>[vc_row css=&#8221;.vc_custom_1577039151046{padding-bottom: 6px !important;}&#8221;][vc_column width=&#8221;2\/3&#8243; css=&#8221;.vc_custom_1577695401698{padding-bottom: 6px !important;}&#8221;][vc_column_text] Ayurvedische Behandlung [&hellip;]<\/p>\n","protected":false},"author":1,"featured_media":0,"parent":0,"menu_order":0,"comment_status":"closed","ping_status":"closed","template":"","meta":{"_monsterinsights_skip_tracking":false,"_monsterinsights_sitenote_active":false,"_monsterinsights_sitenote_note":"","_monsterinsights_sitenote_category":0,"_joinchat":[],"footnotes":""},"class_list":["post-4593","page","type-page","status-publish","hentry"],"_links":{"self":[{"href":"https:\/\/ayurmana.in\/de\/wp-json\/wp\/v2\/pages\/4593","targetHints":{"allow":["GET"]}}],"collection":[{"href":"https:\/\/ayurmana.in\/de\/wp-json\/wp\/v2\/pages"}],"about":[{"href":"https:\/\/ayurmana.in\/de\/wp-json\/wp\/v2\/types\/page"}],"author":[{"embeddable":true,"href":"https:\/\/ayurmana.in\/de\/wp-json\/wp\/v2\/users\/1"}],"replies":[{"embeddable":true,"href":"https:\/\/ayurmana.in\/de\/wp-json\/wp\/v2\/comments?post=4593"}],"version-history":[{"count":0,"href":"https:\/\/ayurmana.in\/de\/wp-json\/wp\/v2\/pages\/4593\/revisions"}],"wp:attachment":[{"href":"https:\/\/ayurmana.in\/de\/wp-json\/wp\/v2\/media?parent=4593"}],"curies":[{"name":"wp","href":"https:\/\/api.w.org\/{rel}","templated":true}]}}