{"id":4667,"date":"2019-12-02T11:04:17","date_gmt":"2019-12-02T05:34:17","guid":{"rendered":"https:\/\/www.ayurmana.in\/ayurveda-pakete-kerala\/"},"modified":"2024-03-31T12:52:29","modified_gmt":"2024-03-31T07:22:29","slug":"ayurveda-pakete-kerala","status":"publish","type":"page","link":"https:\/\/ayurmana.in\/de\/ayurveda-pakete-kerala\/","title":{"rendered":"Ayurveda-Pakete-Kerala"},"content":{"rendered":"[vc_row css=&#8221;.vc_custom_1577793916934{padding-bottom: 6px !important;}&#8221;][vc_column][vc_column_text]\n<h1>Hochwertige ayurvedische Behandlungen und erschwingliche Ayurveda-Pakete in Kerala<\/h1>\n[\/vc_column_text][vc_column_text]\n<p class=\"swift-in-viewport\">Ayurmana bietet ein umfangreiches Angebot an hochwertigen Ayurveda-Behandlungsprogrammen f\u00fcr Heilung und Wellness. Mit einer Reihe von verschiedenen Zimmerkategorien, von Standard bis zur Privatsuite, machen diese Pauschalangebote die einzigartigen Kuren und spezialisierten Behandlungen einem breiteren Querschnitt von Leidenden zug\u00e4nglich. Die Pakete umfassen alle Kosten f\u00fcr die Behandlung im Zentrum und die Privatunterkunft Ihrer Wahl. Alle Zimmerkategorien, vom Standardzimmer ohne Klimaanlage bis zur Privatsuite mit Klimaanlage, verf\u00fcgen \u00fcber ein eigenes Bad mit Warmwasser rund um die Uhr und Annehmlichkeiten wie Mehrkanalfernsehen und kostenlosem WLAN-Internet. Alle Mahlzeiten des ayurvedischen Standard-Di\u00e4tplans im Zentrum sind f\u00fcr den Patienten kostenlos. Bitte beachten Sie die Programminhalte und wenden Sie sich an uns, wenn Sie weitere Fragen haben.<\/p>\n<p class=\"swift-in-viewport\">In Fortf\u00fchrung der Tradition der Dharma-Familie seit 1965 wird im Standard-Paket ohne Klimaanlage keine Unterkunft berechnet. Dieses KOSTENLOSE Angebot ist f\u00fcr Patienten mit begrenztem Budget gedacht.<\/p>\n<p>Die begrenzte Anzahl von Programmen und Krankheiten, die auf dieser Website aufgef\u00fchrt sind, dienen nur dazu, dem Besucher eine grundlegende Vorstellung zu vermitteln und umfassen nicht alle spezialisierten Behandlungsprogramme und Kuren, die das Zentrum anbietet. Bitte z\u00f6gern Sie nicht, sich mit Ihren gesundheitlichen Anliegen an unser medizinisches Team zu wenden. Unsere freundlichen \u00c4rzte kommen gerne auf Sie zur\u00fcck, um Ihnen ihre Vorschl\u00e4ge und Behandlungsm\u00f6glichkeiten mitzuteilen.[\/vc_column_text][\/vc_column][\/vc_row][vc_row css=&#8221;.vc_custom_1577793930890{padding-top: 6px !important;}&#8221;][vc_column][vc_column_text]\n<h2>Typische Behandlungspakete<\/h2>\n[\/vc_column_text][vc_tta_tabs style=&#8221;modern&#8221; active_section=&#8221;1&#8243;][vc_tta_section title=&#8221;Kundenspezifisches Paket&#8221; tab_id=&#8221;1579680485179-848c1231-bc79&#8243;][vc_row_inner][vc_column_inner width=&#8221;1\/2&#8243;][vc_single_image image=&#8221;2296&#8243; img_size=&#8221;full&#8221;][\/vc_column_inner][vc_column_inner width=&#8221;1\/2&#8243;][vc_column_text]\n<h3><a href=\"#\">Ma\u00dfgeschneidertes Programm<\/a><\/h3>\n[\/vc_column_text][vc_column_text]\n<p><strong>Einschl\u00fcsse:<\/strong><br \/>\n1. Private Unterkunft in der Zimmerkategorie Ihrer Wahl<br \/>\n2. Konsultationen mit den \u00c4rzten unseres Zentrums<br \/>\n3. Zwei Haupttherapien t\u00e4glich<br \/>\n4. Morgen Gruppe Yoga Sitzung<br \/>\n5. Alle Nahrungserg\u00e4nzungsmittel \/ pflanzliche Medikamente w\u00e4hrend Ihres Aufenthalts<br \/>\n6. Alle Mahlzeiten auf dem ayurvedischen Di\u00e4tplan<\/p>\n[\/vc_column_text][\/vc_column_inner][\/vc_row_inner][\/vc_tta_section][vc_tta_section title=&#8221;Abnehmen&#8221; tab_id=&#8221;1576692971878-dfbc2d2f-cf71&#8243;][vc_row_inner][vc_column_inner width=&#8221;1\/2&#8243;][vc_single_image image=&#8221;75&#8243; img_size=&#8221;full&#8221;][\/vc_column_inner][vc_column_inner width=&#8221;1\/2&#8243;][vc_column_text]\n<h3><a href=\"https:\/\/ayurmana.in\/treatment\/obesity\/\">Schlankheitsprogramm<\/a><\/h3>\n[\/vc_column_text][vc_column_text]\n<p><strong>Einschl\u00fcsse:<\/strong><br \/>\n1. Private Unterkunft in der Zimmerkategorie Ihrer Wahl<br \/>\n2. Konsultationen mit den \u00c4rzten unseres Zentrums<br \/>\n3. Zwei Haupttherapien t\u00e4glich<br \/>\n4. Morgen Gruppe Yoga Sitzung<br \/>\n5. Alle Nahrungserg\u00e4nzungsmittel \/ pflanzliche Medikamente w\u00e4hrend Ihres Aufenthalts<br \/>\n6. Alle Mahlzeiten auf dem ayurvedischen Di\u00e4tplan<\/p>\n[\/vc_column_text][\/vc_column_inner][\/vc_row_inner][vc_empty_space][\/vc_tta_section][vc_tta_section title=&#8221;Arthritis&#8221; tab_id=&#8221;1576692971934-d614b9b2-0734&#8243;][vc_row_inner][vc_column_inner width=&#8221;1\/2&#8243;][vc_single_image image=&#8221;120&#8243; img_size=&#8221;full&#8221;][\/vc_column_inner][vc_column_inner width=&#8221;1\/2&#8243;][vc_column_text]\n<h3><a href=\"https:\/\/ayurmana.in\/treatment\/arthritis\/\">Arthritis-Programm<\/a><\/h3>\n[\/vc_column_text][vc_column_text]<strong>Einschl\u00fcsse:<\/strong><br \/>\n1. Private Unterkunft in der Zimmerkategorie Ihrer Wahl<br \/>\n2. Konsultationen mit den \u00c4rzten unseres Zentrums<br \/>\n3. Zwei Haupttherapien t\u00e4glich<br \/>\n4. Morgen Gruppe Yoga Sitzung<br \/>\n5. Alle Nahrungserg\u00e4nzungsmittel \/ pflanzliche Medikamente w\u00e4hrend Ihres Aufenthalts<br \/>\n6. Alle Mahlzeiten auf dem ayurvedischen Di\u00e4tplan[\/vc_column_text][\/vc_column_inner][\/vc_row_inner][vc_empty_space][\/vc_tta_section][vc_tta_section title=&#8221;Migr\u00e4ne&#8221; tab_id=&#8221;1576693073400-1461aa08-228a&#8221;][vc_row_inner][vc_column_inner width=&#8221;1\/2&#8243;][vc_single_image image=&#8221;172&#8243; img_size=&#8221;891x317px&#8221;][\/vc_column_inner][vc_column_inner width=&#8221;1\/2&#8243;][vc_column_text]\n<h3><a href=\"https:\/\/ayurmana.in\/treatment\/migraine\/\">Migr\u00e4ne-Programm<\/a><\/h3>\n[\/vc_column_text][vc_column_text]<strong>Einschl\u00fcsse:<\/strong><br \/>\n1. Private Unterkunft in der Zimmerkategorie Ihrer Wahl<br \/>\n2. Konsultationen mit den \u00c4rzten unseres Zentrums<br \/>\n3. Zwei Haupttherapien t\u00e4glich<br \/>\n4. Morgen Gruppe Yoga Sitzung<br \/>\n5. Alle Nahrungserg\u00e4nzungsmittel \/ pflanzliche Medikamente w\u00e4hrend Ihres Aufenthalts<br \/>\n6. Alle Mahlzeiten auf dem ayurvedischen Di\u00e4tplan[\/vc_column_text][\/vc_column_inner][\/vc_row_inner][vc_empty_space][\/vc_tta_section][vc_tta_section title=&#8221;Entspannung&#8221; tab_id=&#8221;1576693099241-a4a0f1d0-275e&#8221;][vc_row_inner][vc_column_inner width=&#8221;1\/2&#8243;][vc_single_image image=&#8221;196&#8243; img_size=&#8221;large&#8221;][\/vc_column_inner][vc_column_inner width=&#8221;1\/2&#8243;][vc_column_text]\n<h3><a href=\"https:\/\/ayurmana.in\/treatment\/rejuvenation\/\">Entspannungsprogramm<\/a><\/h3>\n[\/vc_column_text][vc_column_text]<strong>Einschl\u00fcsse:<\/strong><br \/>\n1. Private Unterkunft in der Zimmerkategorie Ihrer Wahl<br \/>\n2. Konsultationen mit den \u00c4rzten unseres Zentrums<br \/>\n3. Zwei Haupttherapien t\u00e4glich<br \/>\n4. Morgen Gruppe Yoga Sitzung<br \/>\n5. Alle Nahrungserg\u00e4nzungsmittel \/ pflanzliche Medikamente w\u00e4hrend Ihres Aufenthalts<br \/>\n6. Alle Mahlzeiten auf dem ayurvedischen Di\u00e4tplan[\/vc_column_text][\/vc_column_inner][\/vc_row_inner][vc_empty_space][\/vc_tta_section][vc_tta_section title=&#8221;Diabetes&#8221; tab_id=&#8221;1576693124192-3267d330-7ffb&#8221;][vc_row_inner][vc_column_inner width=&#8221;1\/2&#8243;][vc_single_image image=&#8221;75&#8243; img_size=&#8221;full&#8221;][\/vc_column_inner][vc_column_inner width=&#8221;1\/2&#8243;][vc_column_text]\n<h3><a href=\"https:\/\/ayurmana.in\/treatment\/diabetes\/\">Diabetes-Programm<\/a><\/h3>\n[\/vc_column_text][vc_column_text]<strong>Einschl\u00fcsse:<\/strong><br \/>\n1. Private Unterkunft in der Zimmerkategorie Ihrer Wahl<br \/>\n2. Konsultationen mit den \u00c4rzten unseres Zentrums<br \/>\n3. Zwei Haupttherapien t\u00e4glich<br \/>\n4. Morgen Gruppe Yoga Sitzung<br \/>\n5. Alle Nahrungserg\u00e4nzungsmittel \/ pflanzliche Medikamente w\u00e4hrend Ihres Aufenthalts<br \/>\n6. Alle Mahlzeiten auf dem ayurvedischen Di\u00e4tplan[\/vc_column_text][\/vc_column_inner][\/vc_row_inner][vc_empty_space][\/vc_tta_section][vc_tta_section title=&#8221;Multiple Sklerose&#8221; tab_id=&#8221;1576693141538-712dd74e-01c3&#8243;][vc_row_inner][vc_column_inner width=&#8221;1\/2&#8243;][vc_single_image image=&#8221;177&#8243; img_size=&#8221;large&#8221;][\/vc_column_inner][vc_column_inner width=&#8221;1\/2&#8243;][vc_column_text]\n<h3><a href=\"https:\/\/ayurmana.in\/treatment\/multiple-sclerosis\/\">Programm f\u00fcr Multiple Sklerose<\/a><\/h3>\n[\/vc_column_text][vc_column_text]<strong>Einschl\u00fcsse:<\/strong><br \/>\n1. Private Unterkunft in der Zimmerkategorie Ihrer Wahl<br \/>\n2. Konsultationen mit den \u00c4rzten unseres Zentrums<br \/>\n3. Zwei Haupttherapien t\u00e4glich<br \/>\n4. Morgen Gruppe Yoga Sitzung<br \/>\n5. Alle Nahrungserg\u00e4nzungsmittel \/ pflanzliche Medikamente w\u00e4hrend Ihres Aufenthalts<br \/>\n6. Alle Mahlzeiten auf dem ayurvedischen Di\u00e4tplan[\/vc_column_text][\/vc_column_inner][\/vc_row_inner][vc_empty_space][\/vc_tta_section][\/vc_tta_tabs][vc_btn title=&#8221;Reservierung anfordern&#8221; color=&#8221;danger&#8221; i_icon_fontawesome=&#8221;fa fa-calendar-check-o&#8221; add_icon=&#8221;true&#8221; link=&#8221;url:https%3A%2F%2Fwww.ayurmana.in%2Fde%2Fzimmerreservierung%2F|title:Zimmerreservierung|target:%20_blank|&#8221;][\/vc_column][\/vc_row][vc_row][vc_column][vc_column_text]<div id=\"footable_parent_568\"\n         class=\" footable_parent ninja_table_wrapper loading_ninja_table wp_table_data_press_parent semantic_ui \">\n                <table data-ninja_table_instance=\"ninja_table_instance_0\" data-footable_id=\"568\" data-filter-delay=\"1000\" aria-label=\"Price Table\"            id=\"footable_568\"\n           data-unique_identifier=\"ninja_table_unique_id_4118385781_568\"\n           class=\" foo-table ninja_footable foo_table_568 ninja_table_unique_id_4118385781_568 ui table  nt_type_ajax_table selectable celled striped vertical_centered  footable-paging-center ninja_table_search_disabled\">\n                <colgroup>\n                            <col class=\"ninja_column_0 \">\n                            <col class=\"ninja_column_1 \">\n                            <col class=\"ninja_column_2 \">\n                    <\/colgroup>\n            <\/table>\n    \n    \n    \n<\/div>\n[\/vc_column_text][\/vc_column][\/vc_row]\n","protected":false},"excerpt":{"rendered":"<p>[vc_row css=&#8221;.vc_custom_1577793916934{padding-bottom: 6px !important;}&#8221;][vc_column][vc_column_text] Hochwertige ayurvedische Behandlungen und erschwingliche Ayurveda-Pakete [&hellip;]<\/p>\n","protected":false},"author":1,"featured_media":0,"parent":0,"menu_order":0,"comment_status":"closed","ping_status":"closed","template":"","meta":{"_monsterinsights_skip_tracking":false,"_monsterinsights_sitenote_active":false,"_monsterinsights_sitenote_note":"","_monsterinsights_sitenote_category":0,"_joinchat":[],"footnotes":""},"class_list":["post-4667","page","type-page","status-publish","hentry"],"_links":{"self":[{"href":"https:\/\/ayurmana.in\/de\/wp-json\/wp\/v2\/pages\/4667","targetHints":{"allow":["GET"]}}],"collection":[{"href":"https:\/\/ayurmana.in\/de\/wp-json\/wp\/v2\/pages"}],"about":[{"href":"https:\/\/ayurmana.in\/de\/wp-json\/wp\/v2\/types\/page"}],"author":[{"embeddable":true,"href":"https:\/\/ayurmana.in\/de\/wp-json\/wp\/v2\/users\/1"}],"replies":[{"embeddable":true,"href":"https:\/\/ayurmana.in\/de\/wp-json\/wp\/v2\/comments?post=4667"}],"version-history":[{"count":0,"href":"https:\/\/ayurmana.in\/de\/wp-json\/wp\/v2\/pages\/4667\/revisions"}],"wp:attachment":[{"href":"https:\/\/ayurmana.in\/de\/wp-json\/wp\/v2\/media?parent=4667"}],"curies":[{"name":"wp","href":"https:\/\/api.w.org\/{rel}","templated":true}]}}