{"id":4668,"date":"2019-12-16T09:15:00","date_gmt":"2019-12-16T03:45:00","guid":{"rendered":"https:\/\/www.ayurmana.in\/faq\/"},"modified":"2023-10-18T15:15:22","modified_gmt":"2023-10-18T09:45:22","slug":"faq","status":"publish","type":"page","link":"https:\/\/ayurmana.in\/de\/faq\/","title":{"rendered":"FAQ"},"content":{"rendered":"[vc_row][vc_column][vc_column_text]\n<h1>H\u00e4ufig gestellte Fragen  [FAQ]<\/h1>\n[\/vc_column_text][vc_toggle title=&#8221;Wo befindet sich das AyurMana | Dharma Ayurveda Centre for Advanced Healing?&#8221;]Ayurmana befindet sich in Ayiroopara, einem ruhigen und malerischen Dorf in den Vororten von Thiruvananthapuram &#8211; der Hauptstadt von Kerala. Es ist 30 Minuten mit dem Auto vom internationalen Flughafen Thiruvananthapuram, 25 Minuten vom Hauptbahnhof und 20 Minuten vom Stadtzentrum Trivandrums entfernt.[\/vc_toggle][vc_toggle title=&#8221;Wie komme ich zu AyurMana?&#8221;]Der n\u00e4chstgelegene Flughafen zu AyurMana ist der internationale Flughafen Trivandrum (Flughafencode TRV). Der auch als Thiruvananthapuram bekannte Flughafen ist nur 24 km von unserem Zentrum entfernt. Sie k\u00f6nnen leicht gute Flugverbindungen von jedem Teil der Welt finden, indem Sie <strong> <a href=\"https:\/\/www.google.com\/search?q=flights+to+trv\" target=\"_blank\" rel=\"noopener\">hier Ihren Abflughafen<\/a> eingeben<\/strong>.<\/p>\n<p>Wenn Sie am Flughafen Trivandrum ankommen und eine Abholung vom Flughafen angefordert haben, wird unser Fahrer am Ankunftsgate auf Sie warten und ein Schild mit Ihrem Namen tragen. Und im Handumdrehen sind Sie auf dem Weg zu unserem Zentrum [approx 30 minutes].<\/p>\n<p>Wir m\u00f6chten, dass Sie sich rundum wohlf\u00fchlen. Sie k\u00f6nnen sicher sein, dass wir Sie von Ihrer Ankunft am Flughafen bis zu Ihrer R\u00fcckkehr nach Hause betreuen werden.<\/p>\n<p>Wir freuen uns darauf, Sie bei AyurMana begr\u00fc\u00dfen zu d\u00fcrfen![\/vc_toggle][vc_toggle title=&#8221;Wie viel kostet eine ayurvedische Behandlung bei AyurMana?&#8221;]AyurMana ist kein gewinnorientiertes Institut und bietet seinen Service seit 1965 G\u00e4sten aus der ganzen Welt zu einem sehr g\u00fcnstigen Preis an.<\/p>\n<p>Ayurveda-Behandlungspakete bei AyurMana sind weitaus preiswerter als in anderen Zentren unserer Klasse und decken alle Kosten f\u00fcr Behandlung, Verpflegung und Unterkunft ab.<\/p>\n<p>Ayurmana bietet auch Premium-Pakete an, um die einzigartigen Kuren und spezialisierten Behandlungen einem breiteren Querschnitt von Menschen zug\u00e4nglich zu machen, die in Not sind.<\/p>\n<p>Alle Zimmerkategorien, vom Standardzimmer ohne Klimaanlage bis zur Privatsuite mit Klimaanlage, verf\u00fcgen \u00fcber ein eigenes Bad und sind mit Mehrkanalfernsehen und kostenlosem WLAN-Internet ausgestattet. Alle Mahlzeiten des ayurvedischen Standard-Di\u00e4tplans im Zentrum sind f\u00fcr den Patienten ebenfalls kostenlos.<\/p>\n<p>In Fortf\u00fchrung der Tradition der Dharma-Familie seit 1965 wird die Unterbringung in Standardzimmern weiterhin KOSTENLOS angeboten, um Patienten mit finanziellen Engp\u00e4ssen zu unterst\u00fctzen.<\/p>\n<p>Die Inklusivpreise f\u00fcr ayurvedische Behandlungspakete finden Sie hier.[\/vc_toggle][vc_toggle title=&#8221;Welche Zahlungsarten akzeptieren Sie?&#8221;]F\u00fcr die Buchungsbest\u00e4tigung ist eine Anzahlung erforderlich, die Sie in Ihrer Buchungsbest\u00e4tigung finden. Wir akzeptieren die meisten g\u00e4ngigen Kreditkarten wie MasterCard, Visa und American Express sowie Bank\u00fcberweisungen.<\/p>\n<p>Sobald Sie bei AyurMana eingecheckt haben, k\u00f6nnen Sie den Restbetrag und eventuelle Extras in bar in Euro, US-Dollar oder indischen Rupien bezahlen. Sie haben auch die M\u00f6glichkeit, per Kreditkarte oder Debitkarte zu bezahlen.[\/vc_toggle][vc_toggle title=&#8221;Ich m\u00f6chte eine Behandlung f\u00fcr eine bestimmte Krankheit, die nicht auf Ihrer Website aufgef\u00fchrt ist?&#8221;]Die begrenzte Anzahl von Programmen und Krankheiten, die auf dieser Website aufgef\u00fchrt sind, dienen nur dazu, dem Besucher eine grundlegende Vorstellung zu vermitteln und umfassen nicht alle spezialisierten Behandlungsprogramme und Kuren, die das Zentrum anbietet.<\/p>\n<p>Bitte schreiben Sie uns \u00fcber Ihre gesundheitlichen Bedenken. Unsere freundlichen \u00c4rzte kommen gerne auf Sie zur\u00fcck, um Ihnen ihre Vorschl\u00e4ge und Behandlungsm\u00f6glichkeiten mitzuteilen.[\/vc_toggle][vc_toggle title=&#8221;Wann ist die beste Zeit f\u00fcr einen Besuch bei AyurMana?&#8221;]AyurMana ist ein wunderbarer Ort, das ganze Jahr \u00fcber. Um die Zeit zu bestimmen, zu der Sie kommen sollten, schlagen wir vor, dass Sie sich zun\u00e4chst \u00fcberlegen, was Sie erreichen wollen und wie viel Zeit Sie haben. Wir bitten Sie, sich nicht zu viele Gedanken \u00fcber die &#8220;Menge&#8221; oder die &#8220;Saison&#8221; zu machen &#8211; wir lassen nie mehr Buchungen zu, als wir bew\u00e4ltigen k\u00f6nnen, und wir k\u00f6nnen Ihnen versichern, dass jede Saison etwas Besonderes ist.[\/vc_toggle][vc_toggle title=&#8221;Wie sieht es im Vergleich zu anderen Heilerziehungsheimen in der Welt aus?&#8221;]Obwohl viele Orte behaupten, sie seien wie keine anderen, haben wir wirklich festgestellt, dass es schwierig ist, ein \u00e4hnliches Zentrum zu finden, das so tiefgreifende Heilung auf der Welt und auf erschwingliche Weise anbietet.<\/p>\n<p>Manchmal kommen die Leute mit der Erwartung zu uns, dass wir ein Wellness-Zentrum oder ein Gesundheitszentrum sind; gl\u00fccklicherweise finden sie diese Definition beim Verlassen des Hauses meist sowohl unzutreffend als auch unzureichend. Unser Auftrag ist gro\u00df und ehrgeizig, und wir tun unser Bestes, um etwas noch nie Dagewesenes in Sachen Heilung und Wohlbefinden zu erreichen.<\/p>\n<p>Tausende von G\u00e4sten, die im Laufe der Jahrzehnte geheilt wurden, legen Zeugnis von unserer Arbeit ab.[\/vc_toggle][vc_toggle title=&#8221;Sind elektronische Ger\u00e4te auf dem Retreat erlaubt?&#8221;]Mobiltelefone, iPads, Tablets, Smartphones und PCs k\u00f6nnen in den G\u00e4stezimmern benutzt werden, sind aber in Gemeinschaftsr\u00e4umen oder im Freien nicht erlaubt. Fotografieren ist auf der Klausur nicht erlaubt. Unser Bestreben ist es, die Privatsph\u00e4re und den pers\u00f6nlichen Freiraum der G\u00e4ste zu sch\u00fctzen und ein Umfeld zu schaffen, das dem Wohlbefinden dient.[\/vc_toggle][vc_toggle title=&#8221;Gibt es mobile Verbindungen und WiFi in den G\u00e4stezimmern?&#8221;]Ja. Wir berechnen unseren G\u00e4sten keine Geb\u00fchren f\u00fcr WiFi.[\/vc_toggle][vc_toggle title=&#8221;Bietet Ayurmana Flughafenhilfe f\u00fcr G\u00e4ste an?&#8221;]Wir wissen, dass Flugh\u00e4fen m\u00fchsam, anstrengend und manchmal auch einsch\u00fcchternd sein k\u00f6nnen. Flughafenassistenz wird als optionaler Service durch einen renommierten globalen Dienstleister angeboten, der am Flughafen Thiruvananthapuram gegen eine zus\u00e4tzliche Geb\u00fchr t\u00e4tig ist. Diese Unterst\u00fctzung kann von den G\u00e4sten in Anspruch genommen werden, wenn sie dies bei der Buchung ihres Aufenthalts beantragen und die Flugdaten rechtzeitig mitteilen. Um mehr zu erfahren, klicken Sie bitte hier.[\/vc_toggle][vc_toggle title=&#8221;Es kann sein, dass ich einen Freund mitbringen muss, der nicht an einem Behandlungsprogramm in Ayurmana teilnehmen m\u00f6chte. Ist dies zul\u00e4ssig?&#8221;]Ja, das ist erlaubt.[\/vc_toggle][\/vc_column][\/vc_row]\n","protected":false},"excerpt":{"rendered":"<p>[vc_row][vc_column][vc_column_text] H\u00e4ufig gestellte Fragen [FAQ] [\/vc_column_text][vc_toggle title=&#8221;Wo befindet sich das [&hellip;]<\/p>\n","protected":false},"author":1,"featured_media":0,"parent":0,"menu_order":0,"comment_status":"closed","ping_status":"closed","template":"","meta":{"_monsterinsights_skip_tracking":false,"_monsterinsights_sitenote_active":false,"_monsterinsights_sitenote_note":"","_monsterinsights_sitenote_category":0,"_joinchat":[],"footnotes":""},"class_list":["post-4668","page","type-page","status-publish","hentry"],"_links":{"self":[{"href":"https:\/\/ayurmana.in\/de\/wp-json\/wp\/v2\/pages\/4668","targetHints":{"allow":["GET"]}}],"collection":[{"href":"https:\/\/ayurmana.in\/de\/wp-json\/wp\/v2\/pages"}],"about":[{"href":"https:\/\/ayurmana.in\/de\/wp-json\/wp\/v2\/types\/page"}],"author":[{"embeddable":true,"href":"https:\/\/ayurmana.in\/de\/wp-json\/wp\/v2\/users\/1"}],"replies":[{"embeddable":true,"href":"https:\/\/ayurmana.in\/de\/wp-json\/wp\/v2\/comments?post=4668"}],"version-history":[{"count":0,"href":"https:\/\/ayurmana.in\/de\/wp-json\/wp\/v2\/pages\/4668\/revisions"}],"wp:attachment":[{"href":"https:\/\/ayurmana.in\/de\/wp-json\/wp\/v2\/media?parent=4668"}],"curies":[{"name":"wp","href":"https:\/\/api.w.org\/{rel}","templated":true}]}}