{"id":4673,"date":"2019-12-07T12:14:46","date_gmt":"2019-12-07T06:44:46","guid":{"rendered":"https:\/\/www.ayurmana.in\/testimonials\/"},"modified":"2023-10-18T14:10:05","modified_gmt":"2023-10-18T08:40:05","slug":"testimonials","status":"publish","type":"page","link":"https:\/\/ayurmana.in\/de\/testimonials\/","title":{"rendered":"Zeugnisse"},"content":{"rendered":"[vc_row][vc_column width=&#8221;1\/2&#8243;][vc_column_text]\n<h2>Testimonials<br \/>\nWas Kunden \u00fcber Ayurmana sagen!<\/h2>\n[\/vc_column_text][vc_column_text]\n<blockquote><p>Ich habe bei ayurmana \u00fcber 70 Pfund abgenommen und es hat mein Leben v\u00f6llig ver\u00e4ndert. Mein Diabetes und meine Schilddr\u00fcsenunterfunktion sind verschwunden, und ich f\u00fchle mich wie ein ganz anderer Mensch. Ich bin aktiver und energiegeladener, meine Stimmung ist fantastisch und die Leute sagen, ich sehe mindestens 10 Jahre j\u00fcnger aus.<\/p><\/blockquote>\n[\/vc_column_text][vc_column_text]\n<p style=\"text-align: right;\"><strong>Abdul Mehsin, Kuwait<\/strong><\/p>\n[\/vc_column_text][vc_column_text]\n<blockquote><p>Meine Wunde am Fu\u00df war monatelang nicht verheilt, und man riet mir zur Amputation. Nach einer 4-w\u00f6chigen ayurvedischen Behandlung bei ayurmana ist die Wunde vollst\u00e4ndig verheilt.<\/p><\/blockquote>\n[\/vc_column_text][vc_column_text]\n<p style=\"text-align: right;\"><strong>Suresh Krishnan, Indien<\/strong><\/p>\n[\/vc_column_text][\/vc_column][vc_column width=&#8221;1\/2&#8243;][vc_empty_space height=&#8221;125px&#8221;][vc_video link=&#8221;https:\/\/youtu.be\/gl_Wsi8-aW4&#8243;][\/vc_column][\/vc_row][vc_row css=&#8221;.vc_custom_1578132968223{padding-top: 6px !important;}&#8221;][vc_column width=&#8221;1\/2&#8243;][vc_column_text]\n<blockquote><p>Ich litt fr\u00fcher unter chronischer M\u00fcdigkeit und schlechter Laune. Die ayurvedische Behandlung hat mich v\u00f6llig ver\u00e4ndert. Ich f\u00fchle mich erfrischt und erneuert und h\u00e4tte nie gedacht, dass ich wieder ein so gutes Fitnessniveau erreichen w\u00fcrde.<\/p><\/blockquote>\n[\/vc_column_text][vc_column_text]\n<p style=\"text-align: right;\"><strong>Fiona , Vereinigtes K\u00f6nigreich<\/strong><\/p>\n[\/vc_column_text][vc_column_text]\n<blockquote><p>In weniger als sechs Wochen bei ayurmana kamen mein Blutzucker, Cholesterin, Schilddr\u00fcse und Bluthochdruck in den normalen Bereich. Erstaunlich wirksam. Metabolisches Syndrom r\u00fcckg\u00e4ngig gemacht.<\/p><\/blockquote>\n[\/vc_column_text][vc_column_text]\n<p style=\"text-align: right;\"><strong>Ashish Kapur, Indien<\/strong><\/p>\n[\/vc_column_text][vc_separator style=&#8221;dashed&#8221;][\/vc_column][vc_column width=&#8221;1\/2&#8243;][vc_column_text]\n<blockquote><p>Mein Hausarzt hatte mir eine bariatrische Operation vorgeschlagen, da ich an krankhafter Fettleibigkeit litt. Ich bin ayurmana dankbar, dass sie mir geholfen hat, \u00fcber 40 Kilo abzunehmen und eine Operation zu vermeiden. Und das Beste daran war, dass ich nie hungern musste, um im Rahmen des Programms abzunehmen.<\/p><\/blockquote>\n[\/vc_column_text][vc_column_text]\n<p style=\"text-align: right;\"><strong>Paul D&#8217; Souza, Indien<\/strong><\/p>\n[\/vc_column_text][vc_column_text]\n<blockquote><p>Seit mehreren Jahren konnte ich nicht mehr schlafen, ohne Beruhigungsmittel zu nehmen, und nahm auch Antidepressiva ein. Nach der ayurvedischen Behandlung habe ich beide Medikamente abgesetzt und f\u00fchle mich jetzt besser als je zuvor.<\/p><\/blockquote>\n[\/vc_column_text][vc_column_text]\n<p style=\"text-align: right;\"><strong>Lynn R. Williams, USA<\/strong><\/p>\n[\/vc_column_text][vc_separator style=&#8221;dashed&#8221;][\/vc_column][\/vc_row][vc_row][vc_column width=&#8221;1\/2&#8243;][vc_video link=&#8221;https:\/\/www.youtube.com\/watch?v=YOiCvI6P8B0&amp;rel=0&#8243;][\/vc_column][vc_column width=&#8221;1\/2&#8243;][vc_column_text]\n<blockquote><p>Ich nahm Insulin 30-30 und zwei andere Medikamente gegen Diabetes. Die ayurvedische Behandlung brachte gro\u00dfartige Ergebnisse. Ich habe jetzt das Insulin und die Tabletten abgesetzt, und trotzdem ist mein Zucker normal. Jetzt habe ich auch das Insulin und das orale Hypoglyk\u00e4mikum abgesetzt.<\/p><\/blockquote>\n[\/vc_column_text][vc_column_text]\n<p style=\"text-align: right;\"><strong>Sweta Tivari, Indien<\/strong><\/p>\n[\/vc_column_text][vc_column_text]\n<blockquote><p>Ich kann immer noch nicht glauben, dass ich jetzt von meiner Migr\u00e4ne geheilt bin. Die Kopfschmerzen waren fr\u00fcher so schlimm und ich hatte so viele Jahre darunter gelitten, dass ich sie als mein Schicksal akzeptiert hatte. Aber die Ayurveda-Behandlung hat mein Leben ver\u00e4ndert.<\/p><\/blockquote>\n[\/vc_column_text][vc_column_text]\n<p style=\"text-align: right;\"><strong>Harrison Simpson, Schweden<\/strong><\/p>\n[\/vc_column_text][vc_separator style=&#8221;dashed&#8221;][\/vc_column][\/vc_row][vc_row][vc_column width=&#8221;1\/2&#8243;][vc_column_text]\n<blockquote><p>Ich litt an RA und wurde 6 Jahre lang mit Medikamenten behandelt. Auch meine Finger waren deformiert. Die Verbesserung nach 6 Wochen Behandlung war erstaunlich. Die Schmerzen und Schwellungen verschwanden fast vollst\u00e4ndig, auch die Deformierung ging zur\u00fcck.<\/p><\/blockquote>\n[\/vc_column_text][vc_column_text]\n<p style=\"text-align: right;\"><strong>Maunu Manninen, Finnland<\/strong><\/p>\n[\/vc_column_text][vc_separator style=&#8221;dashed&#8221;][vc_column_text]\n<blockquote><p>Ich bin IT-Fachmann und litt unter Nacken- und R\u00fcckenschmerzen. Bei Ayurmana verschwanden in etwa 4 Wochen alle meine Symptome. Niemals h\u00e4tte ich diese bemerkenswerte Verbesserung in so kurzer Zeit erwartet<\/p><\/blockquote>\n[\/vc_column_text][vc_column_text]\n<p style=\"text-align: right;\"><strong>Anand kumar, Indien<\/strong><\/p>\n[\/vc_column_text][vc_separator style=&#8221;dashed&#8221;][vc_column_text]\n<blockquote><p>Wei\u00dfe Flecken auf der Brust, im Gesicht und an den Armen hatten mich so deprimiert, dass ich es nicht fassen konnte. Ich habe alle mir zur Verf\u00fcgung stehenden Behandlungsmethoden ausprobiert. Aber es gab keine deutliche Verbesserung. Ich habe mich auf Empfehlung eines Freundes bei ayurmana behandeln lassen und zu meiner \u00dcberraschung haben die Flecken jetzt an Pigmentierung zugenommen. Ich bin wirklich erstaunt \u00fcber dieses nat\u00fcrliche Medizinsystem aus Indien.<\/p><\/blockquote>\n[\/vc_column_text][vc_column_text]\n<p style=\"text-align: right;\"><strong>Adalberta Pinto, Italien<\/strong><\/p>\n[\/vc_column_text][vc_separator style=&#8221;dashed&#8221;][vc_video link=&#8221;https:\/\/www.youtube.com\/watch?v=P53V4fJsGhs&#8221;][vc_column_text]\n<blockquote><p>Ich habe seit meiner Teenagerzeit Probleme mit Haarausfall und Schuppenbildung. Als mein Haarausfall eklig wurde und sich die Kopfhaut zu zeigen begann, rannte ich von Arzt zu Arzt. Meistens hat es etwas gebracht, aber es war immer nur vor\u00fcbergehend, bis ich eine ayurvedische Behandlung gemacht habe. Mein Haarausfall hat aufgeh\u00f6rt, die Schuppen sind verschwunden, und mein Haar ist jetzt dicht und gesund gewachsen.<\/p><\/blockquote>\n[\/vc_column_text][vc_column_text]\n<p style=\"text-align: right;\"><strong>Lengyel Judit, Ungarn<\/strong><\/p>\n[\/vc_column_text][vc_separator style=&#8221;dashed&#8221;][\/vc_column][vc_column width=&#8221;1\/2&#8243;][vc_video link=&#8221;https:\/\/www.youtube.com\/watch?v=mO00rLboBGs&#8221;][vc_column_text]\n<blockquote><p>Seit meiner Kindheit litt ich an atopischem Ekzem. Nach meinem 16. Lebensjahr flammte die Krankheit wieder auf und ich bekam Steroide und Immunsuppressiva. Ich bin zuf\u00e4llig auf Ayurmana gesto\u00dfen und wurde zur Behandlung zugelassen. Die Symptome verschwanden in weniger als 2 Monaten und sind seither nicht wieder aufgetreten. Ich bin jetzt 32 und habe die Medikamente abgesetzt und meine Fitness wiedererlangt, die durch die \u00fcberm\u00e4\u00dfige Einnahme von Steroiden gest\u00f6rt war.<\/p><\/blockquote>\n[\/vc_column_text][vc_column_text]\n<p style=\"text-align: right;\"><strong>Meliha Sangen, D\u00e4nemark<\/strong><\/p>\n[\/vc_column_text][vc_separator style=&#8221;dashed&#8221;][vc_column_text]\n<blockquote><p>Vor ein paar Jahren wurde bei mir ein chronisches M\u00fcdigkeitssyndrom diagnostiziert. Ich unterzog mich umfangreichen Tests und Behandlungen, ohne dass eine Besserung eintrat. Aber nach meiner sechsw\u00f6chigen Rasayana-Behandlung hat sich mein allgemeiner Gesundheitszustand dramatisch verbessert. Ich leide nicht mehr unter M\u00fcdigkeit, meine Stimmung hat sich verbessert und ich f\u00fchle mich erfrischt und erneuert.<\/p><\/blockquote>\n[\/vc_column_text][vc_column_text]\n<p style=\"text-align: right;\"><strong>Michelle Wurfel, Deutschland<\/strong><\/p>\n[\/vc_column_text][vc_separator style=&#8221;dashed&#8221;][vc_column_text]\n<blockquote><p>Nach einem Unfall verlor ich mein Ged\u00e4chtnis, erkannte nicht einmal mehr meine Frau oder meine Kinder und war gel\u00e4hmt. Die Ayumana-Behandlung hat mich wieder zum Leben erweckt. Ich kann mich immer noch nicht an den Vorfall und die lange Zeit danach erinnern. Aber ich bin jetzt k\u00f6rperlich und geistig wieder normal, und meine Familie und Freunde halten das f\u00fcr ein Wunder, nachdem sie mich vorher gesehen hatten.<\/p><\/blockquote>\n[\/vc_column_text][vc_column_text]\n<p style=\"text-align: right;\"><strong>Sudarsanan, Indien<\/strong><\/p>\n[\/vc_column_text][vc_column_text]\n<blockquote><p>Ich erlitt innerhalb von 2 Jahren zwei aufeinander folgende Schlaganf\u00e4lle. Beim ersten Mal war die gesamte rechte K\u00f6rperh\u00e4lfte betroffen, und w\u00e4hrend ich mich allm\u00e4hlich erholte, kam es zu einem zweiten Vorfall, bei dem ich die Sprache und die F\u00e4higkeit zu schlucken verlor und die gesamte linke K\u00f6rperh\u00e4lfte gel\u00e4hmt war. Ich wurde zu Ayurmana gebracht, und niemand konnte glauben, wie schnell ich mich erholte und fast v\u00f6llig normal wurde.<\/p><\/blockquote>\n[\/vc_column_text][vc_column_text]\n<p style=\"text-align: right;\"><strong>Suhasini, Indien<\/strong><\/p>\n[\/vc_column_text][vc_separator style=&#8221;dashed&#8221;][\/vc_column][\/vc_row][vc_row][vc_column width=&#8221;1\/2&#8243;][vc_column_text]\n<blockquote><p>Ich war Medizinstudentin, als bei mir MS diagnostiziert wurde. Ich wusste, dass es keine Heilung gab, aber meine Eltern zwangen mich, eine ayurvedische Behandlung zu machen. Ich danke ihnen jetzt daf\u00fcr, dass sie das getan haben. Meine Symptome sind \u00fcber einen Zeitraum von 4 Jahren vollst\u00e4ndig verschwunden und alle MRT-Marker haben sich umgekehrt. Selbst meine Professoren waren \u00fcber die Verbesserung erstaunt.<\/p><\/blockquote>\n[\/vc_column_text][vc_column_text]\n<p style=\"text-align: right;\"><strong>Cintheya, Deutschland<\/strong><\/p>\n[\/vc_column_text][vc_separator style=&#8221;dashed&#8221;][vc_column_text]\n<blockquote><p>Ich habe vor ein paar Jahren begonnen, stellenweise Haare zu verlieren, und es wurde immer mehr. Ich habe verschiedene Medikamente ausprobiert, aber die Pflaster wurden immer zahlreicher. Nach der Behandlung bei Ayurmana sind die Flecken alle nachgewachsen und es kommen keine neuen Flecken mehr.<\/p><\/blockquote>\n[\/vc_column_text][vc_column_text]\n<p style=\"text-align: right;\"><strong>Jason Sawyer, USA<\/strong><\/p>\n[\/vc_column_text][vc_separator style=&#8221;dashed&#8221;][vc_column_text]\n<blockquote><p>In nur 6 Wochen verbesserte sich meine Arthrose so sehr, dass ich nach fast 4 Jahren wieder ohne Unterst\u00fctzung gehen konnte.<\/p><\/blockquote>\n[\/vc_column_text][vc_column_text]\n<p style=\"text-align: right;\"><strong>Sumathi, Indien<\/strong><\/p>\n[\/vc_column_text][vc_separator style=&#8221;dashed&#8221;][\/vc_column][vc_column width=&#8221;1\/2&#8243;][vc_column_text]\n<blockquote><p>Als bei mir PPMS diagnostiziert wurde, sagten mir die \u00c4rzte, dass ich das Fortschreiten der Krankheit akzeptieren und mich darauf einstellen m\u00fcsse. Ich wollte mich nicht kampflos geschlagen geben und suchte nach alternativen Heilmethoden. Ein anderer MS-Patient schlug Ayurveda vor, und es war eine Offenbarung. Das Fortschreiten meiner Krankheit wurde gestoppt und viele der Symptome kehrten sich sogar zur\u00fcck.<\/p><\/blockquote>\n[\/vc_column_text][vc_column_text]\n<p style=\"text-align: right;\"><strong>Anja Mahler, Deutschland<\/strong><\/p>\n[\/vc_column_text][vc_separator style=&#8221;dashed&#8221;][vc_column_text]\n<blockquote><p>Fr\u00fcher litt ich unter starken Kopfschmerzen, gefolgt von \u00dcbelkeit und Erbrechen. Ich habe jede verf\u00fcgbare Behandlung ohne Erfolg ausprobiert, bis ich durch Ayurveda geheilt wurde. Ich w\u00fcrde jedem, der unter Migr\u00e4ne leidet, empfehlen, Ayurveda auszuprobieren.<\/p><\/blockquote>\n[\/vc_column_text][vc_column_text]\n<p style=\"text-align: right;\"><strong>Elita Galarneau, Frankreich<\/strong><\/p>\n[\/vc_column_text][vc_separator style=&#8221;dashed&#8221;][vc_column_text]\n<blockquote><p>Als ich zur Behandlung kam, bekam ich 80 Einheiten Insulin pro Tag. Jetzt bin ich insulinfrei und mein Blutzuckerspiegel ist wieder im normalen Bereich.<\/p><\/blockquote>\n[\/vc_column_text][vc_column_text]\n<p style=\"text-align: right;\"><strong>Reno Greve, Norwegen<\/strong><\/p>\n[\/vc_column_text][vc_separator style=&#8221;dashed&#8221;][\/vc_column][\/vc_row]\n","protected":false},"excerpt":{"rendered":"<p>[vc_row][vc_column width=&#8221;1\/2&#8243;][vc_column_text] Testimonials Was Kunden \u00fcber Ayurmana sagen! [\/vc_column_text][vc_column_text] Ich [&hellip;]<\/p>\n","protected":false},"author":1,"featured_media":0,"parent":0,"menu_order":0,"comment_status":"closed","ping_status":"closed","template":"","meta":{"_monsterinsights_skip_tracking":false,"_monsterinsights_sitenote_active":false,"_monsterinsights_sitenote_note":"","_monsterinsights_sitenote_category":0,"_joinchat":[],"footnotes":""},"class_list":["post-4673","page","type-page","status-publish","hentry"],"_links":{"self":[{"href":"https:\/\/ayurmana.in\/de\/wp-json\/wp\/v2\/pages\/4673","targetHints":{"allow":["GET"]}}],"collection":[{"href":"https:\/\/ayurmana.in\/de\/wp-json\/wp\/v2\/pages"}],"about":[{"href":"https:\/\/ayurmana.in\/de\/wp-json\/wp\/v2\/types\/page"}],"author":[{"embeddable":true,"href":"https:\/\/ayurmana.in\/de\/wp-json\/wp\/v2\/users\/1"}],"replies":[{"embeddable":true,"href":"https:\/\/ayurmana.in\/de\/wp-json\/wp\/v2\/comments?post=4673"}],"version-history":[{"count":0,"href":"https:\/\/ayurmana.in\/de\/wp-json\/wp\/v2\/pages\/4673\/revisions"}],"wp:attachment":[{"href":"https:\/\/ayurmana.in\/de\/wp-json\/wp\/v2\/media?parent=4673"}],"curies":[{"name":"wp","href":"https:\/\/api.w.org\/{rel}","templated":true}]}}