{"id":4678,"date":"2019-12-16T22:27:04","date_gmt":"2019-12-16T16:57:04","guid":{"rendered":"https:\/\/www.ayurmana.in\/bedingungen-und-konditionen\/"},"modified":"2023-10-18T14:16:03","modified_gmt":"2023-10-18T08:46:03","slug":"bedingungen-und-konditionen","status":"publish","type":"page","link":"https:\/\/ayurmana.in\/de\/bedingungen-und-konditionen\/","title":{"rendered":"Bedingungen und Konditionen"},"content":{"rendered":"[vc_row][vc_column width=&#8221;1\/6&#8243;][\/vc_column][vc_column width=&#8221;2\/3&#8243;][vc_column_text]\n<h4>Bedingungen und Konditionen<\/h4>\n[\/vc_column_text][vc_column_text]Alle Dienstleistungen werden von Dharma Ayurveda betrieben, erbracht und verwaltet. Alle anfallenden Steuern sind in den angegebenen Preisen enthalten. Irrtum vorbehalten. Die angegebenen Preise und Informationen sind nicht verbindlich. Die Gesch\u00e4ftsleitung kann den Tarif ohne weitere Ank\u00fcndigung \u00e4ndern.[\/vc_column_text][vc_column_text]\n<h4>Buchungsbest\u00e4tigung und Stornierungsbedingungen<\/h4>\n[\/vc_column_text][vc_column_text]Bitte beachten Sie, dass die Best\u00e4tigung einer bestimmten Zimmernummer nicht verbindlich ist, da wir uns das Recht vorbehalten, innerhalb der gleichen Kategorie bei Bedarf Zimmer\u00e4nderungen vorzunehmen. Die Direktion beh\u00e4lt sich das Recht vor, G\u00e4ste in eine gleichwertige oder h\u00f6here Zimmerkategorie umzuwandeln. Besondere Zimmerw\u00fcnsche k\u00f6nnen nur ber\u00fccksichtigt werden, wenn die Buchung sechs Monate vor der Ankunft und gegen Best\u00e4tigung mit Vorauszahlung eingegangen ist.<\/p>\n<p>Reservierungen k\u00f6nnen nur auf Paketbasis und gegen Vorauszahlung best\u00e4tigt werden. Bitte beachten Sie, dass Ihre Buchung ohne weitere Benachrichtigung storniert werden kann, wenn die Vorauszahlung nicht rechtzeitig eingeht. Wir haften nicht, wenn die Zahlung durch den Kreditkartenanbieter verweigert oder abgelehnt wird. Wird die Buchung storniert, fallen die folgenden Geb\u00fchren an:<\/p>\n<p>Mehr als 14 Tage vor der Ankunft: keine Stornogeb\u00fchren.<br \/>\nStornierung weniger als 14 Tage vor der Ankunft: INR 20.000 pro Zimmerbuchung.[\/vc_column_text][vc_column_text]\n<h4>Einchecken und Auschecken<\/h4>\n[\/vc_column_text][vc_column_text]Einchecken: 14:00 Uhr<br \/>\nCheck-out: 12:00 Uhr[\/vc_column_text][vc_column_text]\n<h4>Loyalit\u00e4tsvorteile<\/h4>\n[\/vc_column_text][vc_column_text]Wir gew\u00e4hren unseren Stammg\u00e4sten besondere Verg\u00fcnstigungen, wie z. B. bevorzugte Buchung, bevorzugte Zimmerauswahl, wann immer dies m\u00f6glich ist, sowie fr\u00fches Einchecken und sp\u00e4tes Auschecken ohne zus\u00e4tzliche Kosten [subject to availability].[\/vc_column_text][\/vc_column][vc_column width=&#8221;1\/6&#8243;][\/vc_column][\/vc_row]\n","protected":false},"excerpt":{"rendered":"<p>[vc_row][vc_column width=&#8221;1\/6&#8243;][\/vc_column][vc_column width=&#8221;2\/3&#8243;][vc_column_text] Bedingungen und Konditionen [\/vc_column_text][vc_column_text]Alle Dienstleistungen werden von [&hellip;]<\/p>\n","protected":false},"author":1,"featured_media":0,"parent":0,"menu_order":0,"comment_status":"closed","ping_status":"closed","template":"page-templates\/page-fullwidth.php","meta":{"_monsterinsights_skip_tracking":false,"_monsterinsights_sitenote_active":false,"_monsterinsights_sitenote_note":"","_monsterinsights_sitenote_category":0,"_joinchat":[],"footnotes":""},"class_list":["post-4678","page","type-page","status-publish","hentry"],"_links":{"self":[{"href":"https:\/\/ayurmana.in\/de\/wp-json\/wp\/v2\/pages\/4678","targetHints":{"allow":["GET"]}}],"collection":[{"href":"https:\/\/ayurmana.in\/de\/wp-json\/wp\/v2\/pages"}],"about":[{"href":"https:\/\/ayurmana.in\/de\/wp-json\/wp\/v2\/types\/page"}],"author":[{"embeddable":true,"href":"https:\/\/ayurmana.in\/de\/wp-json\/wp\/v2\/users\/1"}],"replies":[{"embeddable":true,"href":"https:\/\/ayurmana.in\/de\/wp-json\/wp\/v2\/comments?post=4678"}],"version-history":[{"count":0,"href":"https:\/\/ayurmana.in\/de\/wp-json\/wp\/v2\/pages\/4678\/revisions"}],"wp:attachment":[{"href":"https:\/\/ayurmana.in\/de\/wp-json\/wp\/v2\/media?parent=4678"}],"curies":[{"name":"wp","href":"https:\/\/api.w.org\/{rel}","templated":true}]}}