{"id":4699,"date":"2022-04-09T19:48:54","date_gmt":"2022-04-09T14:18:54","guid":{"rendered":"https:\/\/www.ayurmana.in\/beste-ayurveda-krankenhaeuser-in-kerala\/"},"modified":"2025-05-20T20:09:26","modified_gmt":"2025-05-20T14:39:26","slug":"beste-ayurveda-krankenhaeuser-in-kerala","status":"publish","type":"page","link":"https:\/\/ayurmana.in\/de\/beste-ayurveda-krankenhaeuser-in-kerala\/","title":{"rendered":"Beste-Ayurveda-Krankenh\u00e4user-in-Kerala"},"content":{"rendered":"[vc_row equal_height=&#8221;yes&#8221;][vc_column width=&#8221;1\/2&#8243;][vc_column_text]\n<h1 style=\"text-align: center;\">Was macht Ayurmana zu einem der besten ayurvedischen Krankenh\u00e4user in Kerala?<\/h1>\n<p>Sind Sie auf der Suche nach der besten ayurvedischen Behandlung f\u00fcr Ihren speziellen Gesundheitszustand? M\u00f6chten Sie erforschen, wie diese uralte Praxis die k\u00f6rpereigenen Mechanismen nutzt, um tiefgreifende Heilung zu erreichen? M\u00f6chten Sie Ihre Gesundheit und Fitness verbessern, um Ihr Wohlbefinden zu steigern?<\/p>\n<p>Im Ayurmana Dharma Ayurveda Centre for Advanced Healing setzen wir bew\u00e4hrte, klinisch erprobte Strategien und wirksame Naturheilmittel f\u00fcr eine schnelle und nachhaltige Heilung ein. W\u00e4hrend Ihres Aufenthalts werden personalisierte Lebensstil\u00e4nderungen und Ern\u00e4hrungsempfehlungen durchgef\u00fchrt, um Ihr Wohlbefinden und Ihre Langlebigkeit zu f\u00f6rdern und zu gew\u00e4hrleisten.[\/vc_column_text][\/vc_column][vc_column width=&#8221;1\/2&#8243;][vc_single_image image=&#8221;2845&#8243; img_size=&#8221;large&#8221;][\/vc_column][\/vc_row][vc_row][vc_column][vc_separator][vc_row_inner][vc_column_inner width=&#8221;2\/3&#8243;][vc_column_text]\n<h2>Was macht Ayurmana zur besten Wahl f\u00fcr Ihre ayurvedische Behandlung in Kerala?<\/h2>\n<p>Der Behandlungsansatz von Dharma Ayurveda ist in der jahrhundertelangen Erfahrung verwurzelt, die die Familie Dharma \u00fcber Generationen hinweg durch die authentische Praxis des Ayurveda gesammelt hat. Zusammen mit der intuitiven und hingebungsvollen Betreuung durch unsere erfahrenen \u00c4rzte und Therapeuten k\u00f6nnen Sie so eine m\u00f6glichst tiefgreifende Heilung erreichen. Eingebettet auf einem beruhigenden H\u00fcgel inmitten von \u00fcppigem Gr\u00fcn, wird Ihr Aufenthalt in Harmonie mit der Natur die Energien kanalisieren, um an die Wurzel der <strong>Heilung<\/strong> zu gelangen. Ayurmana ist der erste Schritt zu einem Leben in v\u00f6lliger Transformation und Lebendigkeit.<\/p>\n<p>Einige der Qualit\u00e4ten, die Ayurmana zu einer herausragenden Option machen, sind die folgenden:<\/p>\n<h3><strong>Zusammenarbeit mit erfahrenen Ayurveda-\u00c4rzten f\u00fcr einen ganzheitlichen Ansatz<\/strong><\/h3>\n<p>Dharma Ayurveda beherbergt legend\u00e4re ayurvedische \u00c4rzte, die das Erbe dieser alten Praxis und traditionellen Behandlung weiterf\u00fchren. Unsere begabten Praktikerinnen und Praktiker haben ihre Wurzeln im herzgeleiteten Dienst und wenden die zeitlosen, verehrten Heilmethoden an, um die nat\u00fcrlichen Heilkr\u00e4fte Ihres K\u00f6rpers auf feinste Weise zu nutzen.<\/p>\n<p>Als Meister der ayurvedischen Heilkunst verf\u00fcgt jeder Praktiker \u00fcber theoretische und praktische Erfahrung, um Sie an Ihre angeborene F\u00e4higkeit zur Heilung zu erinnern. Ihre Strategien beruhen auf dem Ziel, Ihre k\u00f6rperlichen Beschwerden zu heilen und die Harmonie von Geist, K\u00f6rper und Seele als integralen Bestandteil zu f\u00f6rdern.<\/p>\n<h3><strong>Heilung in einer ruhigen Umgebung, um den Geist zu beruhigen und den K\u00f6rper zu entspannen<\/strong><\/h3>\n<p>Ayurmana befindet sich an dem Punkt, an dem ein friedlicher R\u00fcckzugsort auf Heilung und inspirierendes Wachstum trifft. Am ewig ruhigen H\u00fcgel von Dharmagiri gelegen, ist das Zentrum f\u00fcr fortgeschrittene Heilung mit aufwendig gestalteten R\u00e4umen und komfortabler Einrichtung geschm\u00fcckt. Ihr Aufenthalt ist erf\u00fcllt von den Kl\u00e4ngen der Natur, die Ihnen eine Auszeit von der Hektik des Alltags bietet. G\u00f6nnen Sie sich den Raum, um zu f\u00fchlen, loszulassen, sich nach innen zu wenden und zuzuh\u00f6ren. Die Umgebung ist eine Erweiterung all dessen, was m\u00f6glich ist, von den inneren Tiefen bis hin zu den \u00e4u\u00dferen Ecken eines Lebens, das Sie zu erleben verdienen.<\/p>\n<h3><strong>Sie erhalten Signaturkuren, die sich seit langem bew\u00e4hrt haben<\/strong><\/h3>\n<p>Ayurmana sch\u00f6pft aus zahllosen charakteristischen Heilmitteln, die aus jahrhundertealten Familienmanuskripten und alten medizinischen Schriften stammen und durch die Praxis von Generationen verfeinert wurden. Wenn Sie mit den \u00c4rzten und Werkzeugen unserer Einrichtung arbeiten, k\u00f6nnen Sie erwarten, dass Sie alte Weisheiten mit dem Elan der Evolution durch eine moderne Anwendung erhalten.<\/p>\n<p>Dies ist der erfolgreiche Ansatz, den wir bei der Heilung verschiedener Krankheiten verfolgen, z. B:<\/p>\n<ul>\n<li>Neurologische Erkrankungen &#8211; Multiple Sklerose, Migr\u00e4ne, Schlaganfall, Angstzust\u00e4nde und Depressionen<\/li>\n<li>Muskel- und Skeletterkrankungen &#8211; Nacken- und R\u00fcckenerkrankungen, Knieschmerzen, Arthritis, Bandscheibenvorfall<\/li>\n<li>Lebensstilkrankheiten &#8211; Fettleibigkeit, Stress, Diabetes<\/li>\n<li>Haut und Haare &#8211; Ekzem, Psoriasis, Alopezie<\/li>\n<\/ul>\n<h3>Warum ist Ayurmana das beste <strong>ayurvedische Krankenhaus in meiner N\u00e4he<\/strong>?<\/h3>\n<p>Die Ayurveda-\u00c4rzte bei Ayurmana sind in der Anwendung der einzigartigen Behandlungsmethoden der Dharma-Familie gut geschult. Ayurmana heilt nicht nur k\u00f6rperliche und geistige Beschwerden, sondern ist auch die erste Adresse f\u00fcr Entgiftung, Verj\u00fcngung, Immunit\u00e4t, Sch\u00f6nheit und Langlebigkeit. Unsere G\u00e4ste erhalten nicht nur eine durchdachte L\u00f6sung f\u00fcr ihre Probleme, sondern auch eine neue Perspektive und einen neuen Ausblick auf ein Leben, von dem sie immer getr\u00e4umt haben.<\/p>\n<h3>Was macht die <strong>traditionelle Medizin<\/strong> so stark?<\/h3>\n<p>Ayurmana kombiniert fundiertes medizinisches Wissen mit bew\u00e4hrten Behandlungsmethoden und bietet spezielle Kuren und <strong>Wellness-Methoden<\/strong> an, die auf die individuellen Anforderungen und Bed\u00fcrfnisse jedes Einzelnen zugeschnitten sind. Die Kraft der <strong>ayurvedischen Behandlung<\/strong> ist m\u00e4chtig und wird am besten mit der Absicht der Reinigung von K\u00f6rper, Geist und Seele verwirklicht. In Verbindung mit der Unterst\u00fctzung von \u00c4rzten, die sich von der Seele leiten lassen, k\u00f6nnen die traditionellen ayurvedischen Methoden eine nachhaltige Ver\u00e4nderung bewirken.<\/p>\n<h3><strong>Wie werden Ayurveda-Behandlungen durchgef\u00fchrt?<\/strong><\/h3>\n<p>Authentische ayurvedische Behandlungen und Panchakarma-Behandlungen werden mit originalen ayurvedischen Medikamenten durchgef\u00fchrt, die im Haus hergestellt werden. Bei jeder Behandlung wird das gleiche Ma\u00df an Absicht und Aufmerksamkeit an den Tag gelegt, um die besten Ergebnisse zu erzielen. In diesem Sinne werden Ayurveda-Medikamente aus Rohstoffen hergestellt, die aus der Natur stammen, und zwar unter Verwendung traditioneller und wissenschaftlicher Kenntnisse. Dieses gefeierte ayurvedische Krankenhaus ist nach wie vor bekannt als das <em><br \/>\n  <strong>bestes ayurvedisches Krankenhaus in Kerala, Indien<\/strong><br \/>\n<\/em>aufgrund seines Ansatzes, die kleinsten Details zu erkennen und zu st\u00e4rken, die zu Heilung, Wohlbefinden und Langlebigkeit f\u00fchren.[\/vc_column_text][\/vc_column_inner][vc_column_inner width=&#8221;1\/3&#8243;][vc_single_image image=&#8221;2512&#8243; img_size=&#8221;large&#8221; alignment=&#8221;center&#8221;][\/vc_column_inner][\/vc_row_inner][\/vc_column][\/vc_row][vc_row][vc_column][vc_column_text]\n<h3>Top 5 Ayurveda-Krankenh\u00e4user in Kerala<\/h3>\n<h4><strong>Ayurmana | Dharma Ayurveda Centre for Advanced Healing<\/strong><\/h4>\n<p>Wie bereits erw\u00e4hnt, ist Ayurmana ein Schwesterunternehmen von Dharma Ayurveda, wo Sie die feinste und einflussreichste traditionelle Ayurveda-Behandlung Unterst\u00fctzung und Heilung f\u00fcr fast alle gesundheitlichen Bedenken, die Sie haben k\u00f6nnen, ohne unerw\u00fcnschte Nebenwirkungen erhalten. In einer ruhigen Umgebung mit komfortablen Unterbringungsm\u00f6glichkeiten, unter fachkundigen \u00c4rzten und f\u00fcrsorglichen, geschickten Therapeuten wird Ihre Heilungsreise umso tiefgreifender und angenehmer.<\/p>\n<h4><strong>Arya Vaidya Sala | Kottakkal<\/strong><\/h4>\n<p>Die Arya Vaidya Sala in Kottakkal, Kerala, Indien, ist seit mehr als einem Jahrhundert eine renommierte Wohlfahrtseinrichtung. Urspr\u00fcnglich eine Dorfklinik, entwickelte sich Arya Vaidya Sala zu einer der f\u00fchrenden Institutionen, die f\u00fcr Ayurveda stehen und verschiedene Dienstleistungen und Niederlassungen im ganzen Land anbieten.<\/p>\n<h4><strong>Punarnava Ayurveda Krankenhaus<\/strong><\/h4>\n<p>Mit mehr als drei Jahrzehnten Erfahrung ist Punarava eines der besten ayurvedischen Krankenh\u00e4user in Kerala, das Patienten aus mehreren L\u00e4ndern der Welt versorgt. Das Krankenhaus bietet umfassende Leistungen der ayurvedischen Medizin und setzt moderne Methoden in der Diagnose und Behandlung ein.<\/p>\n<h4><strong>Vaidyaratnam Oushadhasala<\/strong><\/h4>\n<p>Vaidyratnam Oushadhasala wird von der Familie von Thaikkattu Moss geleitet, die auf dem Gebiet der ayurvedischen Medizin einen guten Namen hat. Die Organisation unterh\u00e4lt weitere Pflege- und Dienstleistungseinrichtungen, darunter ein Forschungsinstitut, ein Behandlungszentrum, ein Museum und ein Pflegeheim, um nur einige zu nennen.<\/p>\n<h4><strong>Matha Ayurveda Augenklinik &amp; Panchakarma-Zentrum<\/strong><\/h4>\n<p>Matha Ayurveda ist ein Augenkrankenhaus, das f\u00fcr seine spezialisierten Ayurveda-Behandlungen f\u00fcr alle Augenkrankheiten bekannt ist. Das Krankenhaus verf\u00fcgt \u00fcber ein Team von Ayurveda-\u00c4rzten unter der Leitung von Dr. Santhakumari, einem renommierten und angesehenen Namen auf dem Gebiet der ayurvedischen Ophthalmologie.[\/vc_column_text][\/vc_column][\/vc_row]\n","protected":false},"excerpt":{"rendered":"<p>[vc_row equal_height=&#8221;yes&#8221;][vc_column width=&#8221;1\/2&#8243;][vc_column_text] Was macht Ayurmana zu einem der besten [&hellip;]<\/p>\n","protected":false},"author":1,"featured_media":0,"parent":0,"menu_order":0,"comment_status":"closed","ping_status":"closed","template":"","meta":{"_monsterinsights_skip_tracking":false,"_monsterinsights_sitenote_active":false,"_monsterinsights_sitenote_note":"","_monsterinsights_sitenote_category":0,"_joinchat":[],"footnotes":""},"class_list":["post-4699","page","type-page","status-publish","hentry"],"_links":{"self":[{"href":"https:\/\/ayurmana.in\/de\/wp-json\/wp\/v2\/pages\/4699","targetHints":{"allow":["GET"]}}],"collection":[{"href":"https:\/\/ayurmana.in\/de\/wp-json\/wp\/v2\/pages"}],"about":[{"href":"https:\/\/ayurmana.in\/de\/wp-json\/wp\/v2\/types\/page"}],"author":[{"embeddable":true,"href":"https:\/\/ayurmana.in\/de\/wp-json\/wp\/v2\/users\/1"}],"replies":[{"embeddable":true,"href":"https:\/\/ayurmana.in\/de\/wp-json\/wp\/v2\/comments?post=4699"}],"version-history":[{"count":0,"href":"https:\/\/ayurmana.in\/de\/wp-json\/wp\/v2\/pages\/4699\/revisions"}],"wp:attachment":[{"href":"https:\/\/ayurmana.in\/de\/wp-json\/wp\/v2\/media?parent=4699"}],"curies":[{"name":"wp","href":"https:\/\/api.w.org\/{rel}","templated":true}]}}