{"id":4721,"date":"2020-04-30T21:09:14","date_gmt":"2020-04-30T15:39:14","guid":{"rendered":"https:\/\/www.ayurmana.in\/dr-maya-gopinath\/"},"modified":"2023-10-18T15:16:27","modified_gmt":"2023-10-18T09:46:27","slug":"dr-maya-gopinath","status":"publish","type":"page","link":"https:\/\/ayurmana.in\/de\/dr-maya-gopinath\/","title":{"rendered":"Dr. Maya Gopinath"},"content":{"rendered":"[vc_row][vc_column width=&#8221;1\/3&#8243;][vc_column_text]\n<h2>Dr. Maya Gopinath<\/h2>\n[\/vc_column_text][vc_single_image image=&#8221;2785&#8243; img_size=&#8221;medium&#8221; style=&#8221;img-frame-large&#8221;][\/vc_column][vc_column width=&#8221;2\/3&#8243;][vc_empty_space height=&#8221;25px&#8221;][vc_column_text]\n<h1>Beste ayurvedische \u00c4rztin in Kerala, Indien<\/h1>\n<p>Dr. Maya Gopinath ist eine angesehene Ayurveda-\u00c4rztin aus der Dharma-Familie, die \u00fcber umfangreiche nationale und internationale Erfahrung verf\u00fcgt. Sie schloss ihr Studium am Govt Ayurveda College Thripunithura mit Auszeichnung ab und arbeitete 3 Jahre lang im Kottakal Arya Vaidyasala und 2 Jahre lang im Santhigiri Ayurveda Sidhha Hospital, bevor sie ihre herausragende Karriere bei Dharma Ayurveda begann.<br \/>\nSie verfeinerte ihre F\u00e4higkeiten unter der direkten Anleitung von Dr. Bahuleyan und arbeitete sp\u00e4ter \u00fcber 10 Jahre lang als Senior Consultant bei Ayurmana Kuwait. Dr. Maya ist zertifizierte Marma-Spezialistin, hat einen Master in Beratung und Familientherapie (MSCCFT) und ist professionell ausgebildet in Energie-Heiltechniken und Matrix-Rhythmus-Therapie aus Deutschland. Sie gilt weithin als die beste ayurvedische \u00c4rztin in Trivandrum Kerala Indien.[\/vc_column_text][\/vc_column][\/vc_row]\n","protected":false},"excerpt":{"rendered":"<p>[vc_row][vc_column width=&#8221;1\/3&#8243;][vc_column_text] Dr. Maya Gopinath [\/vc_column_text][vc_single_image image=&#8221;2785&#8243; img_size=&#8221;medium&#8221; style=&#8221;img-frame-large&#8221;][\/vc_column][vc_column width=&#8221;2\/3&#8243;][vc_empty_space [&hellip;]<\/p>\n","protected":false},"author":1,"featured_media":0,"parent":0,"menu_order":0,"comment_status":"closed","ping_status":"closed","template":"","meta":{"_monsterinsights_skip_tracking":false,"_monsterinsights_sitenote_active":false,"_monsterinsights_sitenote_note":"","_monsterinsights_sitenote_category":0,"_joinchat":[],"footnotes":""},"class_list":["post-4721","page","type-page","status-publish","hentry"],"_links":{"self":[{"href":"https:\/\/ayurmana.in\/de\/wp-json\/wp\/v2\/pages\/4721","targetHints":{"allow":["GET"]}}],"collection":[{"href":"https:\/\/ayurmana.in\/de\/wp-json\/wp\/v2\/pages"}],"about":[{"href":"https:\/\/ayurmana.in\/de\/wp-json\/wp\/v2\/types\/page"}],"author":[{"embeddable":true,"href":"https:\/\/ayurmana.in\/de\/wp-json\/wp\/v2\/users\/1"}],"replies":[{"embeddable":true,"href":"https:\/\/ayurmana.in\/de\/wp-json\/wp\/v2\/comments?post=4721"}],"version-history":[{"count":0,"href":"https:\/\/ayurmana.in\/de\/wp-json\/wp\/v2\/pages\/4721\/revisions"}],"wp:attachment":[{"href":"https:\/\/ayurmana.in\/de\/wp-json\/wp\/v2\/media?parent=4721"}],"curies":[{"name":"wp","href":"https:\/\/api.w.org\/{rel}","templated":true}]}}