{"id":4753,"date":"2020-05-21T08:42:10","date_gmt":"2020-05-21T03:12:10","guid":{"rendered":"https:\/\/www.ayurmana.in\/ayurvedische-behandlung-fuer-knieschmerzen\/"},"modified":"2025-09-18T11:15:42","modified_gmt":"2025-09-18T05:45:42","slug":"ayurvedische-behandlung-fuer-knieschmerzen","status":"publish","type":"page","link":"https:\/\/ayurmana.in\/de\/ayurvedische-behandlung-fuer-knieschmerzen\/","title":{"rendered":"Ayurvedische-Behandlung-f\u00fcr-Knieschmerzen"},"content":{"rendered":"[vc_row curly_padding=&#8221;content-padding-none&#8221;][vc_column width=&#8221;2\/3&#8243; curly_padding=&#8221;content-padding-xs&#8221;][vc_column_text]\n<h1>Ayurvedische Behandlung f\u00fcr Knieschmerzen in Kerala<\/h1>\n[\/vc_column_text][vc_single_image image=&#8221;2802&#8243; img_size=&#8221;full&#8221;][\/vc_column][vc_column width=&#8221;1\/3&#8243; curly_padding=&#8221;content-padding-xs&#8221; offset=&#8221;vc_hidden-xs&#8221;][vc_empty_space height=&#8221;45px&#8221;][vc_column_text]\n<h4>TESTIMONIALS<\/h4>\n<p><em>Ich litt unter starken Knieschmerzen und Schwellungen. Es wurde Arthrose diagnostiziert, und ich habe fast 6 Monate lang Physiotherapie und Behandlungen gemacht, ohne dass es zu einer Linderung kam. Dann ging ich zu AyurMana, wo man mir eine Arthroskopie empfahl, bei der ein Teilriss des Kreuzbandes festgestellt wurde. Sie setzten einen speziellen, abgestuften Behandlungsplan um, und nach 3 Monaten bin ich nun wieder normal und kann ohne Schmerzen gehen.<\/em>[\/vc_column_text][vc_column_text]\n<p style=\"text-align: right;\"><strong>Sam Thomas, Bengaluru<\/strong><\/p>\n[\/vc_column_text][\/vc_column][\/vc_row][vc_row curly_padding=&#8221;content-padding-none&#8221;][vc_column width=&#8221;2\/3&#8243;][vc_column_text]Das Knie ist ein komplexes lasttragendes Gelenk, das aus verschiedenen Muskeln, B\u00e4ndern, Sehnen, Meniskus, Gelenkknorpel und Kniescheibe besteht. Daher ist sie anf\u00e4llig f\u00fcr eine Vielzahl von Verletzungen und Krankheiten.<\/p>\n<p>Millionen von Menschen leiden jeden Tag unter Knieschmerzen. Die Pr\u00e4valenz liegt bei M\u00e4nnern bei \u00fcber 15 % und bei Frauen bei etwa 20 % der Gesamtbev\u00f6lkerung. Die h\u00e4ufigsten Ursachen sind Chondromalazie der Kniescheibe, B\u00e4nderzerrungen, Meniskusrisse und Sehnenentz\u00fcndungen. Einfache Gr\u00fcnde wie ein Umknicken, ein Fehltritt oder eine Zerrung bei einer k\u00f6rperlichen Aktivit\u00e4t k\u00f6nnen eine Verletzung verursachen. Sie kann aber auch durch andere Ursachen als Verletzungen hervorgerufen werden, wie Schleimbeutelentz\u00fcndung, Zyste, Gicht, Autoimmunerkrankungen wie bei rheumatoider Arthritis oder allm\u00e4hliche Abnutzung wie bei Osteoarthritis.<\/p>\n<p>Die Behandlung von Knieschmerzen ist von Fall zu Fall unterschiedlich und h\u00e4ngt von der jeweiligen Ursache ab. Wenn sie nicht richtig diagnostiziert und behandelt wird, kann es mehrere Jahre dauern, bis sie geheilt ist.<\/p>\n<p>AyurMana ist ein spezialisiertes Zentrum f\u00fcr ayurvedische Behandlung von Knieschmerzen in Trivandrum, Kerala Indien. Seit Jahren helfen wir Menschen, dauerhafte Heilung und eine h\u00f6here Lebensqualit\u00e4t zu finden. Unabh\u00e4ngig davon, wie Sie zu Ihren Knieschmerzen gekommen sind, k\u00f6nnen wir Ihnen helfen, ein aktiveres Leben mit weit weniger Schmerzen zu f\u00fchren. Bevor Sie sich also f\u00fcr eine Operation entscheiden oder zu Schmerztabletten greifen, sollten Sie einen Ayurmana-Arzt aufsuchen, um herauszufinden, ob Ayurveda die Antwort ist, nach der Sie suchen.[\/vc_column_text][\/vc_column][vc_column width=&#8221;1\/3&#8243; curly_padding=&#8221;content-padding-none&#8221; el_class=&#8221;rr-menu&#8221; offset=&#8221;vc_hidden-xs&#8221;][vc_column_text]\n<h4>Schnelle Links<\/h4>\n<ul>\n<li><a href=\"https:\/\/ayurmana.in\/de\/zimmer-und-suiten\/\">Zimmer &amp; Suiten<\/a><br \/>\n<hr \/>\n<\/li>\n<li><a href=\"https:\/\/ayurmana.in\/de\/ayurveda-pakete-kerala\/\">Unsere Pakete<\/a><br \/>\n<hr \/>\n<\/li>\n<li><a href=\"https:\/\/ayurmana.in\/de\/zimmerreservierung\/\">Zimmerreservierung<\/a><br \/>\n<hr \/>\n<\/li>\n<li><a href=\"https:\/\/ayurmana.in\/de\/faq\/\">FAQ<\/a><\/li>\n<\/ul>\n[\/vc_column_text][\/vc_column][\/vc_row][vc_row][vc_column width=&#8221;2\/3&#8243;][\/vc_column][vc_column width=&#8221;1\/3&#8243; offset=&#8221;vc_hidden-lg vc_hidden-md vc_hidden-sm&#8221;][vc_empty_space height=&#8221;115px&#8221;][vc_column_text]\n<h4>TESTIMONIALS<\/h4>\n<p><em>Ich litt unter starken Knieschmerzen und Schwellungen. Es wurde Arthrose diagnostiziert, und ich nahm fast 6 Monate lang Physiotherapie und Behandlungen bei verschiedenen \u00c4rzten in Anspruch, ohne dass eine Besserung eintrat. Dann ging ich zu AyurMana, wo man mir eine Arthroskopie empfahl, bei der ein Teilriss des Kreuzbandes festgestellt wurde. Sie setzten einen speziellen, abgestuften Behandlungsplan um, und nach 3 Monaten bin ich nun wieder normal und kann ohne Schmerzen gehen.<\/em>[\/vc_column_text][vc_column_text]\n<p style=\"text-align: right;\"><strong>Sam Thomas, Bengaluru<\/strong><\/p>\n[\/vc_column_text][vc_column_text]<em>Seit einigen Jahren war der Harns\u00e4uregehalt in meinem Blut hoch, und seit kurzem habe ich Schmerzen in den gro\u00dfen Zehen und im Knie. Eine 3-w\u00f6chige Ayurveda-Behandlung bei AyurMana brachte gro\u00dfartige Ergebnisse. Meine Symptome sind alle verschwunden, und die Harns\u00e4ure ist auf einen normalen Wert gesunken.<\/em>[\/vc_column_text][vc_column_text]\n<p style=\"text-align: right;\"><strong>Sukriti, Odisha<\/strong><\/p>\n[\/vc_column_text][vc_column_text el_class=&#8221;rr-menu&#8221;]\n<h4>Schnelle Links<\/h4>\n<ul>\n<li><a href=\"https:\/\/ayurmana.in\/de\/zimmer-und-suiten\/\">Zimmer &amp; Suiten<\/a><br \/>\n<hr \/>\n<\/li>\n<li><a href=\"https:\/\/ayurmana.in\/de\/ayurveda-pakete-kerala\/\">Unsere Pakete<\/a><br \/>\n<hr \/>\n<\/li>\n<li><a href=\"https:\/\/ayurmana.in\/de\/zimmerreservierung\/\">Zimmerreservierung<\/a><br \/>\n<hr \/>\n<\/li>\n<li><a href=\"https:\/\/ayurmana.in\/de\/faq\/\">FAQ<\/a><\/li>\n<\/ul>\n[\/vc_column_text][\/vc_column][\/vc_row]\n","protected":false},"excerpt":{"rendered":"<p>[vc_row curly_padding=&#8221;content-padding-none&#8221;][vc_column width=&#8221;2\/3&#8243; curly_padding=&#8221;content-padding-xs&#8221;][vc_column_text] Ayurvedische Behandlung f\u00fcr Knieschmerzen in Kerala [&hellip;]<\/p>\n","protected":false},"author":1,"featured_media":0,"parent":0,"menu_order":0,"comment_status":"closed","ping_status":"closed","template":"","meta":{"_monsterinsights_skip_tracking":false,"_monsterinsights_sitenote_active":false,"_monsterinsights_sitenote_note":"","_monsterinsights_sitenote_category":0,"_joinchat":[],"footnotes":""},"class_list":["post-4753","page","type-page","status-publish","hentry"],"_links":{"self":[{"href":"https:\/\/ayurmana.in\/de\/wp-json\/wp\/v2\/pages\/4753","targetHints":{"allow":["GET"]}}],"collection":[{"href":"https:\/\/ayurmana.in\/de\/wp-json\/wp\/v2\/pages"}],"about":[{"href":"https:\/\/ayurmana.in\/de\/wp-json\/wp\/v2\/types\/page"}],"author":[{"embeddable":true,"href":"https:\/\/ayurmana.in\/de\/wp-json\/wp\/v2\/users\/1"}],"replies":[{"embeddable":true,"href":"https:\/\/ayurmana.in\/de\/wp-json\/wp\/v2\/comments?post=4753"}],"version-history":[{"count":0,"href":"https:\/\/ayurmana.in\/de\/wp-json\/wp\/v2\/pages\/4753\/revisions"}],"wp:attachment":[{"href":"https:\/\/ayurmana.in\/de\/wp-json\/wp\/v2\/media?parent=4753"}],"curies":[{"name":"wp","href":"https:\/\/api.w.org\/{rel}","templated":true}]}}