{"id":4774,"date":"2020-05-21T08:40:42","date_gmt":"2020-05-21T03:10:42","guid":{"rendered":"https:\/\/www.ayurmana.in\/panchakarma-behandlung-kerala-indien\/"},"modified":"2023-10-18T14:46:07","modified_gmt":"2023-10-18T09:16:07","slug":"panchakarma-behandlung-kerala-indien","status":"publish","type":"page","link":"https:\/\/ayurmana.in\/de\/panchakarma-behandlung-kerala-indien\/","title":{"rendered":"Panchakarma-Behandlung-Kerala-Indien."},"content":{"rendered":"[vc_row curly_padding=&#8221;content-padding-xs&#8221;][vc_column width=&#8221;2\/3&#8243; curly_padding=&#8221;content-padding-xs&#8221;][vc_column_text]\n<h1>Beste Panchakarma Behandlung in Kerala Indien<\/h1>\n[\/vc_column_text][vc_single_image image=&#8221;2803&#8243; img_size=&#8221;full&#8221;][\/vc_column][vc_column width=&#8221;1\/3&#8243; offset=&#8221;vc_hidden-xs&#8221;][vc_empty_space height=&#8221;75px&#8221;][vc_column_text]\n<h4>TESTIMONIALS<\/h4>\n<p><em>Als ich zur Behandlung kam, bekam ich 80 Einheiten Insulin pro Tag. Jetzt bin ich insulinfrei und mein Blutzuckerspiegel ist wieder im normalen Bereich.<\/em>[\/vc_column_text][vc_column_text]\n<p style=\"text-align: right;\"><strong>Reno Greve, Norwegen<\/strong><\/p>\n[\/vc_column_text][vc_column_text]<em>Ich nahm Insulin und zwei andere Medikamente gegen Diabetes. Die ayurvedische Behandlung brachte gro\u00dfartige Ergebnisse. Ich habe das Insulin, das orale Hypoglyk\u00e4mikum und die Tabletten abgesetzt, und trotzdem ist mein Zucker normal.<\/em>[\/vc_column_text][vc_column_text]\n<p style=\"text-align: right;\"><strong>Sweta Tivari, Indien<\/strong><\/p>\n[\/vc_column_text][\/vc_column][\/vc_row][vc_row curly_padding=&#8221;content-padding-xs&#8221;][vc_column width=&#8221;2\/3&#8243;][vc_column_text]Panchakarma ist ein intensives ayurvedisches Entgiftungsprogramm, das darauf abzielt, die \u00dcberlastung des K\u00f6rpers mit Giftstoffen zu reduzieren, die sich im Laufe der Jahrzehnte durch Umweltverschmutzung, kontaminierte oder chemisch verarbeitete Lebensmittel, Medikamente, Chemikalien und Pestizide, Rauchen usw. angesammelt haben k\u00f6nnten.<\/p>\n<p>Wenn die toxische \u00dcberlastung abgebaut ist, k\u00f6nnen die k\u00f6rpereigenen Prozesse, einschlie\u00dflich des Immunsystems und des Stoffwechsels, ihr wahres Potenzial entfalten, was zu Heilung und einer h\u00f6heren Qualit\u00e4t von Gesundheit und Wohlbefinden f\u00fchrt.<\/p>\n<h3>Was sind die Panchakarma-Behandlungen?<\/h3>\n<p>Giftstoffe, die in den K\u00f6rper gelangen, k\u00f6nnen sehr gef\u00e4hrlich werden und die wichtigsten Organe angreifen. Daher entzieht der K\u00f6rper sie dem Kreislauf und versucht, sie auszuscheiden oder sie tief in das Gewebe zu verlagern, z. B. in das Fettgewebe. Wenn sich jedoch die angesammelten Giftstoffe im Gewebe h\u00e4ufen, beginnen die biologischen und physisch-chemischen Prozesse im K\u00f6rper zu st\u00f6ren, was zu verschiedenen k\u00f6rperlichen und geistigen Krankheiten f\u00fchrt.<\/p>\n<p>W\u00e4hrend eines Panchakarma-Programms werden diese Giftstoffe in die Ausscheidungskan\u00e4le zur\u00fcckgef\u00fchrt und durch die f\u00fcnf Reinigungsprozesse Vamana (induziertes Erbrechen), Virechana (Sp\u00fclung), Nasya (Nasensp\u00fclung), Vasthi (medizinischer Einlauf) und Raktamoksha [Expelling Impure blood from an affected site] ausgeschieden.<\/p>\n<h3>Wie lange dauert eine Panchakarma-Behandlung?<\/h3>\n<p>Eine richtige und wirksame Panchakarma-Kur umfasst 3 Phasen.<\/p>\n<p>Die erste ist die Vorbereitungsphase. In dieser ersten Phase m\u00fcssen wir ein spezifisches medikament\u00f6ses Pr\u00e4parat einnehmen, um den K\u00f6rper dazu zu bringen, die Giftstoffe aus den Orten freizusetzen, an denen sie diffus gespeichert sind, damit sie in der zweiten Phase ausgeschieden werden k\u00f6nnen. Dieses Medikament wird in t\u00e4glich steigender Dosierung verabreicht, bis es das Gewebe erreicht und die Giftstoffe wieder in den K\u00f6rper abgibt. Wenn dies der Fall ist, zeigen Sie typische Anzeichen einer Vergiftung, und dann beginnt die n\u00e4chste Phase.<\/p>\n<p>Die zweite Phase ist die Reinigungsphase. Dies ist die Entgiftungsphase, die die f\u00fcnf [pancha] Entgiftungsverfahren [karmas] umfasst. Diese sind induziertes Erbrechen, Purgation, Nasensp\u00fclung, medizinischer Einlauf und Aderlass. Wie viele Tage und wie oft eine Therapie wiederholt werden muss, wird von einem erfahrenen und kompetenten Arzt entschieden. Auch muss nicht jeder alle f\u00fcnf Verfahren in Anspruch nehmen. Sie wird ebenfalls vom Arzt nach eingehender Untersuchung festgelegt.<\/p>\n<p>Die dritte und letzte Phase ist die Erholungsphase. In dieser Phase geht es darum, den K\u00f6rper zu heilen und in seinen nat\u00fcrlichen Rhythmus zu bringen. N\u00e4hrende pflanzliche Nahrungserg\u00e4nzungsmittel und ayurvedische Bio-Lebensmittel beleben, erfrischen und verj\u00fcngen Geist und K\u00f6rper mit einem neuen Schub an Lebensenergie.<\/p>\n<p>W\u00e4hrend all dieser 3 Phasen des Retreats k\u00f6nnen Sie verschiedene \u00d6lmassagen und andere ayurvedische Behandlungen in Anspruch nehmen. T\u00e4glich gibt es Sprechstunden mit den \u00c4rzten sowie Ayurveda-Yoga und Meditation.<\/p>\n<p>Ein vollst\u00e4ndiges klassisches Panchakarma-Programm kann nicht in weniger als 42 Tagen abgeschlossen werden. Dies wird vor allem Patienten empfohlen, die an chronischen und resistenten Krankheiten leiden<\/p>\n<p>Jedoch kann eine normale gesunde Person, die eine traditionelle ayurvedische Behandlungserfahrung einschlie\u00dflich Entgiftung f\u00fcr Wellness plant, eine 3-w\u00f6chige spezielle Panchakarma-Kur zu erschwinglichen Kosten in Kerala machen. W\u00e4hrend dieses Programms werden Sie auch in einen gesunden Lebensstil eingef\u00fchrt, einschlie\u00dflich Yoga- und Meditations\u00fcbungen, die Sie zu Hause fortsetzen k\u00f6nnen.<\/p>\n<h3>Hat Panchakarma Nebenwirkungen?<\/h3>\n<p>Nun, die Antwort lautet Ja und Nein. In der ersten Phase, wenn die Giftstoffe wieder in das System freigesetzt werden, von wo aus sie diffus in Ihrem K\u00f6rper gespeichert wurden, werden Sie sich krank f\u00fchlen, als ob Sie vergiftet w\u00e4ren. Sie erhalten t\u00e4glich Entgiftungsmedikamente in steigender Dosierung, bis dies geschieht. Sie k\u00f6nnen \u00dcbelkeit, Fieber, M\u00fcdigkeit, Unwohlsein, Kopfschmerzen, Verstopfung, allgemeines Unwohlsein usw. versp\u00fcren. Das sind eigentlich keine Nebenwirkungen. Dies sind in der Tat erwartete Effekte in diesem Behandlungsprozess und ein Zeichen daf\u00fcr, dass Giftstoffe freigesetzt werden. Sobald diese Gifte durch die Pancha Karmas ausgeschieden sind, f\u00fchlen Sie sich so viel leichter, freudiger und energiegeladener.[\/vc_column_text][\/vc_column][vc_column width=&#8221;1\/3&#8243; offset=&#8221;vc_hidden-xs&#8221;][vc_column_text el_class=&#8221;rr-menu&#8221;]\n<h4>Schnelle Links<\/h4>\n<ul>\n<li><a href=\"https:\/\/ayurmana.in\/de\/zimmer-und-suiten\/\">Zimmer &amp; Suiten<\/a><br \/>\n<hr \/>\n<\/li>\n<li><a href=\"https:\/\/ayurmana.in\/de\/ayurveda-pakete-kerala\/\">Unsere Pakete<\/a><br \/>\n<hr \/>\n<\/li>\n<li><a href=\"https:\/\/ayurmana.in\/de\/zimmerreservierung\/\">Zimmerreservierung<\/a><br \/>\n<hr \/>\n<\/li>\n<li><a href=\"https:\/\/ayurmana.in\/de\/faq\/\">FAQ<\/a><\/li>\n<\/ul>\n[\/vc_column_text][\/vc_column][\/vc_row][vc_row][vc_column width=&#8221;2\/3&#8243;][\/vc_column][vc_column width=&#8221;1\/3&#8243; offset=&#8221;vc_hidden-lg vc_hidden-md vc_hidden-sm&#8221;][vc_empty_space height=&#8221;115px&#8221;][vc_column_text]\n<h4>TESTIMONIALS<\/h4>\n<p><em>Als ich zur Behandlung kam, bekam ich 80 Einheiten Insulin pro Tag. Jetzt bin ich insulinfrei und mein Blutzuckerspiegel ist wieder im normalen Bereich.<\/em>[\/vc_column_text][vc_column_text]\n<p style=\"text-align: right;\"><strong>Reno Greve, Norwegen<\/strong><\/p>\n[\/vc_column_text][vc_column_text]<em>Ich nahm Insulin und zwei andere Medikamente gegen Diabetes. Die ayurvedische Behandlung brachte gro\u00dfartige Ergebnisse. Ich habe das Insulin, das orale Hypoglyk\u00e4mikum und die Tabletten abgesetzt, und trotzdem ist mein Zucker normal.<\/em>[\/vc_column_text][vc_column_text]\n<p style=\"text-align: right;\"><strong>Sweta Tivari, Indien<\/strong><\/p>\n[\/vc_column_text][vc_column_text el_class=&#8221;rr-menu&#8221;]\n<h4>Schnelle Links<\/h4>\n<ul>\n<li><a href=\"https:\/\/ayurmana.in\/de\/zimmer-und-suiten\/\">Zimmer &amp; Suiten<\/a><br \/>\n<hr \/>\n<\/li>\n<li><a href=\"https:\/\/ayurmana.in\/de\/ayurveda-pakete-kerala\/\">Unsere Pakete<\/a><br \/>\n<hr \/>\n<\/li>\n<li><a href=\"https:\/\/ayurmana.in\/de\/zimmerreservierung\/\">Zimmerreservierung<\/a><br \/>\n<hr \/>\n<\/li>\n<li><a href=\"https:\/\/ayurmana.in\/de\/faq\/\">FAQ<\/a><\/li>\n<\/ul>\n[\/vc_column_text][\/vc_column][\/vc_row]\n","protected":false},"excerpt":{"rendered":"<p>[vc_row curly_padding=&#8221;content-padding-xs&#8221;][vc_column width=&#8221;2\/3&#8243; curly_padding=&#8221;content-padding-xs&#8221;][vc_column_text] Beste Panchakarma Behandlung in Kerala Indien [&hellip;]<\/p>\n","protected":false},"author":1,"featured_media":0,"parent":0,"menu_order":0,"comment_status":"closed","ping_status":"closed","template":"","meta":{"_monsterinsights_skip_tracking":false,"_monsterinsights_sitenote_active":false,"_monsterinsights_sitenote_note":"","_monsterinsights_sitenote_category":0,"_joinchat":[],"footnotes":""},"class_list":["post-4774","page","type-page","status-publish","hentry"],"_links":{"self":[{"href":"https:\/\/ayurmana.in\/de\/wp-json\/wp\/v2\/pages\/4774","targetHints":{"allow":["GET"]}}],"collection":[{"href":"https:\/\/ayurmana.in\/de\/wp-json\/wp\/v2\/pages"}],"about":[{"href":"https:\/\/ayurmana.in\/de\/wp-json\/wp\/v2\/types\/page"}],"author":[{"embeddable":true,"href":"https:\/\/ayurmana.in\/de\/wp-json\/wp\/v2\/users\/1"}],"replies":[{"embeddable":true,"href":"https:\/\/ayurmana.in\/de\/wp-json\/wp\/v2\/comments?post=4774"}],"version-history":[{"count":0,"href":"https:\/\/ayurmana.in\/de\/wp-json\/wp\/v2\/pages\/4774\/revisions"}],"wp:attachment":[{"href":"https:\/\/ayurmana.in\/de\/wp-json\/wp\/v2\/media?parent=4774"}],"curies":[{"name":"wp","href":"https:\/\/api.w.org\/{rel}","templated":true}]}}