{"id":4797,"date":"2019-12-16T23:06:06","date_gmt":"2019-12-16T17:36:06","guid":{"rendered":"https:\/\/www.ayurmana.in\/rechtlicher-hinweis\/"},"modified":"2023-10-18T15:13:30","modified_gmt":"2023-10-18T09:43:30","slug":"rechtlicher-hinweis","status":"publish","type":"page","link":"https:\/\/ayurmana.in\/de\/rechtlicher-hinweis\/","title":{"rendered":"Rechtlicher Hinweis"},"content":{"rendered":"[vc_row][vc_column width=&#8221;1\/6&#8243;][\/vc_column][vc_column width=&#8221;2\/3&#8243;][vc_column_text]\n<h4>RECHTLICHER HINWEIS<\/h4>\n[\/vc_column_text][vc_column_text]\n<h4>Hinweis zu Markenzeichen und Copyright<\/h4>\n[\/vc_column_text][vc_column_text]Dharma Ayurveda hat die ausschlie\u00dflichen Rechte an den Logos &#8220;Dharma Ayurveda&#8221; und &#8220;Ayurmana&#8221; in ihrer stilisierten Schriftart und dem &#8220;Budhha&#8221;-Zeichen. Diese Marken sind nach nationalem und internationalem Recht vor Vervielf\u00e4ltigung und Nachahmung gesch\u00fctzt und d\u00fcrfen ohne die ausdr\u00fcckliche vorherige schriftliche Genehmigung von Dharma Ayurveda nicht reproduziert, kopiert oder anderweitig verwendet werden. Marken, die nicht im Besitz von Dharma Ayurveda sind und auf dieser Website erw\u00e4hnt werden, sind das Eigentum ihrer jeweiligen Besitzer.[\/vc_column_text][vc_column_text]Der Inhalt dieser Website, einschlie\u00dflich der Informationen, Texte, Bilder, T\u00f6ne, Grafiken, Links und aller anderen Software und Informationen, die auf dieser Website ver\u00f6ffentlicht oder anderweitig enthalten sind, ist Eigentum von Dharma Ayurveda oder wurde an Dharma Ayurveda lizenziert. Unerlaubtes Kopieren, Vervielf\u00e4ltigen, Verbreiten, Anzeigen, \u00dcbertragen und Verwenden von Inhalten mit jeglichen Mitteln, sei es elektronisch, mechanisch, durch Fotokopieren, Aufzeichnen oder auf andere Weise, ohne die ausdr\u00fcckliche vorherige schriftliche Genehmigung von Dharma Ayurveda, kann zu einer Verletzung der Rechte des geistigen Eigentums der jeweiligen Eigent\u00fcmer f\u00fchren, die entsprechende Ma\u00dfnahmen gegen solche Verletzer einleiten k\u00f6nnen. Urheberrecht \u00a9 2020 Dharma Ayurveda. Alle Rechte vorbehalten.[\/vc_column_text][vc_column_text]\n<h4>Haftungsausschluss<\/h4>\n[\/vc_column_text][vc_column_text]Die Informationen auf dieser Website wurden nach bestem Wissen und Gewissen zusammengestellt und dienen lediglich der Information. Sie sollten nicht f\u00fcr einen bestimmten Zweck herangezogen werden, und es wird keine Zusicherung oder Gew\u00e4hrleistung hinsichtlich ihrer Richtigkeit oder Vollst\u00e4ndigkeit gegeben. Keine Information auf dieser Website stellt eine Aufforderung dar, eine Beziehung mit Dharma Ayurveda oder einem seiner Mitarbeiter und Vertreter einzugehen. Weder Dharma Ayurveda noch seine Mitarbeiter oder Vertreter haften f\u00fcr Verluste, Sch\u00e4den oder Kosten, die sich aus dem Zugang zu oder der Nutzung dieser Website oder einer mit ihr verlinkten Website ergeben, einschlie\u00dflich, aber nicht beschr\u00e4nkt auf entgangenen Gewinn, indirekte, zuf\u00e4llige oder Folgesch\u00e4den.[\/vc_column_text][\/vc_column][vc_column width=&#8221;1\/6&#8243;][\/vc_column][\/vc_row]\n","protected":false},"excerpt":{"rendered":"<p>[vc_row][vc_column width=&#8221;1\/6&#8243;][\/vc_column][vc_column width=&#8221;2\/3&#8243;][vc_column_text] RECHTLICHER HINWEIS [\/vc_column_text][vc_column_text] Hinweis zu Markenzeichen und [&hellip;]<\/p>\n","protected":false},"author":1,"featured_media":0,"parent":0,"menu_order":0,"comment_status":"closed","ping_status":"closed","template":"","meta":{"_monsterinsights_skip_tracking":false,"_monsterinsights_sitenote_active":false,"_monsterinsights_sitenote_note":"","_monsterinsights_sitenote_category":0,"_joinchat":[],"footnotes":""},"class_list":["post-4797","page","type-page","status-publish","hentry"],"_links":{"self":[{"href":"https:\/\/ayurmana.in\/de\/wp-json\/wp\/v2\/pages\/4797","targetHints":{"allow":["GET"]}}],"collection":[{"href":"https:\/\/ayurmana.in\/de\/wp-json\/wp\/v2\/pages"}],"about":[{"href":"https:\/\/ayurmana.in\/de\/wp-json\/wp\/v2\/types\/page"}],"author":[{"embeddable":true,"href":"https:\/\/ayurmana.in\/de\/wp-json\/wp\/v2\/users\/1"}],"replies":[{"embeddable":true,"href":"https:\/\/ayurmana.in\/de\/wp-json\/wp\/v2\/comments?post=4797"}],"version-history":[{"count":0,"href":"https:\/\/ayurmana.in\/de\/wp-json\/wp\/v2\/pages\/4797\/revisions"}],"wp:attachment":[{"href":"https:\/\/ayurmana.in\/de\/wp-json\/wp\/v2\/media?parent=4797"}],"curies":[{"name":"wp","href":"https:\/\/api.w.org\/{rel}","templated":true}]}}