{"id":4801,"date":"2019-11-22T14:39:27","date_gmt":"2019-11-22T09:09:27","guid":{"rendered":"https:\/\/www.ayurmana.in\/migraene\/"},"modified":"2023-10-18T15:13:29","modified_gmt":"2023-10-18T09:43:29","slug":"migraene","status":"publish","type":"page","link":"https:\/\/ayurmana.in\/de\/migraene\/","title":{"rendered":"Migr\u00e4ne"},"content":{"rendered":"[vc_row css=&#8221;.vc_custom_1577698011775{padding-bottom: 6px !important;}&#8221;][vc_column width=&#8221;2\/3&#8243; css=&#8221;.vc_custom_1577698021750{padding-bottom: 6px !important;}&#8221;][vc_column_text]\n<h1>Heilen Sie Ihre Migr\u00e4ne mit ayurvedischer Behandlung<\/h1>\n[\/vc_column_text][vc_single_image image=&#8221;172&#8243; img_size=&#8221;large&#8221;][vc_column_text]\n<h3>Freiheit von Migr\u00e4ne und chronischen Kopfschmerzen<br \/>Lassen Sie Ihr Leben nicht durch Migr\u00e4ne entgleisen<\/h3>\n[\/vc_column_text][\/vc_column][vc_column width=&#8221;1\/3&#8243; offset=&#8221;vc_hidden-xs&#8221;][vc_empty_space height=&#8221;115px&#8221;][vc_column_text]\n<h4>TESTIMONIALS<\/h4>\n<p><em>Fr\u00fcher litt ich unter starken Kopfschmerzen, gefolgt von \u00dcbelkeit und Erbrechen. Ich habe jede verf\u00fcgbare Behandlung ohne Erfolg ausprobiert, bis ich durch Ayurveda geheilt wurde. Ich w\u00fcrde jedem, der unter Migr\u00e4ne leidet, empfehlen, Ayurveda auszuprobieren.<\/em>[\/vc_column_text][vc_column_text]\n<p style=\"text-align: right;\"><strong>Elita Galarneau, Frankreich<\/strong><\/p>\n[\/vc_column_text][\/vc_column][\/vc_row][vc_row css=&#8221;.vc_custom_1577698043365{padding-top: 6px !important;padding-bottom: 6px !important;}&#8221;][vc_column width=&#8221;2\/3&#8243;][vc_column_text]<!-- \/wp:post-content --><\/p>\n<p><!-- wp:paragraph -->Migr\u00e4nekopfschmerzen geh\u00f6ren zu den st\u00e4rksten Schmerzen, die manchmal sogar mit Wehenschmerzen vergleichbar sind. Die Kopfschmerzen verursachen ein intensives pochendes oder pulsierendes Gef\u00fchl in einem Bereich des Kopfes und werden oft von \u00dcbelkeit, Erbrechen und extremer Empfindlichkeit gegen\u00fcber Licht, Ger\u00e4uschen oder Ger\u00fcchen begleitet. Die Schmerzen werden in der Regel durch k\u00f6rperliche Aktivit\u00e4t verschlimmert, w\u00e4hrend es sich besser anf\u00fchlen kann, wenn man sich an einem dunklen, ruhigen Ort hinlegt.<\/p>\n<p>Die Kopfschmerzen k\u00f6nnen stunden- bis tagelang anhalten und werden oft von sensorischen Warnsymptomen (Aura) begleitet, wie Lichtblitzen, blinden Flecken oder Kribbeln in Arm oder Bein.<\/p>\n<p>Genetische, soziale und umweltbedingte Faktoren, hormonelle und chemische Ungleichgewichte im K\u00f6rper, Nahrungsmittelallergien, Medikamente, Stress usw. k\u00f6nnen alle zu Migr\u00e4ne beitragen.<\/p>\n<p>In ayurvedischen Schriften, die auf das Jahr 1500 v. Chr. zur\u00fcckgehen, werden die Migr\u00e4ne und ihre verschiedenen Formen ausf\u00fchrlich beschrieben, was darauf hindeutet, dass sie auch damals schon recht h\u00e4ufig vorkam. Auch die Behandlung und das Management der Erkrankungen werden sehr ausf\u00fchrlich erl\u00e4utert.<\/p>\n<p>Nach unserer Erfahrung bei der Behandlung von Migr\u00e4ne sind F\u00e4lle, die seit \u00fcber 25 Jahren leiden, durch diese bew\u00e4hrten ayurvedischen Behandlungen geheilt worden.<\/p>\n[\/vc_column_text][\/vc_column][vc_column width=&#8221;1\/3&#8243; offset=&#8221;vc_hidden-xs&#8221;][vc_column_text el_class=&#8221;rr-menu&#8221;]\n<h4>Schnelle Links<\/h4>\n<ul>\n<li><a href=\"https:\/\/ayurmana.in\/de\/zimmer-und-suiten\/\">Zimmer &amp; Suiten<\/a><br \/>\n<hr>\n<\/li>\n<li><a href=\"https:\/\/ayurmana.in\/de\/ayurveda-pakete-kerala\/\">Unsere Pakete<\/a><br \/>\n<hr>\n<\/li>\n<li><a href=\"https:\/\/ayurmana.in\/de\/zimmerreservierung\/\">Zimmerreservierung<\/a><br \/>\n<hr>\n<\/li>\n<li><a href=\"https:\/\/ayurmana.in\/de\/faq\/\">FAQ<\/a><\/li>\n<\/ul>\n[\/vc_column_text][\/vc_column][\/vc_row][vc_row css=&#8221;.vc_custom_1577041001827{padding-top: 6px !important;}&#8221;][vc_column width=&#8221;1\/2&#8243;][vc_message message_box_color=&#8221;mulled_wine&#8221;]\n<p><strong>H\u00e4ufige Ursachen<\/strong><\/p>\n[\/vc_message][vc_column_text]\n<ul>\n<li>Schmerzen auf einer oder beiden Seiten des Kopfes<\/li>\n<li>Der Schmerz hat eine pulsierende, pochende Qualit\u00e4t<\/li>\n<li>Empfindlichkeit gegen\u00fcber Licht, Ger\u00e4uschen und manchmal auch Ger\u00fcchen<\/li>\n<li>Verschwommenes Sehen<\/li>\n<li>\u00dcbelkeit und Erbrechen<\/li>\n<li>Benommenheit, manchmal gefolgt von Ohnmacht<\/li>\n<\/ul>\n[\/vc_column_text][\/vc_column][vc_column width=&#8221;1\/2&#8243;][vc_message message_box_color=&#8221;mulled_wine&#8221;]\n<p><strong>Was k\u00f6nnen Sie von unserem Programm erwarten?<\/strong><\/p>\n[\/vc_message][vc_column_text]\n<ul>\n<li>Verringerung der Intensit\u00e4t des Angriffs<\/li>\n<li>Verringerung der H\u00e4ufigkeit<\/li>\n<li>Deutliche Verbesserung der damit verbundenen Symptome<\/li>\n<li>Verbesserte Stimmung<\/li>\n<li>Verbessertes Energieniveau<\/li>\n<li>Lebensqualit\u00e4t zur\u00fcckgewinnen<\/li>\n<\/ul>\n[\/vc_column_text][\/vc_column][\/vc_row][vc_row][vc_column width=&#8221;2\/3&#8243;][\/vc_column][vc_column width=&#8221;1\/3&#8243; offset=&#8221;vc_hidden-lg vc_hidden-md vc_hidden-sm&#8221;][vc_empty_space height=&#8221;35px&#8221;][vc_column_text]\n<h4>TESTIMONIALS<\/h4>\n<p><em>Fr\u00fcher litt ich unter starken Kopfschmerzen, gefolgt von \u00dcbelkeit und Erbrechen. Ich habe jede verf\u00fcgbare Behandlung ohne Erfolg ausprobiert, bis ich durch Ayurveda geheilt wurde. Ich w\u00fcrde jedem, der unter Migr\u00e4ne leidet, empfehlen, Ayurveda auszuprobieren.<\/em>[\/vc_column_text][vc_column_text]\n<p style=\"text-align: right;\"><strong>Elita Galarneau, Frankreich<\/strong><\/p>\n[\/vc_column_text][vc_empty_space height=&#8221;35px&#8221;][vc_column_text el_class=&#8221;rr-menu&#8221;]\n<h4>Schnelle Links<\/h4>\n<ul>\n<li><a href=\"https:\/\/ayurmana.in\/de\/zimmer-und-suiten\/\">Zimmer &amp; Suiten<\/a><br \/>\n<hr>\n<\/li>\n<li><a href=\"https:\/\/ayurmana.in\/de\/ayurveda-pakete-kerala\/\">Unsere Pakete<\/a><br \/>\n<hr>\n<\/li>\n<li><a href=\"https:\/\/ayurmana.in\/de\/zimmerreservierung\/\">Zimmerreservierung<\/a><br \/>\n<hr>\n<\/li>\n<li><a href=\"https:\/\/ayurmana.in\/de\/faq\/\">FAQ<\/a><\/li>\n<\/ul>\n[\/vc_column_text][\/vc_column][\/vc_row]\n","protected":false},"excerpt":{"rendered":"<p>[vc_row css=&#8221;.vc_custom_1577698011775{padding-bottom: 6px !important;}&#8221;][vc_column width=&#8221;2\/3&#8243; css=&#8221;.vc_custom_1577698021750{padding-bottom: 6px !important;}&#8221;][vc_column_text] Heilen Sie [&hellip;]<\/p>\n","protected":false},"author":1,"featured_media":0,"parent":0,"menu_order":0,"comment_status":"closed","ping_status":"closed","template":"","meta":{"_monsterinsights_skip_tracking":false,"_monsterinsights_sitenote_active":false,"_monsterinsights_sitenote_note":"","_monsterinsights_sitenote_category":0,"_joinchat":[],"footnotes":""},"class_list":["post-4801","page","type-page","status-publish","hentry"],"_links":{"self":[{"href":"https:\/\/ayurmana.in\/de\/wp-json\/wp\/v2\/pages\/4801","targetHints":{"allow":["GET"]}}],"collection":[{"href":"https:\/\/ayurmana.in\/de\/wp-json\/wp\/v2\/pages"}],"about":[{"href":"https:\/\/ayurmana.in\/de\/wp-json\/wp\/v2\/types\/page"}],"author":[{"embeddable":true,"href":"https:\/\/ayurmana.in\/de\/wp-json\/wp\/v2\/users\/1"}],"replies":[{"embeddable":true,"href":"https:\/\/ayurmana.in\/de\/wp-json\/wp\/v2\/comments?post=4801"}],"version-history":[{"count":0,"href":"https:\/\/ayurmana.in\/de\/wp-json\/wp\/v2\/pages\/4801\/revisions"}],"wp:attachment":[{"href":"https:\/\/ayurmana.in\/de\/wp-json\/wp\/v2\/media?parent=4801"}],"curies":[{"name":"wp","href":"https:\/\/api.w.org\/{rel}","templated":true}]}}