{"id":4806,"date":"2019-11-21T22:11:12","date_gmt":"2019-11-21T16:41:12","guid":{"rendered":"https:\/\/www.ayurmana.in\/bandscheibenvorfall\/"},"modified":"2025-09-18T11:39:29","modified_gmt":"2025-09-18T06:09:29","slug":"bandscheibenvorfall","status":"publish","type":"page","link":"https:\/\/ayurmana.in\/de\/bandscheibenvorfall\/","title":{"rendered":"Bandscheibenvorfall"},"content":{"rendered":"[vc_row css=&#8221;.vc_custom_1577697552058{padding-bottom: 6px !important;}&#8221;][vc_column width=&#8221;2\/3&#8243; css=&#8221;.vc_custom_1577697544262{padding-bottom: 6px !important;}&#8221;][vc_column_text]\n<h1>Wirksame ayurvedische Behandlung f\u00fcr Bandscheibenvorfall<\/h1>\n[\/vc_column_text][vc_single_image image=&#8221;4619&#8243; img_size=&#8221;large&#8221;][vc_column_text]\n<h3>Wirbels\u00e4ulenprobleme besiegen und ein aktives Leben zur\u00fcckgewinnen<br \/>\nNachhaltige Ergebnisse bei Bandscheibenvorw\u00f6lbung und degenerativen Bandscheibenerkrankungen<\/h3>\n[\/vc_column_text][\/vc_column][vc_column width=&#8221;1\/3&#8243; offset=&#8221;vc_hidden-xs&#8221;][vc_empty_space height=&#8221;75px&#8221;][vc_column_text]\n<h4>TESTIMONIALS<\/h4>\n<p><em>Ich litt unter starken R\u00fcckenschmerzen, die meine normalen Aktivit\u00e4ten einschr\u00e4nkten. Das MRT ergab eine mehrstufige Bandscheibenvorw\u00f6lbung, und mir wurde eine Operation empfohlen. Aber ich war nicht auf eine Wirbels\u00e4ulenoperation vorbereitet und versuchte es stattdessen mit Ayurveda. Die Behandlung hat mich wieder in ein normales Leben zur\u00fcckgebracht. Dank AyurMana bin ich aktiv wie fr\u00fcher.<\/em>[\/vc_column_text][vc_column_text]\n<p style=\"text-align: right;\"><strong>Deepesh Vohra, Indien<\/strong><\/p>\n[\/vc_column_text][\/vc_column][\/vc_row][vc_row css=&#8221;.vc_custom_1577697588346{padding-top: 6px !important;padding-bottom: 6px !important;}&#8221;][vc_column width=&#8221;2\/3&#8243;][vc_column_text]Die h\u00e4ufigste Ursache f\u00fcr Nacken- und R\u00fcckenschmerzen sind Muskelverspannungen, die fast 80 % aller F\u00e4lle ausmachen. In den letzten Jahrzehnten hat sich die Bandscheibenvorw\u00f6lbung jedoch immer weiter verbreitet, auch bei jungen Menschen. Zu den Faktoren, die einen Bandscheibenvorfall verursachen, geh\u00f6ren Bewegungsmangel (was zu einer schwachen R\u00fcckenmuskulatur f\u00fchrt und damit die Belastung der Bandscheiben erh\u00f6ht), langes Sitzen, h\u00e4ufige lange Fahrrad- und Autofahrten usw.<\/p>\n<p>Die ayurvedische Behandlung eines Bandscheibenvorfalls h\u00e4ngt von verschiedenen Faktoren ab, wie z. B. der H\u00f6he der betroffenen Bandscheibe, dem Ausma\u00df der strukturellen Beeintr\u00e4chtigung, dem Alter, der nat\u00fcrlichen K\u00f6rperhaltung und dem Gang des Patienten, der Dauer des Bandscheibenvorfalls und der St\u00e4rke der Beschwerden durch die Nervenkompression, die durch das Problem verursacht wird, usw. Eine fr\u00fchzeitige Diagnose erm\u00f6glicht eine fast vollst\u00e4ndige Heilung durch Ayurveda. In fortgeschrittenen F\u00e4llen kann jedoch eine langfristige Behandlung erforderlich sein.<\/p>\n<p>Die Behandlung kann dekomprimierende Verfahren wie warme Umschl\u00e4ge und hei\u00dfe \u00d6lkompressen, spezielle Massagetherapien zur Linderung von Entz\u00fcndungen und zur St\u00e4rkung der Muskeln, vom Arzt empfohlene Dehnungen zur Erzeugung von Unterdruck in der Wirbels\u00e4ule, um die Bandscheibenvorw\u00f6lbung r\u00fcckg\u00e4ngig zu machen, und spezielle Yoga\u00fcbungen zur Verbesserung des Gleichgewichts und der Bewegung sowie zur Vorbeugung von R\u00fcckf\u00e4llen umfassen.[\/vc_column_text][\/vc_column][vc_column width=&#8221;1\/3&#8243; offset=&#8221;vc_hidden-xs&#8221;][vc_column_text el_class=&#8221;rr-menu&#8221;]\n<h3>Schnelle Links<\/h3>\n<ul>\n<li><a href=\"https:\/\/ayurmana.in\/de\/zimmer-und-suiten\/\">Zimmer &amp; Suiten<\/a><br \/>\n<hr \/>\n<\/li>\n<li><a href=\"https:\/\/ayurmana.in\/de\/ayurveda-pakete-kerala\/\">Unsere Pakete<\/a><br \/>\n<hr \/>\n<\/li>\n<li><a href=\"https:\/\/ayurmana.in\/de\/zimmerreservierung\/\">Zimmerreservierung<\/a><br \/>\n<hr \/>\n<\/li>\n<li>\n<h2><a href=\"https:\/\/ayurmana.in\/de\/faq\/\">FAQ<\/a><\/h2>\n<\/li>\n<\/ul>\n[\/vc_column_text][\/vc_column][\/vc_row][vc_row css=&#8221;.vc_custom_1577040001383{padding-top: 6px !important;}&#8221;][vc_column width=&#8221;1\/2&#8243;][vc_message message_box_color=&#8221;mulled_wine&#8221;]<strong>H\u00e4ufige Ursachen<\/strong>[\/vc_message][vc_column_text]\n<ul>\n<li>Spondylitis\/Spondylose<\/li>\n<li>Bandscheibenvorf\u00e4lle und\/oder -vorw\u00f6lbungen<\/li>\n<li>Degenerative Bandscheibenerkrankung<\/li>\n<li>Ischias<\/li>\n<li>Spinale Stenose<\/li>\n<li>Facettensyndrome<\/li>\n<li>Spondylolisthesis<\/li>\n<li>Verletzungen und Unf\u00e4lle<\/li>\n<li>Muskelkr\u00e4mpfe<\/li>\n<\/ul>\n[\/vc_column_text][\/vc_column][vc_column width=&#8221;1\/2&#8243;][vc_message message_box_color=&#8221;mulled_wine&#8221;]<strong>Was k\u00f6nnen Sie von unserem Programm erwarten?<\/strong>[\/vc_message][vc_column_text]\n<ul>\n<li>Beseitigung von Schmerzen und Steifheit<\/li>\n<li>Mobilit\u00e4t und Flexibilit\u00e4t wiedererlangen<\/li>\n<li>St\u00e4rkung der R\u00fcckenmuskulatur<\/li>\n<li>Reparatur von Gelenksch\u00e4den und Knochenschwund<\/li>\n<li>Umkehrung der Krankheitsursache<\/li>\n<li>R\u00fcckkehr ins aktive Leben<\/li>\n<\/ul>\n[\/vc_column_text][\/vc_column][\/vc_row][vc_row][vc_column width=&#8221;2\/3&#8243;][\/vc_column][vc_column width=&#8221;1\/3&#8243; offset=&#8221;vc_hidden-lg vc_hidden-md vc_hidden-sm&#8221;][vc_empty_space height=&#8221;55px&#8221;][vc_column_text]\n<h2>TESTIMONIALS<\/h2>\n<p><em>Nach einem Unfall verlor ich mein Ged\u00e4chtnis, erkannte nicht einmal mehr meine Frau oder meine Kinder und war gel\u00e4hmt. Die Ayumana-Behandlung hat mich wieder zum Leben erweckt. Ich kann mich immer noch nicht an den Vorfall und die lange Zeit danach erinnern. Aber ich bin jetzt k\u00f6rperlich und geistig wieder normal, und meine Familie und Freunde halten das f\u00fcr ein Wunder, nachdem sie mich vorher gesehen hatten.<\/em>[\/vc_column_text][vc_column_text]\n<p style=\"text-align: right;\"><strong>Sudarsanan, Indien<\/strong><\/p>\n[\/vc_column_text][vc_column_text el_class=&#8221;rr-menu&#8221;]\n<h3>Schnelle Links<\/h3>\n<ul>\n<li><a href=\"https:\/\/ayurmana.in\/de\/zimmer-und-suiten\/\">Zimmer &amp; Suiten<\/a><br \/>\n<hr \/>\n<\/li>\n<li><a href=\"https:\/\/ayurmana.in\/de\/ayurveda-pakete-kerala\/\">Unsere Pakete<\/a><br \/>\n<hr \/>\n<\/li>\n<li><a href=\"https:\/\/ayurmana.in\/de\/zimmerreservierung\/\">Zimmerreservierung<\/a><br \/>\n<hr \/>\n<\/li>\n<li>\n<h2><a href=\"https:\/\/ayurmana.in\/de\/faq\/\">FAQ<\/a><\/h2>\n<\/li>\n<\/ul>\n[\/vc_column_text][\/vc_column][\/vc_row]\n","protected":false},"excerpt":{"rendered":"<p>[vc_row css=&#8221;.vc_custom_1577697552058{padding-bottom: 6px !important;}&#8221;][vc_column width=&#8221;2\/3&#8243; css=&#8221;.vc_custom_1577697544262{padding-bottom: 6px !important;}&#8221;][vc_column_text] Wirksame ayurvedische [&hellip;]<\/p>\n","protected":false},"author":1,"featured_media":0,"parent":0,"menu_order":0,"comment_status":"closed","ping_status":"closed","template":"","meta":{"_monsterinsights_skip_tracking":false,"_monsterinsights_sitenote_active":false,"_monsterinsights_sitenote_note":"","_monsterinsights_sitenote_category":0,"_joinchat":[],"footnotes":""},"class_list":["post-4806","page","type-page","status-publish","hentry"],"_links":{"self":[{"href":"https:\/\/ayurmana.in\/de\/wp-json\/wp\/v2\/pages\/4806","targetHints":{"allow":["GET"]}}],"collection":[{"href":"https:\/\/ayurmana.in\/de\/wp-json\/wp\/v2\/pages"}],"about":[{"href":"https:\/\/ayurmana.in\/de\/wp-json\/wp\/v2\/types\/page"}],"author":[{"embeddable":true,"href":"https:\/\/ayurmana.in\/de\/wp-json\/wp\/v2\/users\/1"}],"replies":[{"embeddable":true,"href":"https:\/\/ayurmana.in\/de\/wp-json\/wp\/v2\/comments?post=4806"}],"version-history":[{"count":0,"href":"https:\/\/ayurmana.in\/de\/wp-json\/wp\/v2\/pages\/4806\/revisions"}],"wp:attachment":[{"href":"https:\/\/ayurmana.in\/de\/wp-json\/wp\/v2\/media?parent=4806"}],"curies":[{"name":"wp","href":"https:\/\/api.w.org\/{rel}","templated":true}]}}