{"id":4819,"date":"2019-11-22T15:01:42","date_gmt":"2019-11-22T09:31:42","guid":{"rendered":"https:\/\/www.ayurmana.in\/multiple-sklerose\/"},"modified":"2023-10-18T15:09:37","modified_gmt":"2023-10-18T09:39:37","slug":"multiple-sklerose","status":"publish","type":"page","link":"https:\/\/ayurmana.in\/de\/multiple-sklerose\/","title":{"rendered":"Multiple Sklerose"},"content":{"rendered":"[vc_row css=&#8221;.vc_custom_1577041652761{padding-bottom: 6px !important;}&#8221;][vc_column width=&#8221;2\/3&#8243;][vc_column_text]\n<h1>Wirksame ayurvedische Behandlung f\u00fcr Multiple Sklerose in Kerala Indien<\/h1>\n[\/vc_column_text][vc_single_image image=&#8221;177&#8243; img_size=&#8221;large&#8221;][vc_column_text]\n<h3>Lassen Sie nicht zu, dass Multiple Sklerose Ihr Leben bestimmt.<br \/>\nAlte Ayurveda-Therapien und Yoga helfen, MS nat\u00fcrlich zu meistern<\/h3>\n[\/vc_column_text][\/vc_column][vc_column width=&#8221;1\/3&#8243; offset=&#8221;vc_hidden-xs&#8221;][vc_empty_space height=&#8221;65px&#8221;][vc_column_text]\n<h4>TESTIMONIALS<\/h4>\n<p><em>Als bei mir PPMS diagnostiziert wurde, sagten mir die \u00c4rzte, dass ich das Fortschreiten der Krankheit akzeptieren und mich darauf einstellen m\u00fcsse. Ich habe nach alternativen Heilmethoden gesucht. Ein anderer MS-Patient schlug Ayurveda vor, und es war eine Offenbarung. Das Fortschreiten meiner Krankheit wurde gestoppt und viele der Symptome kehrten sich sogar zur\u00fcck.  <\/em><\/p>\n[\/vc_column_text][vc_column_text]\n<p style=\"text-align: right;\"><strong>Anja Mahler, Deutschland<\/strong><\/p>\n[\/vc_column_text][vc_column_text]\n<p><em>Ich war Medizinstudentin, als bei mir MS diagnostiziert wurde. Ich wusste, dass es keine Heilung gab, aber meine Eltern zwangen mich, eine ayurvedische Behandlung zu machen. Ich danke ihnen jetzt daf\u00fcr, dass sie das getan haben. Meine Symptome sind \u00fcber einen Zeitraum von 4 Jahren vollst\u00e4ndig verschwunden und alle MRT-Marker haben sich umgekehrt.  <\/em><\/p>\n[\/vc_column_text][vc_column_text]\n<p style=\"text-align: right;\"><strong>Cintheya, Deutschland<\/strong><\/p>\n[\/vc_column_text][\/vc_column][\/vc_row][vc_row css=&#8221;.vc_custom_1577699863357{padding-top: 6px !important;padding-bottom: 6px !important;}&#8221;][vc_column width=&#8221;2\/3&#8243;][vc_column_text]\n<p>Multiple Sklerose (MS) ist eine schw\u00e4chende Autoimmunkrankheit, die das Gehirn, das R\u00fcckenmark und die Sehnerven bef\u00e4llt. Das k\u00f6rpereigene Immunsystem greift f\u00e4lschlicherweise die Schutzh\u00fclle (Myelin), die die Nerven umgibt, an und zerst\u00f6rt sie. Myelinsch\u00e4den verzerren und unterbrechen die Signale, die zum und vom Gehirn und R\u00fcckenmark kommen. Weltweit werden umfangreiche Forschungsarbeiten an Multiple-Sklerose-Patienten durchgef\u00fchrt &#8211; von selektiven Immunmodulatoren und -suppressiva bis hin zur Stammzelltherapie &#8211; um eine L\u00f6sung zu finden. Eine Heilung ist jedoch bis heute nicht in Sicht.<\/p>\n<p><strong>Es gibt in der Regel 4 Arten von MS.<\/strong><\/p>\n<p>1. Schubf\u00f6rmig verlaufende MS (RRMS). Bei 85 % der Menschen mit MS wird zun\u00e4chst eine schubf\u00f6rmige Multiple Sklerose diagnostiziert. Bei Menschen mit RRMS kommt es zu MS-Sch\u00fcben mit dazwischen liegenden Intervallen der Remission, in denen fast keine Symptome auftreten.<\/p>\n<p>2. Sekund\u00e4r-progressive MS (SPMS). Bei SPMS verschlimmern sich die Symptome im Laufe der Zeit stetig, mit oder ohne Intervalle. RRMS geht fr\u00fcher oder sp\u00e4ter in SPMS \u00fcber.<\/p>\n<p>3. Prim\u00e4r-progressive MS (PPMS). Bei 10 % der Menschen mit MS wird PPMS diagnostiziert, die sich durch eine langsame Verschlechterung der Symptome von Anfang an und ohne Intervalle auszeichnet.<\/p>\n<p>4. Progressiv-r\u00fcckl\u00e4ufige MS (PRMS). Bei der PRMS, einer seltenen Form der MS (5 %), kommt es von Anfang an zu einer stetigen Verschlechterung mit akuten Exazerbationen.<\/p>\n[\/vc_column_text][\/vc_column][vc_column width=&#8221;1\/3&#8243; offset=&#8221;vc_hidden-xs&#8221;][vc_column_text el_class=&#8221;rr-menu&#8221;]\n<h4>Schnelle Links<\/h4>\n<ul>\n<li><a href=\"https:\/\/ayurmana.in\/de\/zimmer-und-suiten\/\">Zimmer &amp; Suiten<\/a><br \/>\n<hr>\n<\/li>\n<li><a href=\"https:\/\/ayurmana.in\/de\/ayurveda-pakete-kerala\/\">Unsere Pakete<\/a><br \/>\n<hr>\n<\/li>\n<li><a href=\"https:\/\/ayurmana.in\/de\/zimmerreservierung\/\">Zimmerreservierung<\/a><br \/>\n<hr>\n<\/li>\n<li><a href=\"https:\/\/ayurmana.in\/de\/faq\/\">FAQ<\/a><\/li>\n<\/ul>\n[\/vc_column_text][\/vc_column][\/vc_row][vc_row css=&#8221;.vc_custom_1577699849628{padding-top: 6px !important;padding-bottom: 6px !important;}&#8221;][vc_column width=&#8221;2\/3&#8243;][vc_column_text]\n<p>Wir bei Dharma Ayurveda haben klinisch bew\u00e4hrte Behandlungsmodule f\u00fcr Multiple Sklerose entwickelt. Diese ayurvedischen Behandlungsprogramme f\u00fcr MS kombinieren Ayurveda-Therapien, Yoga, spezielle Di\u00e4t und Ern\u00e4hrung sowie bew\u00e4hrte pflanzliche Erg\u00e4nzungsmittel. Sie beruhen auf den bew\u00e4hrten Heilungsans\u00e4tzen der Dharma-Familie. Die spezialisierten Yogapraktiken &#8211; insbesondere Pranayama und Meditation -, die die wirksamen ayurvedischen Therapien, Kr\u00e4uterrezepturen und ma\u00dfgeschneiderte Di\u00e4t und Ern\u00e4hrung erg\u00e4nzen, haben dazu beigetragen, dass diese tiefgreifende ayurvedische Behandlung f\u00fcr Multiple Sklerose in Kerala, Indien, Hunderte von Patienten mit dieser schw\u00e4chenden Krankheit heilen konnte.<\/p>\n<p><strong>Die Behandlung zielt darauf ab:  <\/strong><\/p>\n<p>a. Beruhigung des Immunsystems, um die Krankheitsaktivit\u00e4t zu stoppen<br \/>\nb. Linderung der durch MS verursachten Entz\u00fcndungen in den Nerven.<br \/>\nc. Verj\u00fcngen Sie die myelinbildenden Zellen, um den K\u00f6rper bei der Reparatur von besch\u00e4digtem Myelin zu unterst\u00fctzen.<br \/>\nd. Aktivierung der k\u00f6rpereigenen Prozesse zur Umkehrung und Beseitigung der Narben im ZNS.<\/p>\n<p>In unserer Erfahrung bei der Behandlung von MS-F\u00e4llen haben wir bei den meisten Aspekten der MS nach einer ayurvedischen Behandlung eine deutliche Verbesserung festgestellt. In vielen F\u00e4llen, die in den ersten Jahren der MS von uns behandelt wurden und die ayurvedischen Regeln und Behandlungen j\u00e4hrlich befolgten, waren sogar die Marker im MRT im vierten und f\u00fcnften Jahr r\u00fcckg\u00e4ngig.<\/p>\n<p>Bitte beachten Sie, dass eine fr\u00fchzeitige Behandlung eine Behinderung verhindern, begrenzen oder zumindest hinausz\u00f6gern kann, indem die durch die Krankheit verursachten Sch\u00e4den am Nervensystem minimiert werden.<\/p>\n[\/vc_column_text][\/vc_column][vc_column width=&#8221;1\/3&#8243;][\/vc_column][\/vc_row][vc_row css=&#8221;.vc_custom_1577041640280{padding-top: 6px !important;}&#8221;][vc_column width=&#8221;1\/2&#8243;][vc_message message_box_color=&#8221;mulled_wine&#8221;]\n<p><strong>H\u00e4ufige Symptome<\/strong><\/p>\n[\/vc_message][vc_column_text]\n<ul>\n<li>Erm\u00fcdung<\/li>\n<li>Taubheit \/ Kribbeln \/ Schmerzen<\/li>\n<li>Zittern der Gliedma\u00dfen oder gelegentlich des Kopfes<\/li>\n<li>Probleme beim Gehen \/ Gleichgewicht \/ Koordination<\/li>\n<li>Ver\u00e4nderungen des Sehverm\u00f6gens \/ Sehkraftverlust<\/li>\n<li>Spastizit\u00e4t der Muskeln<\/li>\n<li>Blasen-\/Darmprobleme<\/li>\n<li>Stottern \/ undeutliches Sprechen<\/li>\n<li>Depression \/ Emotionale und kognitive St\u00f6rung<\/li>\n<\/ul>\n[\/vc_column_text][\/vc_column][vc_column width=&#8221;1\/2&#8243;][vc_message message_box_color=&#8221;mulled_wine&#8221;]\n<p><strong>Was k\u00f6nnen Sie von unserem Programm erwarten?<\/strong><\/p>\n[\/vc_message][vc_column_text]\n<ul>\n<li>Verbessertes Energieniveau<\/li>\n<li>Verbesserte Balance und Bewegung<\/li>\n<li>Verbesserter emotionaler Status<\/li>\n<li>Verringerte Muskelspastik<\/li>\n<li>Das Fortschreiten der Krankheit aufhalten\/umkehren\/verz\u00f6gern<\/li>\n<li>Harmonisierung von Geist, K\u00f6rper und Seele<\/li>\n<\/ul>\n[\/vc_column_text][\/vc_column][\/vc_row][vc_row][vc_column width=&#8221;2\/3&#8243;][\/vc_column][vc_column width=&#8221;1\/3&#8243; offset=&#8221;vc_hidden-lg vc_hidden-md vc_hidden-sm&#8221;][vc_empty_space height=&#8221;55px&#8221;][vc_column_text]\n<h4>TESTIMONIALS<\/h4>\n<p><em>Als bei mir PPMS diagnostiziert wurde, sagten mir die \u00c4rzte, dass ich das Fortschreiten der Krankheit akzeptieren und mich darauf einstellen m\u00fcsse. Ich habe nach alternativen Heilmethoden gesucht. Ein anderer MS-Patient schlug Ayurveda vor, und es war eine Offenbarung. Das Fortschreiten meiner Krankheit wurde gestoppt und viele der Symptome kehrten sich sogar zur\u00fcck.  <\/em><\/p>\n[\/vc_column_text][vc_column_text]\n<p style=\"text-align: right;\"><strong>Anja Mahler, Deutschland<\/strong><\/p>\n[\/vc_column_text][vc_column_text]\n<p><em>Ich war Medizinstudentin, als bei mir MS diagnostiziert wurde. Ich wusste, dass es keine Heilung gab, aber meine Eltern zwangen mich, eine ayurvedische Behandlung zu machen. Ich danke ihnen jetzt daf\u00fcr, dass sie das getan haben. Meine Symptome sind \u00fcber einen Zeitraum von 4 Jahren vollst\u00e4ndig verschwunden und alle MRT-Marker haben sich umgekehrt.  <\/em><\/p>\n[\/vc_column_text][vc_column_text]\n<p style=\"text-align: right;\"><strong>Cintheya, Deutschland<\/strong><\/p>\n[\/vc_column_text][vc_column_text el_class=&#8221;rr-menu&#8221;]\n<h4>Schnelle Links<\/h4>\n<ul>\n<li><a href=\"https:\/\/ayurmana.in\/de\/zimmer-und-suiten\/\">Zimmer &amp; Suiten<\/a><br \/>\n<hr>\n<\/li>\n<li><a href=\"https:\/\/ayurmana.in\/de\/ayurveda-pakete-kerala\/\">Unsere Pakete<\/a><br \/>\n<hr>\n<\/li>\n<li><a href=\"https:\/\/ayurmana.in\/de\/zimmerreservierung\/\">Zimmerreservierung<\/a><br \/>\n<hr>\n<\/li>\n<li><a href=\"https:\/\/ayurmana.in\/de\/faq\/\">FAQ<\/a><\/li>\n<\/ul>\n[\/vc_column_text][\/vc_column][\/vc_row]\n","protected":false},"excerpt":{"rendered":"<p>[vc_row css=&#8221;.vc_custom_1577041652761{padding-bottom: 6px !important;}&#8221;][vc_column width=&#8221;2\/3&#8243;][vc_column_text] Wirksame ayurvedische Behandlung f\u00fcr Multiple [&hellip;]<\/p>\n","protected":false},"author":1,"featured_media":0,"parent":0,"menu_order":0,"comment_status":"closed","ping_status":"closed","template":"","meta":{"_monsterinsights_skip_tracking":false,"_monsterinsights_sitenote_active":false,"_monsterinsights_sitenote_note":"","_monsterinsights_sitenote_category":0,"_joinchat":[],"footnotes":""},"class_list":["post-4819","page","type-page","status-publish","hentry"],"_links":{"self":[{"href":"https:\/\/ayurmana.in\/de\/wp-json\/wp\/v2\/pages\/4819","targetHints":{"allow":["GET"]}}],"collection":[{"href":"https:\/\/ayurmana.in\/de\/wp-json\/wp\/v2\/pages"}],"about":[{"href":"https:\/\/ayurmana.in\/de\/wp-json\/wp\/v2\/types\/page"}],"author":[{"embeddable":true,"href":"https:\/\/ayurmana.in\/de\/wp-json\/wp\/v2\/users\/1"}],"replies":[{"embeddable":true,"href":"https:\/\/ayurmana.in\/de\/wp-json\/wp\/v2\/comments?post=4819"}],"version-history":[{"count":0,"href":"https:\/\/ayurmana.in\/de\/wp-json\/wp\/v2\/pages\/4819\/revisions"}],"wp:attachment":[{"href":"https:\/\/ayurmana.in\/de\/wp-json\/wp\/v2\/media?parent=4819"}],"curies":[{"name":"wp","href":"https:\/\/api.w.org\/{rel}","templated":true}]}}