{"id":4828,"date":"2019-11-22T15:23:14","date_gmt":"2019-11-22T09:53:14","guid":{"rendered":"https:\/\/www.ayurmana.in\/schlaganfall\/"},"modified":"2025-09-18T11:35:29","modified_gmt":"2025-09-18T06:05:29","slug":"schlaganfall","status":"publish","type":"page","link":"https:\/\/ayurmana.in\/de\/schlaganfall\/","title":{"rendered":"Schlaganfall"},"content":{"rendered":"[vc_row css=&#8221;.vc_custom_1577700393330{padding-bottom: 6px !important;}&#8221;][vc_column width=&#8221;2\/3&#8243;][vc_column_text]\n<h1>Erholen Sie sich von einem Schlaganfall mit einer ayurvedischen Behandlung in Kerala<\/h1>\n[\/vc_column_text][vc_single_image image=&#8221;4837&#8243; img_size=&#8221;large&#8221;][vc_column_text]\n<h3>Rehabilitation und Erholung nach Schlaganfall.<br \/>\nBeschleunigung und Verbesserung der Genesung durch Ayurveda<\/h3>\n[\/vc_column_text][\/vc_column][vc_column width=&#8221;1\/3&#8243; offset=&#8221;vc_hidden-xs&#8221;][vc_empty_space height=&#8221;75px&#8221;][vc_column_text]\n<h2>TESTIMONIALS<\/h2>\n<p><em> Ich erlitt innerhalb von 2 Jahren zwei aufeinander folgende Schlaganf\u00e4lle. Beim ersten Mal war die gesamte rechte K\u00f6rperh\u00e4lfte betroffen, und w\u00e4hrend ich mich allm\u00e4hlich erholte, kam es zu einem zweiten Vorfall, bei dem ich die Sprache und die F\u00e4higkeit zu schlucken verlor und die gesamte linke K\u00f6rperh\u00e4lfte gel\u00e4hmt war. Ich wurde zu Ayurmana gebracht, und niemand konnte glauben, wie schnell ich mich erholte und fast v\u00f6llig normal wurde.<\/em>[\/vc_column_text][vc_column_text]\n<p style=\"text-align: right;\"><strong>Suhasini, Indien<\/strong><\/p>\n[\/vc_column_text][\/vc_column][\/vc_row][vc_row css=&#8221;.vc_custom_1577700326851{padding-top: 6px !important;padding-bottom: 6px !important;}&#8221;][vc_column width=&#8221;2\/3&#8243;][vc_column_text]Ein Schlaganfall ist ein Zustand, bei dem es zu einem raschen Verlust von Gehirnfunktionen kommt, der durch eine gest\u00f6rte Blutzufuhr zum Gehirn verursacht wird. Es gibt zwei Haupttypen von Schlaganf\u00e4llen, n\u00e4mlich isch\u00e4mische (aufgrund mangelnden Blutflusses), die durch eine Verstopfung (Thrombose oder arterielle Embolie) verursacht werden, und h\u00e4morrhagische (aufgrund des Risses eines Blutgef\u00e4\u00dfes).<\/p>\n<p>Der Patient kann pl\u00f6tzlich die F\u00e4higkeit verlieren, eine oder mehrere Gliedma\u00dfen auf einer K\u00f6rperseite zu bewegen, er kann Sprache nicht mehr verstehen oder formulieren oder eine Seite des Gesichtsfeldes nicht mehr sehen. Je nachdem, welcher Bereich des Gehirns betroffen ist, sind entsprechende Funktionen beeintr\u00e4chtigt.<\/p>\n<p>Geschwindigkeit und Ausma\u00df der Genesung nach einem Schlaganfall h\u00e4ngen von vielen Faktoren ab, unter anderem vom Ausma\u00df der Sch\u00e4digung des Gehirns, dem betroffenen Hirnareal, dem Alter und dem allgemeinen Gesundheitszustand.<\/p>\n<p>Die ayurvedische Behandlung des Schlaganfalls zielt darauf ab, die verlorenen Funktionen so weit wie m\u00f6glich durch Behandlungen, \u00dcbungen, Ern\u00e4hrung und Routinen wiederzubeleben, die die Gehirnzellen stimulieren und verj\u00fcngen, die Muskeln st\u00e4rken und straffen und die allgemeine Gesundheit verbessern. Kerala Ayurveda-Behandlung f\u00fcr Schlaganfall-Management ist weltweit bekannt f\u00fcr die enorm wirksame Therapien und Behandlungen, die Erholung und Genesung von L\u00e4hmungen helfen[\/vc_column_text][\/vc_column][vc_column width=&#8221;1\/3&#8243; offset=&#8221;vc_hidden-xs&#8221;][vc_column_text el_class=&#8221;rr-menu&#8221;]\n<h3>Schnelle Links<\/h3>\n<ul>\n<li><a href=\"https:\/\/ayurmana.in\/de\/zimmer-und-suiten\/\">Zimmer &amp; Suiten<\/a><br \/>\n<hr \/>\n<\/li>\n<li><a href=\"https:\/\/ayurmana.in\/de\/ayurveda-pakete-kerala\/\">Unsere Pakete<\/a><br \/>\n<hr \/>\n<\/li>\n<li><a href=\"https:\/\/ayurmana.in\/de\/zimmerreservierung\/\">Zimmerreservierung<\/a><br \/>\n<hr \/>\n<\/li>\n<li><a href=\"https:\/\/ayurmana.in\/de\/faq\/\">FAQ<\/a><\/li>\n<\/ul>\n[\/vc_column_text][\/vc_column][\/vc_row][vc_row css=&#8221;.vc_custom_1577700407810{padding-top: 6px !important;}&#8221;][vc_column width=&#8221;1\/2&#8243;][vc_message message_box_color=&#8221;mulled_wine&#8221;]<strong>H\u00e4ufige Ursachen<\/strong>[\/vc_message][vc_column_text]\n<ul>\n<li>Atherosklerose<\/li>\n<li>Hoher Blutdruck<\/li>\n<li>Vorhofflattern<\/li>\n<li>Hoher Cholesterinspiegel<\/li>\n<li>Diabetes mellitus<\/li>\n<li>Ungesunde Ern\u00e4hrung<\/li>\n<li>Ungesunde Lebensweise<\/li>\n<li>Stress<\/li>\n<li>Vererbungstendenz<\/li>\n<\/ul>\n[\/vc_column_text][\/vc_column][vc_column width=&#8221;1\/2&#8243;][vc_message message_box_color=&#8221;mulled_wine&#8221;]<strong>Was k\u00f6nnen Sie von unserem Programm erwarten?<\/strong>[\/vc_message][vc_column_text]\n<ul>\n<li>Beschleunigung der Erholung<\/li>\n<li>Erh\u00f6hte Mobilit\u00e4t und Flexibilit\u00e4t<\/li>\n<li>Verbesserte St\u00e4rke<\/li>\n<li>Verbesserte Stimmung<\/li>\n<li>Kontrolle der damit verbundenen Bedingungen<\/li>\n<li>Verbesserung der geistigen F\u00e4higkeiten<\/li>\n<\/ul>\n[\/vc_column_text][\/vc_column][\/vc_row][vc_row][vc_column width=&#8221;2\/3&#8243;][\/vc_column][vc_column width=&#8221;1\/3&#8243; offset=&#8221;vc_hidden-lg vc_hidden-md vc_hidden-sm&#8221;][vc_empty_space height=&#8221;55px&#8221;][vc_column_text]\n<h4>TESTIMONIALS<\/h4>\n<p><em> Ich erlitt innerhalb von 2 Jahren zwei aufeinander folgende Schlaganf\u00e4lle. Beim ersten Mal war die gesamte rechte K\u00f6rperh\u00e4lfte betroffen, und w\u00e4hrend ich mich allm\u00e4hlich erholte, kam es zu einem zweiten Vorfall, bei dem ich die Sprache und die F\u00e4higkeit zu schlucken verlor und die gesamte linke K\u00f6rperh\u00e4lfte gel\u00e4hmt war. Ich wurde zu Ayurmana gebracht, und niemand konnte glauben, wie schnell ich mich erholte und fast v\u00f6llig normal wurde.<\/em>[\/vc_column_text][vc_column_text]\n<p style=\"text-align: right;\"><strong>Suhasini, Indien<\/strong><\/p>\n[\/vc_column_text][vc_column_text el_class=&#8221;rr-menu&#8221;]\n<h3>Schnelle Links<\/h3>\n<ul>\n<li><a href=\"https:\/\/ayurmana.in\/de\/zimmer-und-suiten\/\">Zimmer &amp; Suiten<\/a><br \/>\n<hr \/>\n<\/li>\n<li><a href=\"https:\/\/ayurmana.in\/de\/ayurveda-pakete-kerala\/\">Unsere Pakete<\/a><br \/>\n<hr \/>\n<\/li>\n<li><a href=\"https:\/\/ayurmana.in\/de\/zimmerreservierung\/\">Zimmerreservierung<\/a><br \/>\n<hr \/>\n<\/li>\n<li>\n<h2><a href=\"https:\/\/ayurmana.in\/de\/faq\/\">FAQ<\/a><\/h2>\n<\/li>\n<\/ul>\n[\/vc_column_text][\/vc_column][\/vc_row]\n","protected":false},"excerpt":{"rendered":"<p>[vc_row css=&#8221;.vc_custom_1577700393330{padding-bottom: 6px !important;}&#8221;][vc_column width=&#8221;2\/3&#8243;][vc_column_text] Erholen Sie sich von einem [&hellip;]<\/p>\n","protected":false},"author":1,"featured_media":0,"parent":0,"menu_order":0,"comment_status":"closed","ping_status":"closed","template":"","meta":{"_monsterinsights_skip_tracking":false,"_monsterinsights_sitenote_active":false,"_monsterinsights_sitenote_note":"","_monsterinsights_sitenote_category":0,"_joinchat":[],"footnotes":""},"class_list":["post-4828","page","type-page","status-publish","hentry"],"_links":{"self":[{"href":"https:\/\/ayurmana.in\/de\/wp-json\/wp\/v2\/pages\/4828","targetHints":{"allow":["GET"]}}],"collection":[{"href":"https:\/\/ayurmana.in\/de\/wp-json\/wp\/v2\/pages"}],"about":[{"href":"https:\/\/ayurmana.in\/de\/wp-json\/wp\/v2\/types\/page"}],"author":[{"embeddable":true,"href":"https:\/\/ayurmana.in\/de\/wp-json\/wp\/v2\/users\/1"}],"replies":[{"embeddable":true,"href":"https:\/\/ayurmana.in\/de\/wp-json\/wp\/v2\/comments?post=4828"}],"version-history":[{"count":0,"href":"https:\/\/ayurmana.in\/de\/wp-json\/wp\/v2\/pages\/4828\/revisions"}],"wp:attachment":[{"href":"https:\/\/ayurmana.in\/de\/wp-json\/wp\/v2\/media?parent=4828"}],"curies":[{"name":"wp","href":"https:\/\/api.w.org\/{rel}","templated":true}]}}