{"id":4847,"date":"2019-11-22T15:33:15","date_gmt":"2019-11-22T10:03:15","guid":{"rendered":"https:\/\/www.ayurmana.in\/haarpflege\/"},"modified":"2023-10-18T15:15:23","modified_gmt":"2023-10-18T09:45:23","slug":"haarpflege","status":"publish","type":"page","link":"https:\/\/ayurmana.in\/de\/haarpflege\/","title":{"rendered":"Haarpflege"},"content":{"rendered":"[vc_row css=&#8221;.vc_custom_1577040106928{padding-bottom: 6px !important;}&#8221;][vc_column width=&#8221;2\/3&#8243;][vc_column_text]\n<h1>Wiederherstellung und Versch\u00f6nerung Ihres Haares mit ayurvedischer Behandlung<\/h1>\n[\/vc_column_text][vc_single_image image=&#8221;192&#8243; img_size=&#8221;large&#8221;][vc_column_text]\n<h3>Haarpflegeprogramm<br \/>\nBehalten Sie Ihr Haar und verlieren Sie Ihre grauen Haare<\/h3>\n[\/vc_column_text][\/vc_column][vc_column width=&#8221;1\/3&#8243; offset=&#8221;vc_hidden-xs&#8221;][vc_empty_space height=&#8221;65px&#8221;][vc_column_text]\n<h4>TESTIMONIALS<\/h4>\n<p><em>Ich habe seit meiner Teenagerzeit Probleme mit Haarausfall und Schuppenbildung. Als mein Haarausfall eklig wurde und sich die Kopfhaut zu zeigen begann, rannte ich von Arzt zu Arzt. Meistens hat es etwas gebracht, aber es war immer nur vor\u00fcbergehend, bis ich eine ayurvedische Behandlung gemacht habe. Mein Haarausfall hat aufgeh\u00f6rt, die Schuppen sind verschwunden, und mein Haar ist jetzt dicht und gesund gewachsen.<\/em>[\/vc_column_text][vc_column_text]\n<p style=\"text-align: right;\"><strong>Lengyel Judit, Ungarn<\/strong><\/p>\n[\/vc_column_text][vc_column_text]<em>Ich habe vor ein paar Jahren begonnen, stellenweise Haare zu verlieren, und es wurde immer mehr. Ich habe verschiedene Medikamente ausprobiert, aber die Pflaster wurden immer zahlreicher. Nach der Behandlung bei Ayurmana sind die Flecken alle nachgewachsen und es kommen keine neuen Flecken mehr.<\/em>[\/vc_column_text][vc_column_text]\n<p style=\"text-align: right;\"><strong>Jason Sawyer, USA<\/strong><\/p>\n[\/vc_column_text][\/vc_column][\/vc_row][vc_row css=&#8221;.vc_custom_1577700937967{padding-top: 6px !important;padding-bottom: 6px !important;}&#8221;][vc_column width=&#8221;2\/3&#8243;][vc_column_text]Sehr oft ist es das Haar, das die Ausstrahlung eines Mannes oder die allgemeine Attraktivit\u00e4t und den Glanz einer Frau verst\u00e4rkt.<br \/>\nUnser ma\u00dfgeschneidertes Haarprogramm heilt, n\u00e4hrt und st\u00e4rkt die Kopfhaut und jede einzelne Haarstr\u00e4hne von der Wurzel an und sorgt daf\u00fcr, dass Ihr Haar gesund und sch\u00f6n bleibt und seinen nat\u00fcrlichen, lebendigen und strahlenden Glanz beh\u00e4lt. Die Behandlung heilt auch \u00fcberm\u00e4\u00dfigen Haarausfall, Alopecia areata, vorzeitiges Ergrauen, chronische Schuppenbildung usw.[\/vc_column_text][\/vc_column][vc_column width=&#8221;1\/3&#8243; offset=&#8221;vc_hidden-xs&#8221;][vc_column_text el_class=&#8221;rr-menu&#8221;]\n<h4>Schnelle Links<\/h4>\n<ul>\n<li><a href=\"https:\/\/ayurmana.in\/de\/zimmer-und-suiten\/\">Zimmer &amp; Suiten<\/a><br \/>\n<hr>\n<\/li>\n<li><a href=\"https:\/\/ayurmana.in\/de\/ayurveda-pakete-kerala\/\">Unsere Pakete<\/a><br \/>\n<hr>\n<\/li>\n<li><a href=\"https:\/\/ayurmana.in\/de\/zimmerreservierung\/\">Zimmerreservierung<\/a><br \/>\n<hr>\n<\/li>\n<li><a href=\"https:\/\/ayurmana.in\/de\/faq\/\">FAQ<\/a><\/li>\n<\/ul>\n[\/vc_column_text][\/vc_column][\/vc_row][vc_row css=&#8221;.vc_custom_1577700995127{padding-top: 6px !important;}&#8221;][vc_column width=&#8221;1\/2&#8243;][vc_message message_box_color=&#8221;mulled_wine&#8221;]<strong>H\u00e4ufige Beschwerden<\/strong>[\/vc_message][vc_column_text]\n<ul>\n<li>Stumpfes, lebloses Haar<\/li>\n<li>L\u00fcckenhafter Haarausfall<\/li>\n<li>Ausd\u00fcnnung der Haare<\/li>\n<li>Chronische Schuppen<\/li>\n<li>Vorzeitiges Ergrauen<\/li>\n<li>Kahlheit<\/li>\n<\/ul>\n[\/vc_column_text][\/vc_column][vc_column width=&#8221;1\/2&#8243;][vc_message message_box_color=&#8221;mulled_wine&#8221;]<strong>Was k\u00f6nnen Sie von unserem Programm erwarten?<\/strong>[\/vc_message][vc_column_text]\n<ul>\n<li>Stoppt den Haarausfall<\/li>\n<li>Verst\u00e4rkt den Glanz und die Ausstrahlung<\/li>\n<li>Heilt St\u00f6rungen der Kopfhaut<\/li>\n<li>N\u00e4hrt das Haar von der Wurzel an<\/li>\n<li>Heilt Schuppen<\/li>\n<li>Verbessert das Haarwachstum<\/li>\n<\/ul>\n[\/vc_column_text][\/vc_column][\/vc_row][vc_row][vc_column width=&#8221;2\/3&#8243;][\/vc_column][vc_column width=&#8221;1\/3&#8243; offset=&#8221;vc_hidden-lg vc_hidden-md vc_hidden-sm&#8221;][vc_empty_space height=&#8221;55px&#8221;][vc_column_text]\n<h4>TESTIMONIALS<\/h4>\n<p><em>Ich habe seit meiner Teenagerzeit Probleme mit Haarausfall und Schuppenbildung. Als mein Haarausfall eklig wurde und sich die Kopfhaut zu zeigen begann, rannte ich von Arzt zu Arzt. Meistens hat es etwas gebracht, aber es war immer nur vor\u00fcbergehend, bis ich eine ayurvedische Behandlung gemacht habe. Mein Haarausfall hat aufgeh\u00f6rt, die Schuppen sind verschwunden, und mein Haar ist jetzt dicht und gesund gewachsen.<\/em>[\/vc_column_text][vc_column_text]\n<p style=\"text-align: right;\"><strong>Lengyel Judit, Ungarn<\/strong><\/p>\n[\/vc_column_text][vc_column_text]<em>Ich habe vor ein paar Jahren begonnen, stellenweise Haare zu verlieren, und es wurde immer mehr. Ich habe verschiedene Medikamente ausprobiert, aber die Pflaster wurden immer zahlreicher. Nach der Behandlung bei Ayurmana sind die Flecken alle nachgewachsen und es kommen keine neuen Flecken mehr.<\/em>[\/vc_column_text][vc_column_text]\n<p style=\"text-align: right;\"><strong>Jason Sawyer, USA<\/strong><\/p>\n[\/vc_column_text][vc_column_text el_class=&#8221;rr-menu&#8221;]\n<h4>Schnelle Links<\/h4>\n<ul>\n<li><a href=\"https:\/\/ayurmana.in\/de\/zimmer-und-suiten\/\">Zimmer &amp; Suiten<\/a><br \/>\n<hr>\n<\/li>\n<li><a href=\"https:\/\/ayurmana.in\/de\/ayurveda-pakete-kerala\/\">Unsere Pakete<\/a><br \/>\n<hr>\n<\/li>\n<li><a href=\"https:\/\/ayurmana.in\/de\/zimmerreservierung\/\">Zimmerreservierung<\/a><br \/>\n<hr>\n<\/li>\n<li><a href=\"https:\/\/ayurmana.in\/de\/faq\/\">FAQ<\/a><\/li>\n<\/ul>\n[\/vc_column_text][\/vc_column][\/vc_row]\n","protected":false},"excerpt":{"rendered":"<p>[vc_row css=&#8221;.vc_custom_1577040106928{padding-bottom: 6px !important;}&#8221;][vc_column width=&#8221;2\/3&#8243;][vc_column_text] Wiederherstellung und Versch\u00f6nerung Ihres Haares [&hellip;]<\/p>\n","protected":false},"author":1,"featured_media":0,"parent":0,"menu_order":0,"comment_status":"closed","ping_status":"closed","template":"","meta":{"_monsterinsights_skip_tracking":false,"_monsterinsights_sitenote_active":false,"_monsterinsights_sitenote_note":"","_monsterinsights_sitenote_category":0,"_joinchat":[],"footnotes":""},"class_list":["post-4847","page","type-page","status-publish","hentry"],"_links":{"self":[{"href":"https:\/\/ayurmana.in\/de\/wp-json\/wp\/v2\/pages\/4847","targetHints":{"allow":["GET"]}}],"collection":[{"href":"https:\/\/ayurmana.in\/de\/wp-json\/wp\/v2\/pages"}],"about":[{"href":"https:\/\/ayurmana.in\/de\/wp-json\/wp\/v2\/types\/page"}],"author":[{"embeddable":true,"href":"https:\/\/ayurmana.in\/de\/wp-json\/wp\/v2\/users\/1"}],"replies":[{"embeddable":true,"href":"https:\/\/ayurmana.in\/de\/wp-json\/wp\/v2\/comments?post=4847"}],"version-history":[{"count":0,"href":"https:\/\/ayurmana.in\/de\/wp-json\/wp\/v2\/pages\/4847\/revisions"}],"wp:attachment":[{"href":"https:\/\/ayurmana.in\/de\/wp-json\/wp\/v2\/media?parent=4847"}],"curies":[{"name":"wp","href":"https:\/\/api.w.org\/{rel}","templated":true}]}}