{"id":4862,"date":"2019-11-23T11:28:14","date_gmt":"2019-11-23T05:58:14","guid":{"rendered":"https:\/\/www.ayurmana.in\/dr-bahuleyan\/"},"modified":"2023-10-18T15:15:23","modified_gmt":"2023-10-18T09:45:23","slug":"dr-bahuleyan","status":"publish","type":"page","link":"https:\/\/ayurmana.in\/de\/dr-bahuleyan\/","title":{"rendered":"Dr. Bahuleyan"},"content":{"rendered":"[vc_row curly_padding=&#8221;content-padding-xs&#8221;][vc_column width=&#8221;1\/3&#8243; curly_padding=&#8221;content-padding-xs&#8221;][vc_column_text]\n<h2>Der verstorbene Dr. Bahuleyan<\/h2>\n<h3>Unser Orientierungslicht<\/h3>\n[\/vc_column_text][vc_single_image image=&#8221;261&#8243; img_size=&#8221;medium&#8221; alignment=&#8221;center&#8221; style=&#8221;img-frame-large&#8221;][\/vc_column][vc_column width=&#8221;2\/3&#8243; curly_padding=&#8221;content-padding-xs&#8221;][vc_empty_space height=&#8221;125px&#8221;][vc_column_text]Der verstorbene Dr. Bahuleyan &#8211; der am meisten verehrte ayurvedische Heiler seiner Zeit &#8211; war ein f\u00fchrendes Licht und Fackeltr\u00e4ger des jahrhundertealten, einzigartigen und radikalen Ansatzes der Dharma-Familie in der ayurvedischen Heilkunst.<\/p>\n<p>In seiner unvergleichlichen, \u00fcber 50 Jahre w\u00e4hrenden Heilerkarriere hat Dr. Bahuleyan Hunderte von ayurvedischen \u00c4rzten angeleitet und gef\u00f6rdert, die ihr Leben der authentischen Aus\u00fcbung der heiligen Heilkunst des Ayurveda gewidmet haben.<\/p>\n<p>Im Jahr 1965 gr\u00fcndete Dr. Bahuleyan Dharma Ayurveda in Trivandrum in Ayirooppara.<\/p>\n<p>Der ber\u00fchmte Ayurveda-Helfer in Kerala, Indien, diente als Fachberater der Regierung von Kerala und leitender medizinischer Angestellter am Government Ayurveda College Hospital, Thiruvananthapuram, Kerala, Indien.<\/p>\n<p>Er war Direktor des Santhigiri Ashram und war auch beratender Direktor der Santhigiri Group of Ayurveda Hospitals in Thiruvananthapuram, Kerala, Indien.<\/p>\n<p>Er war Schirmherr der Indischen Rotkreuzgesellschaft in Thiruvananthapuram, Kerala. In Maruthuamalai errichtete er den Dharma-Ashram, in dem arme Menschen aus abgelegenen D\u00f6rfern kostenlos behandelt wurden.<\/p>\n<p>Dharma Ayurveda hat sich nun mit Niederlassungen in Indien und im Ausland erweitert. Unser Gr\u00fcndungsvorsitzender war ein bescheidener, freundlicher, gro\u00dfartiger Ayurveda-Arzt in Kerala, Indien. In unseren Herzen bleibt er so posthumus.[\/vc_column_text][\/vc_column][\/vc_row]\n","protected":false},"excerpt":{"rendered":"<p>[vc_row curly_padding=&#8221;content-padding-xs&#8221;][vc_column width=&#8221;1\/3&#8243; curly_padding=&#8221;content-padding-xs&#8221;][vc_column_text] Der verstorbene Dr. Bahuleyan Unser Orientierungslicht [&hellip;]<\/p>\n","protected":false},"author":1,"featured_media":0,"parent":0,"menu_order":0,"comment_status":"closed","ping_status":"closed","template":"","meta":{"_monsterinsights_skip_tracking":false,"_monsterinsights_sitenote_active":false,"_monsterinsights_sitenote_note":"","_monsterinsights_sitenote_category":0,"_joinchat":[],"footnotes":""},"class_list":["post-4862","page","type-page","status-publish","hentry"],"_links":{"self":[{"href":"https:\/\/ayurmana.in\/de\/wp-json\/wp\/v2\/pages\/4862","targetHints":{"allow":["GET"]}}],"collection":[{"href":"https:\/\/ayurmana.in\/de\/wp-json\/wp\/v2\/pages"}],"about":[{"href":"https:\/\/ayurmana.in\/de\/wp-json\/wp\/v2\/types\/page"}],"author":[{"embeddable":true,"href":"https:\/\/ayurmana.in\/de\/wp-json\/wp\/v2\/users\/1"}],"replies":[{"embeddable":true,"href":"https:\/\/ayurmana.in\/de\/wp-json\/wp\/v2\/comments?post=4862"}],"version-history":[{"count":0,"href":"https:\/\/ayurmana.in\/de\/wp-json\/wp\/v2\/pages\/4862\/revisions"}],"wp:attachment":[{"href":"https:\/\/ayurmana.in\/de\/wp-json\/wp\/v2\/media?parent=4862"}],"curies":[{"name":"wp","href":"https:\/\/api.w.org\/{rel}","templated":true}]}}