{"id":4865,"date":"2019-11-22T15:42:39","date_gmt":"2019-11-22T10:12:39","guid":{"rendered":"https:\/\/www.ayurmana.in\/verjuengung\/"},"modified":"2023-10-18T14:40:19","modified_gmt":"2023-10-18T09:10:19","slug":"verjuengung","status":"publish","type":"page","link":"https:\/\/ayurmana.in\/de\/verjuengung\/","title":{"rendered":"Verj\u00fcngung"},"content":{"rendered":"[vc_row css=&#8221;.vc_custom_1577701476185{padding-bottom: 6px !important;}&#8221;][vc_column width=&#8221;2\/3&#8243;][vc_column_text]\r\n<h1>Erfrischen und verj\u00fcngen Sie sich mit einem ayurvedischen Behandlungsprogramm<\/h1>\r\n[\/vc_column_text][vc_single_image image=&#8221;196&#8243; img_size=&#8221;large&#8221;][vc_column_text]\r\n<h3>Drehen Sie Ihre biologische Uhr zur\u00fcck und sehen Sie um einige Jahre j\u00fcnger aus und f\u00fchlen Sie sich auch so.<\/h3>\r\n[\/vc_column_text][\/vc_column][vc_column width=&#8221;1\/3&#8243; offset=&#8221;vc_hidden-xs&#8221;][vc_empty_space height=&#8221;65px&#8221;][vc_column_text]\r\n<h4>TESTIMONIALS<\/h4>\r\n<p><em>Ich litt fr\u00fcher unter chronischer M\u00fcdigkeit und schlechter Laune. Die ayurvedische Behandlung hat mich v\u00f6llig ver\u00e4ndert. Ich f\u00fchle mich erfrischt und erneuert und h\u00e4tte nie gedacht, dass ich wieder ein so gutes Fitnessniveau erreichen w\u00fcrde. <\/em>[\/vc_column_text][vc_column_text]\r\n<p style=\"text-align: right;\"><strong>Fiona, Vereinigtes K\u00f6nigreich<\/strong><\/p>\r\n[\/vc_column_text][vc_column_text]\r\n<p><em>Vor ein paar Jahren wurde bei mir ein chronisches M\u00fcdigkeitssyndrom diagnostiziert. Ich unterzog mich umfangreichen Tests und Behandlungen, ohne dass eine Besserung eintrat. Aber nach meiner sechsw\u00f6chigen Rasayana-Behandlung hat sich mein allgemeiner Gesundheitszustand dramatisch verbessert.<\/em><\/p>\r\n[\/vc_column_text][vc_column_text]\r\n<p style=\"text-align: right;\"><strong>Michelle Wurfel, Deutschland<\/strong><\/p>\r\n[\/vc_column_text][\/vc_column][\/vc_row][vc_row css=&#8221;.vc_custom_1577701489373{padding-top: 6px !important;padding-bottom: 6px !important;}&#8221;][vc_column width=&#8221;2\/3&#8243;][vc_column_text]<!-- \/wp:post-content --><\/p>\r\n<p><!-- wp:paragraph -->Das bew\u00e4hrte Programm von Dharma sorgt f\u00fcr einen frischen Energieschub und n\u00e4hrt den Geist, so dass Ihr ganzes Wesen erfrischt und verj\u00fcngt wird. Dieses personalisierte Behandlungsprogramm wird von unserem Arzt nach einer ausf\u00fchrlichen Beratung auf die individuellen Bed\u00fcrfnisse Ihres K\u00f6rpers abgestimmt. Die jahrtausendealten Behandlungen und Verfahren entgiften Ihren K\u00f6rper von innen heraus, und die wirksamen ayurvedischen Rezepturen aus biologischen, nat\u00fcrlichen Quellen n\u00e4hren und st\u00e4rken Ihr Immunsystem und kr\u00e4ftigen den gesamten K\u00f6rper, so dass er erfrischt, erneuert und revitalisiert wird.<\/p>\r\n<p><!-- \/wp:paragraph --><\/p>\r\n<p>&nbsp;<\/p>\r\n[\/vc_column_text][\/vc_column][vc_column width=&#8221;1\/3&#8243; offset=&#8221;vc_hidden-xs&#8221;][vc_column_text el_class=&#8221;rr-menu&#8221;]\r\n<h4>Schnelle Links<\/h4>\r\n<ul>\r\n<li><a href=\"https:\/\/ayurmana.in\/de\/zimmer-und-suiten\/\">Zimmer &amp; Suiten<\/a><br \/><hr \/><\/li>\r\n<li><a href=\"https:\/\/ayurmana.in\/de\/ayurveda-pakete-kerala\/\">Unsere Pakete<\/a><br \/><hr \/><\/li>\r\n<li><a href=\"https:\/\/ayurmana.in\/de\/zimmerreservierung\/\">Zimmerreservierung<\/a><br \/><hr \/><\/li>\r\n<li><a href=\"https:\/\/ayurmana.in\/de\/faq\/\">FAQ<\/a><\/li>\r\n<\/ul>\r\n[\/vc_column_text][\/vc_column][\/vc_row][vc_row][vc_column width=&#8221;1\/2&#8243;][vc_message message_box_color=&#8221;mulled_wine&#8221;]\r\n<p><strong>H\u00e4ufige Beschwerden<\/strong><\/p>\r\n[\/vc_message][vc_column_text]\r\n<ul>\r\n<li>Erm\u00fcdung<\/li>\r\n<li>Schw\u00e4che des Nervensystems<\/li>\r\n<li>Schw\u00e4chung der Immunit\u00e4t<\/li>\r\n<li>R\u00fcckenschmerzen und Gelenkschmerzen<\/li>\r\n<li>Stimmungsschwankungen &amp; gest\u00f6rter Schlaf<\/li>\r\n<li>M\u00fcdes und gealtertes Aussehen<\/li>\r\n<\/ul>\r\n[\/vc_column_text][\/vc_column][vc_column width=&#8221;1\/2&#8243;][vc_message message_box_color=&#8221;mulled_wine&#8221;]\r\n<p><strong>Was k\u00f6nnen Sie von unserem Programm erwarten?<\/strong><\/p>\r\n[\/vc_message][vc_column_text]\r\n<ul>\r\n<li>Steigerung des Energieniveaus<\/li>\r\n<li>Umkehrung der Auswirkungen der Alterung<\/li>\r\n<li>Verbessert Kraft und Immunit\u00e4t<\/li>\r\n<li>Verj\u00fcngt das Nervensystem<\/li>\r\n<li>Verbessert Hautton und Teint<\/li>\r\n<li>J\u00fcnger aussehen und sich j\u00fcnger f\u00fchlen<\/li>\r\n<\/ul>\r\n[\/vc_column_text][\/vc_column][\/vc_row][vc_row][vc_column width=&#8221;2\/3&#8243;][\/vc_column][vc_column width=&#8221;1\/3&#8243; offset=&#8221;vc_hidden-lg vc_hidden-md vc_hidden-sm&#8221;][vc_empty_space height=&#8221;55px&#8221;][vc_column_text]\r\n<h4>TESTIMONIALS<\/h4>\r\n<p><em>Ich litt fr\u00fcher unter chronischer M\u00fcdigkeit und schlechter Laune. Die ayurvedische Behandlung hat mich v\u00f6llig ver\u00e4ndert. Ich f\u00fchle mich erfrischt und erneuert und h\u00e4tte nie gedacht, dass ich wieder ein so gutes Fitnessniveau erreichen w\u00fcrde. <\/em>[\/vc_column_text][vc_column_text]\r\n<p style=\"text-align: right;\"><strong>Fiona, Vereinigtes K\u00f6nigreich<\/strong><\/p>\r\n[\/vc_column_text][vc_column_text]\r\n<p><em>Vor ein paar Jahren wurde bei mir ein chronisches M\u00fcdigkeitssyndrom diagnostiziert. Ich unterzog mich umfangreichen Tests und Behandlungen, ohne dass eine Besserung eintrat. Aber nach meiner sechsw\u00f6chigen Rasayana-Behandlung hat sich mein allgemeiner Gesundheitszustand dramatisch verbessert.<\/em><\/p>\r\n[\/vc_column_text][vc_column_text]\r\n<p style=\"text-align: right;\"><strong>Michelle Wurfel, Deutschland<\/strong><\/p>\r\n[\/vc_column_text][vc_column_text el_class=&#8221;rr-menu&#8221;]\r\n<h4>Schnelle Links<\/h4>\r\n<ul>\r\n<li><a href=\"https:\/\/ayurmana.in\/de\/zimmer-und-suiten\/\">Zimmer &amp; Suiten<\/a><br \/><hr \/><\/li>\r\n<li><a href=\"https:\/\/ayurmana.in\/de\/ayurveda-pakete-kerala\/\">Unsere Pakete<\/a><br \/><hr \/><\/li>\r\n<li><a href=\"https:\/\/ayurmana.in\/de\/zimmerreservierung\/\">Zimmerreservierung<\/a><br \/><hr \/><\/li>\r\n<li><a href=\"https:\/\/ayurmana.in\/de\/faq\/\">FAQ<\/a><\/li>\r\n<\/ul>\r\n[\/vc_column_text][\/vc_column][\/vc_row]","protected":false},"excerpt":{"rendered":"<p>[vc_row css=&#8221;.vc_custom_1577701476185{padding-bottom: 6px !important;}&#8221;][vc_column width=&#8221;2\/3&#8243;][vc_column_text] Erfrischen und verj\u00fcngen Sie sich [&hellip;]<\/p>\n","protected":false},"author":1,"featured_media":0,"parent":0,"menu_order":0,"comment_status":"closed","ping_status":"closed","template":"","meta":{"_monsterinsights_skip_tracking":false,"_monsterinsights_sitenote_active":false,"_monsterinsights_sitenote_note":"","_monsterinsights_sitenote_category":0,"_joinchat":[],"footnotes":""},"class_list":["post-4865","page","type-page","status-publish","hentry"],"_links":{"self":[{"href":"https:\/\/ayurmana.in\/de\/wp-json\/wp\/v2\/pages\/4865","targetHints":{"allow":["GET"]}}],"collection":[{"href":"https:\/\/ayurmana.in\/de\/wp-json\/wp\/v2\/pages"}],"about":[{"href":"https:\/\/ayurmana.in\/de\/wp-json\/wp\/v2\/types\/page"}],"author":[{"embeddable":true,"href":"https:\/\/ayurmana.in\/de\/wp-json\/wp\/v2\/users\/1"}],"replies":[{"embeddable":true,"href":"https:\/\/ayurmana.in\/de\/wp-json\/wp\/v2\/comments?post=4865"}],"version-history":[{"count":0,"href":"https:\/\/ayurmana.in\/de\/wp-json\/wp\/v2\/pages\/4865\/revisions"}],"wp:attachment":[{"href":"https:\/\/ayurmana.in\/de\/wp-json\/wp\/v2\/media?parent=4865"}],"curies":[{"name":"wp","href":"https:\/\/api.w.org\/{rel}","templated":true}]}}