{"id":4875,"date":"2019-11-22T15:49:35","date_gmt":"2019-11-22T10:19:35","guid":{"rendered":"https:\/\/www.ayurmana.in\/hautpflege\/"},"modified":"2023-10-18T14:32:43","modified_gmt":"2023-10-18T09:02:43","slug":"hautpflege","status":"publish","type":"page","link":"https:\/\/ayurmana.in\/de\/hautpflege\/","title":{"rendered":"Hautpflege"},"content":{"rendered":"[vc_row css=&#8221;.vc_custom_1577703168992{padding-bottom: 6px !important;}&#8221;][vc_column width=&#8221;2\/3&#8243;][vc_column_text]\n<h1>Ayurvedische Behandlung f\u00fcr Psoriasis und Ekzeme in Kerala<\/h1>\n[\/vc_column_text][vc_single_image image=&#8221;200&#8243; img_size=&#8221;large&#8221;][vc_column_text]\n<h3>Bringen Sie Ihre Sch\u00f6nheit mit einer strahlenden Haut zum Leuchten<\/h3>\n[\/vc_column_text][\/vc_column][vc_column width=&#8221;1\/3&#8243; offset=&#8221;vc_hidden-xs&#8221;][vc_empty_space height=&#8221;95px&#8221;][vc_column_text]\n<h4>TESTIMONIALS<\/h4>\n<p><em>Wei\u00dfe Flecken auf der Brust, im Gesicht und an den Armen hatten mich so deprimiert, dass ich es nicht fassen konnte. Ich habe alle mir zur Verf\u00fcgung stehenden Behandlungsmethoden ausprobiert. Aber es gab keine deutliche Verbesserung. Ich habe mich auf Empfehlung eines Freundes bei ayurmana behandeln lassen und zu meiner \u00dcberraschung haben die Flecken jetzt an Pigmentierung zugenommen. Ich bin wirklich erstaunt \u00fcber dieses nat\u00fcrliche Medizinsystem aus Indien.<\/em><\/p>\n[\/vc_column_text][vc_column_text]\n<p style=\"text-align: right;\"><strong>Adalberta Pinto, Italien<\/strong><\/p>\n[\/vc_column_text][\/vc_column][\/vc_row][vc_row css=&#8221;.vc_custom_1577703189000{padding-top: 6px !important;padding-bottom: 6px !important;}&#8221;][vc_column width=&#8221;2\/3&#8243;][vc_column_text]Ayurmana bietet spezielle Ganzk\u00f6rperbehandlungsprogramme an, die von innen heraus reinigen und n\u00e4hren, um eine gesunde, straffe und geschmeidige Haut zu erhalten, die frisch und strahlend ist. Das Programm kann Entgiftungsprogramme, tief n\u00e4hrende und heilende nat\u00fcrliche Nahrungserg\u00e4nzungsmittel, Peelings, feuchtigkeitsspendende Therapien mit \u00e4therischen \u00d6len, Fruchtextrakten und nat\u00fcrlichen Kr\u00e4uterrezepten sowie Yoga und Meditation umfassen. Diese umfassende ayurvedische Kur ist bei einer Vielzahl von Hauterkrankungen wirksam. AyurMana ist das beste ayurvedische Behandlungszentrum f\u00fcr Psoriasis, Ekzeme und verschiedene Dermatitis in Trivandrum Kerala Indien.[\/vc_column_text][\/vc_column][vc_column width=&#8221;1\/3&#8243; offset=&#8221;vc_hidden-xs&#8221;][vc_column_text el_class=&#8221;rr-menu&#8221;]\n<h4>Schnelle Links<\/h4>\n<ul>\n<li><a href=\"https:\/\/ayurmana.in\/de\/zimmer-und-suiten\/\">Zimmer &amp; Suiten<\/a><br \/>\n<hr \/>\n<\/li>\n<li><a href=\"https:\/\/ayurmana.in\/de\/ayurveda-pakete-kerala\/\">Unsere Pakete<\/a><br \/>\n<hr \/>\n<\/li>\n<li><a href=\"https:\/\/ayurmana.in\/de\/zimmerreservierung\/\">Zimmerreservierung<\/a><br \/>\n<hr \/>\n<\/li>\n<li><a href=\"https:\/\/ayurmana.in\/de\/faq\/\">FAQ<\/a><\/li>\n<\/ul>\n[\/vc_column_text][\/vc_column][\/vc_row][vc_row][vc_column width=&#8221;1\/2&#8243;][vc_message message_box_color=&#8221;mulled_wine&#8221;]\n<p><strong>H\u00e4ufige Beschwerden<\/strong><\/p>\n[\/vc_message][vc_column_text]\n<ul>\n<li>Akne<\/li>\n<li>Stumpfe, leblose Haut<\/li>\n<li>Ekzem<\/li>\n<li>Sommersprossen und dunkle Pigmentierung<\/li>\n<li>Trockene, rissige Haut<\/li>\n<li>Dermatitis<\/li>\n<li>Ungleichm\u00e4\u00dfiger Teint<\/li>\n<li>Chronische Hautallergien<\/li>\n<li>Verdickung der Haut<\/li>\n<\/ul>\n[\/vc_column_text][\/vc_column][vc_column width=&#8221;1\/2&#8243;][vc_message message_box_color=&#8221;mulled_wine&#8221;]\n<p><strong>Was k\u00f6nnen Sie von unserem Programm erwarten?<\/strong><\/p>\n[\/vc_message][vc_column_text]\n<ul>\n<li>Geschmeidige und strahlende Haut<\/li>\n<li>Gleichm\u00e4\u00dfiger und gesunder Teint<\/li>\n<li>Heilt Hautkrankheiten<\/li>\n<li>Gleicht den pH-Wert und den Feuchtigkeitsgehalt der Haut aus<\/li>\n<li>Exfoliiert und enth\u00fcllt frische Haut<\/li>\n<li>Insgesamt leicht und jugendlich wirkend<\/li>\n<\/ul>\n[\/vc_column_text][\/vc_column][\/vc_row][vc_row][vc_column width=&#8221;2\/3&#8243;][\/vc_column][vc_column width=&#8221;1\/3&#8243; offset=&#8221;vc_hidden-lg vc_hidden-md vc_hidden-sm&#8221;][vc_empty_space height=&#8221;55px&#8221;][vc_column_text]\n<h4>TESTIMONIALS<\/h4>\n<p><em>Wei\u00dfe Flecken auf der Brust, im Gesicht und an den Armen hatten mich so deprimiert, dass ich es nicht fassen konnte. Ich habe alle mir zur Verf\u00fcgung stehenden Behandlungsmethoden ausprobiert. Aber es gab keine deutliche Verbesserung. Ich habe mich auf Empfehlung eines Freundes bei ayurmana behandeln lassen und zu meiner \u00dcberraschung haben die Flecken jetzt an Pigmentierung zugenommen. Ich bin wirklich erstaunt \u00fcber dieses nat\u00fcrliche Medizinsystem aus Indien.<\/em><\/p>\n[\/vc_column_text][vc_column_text]\n<p style=\"text-align: right;\"><strong>Adalberta Pinto, Italien<\/strong><\/p>\n[\/vc_column_text][vc_column_text el_class=&#8221;rr-menu&#8221;]\n<h4>Schnelle Links<\/h4>\n<ul>\n<li><a href=\"https:\/\/ayurmana.in\/de\/zimmer-und-suiten\/\">Zimmer &amp; Suiten<\/a><br \/>\n<hr \/>\n<\/li>\n<li><a href=\"https:\/\/ayurmana.in\/de\/ayurveda-pakete-kerala\/\">Unsere Pakete<\/a><br \/>\n<hr \/>\n<\/li>\n<li><a href=\"https:\/\/ayurmana.in\/de\/zimmerreservierung\/\">Zimmerreservierung<\/a><br \/>\n<hr \/>\n<\/li>\n<li><a href=\"https:\/\/ayurmana.in\/de\/faq\/\">FAQ<\/a><\/li>\n<\/ul>\n[\/vc_column_text][\/vc_column][\/vc_row]\n","protected":false},"excerpt":{"rendered":"<p>[vc_row css=&#8221;.vc_custom_1577703168992{padding-bottom: 6px !important;}&#8221;][vc_column width=&#8221;2\/3&#8243;][vc_column_text] Ayurvedische Behandlung f\u00fcr Psoriasis und [&hellip;]<\/p>\n","protected":false},"author":1,"featured_media":0,"parent":0,"menu_order":0,"comment_status":"closed","ping_status":"closed","template":"","meta":{"_monsterinsights_skip_tracking":false,"_monsterinsights_sitenote_active":false,"_monsterinsights_sitenote_note":"","_monsterinsights_sitenote_category":0,"_joinchat":[],"footnotes":""},"class_list":["post-4875","page","type-page","status-publish","hentry"],"_links":{"self":[{"href":"https:\/\/ayurmana.in\/de\/wp-json\/wp\/v2\/pages\/4875","targetHints":{"allow":["GET"]}}],"collection":[{"href":"https:\/\/ayurmana.in\/de\/wp-json\/wp\/v2\/pages"}],"about":[{"href":"https:\/\/ayurmana.in\/de\/wp-json\/wp\/v2\/types\/page"}],"author":[{"embeddable":true,"href":"https:\/\/ayurmana.in\/de\/wp-json\/wp\/v2\/users\/1"}],"replies":[{"embeddable":true,"href":"https:\/\/ayurmana.in\/de\/wp-json\/wp\/v2\/comments?post=4875"}],"version-history":[{"count":0,"href":"https:\/\/ayurmana.in\/de\/wp-json\/wp\/v2\/pages\/4875\/revisions"}],"wp:attachment":[{"href":"https:\/\/ayurmana.in\/de\/wp-json\/wp\/v2\/media?parent=4875"}],"curies":[{"name":"wp","href":"https:\/\/api.w.org\/{rel}","templated":true}]}}