{"id":4891,"date":"2019-11-23T11:31:44","date_gmt":"2019-11-23T06:01:44","guid":{"rendered":"https:\/\/www.ayurmana.in\/ambitioniert\/"},"modified":"2023-10-18T15:12:19","modified_gmt":"2023-10-18T09:42:19","slug":"ambitioniert","status":"publish","type":"page","link":"https:\/\/ayurmana.in\/de\/ambitioniert\/","title":{"rendered":"Ambitioniert"},"content":{"rendered":"[vc_row css=&#8221;.vc_custom_1577793475730{padding-bottom: 10px !important;}&#8221;][vc_column width=&#8221;1\/3&#8243;][vc_column_text]\n<h2>Ambily Jayaprakash<\/h2>\n[\/vc_column_text][vc_single_image image=&#8221;2285&#8243; img_size=&#8221;medium&#8221; style=&#8221;img-frame-large&#8221;][\/vc_column][vc_column width=&#8221;2\/3&#8243;][vc_empty_space height=&#8221;25px&#8221;][vc_column_text]\n<h1>Bester Ayurveda-Yoga-Lehrer in Kerala Indien<\/h1>\n<p>Ambily Jayaprakash ist ein international anerkannter Yoga-Berater und Energieheiler. Sie trainiert und leitet unser Team von Yogalehrern, die in Indien und in \u00dcbersee praktizieren.<br \/>\nAmbily wurde in mehreren internationalen Magazinen portr\u00e4tiert und hat mehrere Fernsehsendungen in Indien und im Nahen Osten gemacht. Sie gilt als eine der besten Ayurveda-Yogalehrerinnen und Yogaberaterinnen in Kerala, Indien.<br \/>\nSie f\u00fchrt regelm\u00e4\u00dfig zertifizierte Yogalehrer-Ausbildungskurse durch. Ihre aktuelle Arbeit umfasst die Erforschung, Entwicklung und Dokumentation von Yoga in den folgenden Disziplinen.<\/p>\n<ul>\n<li>\n<h4>Ayurveda Yoga<\/h4>\n<\/li>\n<li>\n<h4>Therapeutisches Yoga<\/h4>\n<\/li>\n<li>\n<h4>Yoga f\u00fcr Schwangere<\/h4>\n<\/li>\n<li>\n<h4>Kinder-Yoga<\/h4>\n<\/li>\n<li>\n<h4>Pilates Yoga<\/h4>\n<\/li>\n<li>\n<h4>Heilende Meditation<\/h4>\n<\/li>\n<li>\n<h4>Chakra-Heilung<\/h4>\n<\/li>\n<li>\n<h4>Heilende Ges\u00e4nge<\/h4>\n<\/li>\n<li>\n<h4>Heilende Mudras<\/h4>\n<\/li>\n<li>\n<h4>Heilende Musik<\/h4>\n<\/li>\n<\/ul>\n[\/vc_column_text][\/vc_column][\/vc_row]\n","protected":false},"excerpt":{"rendered":"<p>[vc_row css=&#8221;.vc_custom_1577793475730{padding-bottom: 10px !important;}&#8221;][vc_column width=&#8221;1\/3&#8243;][vc_column_text] Ambily Jayaprakash [\/vc_column_text][vc_single_image image=&#8221;2285&#8243; img_size=&#8221;medium&#8221; [&hellip;]<\/p>\n","protected":false},"author":1,"featured_media":0,"parent":0,"menu_order":0,"comment_status":"closed","ping_status":"closed","template":"","meta":{"_monsterinsights_skip_tracking":false,"_monsterinsights_sitenote_active":false,"_monsterinsights_sitenote_note":"","_monsterinsights_sitenote_category":0,"_joinchat":[],"footnotes":""},"class_list":["post-4891","page","type-page","status-publish","hentry"],"_links":{"self":[{"href":"https:\/\/ayurmana.in\/de\/wp-json\/wp\/v2\/pages\/4891","targetHints":{"allow":["GET"]}}],"collection":[{"href":"https:\/\/ayurmana.in\/de\/wp-json\/wp\/v2\/pages"}],"about":[{"href":"https:\/\/ayurmana.in\/de\/wp-json\/wp\/v2\/types\/page"}],"author":[{"embeddable":true,"href":"https:\/\/ayurmana.in\/de\/wp-json\/wp\/v2\/users\/1"}],"replies":[{"embeddable":true,"href":"https:\/\/ayurmana.in\/de\/wp-json\/wp\/v2\/comments?post=4891"}],"version-history":[{"count":0,"href":"https:\/\/ayurmana.in\/de\/wp-json\/wp\/v2\/pages\/4891\/revisions"}],"wp:attachment":[{"href":"https:\/\/ayurmana.in\/de\/wp-json\/wp\/v2\/media?parent=4891"}],"curies":[{"name":"wp","href":"https:\/\/api.w.org\/{rel}","templated":true}]}}