{"id":4898,"date":"2019-11-23T11:30:55","date_gmt":"2019-11-23T06:00:55","guid":{"rendered":"https:\/\/www.ayurmana.in\/dr-jayaprakash\/"},"modified":"2023-10-18T15:15:22","modified_gmt":"2023-10-18T09:45:22","slug":"dr-jayaprakash","status":"publish","type":"page","link":"https:\/\/ayurmana.in\/de\/dr-jayaprakash\/","title":{"rendered":"Dr. Jayaprakash"},"content":{"rendered":"[vc_row curly_padding=&#8221;content-padding-xs&#8221;][vc_column width=&#8221;1\/3&#8243; curly_padding=&#8221;content-padding-xs&#8221;][vc_column_text]\n<h2>Dr. Jayaprakash<\/h2>\n[\/vc_column_text][vc_single_image image=&#8221;267&#8243; img_size=&#8221;medium&#8221; style=&#8221;img-frame-large&#8221;][\/vc_column][vc_column width=&#8221;2\/3&#8243;][vc_empty_space height=&#8221;50px&#8221;][vc_column_text]\n<h1>Bester ayurvedischer Arzt in Kerala Indien<\/h1>\n<p>Dr. Jayaprakash wurde in die Dharma-Familie hineingeboren &#8211; traditionelle ayurvedische Heiler seit \u00fcber neun Generationen. Schon in jungen Jahren wurde er von seinem Vater &#8211; dem ber\u00fchmten und meistverehrten ayurvedischen Arzt seiner Zeit &#8211; Dr. Bahuelyan in die Heilkunst eingeweiht. Er vertiefte seine Studien in ayurvedischer Medizin und Chirurgie und wurde zu einem der Pioniere bei der Anpassung der Konzepte des Ayurveda an die moderne Gesellschaft und den modernen Lebensstil mit unglaublicher Wirksamkeit. Seine Arbeit hat ma\u00dfgeblich zur Verbreitung und Aus\u00fcbung von Ayurveda au\u00dferhalb von Kerala, in ganz Indien und in \u00dcbersee beigetragen. Das von ihm zusammengestellte und 1995 ver\u00f6ffentlichte &#8220;Doctors Vest Book of Indian Medicine&#8221; gilt als das ma\u00dfgebliche Handbuch f\u00fcr Praktiker der indischen Medizin &#8211; Ayurveda und Sidhha.<\/p>\n<p>Das inspirierende Lebenswerk von Dr. Jayaprakash, der die wahren Wurzeln der alten indischen Medizin erforscht und verfolgt, hat viele verloren gegangene Heilmethoden, Behandlungstechniken und Modalit\u00e4ten aufgedeckt, die in diesem Land f\u00fcr verschiedene unheilbare Krankheiten existierten. Seine Bem\u00fchungen und sein Wunsch, diesen Stammes- und Aborigine-Gesellschaften etwas zur\u00fcckzugeben, f\u00fchrten zur Gr\u00fcndung der gemeinn\u00fctzigen Organisation &#8220;Zentrum f\u00fcr die Entwicklung der indianischen Medizin&#8221;. Die Organisation unterst\u00fctzt die Stammes- und Eingeborenensiedlungen in den W\u00e4ldern und abgelegenen D\u00f6rfern von Attapadi, Kallar, Mukkali, Maruthuamalai usw. durch kostenlose medizinische Lager, kostenlose Behandlungen und kostenlose Augenlager.<\/p>\n<p>Dr. Jayaprakash, der weithin als der beste ayurvedische Arzt in Kerala, Indien, anerkannt ist, leitet nun Dharma Ayurveda und dessen Aktivit\u00e4ten in Indien und im Ausland. Auf der Liste seiner gesch\u00e4tzten Klienten stehen internationale Ber\u00fchmtheiten &#8211; renommierte Wissenschaftler, \u00c4rzte, Schriftsteller, Staatsoberh\u00e4upter, Legenden aus der Film- und Musikindustrie, K\u00f6nigsh\u00e4user usw.<\/p>\n[\/vc_column_text][\/vc_column][\/vc_row]\n","protected":false},"excerpt":{"rendered":"<p>[vc_row curly_padding=&#8221;content-padding-xs&#8221;][vc_column width=&#8221;1\/3&#8243; curly_padding=&#8221;content-padding-xs&#8221;][vc_column_text] Dr. Jayaprakash [\/vc_column_text][vc_single_image image=&#8221;267&#8243; img_size=&#8221;medium&#8221; style=&#8221;img-frame-large&#8221;][\/vc_column][vc_column [&hellip;]<\/p>\n","protected":false},"author":1,"featured_media":0,"parent":0,"menu_order":0,"comment_status":"closed","ping_status":"closed","template":"","meta":{"_monsterinsights_skip_tracking":false,"_monsterinsights_sitenote_active":false,"_monsterinsights_sitenote_note":"","_monsterinsights_sitenote_category":0,"_joinchat":[],"footnotes":""},"class_list":["post-4898","page","type-page","status-publish","hentry"],"_links":{"self":[{"href":"https:\/\/ayurmana.in\/de\/wp-json\/wp\/v2\/pages\/4898","targetHints":{"allow":["GET"]}}],"collection":[{"href":"https:\/\/ayurmana.in\/de\/wp-json\/wp\/v2\/pages"}],"about":[{"href":"https:\/\/ayurmana.in\/de\/wp-json\/wp\/v2\/types\/page"}],"author":[{"embeddable":true,"href":"https:\/\/ayurmana.in\/de\/wp-json\/wp\/v2\/users\/1"}],"replies":[{"embeddable":true,"href":"https:\/\/ayurmana.in\/de\/wp-json\/wp\/v2\/comments?post=4898"}],"version-history":[{"count":0,"href":"https:\/\/ayurmana.in\/de\/wp-json\/wp\/v2\/pages\/4898\/revisions"}],"wp:attachment":[{"href":"https:\/\/ayurmana.in\/de\/wp-json\/wp\/v2\/media?parent=4898"}],"curies":[{"name":"wp","href":"https:\/\/api.w.org\/{rel}","templated":true}]}}