{"id":4907,"date":"2019-11-23T11:32:19","date_gmt":"2019-11-23T06:02:19","guid":{"rendered":"https:\/\/www.ayurmana.in\/lalithabhai\/"},"modified":"2023-10-18T15:13:31","modified_gmt":"2023-10-18T09:43:31","slug":"lalithabhai","status":"publish","type":"page","link":"https:\/\/ayurmana.in\/de\/lalithabhai\/","title":{"rendered":"Lalithabhai"},"content":{"rendered":"[vc_row curly_padding=&#8221;content-padding-xs&#8221;][vc_column width=&#8221;1\/3&#8243;][vc_column_text]\n<h3>Lalithabai Bahuleyan<br \/>\nDirektor<\/h3>\n[\/vc_column_text][vc_single_image image=&#8221;273&#8243; img_size=&#8221;medium&#8221; style=&#8221;img-frame-large&#8221;][\/vc_column][vc_column width=&#8221;1\/3&#8243;][vc_empty_space height=&#8221;125px&#8221;][vc_column_text]\n<p style=\"text-align: left;\">Lalithabai Bahuleyan &#8211; &#8220;die Mutter des Hauses&#8221; &#8211; war von Beruf Lehrerin und ist auch Beraterin f\u00fcr Naturheilkunde. Sie ist Dr. Bahuleyans Weg \u00fcber die Jahrzehnte hinweg im Dienste der Patienten mit Hingabe gefolgt. Ihr Hauptinteresse gilt der Erhaltung seltener und wundersamer Heilkr\u00e4uter, die vom Aussterben bedroht sind. Sie ist auch ein &#8221;Maestro di cucina&#8221; f\u00fcr heilende Di\u00e4ten und authentische Kerala-K\u00fcche.<\/p>\n[\/vc_column_text][\/vc_column][vc_column width=&#8221;1\/3&#8243;][\/vc_column][\/vc_row]\n","protected":false},"excerpt":{"rendered":"<p>[vc_row curly_padding=&#8221;content-padding-xs&#8221;][vc_column width=&#8221;1\/3&#8243;][vc_column_text] Lalithabai Bahuleyan Direktor [\/vc_column_text][vc_single_image image=&#8221;273&#8243; img_size=&#8221;medium&#8221; style=&#8221;img-frame-large&#8221;][\/vc_column][vc_column [&hellip;]<\/p>\n","protected":false},"author":1,"featured_media":0,"parent":0,"menu_order":0,"comment_status":"closed","ping_status":"closed","template":"","meta":{"_monsterinsights_skip_tracking":false,"_monsterinsights_sitenote_active":false,"_monsterinsights_sitenote_note":"","_monsterinsights_sitenote_category":0,"_joinchat":[],"footnotes":""},"class_list":["post-4907","page","type-page","status-publish","hentry"],"_links":{"self":[{"href":"https:\/\/ayurmana.in\/de\/wp-json\/wp\/v2\/pages\/4907","targetHints":{"allow":["GET"]}}],"collection":[{"href":"https:\/\/ayurmana.in\/de\/wp-json\/wp\/v2\/pages"}],"about":[{"href":"https:\/\/ayurmana.in\/de\/wp-json\/wp\/v2\/types\/page"}],"author":[{"embeddable":true,"href":"https:\/\/ayurmana.in\/de\/wp-json\/wp\/v2\/users\/1"}],"replies":[{"embeddable":true,"href":"https:\/\/ayurmana.in\/de\/wp-json\/wp\/v2\/comments?post=4907"}],"version-history":[{"count":0,"href":"https:\/\/ayurmana.in\/de\/wp-json\/wp\/v2\/pages\/4907\/revisions"}],"wp:attachment":[{"href":"https:\/\/ayurmana.in\/de\/wp-json\/wp\/v2\/media?parent=4907"}],"curies":[{"name":"wp","href":"https:\/\/api.w.org\/{rel}","templated":true}]}}