{"id":4531,"date":"2019-11-21T16:31:09","date_gmt":"2019-11-21T11:01:09","guid":{"rendered":"https:\/\/www.ayurmana.in\/nuestro-equipo\/"},"modified":"2023-10-18T14:49:05","modified_gmt":"2023-10-18T09:19:05","slug":"nuestro-equipo","status":"publish","type":"page","link":"https:\/\/ayurmana.in\/es\/nuestro-equipo\/","title":{"rendered":"Nuestro equipo"},"content":{"rendered":"[vc_row content_placement=&#8221;top&#8221;][vc_column][vc_column_text]\r\n\r\n<h2 class=\"wp-block-heading\">Un legado de verdadera devoci\u00f3n a la curaci\u00f3n<\/h2>\r\n<p>&nbsp;<\/p>\r\n\r\n\r\n\r\n<p>Since generations Dharma family has been passionately committed to offer the best possible treatment to make a difference in the lives of their patients. Each member of our skilled and talented team from doctors to therapists share the same passionate approach and have the heart and expertise to work together in providing you with the highest level of care.<\/p>\r\n<p>&nbsp;<\/p>\r\n\r\n\r\n\r\n<p>Our team of professionals of impressive acclaim were hand picked and trained by late Dr. Bahuleyan \u2013 one of the most revered authority and the final word in Ayurvedic cures with over 50 years priceless experience in treating patients with varied health conditions.<\/p>\r\n<p>Y en la actualidad, el equipo est\u00e1 dirigido por su competente hijo, el Dr. Jayaprakash, m\u00e9dico ayurv\u00e9dico reconocido internacionalmente y actual jefe de la familia dharma.<\/p>\r\n<p>&nbsp;<\/p>\r\n\r\n[\/vc_column_text][\/vc_column][\/vc_row][vc_row][vc_column width=&#8221;1\/5&#8243;][vc_single_image image=&#8221;261&#8243; img_size=&#8221;medium&#8221; add_caption=&#8221;yes&#8221; alignment=&#8221;center&#8221; style=&#8221;vc_box_shadow_border&#8221; onclick=&#8221;custom_link&#8221; css=&#8221;.vc_custom_1588332244658{border-radius: 10px !important;}&#8221; link=&#8221;https:\/\/ayurmana.in\/es\/dr-bahuleyan\/&#8221;][vc_column_text]\r\n<h4><a href=\"https:\/\/ayurmana.in\/es\/dr-bahuleyan\/\">El difunto Dr. Bahuleyan<\/a><\/h4>\r\n<p>El difunto Dr. Bahuleyan, el sanador ayurv\u00e9dico m\u00e1s venerado de su \u00e9poca, ha sido la luz que gu\u00eda y el portador de la antorcha del enfoque centenario, \u00fanico y radical de la familia dharma en la sanaci\u00f3n ayurv\u00e9dica.<\/p>\r\n[\/vc_column_text][vc_separator][\/vc_column][vc_column width=&#8221;1\/5&#8243;][vc_single_image image=&#8221;267&#8243; img_size=&#8221;medium&#8221; add_caption=&#8221;yes&#8221; alignment=&#8221;center&#8221; style=&#8221;vc_box_shadow_border&#8221; onclick=&#8221;custom_link&#8221; css=&#8221;.vc_custom_1588262801778{border-radius: 10px !important;}&#8221; link=&#8221;https:\/\/ayurmana.in\/es\/dr-jayaprakash\/&#8221;][vc_column_text]\r\n<h4><a href=\"https:\/\/ayurmana.in\/es\/dr-jayaprakash\/\">Dr. Jayaprakash<\/a><\/h4>\r\n<p>El Dr. Jayaprakash naci\u00f3 en el seno de la familia Dharma, curanderos ayurv\u00e9dicos tradicionales durante m\u00e1s de nueve generaciones. Su padre, el Dr. Bahuelyan, le inici\u00f3 en la curaci\u00f3n a una edad temprana.<\/p>\r\n[\/vc_column_text][vc_separator][\/vc_column][vc_column width=&#8221;1\/5&#8243;][vc_single_image image=&#8221;2285&#8243; img_size=&#8221;medium&#8221; add_caption=&#8221;yes&#8221; alignment=&#8221;center&#8221; style=&#8221;vc_box_shadow_border&#8221; onclick=&#8221;custom_link&#8221; css=&#8221;.vc_custom_1588262785688{border-radius: 10px !important;}&#8221; link=&#8221;https:\/\/ayurmana.in\/es\/ambily\/&#8221;][vc_column_text]\r\n<h4><a href=\"https:\/\/ayurmana.in\/es\/ambily\/\">Ambily<\/a><\/h4>\r\n<p>Ambily Jayaprakash es un consultor de yoga y sanador energ\u00e9tico reconocido internacionalmente. Forma y gu\u00eda a nuestro equipo de instructores de yoga en la India y en el extranjero.<\/p>\r\n[\/vc_column_text][vc_separator][\/vc_column][vc_column width=&#8221;1\/5&#8243;][vc_single_image image=&#8221;273&#8243; img_size=&#8221;medium&#8221; add_caption=&#8221;yes&#8221; alignment=&#8221;center&#8221; style=&#8221;vc_box_shadow_border&#8221; onclick=&#8221;custom_link&#8221; css=&#8221;.vc_custom_1588262832709{border-radius: 10px !important;}&#8221; link=&#8221;https:\/\/ayurmana.in\/es\/lalithabhai\/&#8221;][vc_column_text]\r\n<h4><a href=\"https:\/\/ayurmana.in\/es\/lalithabhai\/\">Lalithabhai Bahuleyan<\/a><\/h4>\r\n<p>Lalithabhai Bahuleyan, &#8220;la madre de la casa&#8221;, era profesora de profesi\u00f3n y consultora de naturopat\u00eda. Ha seguido con devoci\u00f3n la trayectoria del Dr. Bahuleyan durante d\u00e9cadas al servicio de los pacientes.<\/p>\r\n[\/vc_column_text][vc_separator][\/vc_column][vc_column width=&#8221;1\/5&#8243;][vc_single_image image=&#8221;2785&#8243; img_size=&#8221;medium&#8221; style=&#8221;vc_box_shadow_border&#8221; onclick=&#8221;custom_link&#8221; link=&#8221;https:\/\/ayurmana.in\/es\/dra-maya-gopinath\/&#8221;][vc_column_text]\r\n<h4><a href=\"https:\/\/ayurmana.in\/es\/dra-maya-gopinath\/\">Dra. Maya Gopinath<\/a><\/h4>\r\n<p>La Dra. Maya Gopinath es miembro de la familia dharma desde hace m\u00e1s de dos d\u00e9cadas y cuenta con una amplia experiencia internacional en su haber.<\/p>\r\n[\/vc_column_text][\/vc_column][\/vc_row]","protected":false},"excerpt":{"rendered":"<p>[vc_row content_placement=&#8221;top&#8221;][vc_column][vc_column_text] Un legado de verdadera devoci\u00f3n a la curaci\u00f3n [&hellip;]<\/p>\n","protected":false},"author":1,"featured_media":0,"parent":0,"menu_order":0,"comment_status":"closed","ping_status":"closed","template":"","meta":{"_monsterinsights_skip_tracking":false,"_monsterinsights_sitenote_active":false,"_monsterinsights_sitenote_note":"","_monsterinsights_sitenote_category":0,"_joinchat":[],"footnotes":""},"class_list":["post-4531","page","type-page","status-publish","hentry"],"_links":{"self":[{"href":"https:\/\/ayurmana.in\/es\/wp-json\/wp\/v2\/pages\/4531","targetHints":{"allow":["GET"]}}],"collection":[{"href":"https:\/\/ayurmana.in\/es\/wp-json\/wp\/v2\/pages"}],"about":[{"href":"https:\/\/ayurmana.in\/es\/wp-json\/wp\/v2\/types\/page"}],"author":[{"embeddable":true,"href":"https:\/\/ayurmana.in\/es\/wp-json\/wp\/v2\/users\/1"}],"replies":[{"embeddable":true,"href":"https:\/\/ayurmana.in\/es\/wp-json\/wp\/v2\/comments?post=4531"}],"version-history":[{"count":0,"href":"https:\/\/ayurmana.in\/es\/wp-json\/wp\/v2\/pages\/4531\/revisions"}],"wp:attachment":[{"href":"https:\/\/ayurmana.in\/es\/wp-json\/wp\/v2\/media?parent=4531"}],"curies":[{"name":"wp","href":"https:\/\/api.w.org\/{rel}","templated":true}]}}