{"id":4534,"date":"2019-11-21T20:13:06","date_gmt":"2019-11-21T14:43:06","guid":{"rendered":"https:\/\/www.ayurmana.in\/obesidad\/"},"modified":"2023-10-18T14:52:53","modified_gmt":"2023-10-18T09:22:53","slug":"obesidad","status":"publish","type":"page","link":"https:\/\/ayurmana.in\/es\/obesidad\/","title":{"rendered":"Obesidad"},"content":{"rendered":"[vc_row css=&#8221;.vc_custom_1577035591276{padding-bottom: 6px !important;}&#8221;][vc_column width=&#8221;2\/3&#8243;][vc_column_text]\n<h1>Programa ayurv\u00e9dico de p\u00e9rdida de peso para el tratamiento de la obesidad<\/h1>\n[\/vc_column_text][vc_single_image image=&#8221;75&#8243; img_size=&#8221;large&#8221;][vc_column_text]\n<h3>Un programa natural para perder hasta el 10% de su peso actual en 4 semanas<\/h3>\n[\/vc_column_text][\/vc_column][vc_column width=&#8221;1\/3&#8243; offset=&#8221;vc_hidden-xs&#8221;][vc_empty_space height=&#8221;55px&#8221;][vc_column_text]\n<h4>TESTIMONIOS<\/h4>\n<p><em>Perd\u00ed m\u00e1s de 70 libras en ayurmana y cambi\u00f3 mi vida por completo. Mi diabetes y mi hipotiroidismo desaparecieron, estoy m\u00e1s activa, con m\u00e1s energ\u00eda y la gente dice que parezco al menos 10 a\u00f1os m\u00e1s joven.<\/em>[\/vc_column_text][vc_column_text]\n<p style=\"text-align: right;\"><strong>Abdul Mehsin, Kuwait<\/strong><\/p>\n[\/vc_column_text][vc_column_text]<em>Mi m\u00e9dico de cabecera me hab\u00eda sugerido la cirug\u00eda bari\u00e1trica porque padec\u00eda obesidad m\u00f3rbida. Estoy agradecida a ayurmana por ayudarme a perder m\u00e1s de 40 kilos y evitar la cirug\u00eda. <\/em>[\/vc_column_text][vc_column_text]\n<p style=\"text-align: right;\"><strong>Paul D&#8217; Souza, India<\/strong><\/p>\n[\/vc_column_text][\/vc_column][\/vc_row][vc_row][vc_column width=&#8221;2\/3&#8243;][vc_column_text]El galardonado programa de adelgazamiento de Ayurmana constituye un plan integral de p\u00e9rdida de peso que facilita lo que probablemente sea la p\u00e9rdida de peso m\u00e1s r\u00e1pida observada a partir de un tratamiento totalmente natural. Si usted es como la mayor\u00eda de la gente, ha intentado perder peso antes y ha fracasado o ha PERDIDO PESO s\u00f3lo para recuperarlo. No importa cu\u00e1ntas veces haya fracasado antes, el Programa integral de p\u00e9rdida de peso de Ayurmana est\u00e1 dise\u00f1ado a medida para garantizar que esta vez SUCEDA.<\/p>\n<p>Mientras est\u00e9s en el programa, perder\u00e1s peso en los lugares adecuados y bajar\u00e1s tallas sin el temido efecto Yo-Yo.<\/p>\n<p>De hecho, en el proceso de lograr su objetivo de p\u00e9rdida de peso, usted experimentar\u00e1 una mejora dram\u00e1tica en su salud f\u00edsica y mental y experimentar\u00e1 un impulso palpable en sus niveles de energ\u00eda. Miles de casos de obesidad y sobrepeso, de diferentes nacionalidades han logrado sus objetivos a tiempo en nuestro retiro de p\u00e9rdida de peso, en las \u00faltimas d\u00e9cadas. Hemos sido testigos de varios casos de diabetes de tipo 2 y de pacientes con hipertensi\u00f3n, colesterol alto, hipotiroidismo y varias enfermedades asociadas que se curan en el proceso cuando pierden peso. El programa de p\u00e9rdida de peso de Ayurmana tambi\u00e9n cuenta con un enfoque \u00fanico en la dieta de p\u00e9rdida de peso que le ayudar\u00e1 a romper el mecanismo de &#8220;alimentaci\u00f3n hacia adelante&#8221; que impulsa el aumento de peso &#8211; los alimentos que engordan m\u00e1s que usted come, m\u00e1s su cuerpo anhela los mismos alimentos poco saludables. Y este incre\u00edble tratamiento de p\u00e9rdida de peso ayurv\u00e9dica para la obesidad en Kerala India, le ayudar\u00e1 a disfrutar de todo el proceso de perder peso sin pasar hambre y se llega a darse cuenta pronto, lo que se ha estado perdiendo en la vida por tener sobrepeso u obesidad.[\/vc_column_text][vc_column_text]\n<h5><strong>Conozca su peso ideal<\/strong><\/h5>\n<p>Peso ideal [based on BMI or Body Mass Index] se ha utilizado durante mucho tiempo como indicador o medida de la salud y del riesgo de desarrollar enfermedades graves. La forma m\u00e1s sencilla de calcular tu peso ideal es restar 100 a tu estatura en cent\u00edmetros. Por ejemplo, si mides 177 cm, tu peso ideal es 177 &#8211; 100 = 77 kg. Y tu rango de peso saludable ser\u00eda de + o &#8211; 3 kg. es decir, entre 74 y 80. Por lo tanto, si tiene sobrepeso u obesidad, el objetivo ideal deber\u00eda ser perder peso hasta alcanzar 80 o menos.<\/p>\n<p>Sin embargo, adem\u00e1s del peso, otro par\u00e1metro se considera ahora igualmente importante como medida de la obesidad. Se conoce como WHR o ratio cintura\/cadera. Se considera obesidad una relaci\u00f3n cintura\/cadera superior a 0,90 en los hombres y superior a 0,85 en las mujeres. Esto, a su vez, indica un mayor riesgo de desarrollar enfermedades graves y afecta negativamente incluso a la fertilidad.[\/vc_column_text][\/vc_column][vc_column width=&#8221;1\/3&#8243; offset=&#8221;vc_hidden-xs&#8221;][vc_column_text css=&#8221;.vc_custom_1588229978406{background-color: #f8f7f7 !important;border-radius: 3px !important;}&#8221; el_class=&#8221;rr-menu&#8221;]\n<h4>Enlaces r\u00e1pidos<\/h4>\n<ul>\n<li><a href=\"https:\/\/ayurmana.in\/es\/habitaciones-y-suites\/\">Habitaciones y suites<\/a><br \/>\n<hr \/>\n<\/li>\n<li><a href=\"https:\/\/ayurmana.in\/es\/ayurveda-paquetes-kerala\/\">Nuestros paquetes<\/a><br \/>\n<hr \/>\n<\/li>\n<li><a href=\"https:\/\/ayurmana.in\/es\/reserva-de-habitaciones\/\">Reserva de habitaciones<\/a><br \/>\n<hr \/>\n<\/li>\n<li><a href=\"https:\/\/ayurmana.in\/es\/preguntas-frecuentes\/\">PREGUNTAS FRECUENTES<\/a><\/li>\n<\/ul>\n[\/vc_column_text][\/vc_column][\/vc_row][vc_row css=&#8221;.vc_custom_1577691134852{padding-top: 6px !important;}&#8221;][vc_column width=&#8221;1\/2&#8243;][vc_message message_box_color=&#8221;mulled_wine&#8221;]<strong>Causas comunes<\/strong>[\/vc_message][vc_column_text]\n<ul>\n<li>H\u00e1bitos alimentarios poco saludables<\/li>\n<li>Falta de ejercicio adecuado<\/li>\n<li>Efectos secundarios de medicamentos o f\u00e1rmacos<\/li>\n<li>Secundaria a otra enfermedad<\/li>\n<li>Desequilibrio hormonal<\/li>\n<li>Influencia gen\u00e9tica<\/li>\n<\/ul>\n[\/vc_column_text][\/vc_column][vc_column width=&#8221;1\/2&#8243;][vc_message message_box_color=&#8221;mulled_wine&#8221;]<strong>\u00bfQu\u00e9 puede esperar de nuestro programa?<\/strong>[\/vc_message][vc_column_text]\n<ul>\n<li>P\u00e9rdida de peso r\u00e1pida y segura<\/li>\n<li>Aumento palpable del nivel de energ\u00eda<\/li>\n<li>Mejora del tono muscular y la forma del cuerpo<\/li>\n<li>Disminuci\u00f3n del colesterol malo y aumento del bueno<\/li>\n<li>Mejor control del az\u00facar si es diab\u00e9tico<\/li>\n<li>Mejora dr\u00e1stica de la salud general y el estado de \u00e1nimo<\/li>\n<\/ul>\n[\/vc_column_text][\/vc_column][\/vc_row][vc_row][vc_column width=&#8221;2\/3&#8243; offset=&#8221;vc_hidden-lg vc_hidden-md vc_hidden-sm vc_hidden-xs&#8221;][\/vc_column][vc_column width=&#8221;1\/3&#8243; offset=&#8221;vc_hidden-lg vc_hidden-md vc_hidden-sm&#8221;][vc_empty_space height=&#8221;55px&#8221;][vc_column_text]\n<h4>TESTIMONIOS<\/h4>\n<p><em>Perd\u00ed m\u00e1s de 70 libras en ayurmana y cambi\u00f3 mi vida por completo. Mi diabetes y mi hipotiroidismo desaparecieron, estoy m\u00e1s activa, con m\u00e1s energ\u00eda y la gente dice que parezco al menos 10 a\u00f1os m\u00e1s joven.<\/em>[\/vc_column_text][vc_column_text]\n<p style=\"text-align: right;\"><strong>Abdul Mehsin, Kuwait<\/strong><\/p>\n[\/vc_column_text][vc_column_text]<em>Mi m\u00e9dico de cabecera me hab\u00eda sugerido la cirug\u00eda bari\u00e1trica porque padec\u00eda obesidad m\u00f3rbida. Estoy agradecida a ayurmana por ayudarme a perder m\u00e1s de 40 kilos y evitar la cirug\u00eda. <\/em>[\/vc_column_text][vc_column_text]\n<p style=\"text-align: right;\"><strong>Paul D&#8217; Souza, India<\/strong><\/p>\n[\/vc_column_text][vc_column_text css=&#8221;.vc_custom_1588231516103{background-color: #f8f7f7 !important;border-radius: 3px !important;}&#8221; el_class=&#8221;rr-menu&#8221;]\n<h4>Enlaces r\u00e1pidos<\/h4>\n<ul>\n<li><a href=\"https:\/\/ayurmana.in\/es\/habitaciones-y-suites\/\">Habitaciones y suites<\/a><br \/>\n<hr \/>\n<\/li>\n<li><a href=\"https:\/\/ayurmana.in\/es\/ayurveda-paquetes-kerala\/\">Nuestros paquetes<\/a><br \/>\n<hr \/>\n<\/li>\n<li><a href=\"https:\/\/ayurmana.in\/es\/reserva-de-habitaciones\/\">Reserva de habitaciones<\/a><br \/>\n<hr \/>\n<\/li>\n<li><a href=\"https:\/\/ayurmana.in\/es\/preguntas-frecuentes\/\">PREGUNTAS FRECUENTES<\/a><\/li>\n<\/ul>\n[\/vc_column_text][\/vc_column][\/vc_row]\n","protected":false},"excerpt":{"rendered":"<p>[vc_row css=&#8221;.vc_custom_1577035591276{padding-bottom: 6px !important;}&#8221;][vc_column width=&#8221;2\/3&#8243;][vc_column_text] Programa ayurv\u00e9dico de p\u00e9rdida de [&hellip;]<\/p>\n","protected":false},"author":1,"featured_media":0,"parent":0,"menu_order":0,"comment_status":"closed","ping_status":"closed","template":"","meta":{"_monsterinsights_skip_tracking":false,"_monsterinsights_sitenote_active":false,"_monsterinsights_sitenote_note":"","_monsterinsights_sitenote_category":0,"_joinchat":[],"footnotes":""},"class_list":["post-4534","page","type-page","status-publish","hentry"],"_links":{"self":[{"href":"https:\/\/ayurmana.in\/es\/wp-json\/wp\/v2\/pages\/4534","targetHints":{"allow":["GET"]}}],"collection":[{"href":"https:\/\/ayurmana.in\/es\/wp-json\/wp\/v2\/pages"}],"about":[{"href":"https:\/\/ayurmana.in\/es\/wp-json\/wp\/v2\/types\/page"}],"author":[{"embeddable":true,"href":"https:\/\/ayurmana.in\/es\/wp-json\/wp\/v2\/users\/1"}],"replies":[{"embeddable":true,"href":"https:\/\/ayurmana.in\/es\/wp-json\/wp\/v2\/comments?post=4534"}],"version-history":[{"count":0,"href":"https:\/\/ayurmana.in\/es\/wp-json\/wp\/v2\/pages\/4534\/revisions"}],"wp:attachment":[{"href":"https:\/\/ayurmana.in\/es\/wp-json\/wp\/v2\/media?parent=4534"}],"curies":[{"name":"wp","href":"https:\/\/api.w.org\/{rel}","templated":true}]}}