{"id":4535,"date":"2019-11-21T21:53:46","date_gmt":"2019-11-21T16:23:46","guid":{"rendered":"https:\/\/www.ayurmana.in\/artritis\/"},"modified":"2023-10-18T15:16:35","modified_gmt":"2023-10-18T09:46:35","slug":"artritis","status":"publish","type":"page","link":"https:\/\/ayurmana.in\/es\/artritis\/","title":{"rendered":"Artritis"},"content":{"rendered":"[vc_row css=&#8221;.vc_custom_1577039447178{padding-bottom: 6px !important;}&#8221;][vc_column width=&#8221;2\/3&#8243;][vc_column_text]\n&#13;\n<h1 class=\"wp-block-heading\">Tratamiento ayurv\u00e9dico eficaz para la artritis reumatoide y osteoartritis en Kerala (India)<\/h1>&#13;\n<p><\/p><\/p>\n<p>\n<br\/>[\/vc_column_text][vc_single_image image=&#8221;120&#8243; img_size=&#8221;large&#8221;][vc_column_text]&#13;\n<h3 class=\"wp-block-heading\">No dejes que el dolor y la rigidez limiten tu vida.<\/h3>&#13;\n<h3>Controla y Cura la Artritis de forma natural.<\/h3>&#13;\n[\/vc_column_text][\/vc_column][vc_column width=&#8221;1\/3&#8243; offset=&#8221;vc_hidden-xs&#8221;][vc_empty_space height=&#8221;115px&#8221;][vc_column_text]&#13;\n<h4>TESTIMONIOS<\/h4>&#13;\n<p style=\"text-align: justify;\"><em>I was suffering from RA and was under medications for 6 years. My fingers had\u00a0 deformity too. The improvement after 6 weeks of\u00a0 treatment was astonishing. The pain and swelling almost vanished, even the deformity decreased.<\/em><\/p>&#13;\n[\/vc_column_text][vc_column_text]&#13;\n<p style=\"text-align: right;\"><strong>Maunu Manninen, Finland<\/strong><\/p>&#13;\n[\/vc_column_text][vc_column_text]&#13;\n<p><em>In just 6 weeks my Osteoarthritis improved so much that I could walk without support after almost 4 years.<\/em><\/p>&#13;\n[\/vc_column_text][vc_column_text]&#13;\n<p style=\"text-align: right;\"><strong>Sumathi, India<\/strong><\/p>&#13;\n[\/vc_column_text][vc_empty_space height=&#8221;115px&#8221;][\/vc_column][\/vc_row][vc_row css=&#8221;.vc_custom_1577334170275{padding-top: 6px !important;padding-bottom: 6px !important;}&#8221;][vc_column width=&#8221;2\/3&#8243;][vc_column_text]<\/p>\n<p>\nArthritis is a condition that causes pain and inflammation in the joints and is one of the main cause of disability among populations worldwide. There are several types of arthritis like Osteoarthritis, Rheumatoid arthritis, Gout etc. The symptoms and age of onset may vary widely depending on the type of arthritis and the joints involved.&#13;\n<p><\/p><p>Los curanderos ayurv\u00e9dicos que profundizaron en la etiolog\u00eda de la artritis hace varios siglos, derivaron estrategias de tratamiento espec\u00edficas para distintos tipos de artritis. Estos tratamientos de eficacia probada han sido practicados por m\u00e9dicos ayurv\u00e9dicos a lo largo de los siglos y han curado a millones de personas que padec\u00edan esta enfermedad debilitante.<\/p>\n<p>\nThis Specialised Ayurvedic treatment for arthritis offered by AyurMana for rheumatoid arthritis, osteo arthritis and gout, combines profound ayurvedic therapies, yoga practises, potent herbal formulations, customised diets and natural supplements for quick and lasting results.\r\n<p><!-- \/wp:post-content --><\/p>\n[\/vc_column_text][\/vc_column][vc_column width=&#8221;1\/3&#8243; offset=&#8221;vc_hidden-xs&#8221;][vc_column_text css=&#8221;.vc_custom_1588230439461{padding-top: 20px !important;padding-right: 20px !important;padding-bottom: 20px !important;padding-left: 20px !important;background-color: #f7f8f8 !important;border-radius: 3px !important;}&#8221; el_class=&#8221;rr-menu&#8221;]\n<h4>Enlaces r\u00e1pidos<\/h4>\n<ul>\n<li><a href=\"https:\/\/ayurmana.in\/es\/habitaciones-y-suites\/\">Habitaciones y suites<\/a><br \/>\n<hr>\n<\/li>\n<li><a href=\"https:\/\/ayurmana.in\/es\/ayurveda-paquetes-kerala\/\">Nuestros paquetes<\/a><br \/>\n<hr>\n<\/li>\n<li><a href=\"https:\/\/ayurmana.in\/es\/reserva-de-habitaciones\/\">Reserva de habitaciones<\/a><br \/>\n<hr>\n<\/li>\n<li><a href=\"https:\/\/ayurmana.in\/es\/preguntas-frecuentes\/\">PREGUNTAS FRECUENTES<\/a><\/li>\n<\/ul>\n[\/vc_column_text][\/vc_column][\/vc_row][vc_row css=&#8221;.vc_custom_1577691638157{padding-top: 6px !important;}&#8221;][vc_column width=&#8221;1\/2&#8243;][vc_message message_box_color=&#8221;mulled_wine&#8221;]\n<p><strong>Causas comunes<\/strong><\/p>\n[\/vc_message][vc_column_text]\n<ul>\n<li>Factores hereditarios<\/li>\n<li>Estilo de vida f\u00edsicamente exigente<\/li>\n<li>Obesidad<\/li>\n<li>Determinados tipos de alimentos<\/li>\n<li>Lesiones anteriores<\/li>\n<li>Infecci\u00f3n<\/li>\n<li>Enfermedad autoinmune<\/li>\n<li>Reacci\u00f3n al\u00e9rgica<\/li>\n<li>Estr\u00e9s<\/li>\n<\/ul>\n[\/vc_column_text][\/vc_column][vc_column width=&#8221;1\/2&#8243;][vc_message message_box_color=&#8221;mulled_wine&#8221;]\n<p><strong>\u00bfQu\u00e9 puede esperar de nuestro programa?<\/strong><\/p>\n[\/vc_message][vc_column_text]\n<ul>\n<li>Control r\u00e1pido del dolor y la rigidez<\/li>\n<li>Detiene el proceso inflamatorio<\/li>\n<li>R\u00e1pida mejora de la movilidad<\/li>\n<li>Aumento de los niveles de energ\u00eda<\/li>\n<li>Mayor resistencia de las articulaciones<\/li>\n<li>Revertir en gran medida los da\u00f1os articulares<\/li>\n<\/ul>\n[\/vc_column_text][\/vc_column][\/vc_row][vc_row][vc_column width=&#8221;2\/3&#8243;][\/vc_column][vc_column width=&#8221;1\/3&#8243; offset=&#8221;vc_hidden-lg vc_hidden-md vc_hidden-sm&#8221;][vc_empty_space height=&#8221;35px&#8221;][vc_column_text]\n<h4>TESTIMONIOS<\/h4>\n<p style=\"text-align: justify;\"><em>Sufr\u00eda de artritis reumatoide y estuve bajo medicaci\u00f3n durante 6 a\u00f1os. Mis dedos tambi\u00e9n ten\u00edan deformidades. La mejora tras 6 semanas de tratamiento fue asombrosa. El dolor y la inflamaci\u00f3n casi desaparecieron, incluso la deformidad disminuy\u00f3.<\/em><\/p>\n[\/vc_column_text][vc_column_text]\n<p style=\"text-align: right;\"><strong>Maunu Manninen, Finlandia<\/strong><\/p>\n[\/vc_column_text][vc_column_text]\n<p><em>En s\u00f3lo 6 semanas mi artrosis mejor\u00f3 tanto que pude caminar sin apoyo despu\u00e9s de casi 4 a\u00f1os.<\/em><\/p>\n[\/vc_column_text][vc_column_text]\n<p style=\"text-align: right;\"><strong>Sumathi, India<\/strong><\/p>\n[\/vc_column_text][vc_empty_space height=&#8221;35px&#8221;][vc_column_text css=&#8221;.vc_custom_1588231107930{padding-top: 20px !important;padding-right: 20px !important;padding-bottom: 20px !important;padding-left: 20px !important;background-color: #f7f8f8 !important;border-radius: 3px !important;}&#8221; el_class=&#8221;rr-menu&#8221;]\n<h4>Enlaces r\u00e1pidos<\/h4>\n<ul>\n<li><a href=\"https:\/\/ayurmana.in\/es\/habitaciones-y-suites\/\">Habitaciones y suites<\/a><br \/>\n<hr>\n<\/li>\n<li><a href=\"https:\/\/ayurmana.in\/es\/ayurveda-paquetes-kerala\/\">Nuestros paquetes<\/a><br \/>\n<hr>\n<\/li>\n<li><a href=\"https:\/\/ayurmana.in\/es\/reserva-de-habitaciones\/\">Reserva de habitaciones<\/a><br \/>\n<hr>\n<\/li>\n<li><a href=\"https:\/\/ayurmana.in\/es\/preguntas-frecuentes\/\">PREGUNTAS FRECUENTES<\/a><\/li>\n<\/ul>\n[\/vc_column_text][\/vc_column][\/vc_row]\n","protected":false},"excerpt":{"rendered":"<p>[vc_row css=&#8221;.vc_custom_1577039447178{padding-bottom: 6px !important;}&#8221;][vc_column width=&#8221;2\/3&#8243;][vc_column_text] &#13; Tratamiento ayurv\u00e9dico eficaz para [&hellip;]<\/p>\n","protected":false},"author":1,"featured_media":0,"parent":0,"menu_order":0,"comment_status":"closed","ping_status":"closed","template":"","meta":{"_monsterinsights_skip_tracking":false,"_monsterinsights_sitenote_active":false,"_monsterinsights_sitenote_note":"","_monsterinsights_sitenote_category":0,"_joinchat":[],"footnotes":""},"class_list":["post-4535","page","type-page","status-publish","hentry"],"_links":{"self":[{"href":"https:\/\/ayurmana.in\/es\/wp-json\/wp\/v2\/pages\/4535","targetHints":{"allow":["GET"]}}],"collection":[{"href":"https:\/\/ayurmana.in\/es\/wp-json\/wp\/v2\/pages"}],"about":[{"href":"https:\/\/ayurmana.in\/es\/wp-json\/wp\/v2\/types\/page"}],"author":[{"embeddable":true,"href":"https:\/\/ayurmana.in\/es\/wp-json\/wp\/v2\/users\/1"}],"replies":[{"embeddable":true,"href":"https:\/\/ayurmana.in\/es\/wp-json\/wp\/v2\/comments?post=4535"}],"version-history":[{"count":0,"href":"https:\/\/ayurmana.in\/es\/wp-json\/wp\/v2\/pages\/4535\/revisions"}],"wp:attachment":[{"href":"https:\/\/ayurmana.in\/es\/wp-json\/wp\/v2\/media?parent=4535"}],"curies":[{"name":"wp","href":"https:\/\/api.w.org\/{rel}","templated":true}]}}