{"id":4554,"date":"2019-11-21T16:03:22","date_gmt":"2019-11-21T10:33:22","guid":{"rendered":"https:\/\/www.ayurmana.in\/instalaciones-para-huespedes\/"},"modified":"2023-10-18T15:15:22","modified_gmt":"2023-10-18T09:45:22","slug":"instalaciones-para-huespedes","status":"publish","type":"page","link":"https:\/\/ayurmana.in\/es\/instalaciones-para-huespedes\/","title":{"rendered":"Instalaciones para hu\u00e9spedes"},"content":{"rendered":"&#13;\n<h2 class=\"wp-block-heading\">Instalaciones para hu\u00e9spedes<\/h2>&#13;\n&#13;\n<p>En Ayurmana hemos hecho todo lo posible por crear un ambiente hogare\u00f1o para su estancia en Dharmagiri. El ambiente informal y relajado del retiro es intencionado y esencial para nuestro concepto de curaci\u00f3n.<\/p>&#13;\n&#13;\n<p><strong>AYURMANA<\/strong><\/p>&#13;\n&#13;\n<p>El Centro Ayurveda Dharma para la curaci\u00f3n avanzada cuenta con un bloque de tratamiento completo &#8211; AYURMANA, con instalaciones para ofrecer todos los tratamientos ayurv\u00e9dicos aut\u00e9nticos en la pr\u00e1ctica. Los pacientes pueden mantener consultas personalizadas con los m\u00e9dicos y discutir los progresos del tratamiento en la sala de m\u00e9dicos del Centro. La farmacia del bloque funciona como un laboratorio donde los terapeutas preparan y procesan las f\u00f3rmulas ayurv\u00e9dicas elegidas para el tratamiento.<\/p>&#13;\n&#13;\n<p><strong>LA ARBOLEDA SAGRADA<\/strong><\/p>&#13;\n&#13;\n<p>Un peque\u00f1o paseo hasta la cima de Dharmagiri le conducir\u00e1 a la arboleda sagrada, donde podr\u00e1 meditar bajo la suave sombra de los \u00e1rboles, practicar asanas de yoga o simplemente relajarse con el relajante sonido de la suave brisa y la vista panor\u00e1mica de las tierras altas.<\/p>&#13;\n&#13;\n<p><strong>PISTA DE PASEO<\/strong><\/p>&#13;\n&#13;\n<p>Los paseos matutinos y vespertinos se transforman en una meditaci\u00f3n en Dharmagiri. El relajante sol, el trinar de los p\u00e1jaros, la suave brisa y las cambiantes tonalidades del horizonte har\u00e1n de su paseo una actividad que esperar\u00e1 con impaciencia cada d\u00eda.<\/p>&#13;\n&#13;\n<p><strong>HUERTO DE HIERBAS<\/strong><\/p>&#13;\n&#13;\n<p>Nuestro jard\u00edn de hierbas alberga una variedad de hierbas, arbustos y \u00e1rboles utilizados para la curaci\u00f3n en Ayurveda, cultivados con amor con un ojo para la educaci\u00f3n y la difusi\u00f3n de la conciencia.<\/p>&#13;\n&#13;\n<p><strong>COCINA AYURV\u00c9DICA<\/strong><\/p>&#13;\n&#13;\n<p>En el Ayurveda, los alimentos desempe\u00f1an un papel importante en la curaci\u00f3n. Nuestros sanadores creen que los alimentos que ingieres deben aportar una nueva exuberancia a tu cuerpo. Por eso hacemos todo lo posible para que la comida que servimos sea tan ligera y sabrosa como sana y energizante.<\/p>&#13;\n&#13;\n<p><strong>COCINA BUDHA<\/strong><\/p>&#13;\n&#13;\n<p>Nuestra cocina de Buda sirve refrescos como t\u00e9s, aperitivos, etc. durante todo el d\u00eda, todo ello mientras los hu\u00e9spedes disfrutan de la serena vista de las verdes tierras altas.<\/p>&#13;\n&#13;\n<p><strong>INTERNET y TV POR SAT\u00c9LITE<\/strong><\/p>&#13;\n&#13;\n<p>Creemos firmemente que su estancia en Dharmagiri le reportar\u00e1 los m\u00e1ximos beneficios si minimiza los desencadenantes del estr\u00e9s de la vida profesional y social. Pero si es muy importante, podemos ayudarle a conseguir una tarjeta SIM 3G para utilizarla con una tableta o un dongle de Internet. Las habitaciones de categor\u00eda superior disponen de TV v\u00eda sat\u00e9lite con una amplia oferta de canales nacionales e internacionales.<\/p>&#13;\n&#13;\n<p><strong>MOSTRADOR DE VIAJES<\/strong><\/p>&#13;\n&#13;\n<p>Podemos organizar para usted visitas a la ciudad o a lugares de inter\u00e9s cercanos, ayudarle a comprar entradas y otros servicios de reserva y obtener cualquier informaci\u00f3n relacionada con sus viajes. Tambi\u00e9n nos aseguramos de que su recogida y entrega en el aeropuerto se organice meticulosamente.<\/p>&#13;\n","protected":false},"excerpt":{"rendered":"<p>&#13; Instalaciones para hu\u00e9spedes &#13; &#13; En Ayurmana hemos hecho [&hellip;]<\/p>\n","protected":false},"author":1,"featured_media":0,"parent":0,"menu_order":0,"comment_status":"closed","ping_status":"closed","template":"","meta":{"_monsterinsights_skip_tracking":false,"_monsterinsights_sitenote_active":false,"_monsterinsights_sitenote_note":"","_monsterinsights_sitenote_category":0,"_joinchat":[],"footnotes":""},"class_list":["post-4554","page","type-page","status-publish","hentry"],"_links":{"self":[{"href":"https:\/\/ayurmana.in\/es\/wp-json\/wp\/v2\/pages\/4554","targetHints":{"allow":["GET"]}}],"collection":[{"href":"https:\/\/ayurmana.in\/es\/wp-json\/wp\/v2\/pages"}],"about":[{"href":"https:\/\/ayurmana.in\/es\/wp-json\/wp\/v2\/types\/page"}],"author":[{"embeddable":true,"href":"https:\/\/ayurmana.in\/es\/wp-json\/wp\/v2\/users\/1"}],"replies":[{"embeddable":true,"href":"https:\/\/ayurmana.in\/es\/wp-json\/wp\/v2\/comments?post=4554"}],"version-history":[{"count":0,"href":"https:\/\/ayurmana.in\/es\/wp-json\/wp\/v2\/pages\/4554\/revisions"}],"wp:attachment":[{"href":"https:\/\/ayurmana.in\/es\/wp-json\/wp\/v2\/media?parent=4554"}],"curies":[{"name":"wp","href":"https:\/\/api.w.org\/{rel}","templated":true}]}}