{"id":4594,"date":"2019-11-21T21:42:57","date_gmt":"2019-11-21T16:12:57","guid":{"rendered":"https:\/\/www.ayurmana.in\/estres-depresion\/"},"modified":"2023-10-18T14:22:09","modified_gmt":"2023-10-18T08:52:09","slug":"estres-depresion","status":"publish","type":"page","link":"https:\/\/ayurmana.in\/es\/estres-depresion\/","title":{"rendered":"Estr\u00e9s\/Depresi\u00f3n"},"content":{"rendered":"[vc_row css=&#8221;.vc_custom_1577039151046{padding-bottom: 6px !important;}&#8221;][vc_column width=&#8221;2\/3&#8243; css=&#8221;.vc_custom_1577695401698{padding-bottom: 6px !important;}&#8221;][vc_column_text]\r\n<h1>Tratamiento ayurv\u00e9dico de la depresi\u00f3n, el estr\u00e9s y la ansiedad<\/h1>\r\n[\/vc_column_text][vc_single_image image=&#8221;116&#8243; img_size=&#8221;large&#8221;][vc_column_text]\r\n<h3>No dejes que el estr\u00e9s haga estragos en tu cuerpo y tu mente<\/h3>\r\n[\/vc_column_text][\/vc_column][vc_column width=&#8221;1\/3&#8243; offset=&#8221;vc_hidden-xs&#8221;][vc_empty_space height=&#8221;95px&#8221;][vc_column_text]\r\n<h4>TESTIMONIOS<\/h4>\r\n<p><em>Desde hace varios a\u00f1os no pod\u00eda dormir sin tomar sedantes o antidepresivos. Despu\u00e9s del tratamiento ayurv\u00e9dico, dej\u00e9 ambas cosas y me siento mejor que nunca.<\/em><\/p>\r\n[\/vc_column_text][vc_column_text]\r\n<p style=\"text-align: right;\"><strong>Lynn R Williams, EE.UU.<\/strong><\/p>\r\n[\/vc_column_text][vc_column_text]\r\n<p><em>Sol\u00eda sufrir fatiga cr\u00f3nica y bajo estado de \u00e1nimo. El tratamiento ayurv\u00e9dico me cambi\u00f3 totalmente. Me siento fresco, renovado y he recuperado una buena forma f\u00edsica.<\/em><\/p>\r\n[\/vc_column_text][vc_column_text]\r\n<p style=\"text-align: right;\"><strong>Fiona, Reino Unido<\/strong><\/p>\r\n[\/vc_column_text][\/vc_column][\/vc_row][vc_row css=&#8221;.vc_custom_1577695999735{padding-top: 10px !important;padding-bottom: 10px !important;}&#8221;][vc_column width=&#8221;2\/3&#8243;][vc_column_text]\r\n\r\n<p>Stress related diseases and health issues are rising sharply worldwide, perhaps caused by factors ranging from highly demanding work environments and volatile relationships to declining health and lack of quality time for oneself.<\/p>\r\n<p><!-- \/wp:post-content -->Dharma\u2019s time proven therapies use specialised massages and therapies to release the knots and spasms that have built in the muscles over time, flush out toxins that have accumulated in the system and relieve inflammations from the body. As the stresses in the muscles are released, the stresses in the mind too start to unwind. The shirodhara sessions where soothingly warmed medicinal oil is streamed onto the forehead will steadily transport you to deep levels of relaxation and peace. Our Yoga Master will guide and train you in specialized yogic routines and meditation techniques to conquer and manage stress, even when you are surrounded by chaos. So it won\u2019t be just fond memories that you will take along when you leave the center, but ancient practises and wisdom too that will stand you in good stead when facing the challenges and burdens that may lie ahead.<\/p>\r\n<p><!-- wp:separator {\"className\":\"is-style-wide\"} -->[\/vc_column_text][\/vc_column][vc_column width=&#8221;1\/3&#8243; offset=&#8221;vc_hidden-xs&#8221;][vc_column_text el_class=&#8221;rr-menu&#8221;]\r\n<h4>Enlaces r\u00e1pidos<\/h4>\r\n<ul>\r\n<li><a href=\"https:\/\/ayurmana.in\/es\/habitaciones-y-suites\/\">Habitaciones y suites<\/a><br \/><hr \/><\/li>\r\n<li><a href=\"https:\/\/ayurmana.in\/es\/ayurveda-paquetes-kerala\/\">Nuestros paquetes<\/a><br \/><hr \/><\/li>\r\n<li><a href=\"https:\/\/ayurmana.in\/es\/reserva-de-habitaciones\/\">Reserva de habitaciones<\/a><br \/><hr \/><\/li>\r\n<li><a href=\"https:\/\/ayurmana.in\/es\/preguntas-frecuentes\/\">PREGUNTAS FRECUENTES<\/a><\/li>\r\n<\/ul>\r\n[\/vc_column_text][\/vc_column][\/vc_row][vc_row css=&#8221;.vc_custom_1577694926236{padding-top: 6px !important;}&#8221;][vc_column width=&#8221;1\/2&#8243;][vc_message message_box_color=&#8221;mulled_wine&#8221;]\r\n<p><strong>Quejas comunes<\/strong><\/p>\r\n[\/vc_message][vc_column_text]\r\n<ul>\r\n<li>Fatiga<\/li>\r\n<li>Dolores de cabeza<\/li>\r\n<li>Intestino irritable<\/li>\r\n<li>Dolores de espalda y articulaciones<\/li>\r\n<li>Sue\u00f1o alterado<\/li>\r\n<li>Cambios de humor<\/li>\r\n<\/ul>\r\n[\/vc_column_text][\/vc_column][vc_column width=&#8221;1\/2&#8243;][vc_message message_box_color=&#8221;mulled_wine&#8221;]\r\n<p><strong>\u00bfQu\u00e9 puede esperar de nuestro programa?<\/strong><\/p>\r\n[\/vc_message][vc_column_text]\r\n<ul>\r\n<li>Nuevas energ\u00edas<\/li>\r\n<li>Aliviar dolores y molestias<\/li>\r\n<li>Relaja el cuerpo y la mente<\/li>\r\n<li>Mejora el patr\u00f3n de sue\u00f1o<\/li>\r\n<li>Mejora la estabilidad emocional<\/li>\r\n<li>Mejora la salud general y la inmunidad<\/li>\r\n<\/ul>\r\n[\/vc_column_text][\/vc_column][\/vc_row][vc_row][vc_column width=&#8221;2\/3&#8243;][\/vc_column][vc_column width=&#8221;1\/3&#8243; offset=&#8221;vc_hidden-lg vc_hidden-md vc_hidden-sm&#8221;][vc_empty_space height=&#8221;55px&#8221;][vc_column_text]\r\n<h4>TESTIMONIOS<\/h4>\r\n<p><em>Desde hace varios a\u00f1os no pod\u00eda dormir sin tomar sedantes o antidepresivos. Despu\u00e9s del tratamiento ayurv\u00e9dico, dej\u00e9 ambas cosas y me siento mejor que nunca.<\/em><\/p>\r\n[\/vc_column_text][vc_column_text]\r\n<p style=\"text-align: right;\"><strong>Lynn R Williams, EE.UU.<\/strong><\/p>\r\n[\/vc_column_text][vc_column_text]\r\n<p><em>Sol\u00eda sufrir fatiga cr\u00f3nica y bajo estado de \u00e1nimo. El tratamiento ayurv\u00e9dico me cambi\u00f3 totalmente. Me siento fresco, renovado y he recuperado una buena forma f\u00edsica.<\/em><\/p>\r\n[\/vc_column_text][vc_column_text]\r\n<p style=\"text-align: right;\"><strong>Fiona, Reino Unido<\/strong><\/p>\r\n[\/vc_column_text][vc_column_text el_class=&#8221;rr-menu&#8221;]\r\n<h4>Enlaces r\u00e1pidos<\/h4>\r\n<ul>\r\n<li><a href=\"https:\/\/ayurmana.in\/es\/habitaciones-y-suites\/\">Habitaciones y suites<\/a><br \/><hr \/><\/li>\r\n<li><a href=\"https:\/\/ayurmana.in\/es\/ayurveda-paquetes-kerala\/\">Nuestros paquetes<\/a><br \/><hr \/><\/li>\r\n<li><a href=\"https:\/\/ayurmana.in\/es\/reserva-de-habitaciones\/\">Reserva de habitaciones<\/a><br \/><hr \/><\/li>\r\n<li><a href=\"https:\/\/ayurmana.in\/es\/preguntas-frecuentes\/\">PREGUNTAS FRECUENTES<\/a><\/li>\r\n<\/ul>\r\n[\/vc_column_text][\/vc_column][\/vc_row]","protected":false},"excerpt":{"rendered":"<p>[vc_row css=&#8221;.vc_custom_1577039151046{padding-bottom: 6px !important;}&#8221;][vc_column width=&#8221;2\/3&#8243; css=&#8221;.vc_custom_1577695401698{padding-bottom: 6px !important;}&#8221;][vc_column_text] Tratamiento ayurv\u00e9dico [&hellip;]<\/p>\n","protected":false},"author":1,"featured_media":0,"parent":0,"menu_order":0,"comment_status":"closed","ping_status":"closed","template":"","meta":{"_monsterinsights_skip_tracking":false,"_monsterinsights_sitenote_active":false,"_monsterinsights_sitenote_note":"","_monsterinsights_sitenote_category":0,"_joinchat":[],"footnotes":""},"class_list":["post-4594","page","type-page","status-publish","hentry"],"_links":{"self":[{"href":"https:\/\/ayurmana.in\/es\/wp-json\/wp\/v2\/pages\/4594","targetHints":{"allow":["GET"]}}],"collection":[{"href":"https:\/\/ayurmana.in\/es\/wp-json\/wp\/v2\/pages"}],"about":[{"href":"https:\/\/ayurmana.in\/es\/wp-json\/wp\/v2\/types\/page"}],"author":[{"embeddable":true,"href":"https:\/\/ayurmana.in\/es\/wp-json\/wp\/v2\/users\/1"}],"replies":[{"embeddable":true,"href":"https:\/\/ayurmana.in\/es\/wp-json\/wp\/v2\/comments?post=4594"}],"version-history":[{"count":0,"href":"https:\/\/ayurmana.in\/es\/wp-json\/wp\/v2\/pages\/4594\/revisions"}],"wp:attachment":[{"href":"https:\/\/ayurmana.in\/es\/wp-json\/wp\/v2\/media?parent=4594"}],"curies":[{"name":"wp","href":"https:\/\/api.w.org\/{rel}","templated":true}]}}