{"id":4623,"date":"2019-11-21T20:58:44","date_gmt":"2019-11-21T15:28:44","guid":{"rendered":"https:\/\/www.ayurmana.in\/diabetes\/"},"modified":"2023-10-18T15:15:24","modified_gmt":"2023-10-18T09:45:24","slug":"diabetes","status":"publish","type":"page","link":"https:\/\/ayurmana.in\/es\/diabetes\/","title":{"rendered":"Diabetes"},"content":{"rendered":"[vc_row css=&#8221;.vc_custom_1577384645434{padding-bottom: 6px !important;}&#8221;][vc_column width=&#8221;2\/3&#8243; css=&#8221;.vc_custom_1577696343492{padding-bottom: 6px !important;}&#8221;][vc_column_text]\n<h1>Programa de tratamiento ayurv\u00e9dico eficaz para la diabetes en Kerala (India)<\/h1>\n[\/vc_column_text][vc_single_image image=&#8221;104&#8243; img_size=&#8221;large&#8221;][vc_column_text]\n<h3>Libres de diabetes de tipo 2<\/h3>\n<h3>No dejes que la diabetes dicte tu vida<\/h3>\n[\/vc_column_text][\/vc_column][vc_column width=&#8221;1\/3&#8243; offset=&#8221;vc_hidden-xs&#8221;][vc_empty_space height=&#8221;55px&#8221;][vc_empty_space height=&#8221;55px&#8221;][vc_column_text]\n<h4>TESTIMONIOS<\/h4>\n<p><em>Me pon\u00eda insulina 80 unidades al d\u00eda cuando vine a recibir tratamiento. Ahora ya no tomo insulina y mi nivel de az\u00facar en sangre ha vuelto a la normalidad.<\/em>[\/vc_column_text][vc_column_text]\n<p style=\"text-align: right;\"><strong>Reno Greve, Noruega<\/strong><\/p>\n[\/vc_column_text][vc_column_text]\n<p><em>Tomaba insulina y otros dos medicamentos para la diabetes. El tratamiento ayurv\u00e9dico dio grandes resultados. He dejado la insulina, el hipoglucemiante oral y las pastillas y aun as\u00ed mi az\u00facar es normal.<\/em><\/p>\n[\/vc_column_text][vc_column_text]\n<p style=\"text-align: right;\"><strong>Sweta Tivari, Patna<\/strong><\/p>\n[\/vc_column_text][\/vc_column][\/vc_row][vc_row css=&#8221;.vc_custom_1577384784092{padding-top: 6px !important;padding-bottom: 20px !important;}&#8221;][vc_column width=&#8221;2\/3&#8243;][vc_column_text]La diabetes es una enfermedad en la que una persona tiene altos niveles de az\u00facar en sangre. En la diabetes de tipo 2, esto se debe a que el p\u00e1ncreas produce cantidades inadecuadas de insulina o a que el organismo no responde adecuadamente a la insulina producida (lo que se conoce como resistencia a la insulina).<\/p>\n<p>La descripci\u00f3n m\u00e1s antigua de la diabetes mellitus en la historia se encuentra en las escrituras ayurv\u00e9dicas que datan del a\u00f1o 1500 a.C. aproximadamente. Los m\u00e9dicos ayurv\u00e9dicos la llamaban &#8220;Madhumeha&#8221;, que significa orina de miel u orina dulce, dilucidando que la orina de una persona diab\u00e9tica atraer\u00eda a las hormigas. Las escrituras ayurv\u00e9dicas Charaka samhita y Susruta samhita fueron m\u00e1s all\u00e1 explicando dos tipos principales de Madhumeha. El tipo 1 afecta a los j\u00f3venes y el tipo 2 se asocia al peso corporal.<\/p>\n<p>El renombrado programa de tratamiento ayurv\u00e9dico de la diabetes, que se ofrece en el retiro para diab\u00e9ticos de Dharma Ayurveda, consiste principalmente en reactivar y rejuvenecer las c\u00e9lulas beta de los islotes de Langerhans del p\u00e1ncreas para que produzcan la insulina adecuada y en mejorar la capacidad de respuesta de los tejidos corporales, especialmente de las c\u00e9lulas musculares y adiposas, a la insulina secretada. Las modificaciones del estilo de vida y los ajustes de la dieta tambi\u00e9n se emplean para controlar r\u00e1pidamente los niveles de az\u00facar en sangre.<\/p>\n<p>Estad\u00edsticamente, m\u00e1s del 90% de los casos de diabetes son de tipo 2. A diferencia del tipo 1, el tipo 2 puede ser tratado con \u00e9xito para lograr un control \u00f3ptimo de az\u00facar en la sangre e incluso puede ser curable por el tratamiento ayurv\u00e9dico de AyurMana para la diabetes en Kerala.[\/vc_column_text][\/vc_column][vc_column width=&#8221;1\/3&#8243; offset=&#8221;vc_hidden-xs&#8221;][vc_column_text el_class=&#8221;rr-menu&#8221;]\n<h4>Enlaces r\u00e1pidos<\/h4>\n<ul>\n<li><a href=\"https:\/\/ayurmana.in\/es\/habitaciones-y-suites\/\">Habitaciones y suites<\/a><br \/>\n<hr>\n<\/li>\n<li><a href=\"https:\/\/ayurmana.in\/es\/ayurveda-paquetes-kerala\/\">Nuestros paquetes<\/a><br \/>\n<hr>\n<\/li>\n<li><a href=\"https:\/\/ayurmana.in\/es\/reserva-de-habitaciones\/\">Reserva de habitaciones<\/a><br \/>\n<hr>\n<\/li>\n<li><a href=\"https:\/\/ayurmana.in\/es\/preguntas-frecuentes\/\">PREGUNTAS FRECUENTES<\/a><\/li>\n<\/ul>\n[\/vc_column_text][\/vc_column][\/vc_row][vc_row css=&#8221;.vc_custom_1577038844768{padding-top: 6px !important;}&#8221;][vc_column width=&#8221;1\/2&#8243;][vc_message message_box_color=&#8221;mulled_wine&#8221;]<strong>S\u00edntomas comunes<\/strong>[\/vc_message][vc_column_text]\n<ul>\n<li>Micci\u00f3n frecuente<\/li>\n<li>Aumento de la sed<\/li>\n<li>Aumento del hambre<\/li>\n<li>Visi\u00f3n borrosa<\/li>\n<li>Erupciones cut\u00e1neas<\/li>\n<li>Fatiga<\/li>\n<li>Infecciones frecuentes<\/li>\n<li>\u00dalceras de curaci\u00f3n lenta<\/li>\n<\/ul>\n[\/vc_column_text][\/vc_column][vc_column width=&#8221;1\/2&#8243;][vc_message message_box_color=&#8221;mulled_wine&#8221;]<strong>\u00bfQu\u00e9 puede esperar de nuestro programa?<\/strong>[\/vc_message][vc_column_text]\n<ul class=\"inline list-01\">\n<li>Control estable de la glucemia<\/li>\n<li>Reducir o suspender los medicamentos para la diabetes<\/li>\n<li>Marcada mejor\u00eda de los s\u00edntomas<\/li>\n<li>Aumento de los niveles de energ\u00eda<\/li>\n<li>Mejora de la inmunidad<\/li>\n<li>Mejora de la salud cardiovascular<\/li>\n<\/ul>\n[\/vc_column_text][\/vc_column][\/vc_row][vc_row][vc_column width=&#8221;2\/3&#8243;][\/vc_column][vc_column width=&#8221;1\/3&#8243; offset=&#8221;vc_hidden-lg vc_hidden-md vc_hidden-sm&#8221;][vc_empty_space height=&#8221;55px&#8221;][vc_column_text]\n<h4>TESTIMONIOS<\/h4>\n<p><em>Me pon\u00eda insulina 80 unidades al d\u00eda cuando vine a recibir tratamiento. Ahora ya no tomo insulina y mi nivel de az\u00facar en sangre ha vuelto a la normalidad.<\/em>[\/vc_column_text][vc_column_text]\n<p style=\"text-align: right;\"><strong>Reno Greve, Noruega<\/strong><\/p>\n[\/vc_column_text][vc_column_text]\n<p><em>Tomaba insulina y otros dos medicamentos para la diabetes. El tratamiento ayurv\u00e9dico dio grandes resultados. He dejado la insulina, el hipoglucemiante oral y las pastillas y aun as\u00ed mi az\u00facar es normal.<\/em><\/p>\n[\/vc_column_text][vc_column_text]\n<p style=\"text-align: right;\"><strong>Sweta Tivari, India<\/strong><\/p>\n[\/vc_column_text][vc_column_text el_class=&#8221;rr-menu&#8221;]\n<h4>Enlaces r\u00e1pidos<\/h4>\n<ul>\n<li><a href=\"https:\/\/ayurmana.in\/es\/habitaciones-y-suites\/\">Habitaciones y suites<\/a><br \/>\n<hr>\n<\/li>\n<li><a href=\"https:\/\/ayurmana.in\/es\/ayurveda-paquetes-kerala\/\">Nuestros paquetes<\/a><br \/>\n<hr>\n<\/li>\n<li><a href=\"https:\/\/ayurmana.in\/es\/reserva-de-habitaciones\/\">Reserva de habitaciones<\/a><br \/>\n<hr>\n<\/li>\n<li><a href=\"https:\/\/ayurmana.in\/es\/preguntas-frecuentes\/\">PREGUNTAS FRECUENTES<\/a><\/li>\n<\/ul>\n[\/vc_column_text][\/vc_column][\/vc_row]\n","protected":false},"excerpt":{"rendered":"<p>[vc_row css=&#8221;.vc_custom_1577384645434{padding-bottom: 6px !important;}&#8221;][vc_column width=&#8221;2\/3&#8243; css=&#8221;.vc_custom_1577696343492{padding-bottom: 6px !important;}&#8221;][vc_column_text] Programa de [&hellip;]<\/p>\n","protected":false},"author":1,"featured_media":0,"parent":0,"menu_order":0,"comment_status":"closed","ping_status":"closed","template":"","meta":{"_monsterinsights_skip_tracking":false,"_monsterinsights_sitenote_active":false,"_monsterinsights_sitenote_note":"","_monsterinsights_sitenote_category":0,"_joinchat":[],"footnotes":""},"class_list":["post-4623","page","type-page","status-publish","hentry"],"_links":{"self":[{"href":"https:\/\/ayurmana.in\/es\/wp-json\/wp\/v2\/pages\/4623","targetHints":{"allow":["GET"]}}],"collection":[{"href":"https:\/\/ayurmana.in\/es\/wp-json\/wp\/v2\/pages"}],"about":[{"href":"https:\/\/ayurmana.in\/es\/wp-json\/wp\/v2\/types\/page"}],"author":[{"embeddable":true,"href":"https:\/\/ayurmana.in\/es\/wp-json\/wp\/v2\/users\/1"}],"replies":[{"embeddable":true,"href":"https:\/\/ayurmana.in\/es\/wp-json\/wp\/v2\/comments?post=4623"}],"version-history":[{"count":0,"href":"https:\/\/ayurmana.in\/es\/wp-json\/wp\/v2\/pages\/4623\/revisions"}],"wp:attachment":[{"href":"https:\/\/ayurmana.in\/es\/wp-json\/wp\/v2\/media?parent=4623"}],"curies":[{"name":"wp","href":"https:\/\/api.w.org\/{rel}","templated":true}]}}