{"id":4630,"date":"2019-12-02T11:04:17","date_gmt":"2019-12-02T05:34:17","guid":{"rendered":"https:\/\/www.ayurmana.in\/ayurveda-paquetes-kerala\/"},"modified":"2024-03-31T12:52:29","modified_gmt":"2024-03-31T07:22:29","slug":"ayurveda-paquetes-kerala","status":"publish","type":"page","link":"https:\/\/ayurmana.in\/es\/ayurveda-paquetes-kerala\/","title":{"rendered":"Ayurveda-Paquetes-Kerala"},"content":{"rendered":"[vc_row css=&#8221;.vc_custom_1577793916934{padding-bottom: 6px !important;}&#8221;][vc_column][vc_column_text]\n<h1>Tratamiento ayurv\u00e9dico de primera calidad y paquetes ayurv\u00e9dicos asequibles en Kerala<\/h1>\n[\/vc_column_text][vc_column_text]\n<p class=\"swift-in-viewport\">Ayurmana ofrece una amplia gama de programas de tratamiento ayurv\u00e9dico de primera calidad para la curaci\u00f3n y el bienestar. Con una gama de diferentes categor\u00edas de habitaciones, desde est\u00e1ndar a suite privada, estos paquetes inclusivos ponen las curas \u00fanicas y los tratamientos especializados al alcance de un mayor n\u00famero de personas que sufren. Los paquetes cubren todos los gastos del tratamiento en el centro y el alojamiento privado que elija. Todas las categor\u00edas de habitaciones, desde la est\u00e1ndar sin aire acondicionado hasta la suite privada con aire acondicionado, disponen de cuarto de ba\u00f1o privado con agua caliente las 24 horas del d\u00eda y servicios que van desde televisi\u00f3n multicanal hasta conexi\u00f3n gratuita a Internet por wifi. Todas las comidas del plan diet\u00e9tico ayurv\u00e9dico est\u00e1ndar del centro son gratuitas para el paciente. Consulte las inclusiones del programa y no dude en ponerse en contacto con nosotros para cualquier aclaraci\u00f3n.<\/p>\n<p class=\"swift-in-viewport\">Siguiendo la tradici\u00f3n de la familia dharma desde 1965, en el paquete est\u00e1ndar sin aire acondicionado no se cobra alojamiento. Esta oferta GRATUITA beneficia a los pacientes con limitaciones presupuestarias.<\/p>\n<p>El n\u00famero limitado de programas y enfermedades que figuran en este sitio web s\u00f3lo pretende dar una idea b\u00e1sica al visitante y no incluye todos los programas de tratamiento especializado y curas que ofrece el centro. No dude en ponerse en contacto con nuestro equipo m\u00e9dico en relaci\u00f3n con sus problemas de salud. Nuestros amables m\u00e9dicos estar\u00e1n encantados de responderle con sus sugerencias y posibilidades de tratamiento.[\/vc_column_text][\/vc_column][\/vc_row][vc_row css=&#8221;.vc_custom_1577793930890{padding-top: 6px !important;}&#8221;][vc_column][vc_column_text]\n<h2>Paquetes de tratamiento t\u00edpicos<\/h2>\n[\/vc_column_text][vc_tta_tabs style=&#8221;modern&#8221; active_section=&#8221;1&#8243;][vc_tta_section title=&#8221;Paquete personalizado&#8221; tab_id=&#8221;1579680485179-848c1231-bc79&#8243;][vc_row_inner][vc_column_inner width=&#8221;1\/2&#8243;][vc_single_image image=&#8221;2296&#8243; img_size=&#8221;full&#8221;][\/vc_column_inner][vc_column_inner width=&#8221;1\/2&#8243;][vc_column_text]\n<h3><a href=\"#\">Programa personalizado<\/a><\/h3>\n[\/vc_column_text][vc_column_text]\n<p><strong>Incluye:<\/strong><br \/>\n1. Alojamiento privado en la categor\u00eda de habitaci\u00f3n de su elecci\u00f3n<br \/>\n2. Consultas con los m\u00e9dicos de nuestro Centro<br \/>\n3. Dos grandes terapias diarias<br \/>\n4. Sesi\u00f3n matinal de yoga en grupo<br \/>\n5. Todos los suplementos \/ medicamentos a base de hierbas durante su estancia<br \/>\n6. Todas las comidas del plan de dieta ayurv\u00e9dica<\/p>\n[\/vc_column_text][\/vc_column_inner][\/vc_row_inner][\/vc_tta_section][vc_tta_section title=&#8221;Adelgazar&#8221; tab_id=&#8221;1576692971878-dfbc2d2f-cf71&#8243;][vc_row_inner][vc_column_inner width=&#8221;1\/2&#8243;][vc_single_image image=&#8221;75&#8243; img_size=&#8221;full&#8221;][\/vc_column_inner][vc_column_inner width=&#8221;1\/2&#8243;][vc_column_text]\n<h3><a href=\"https:\/\/ayurmana.in\/treatment\/obesity\/\">Programa de adelgazamiento<\/a><\/h3>\n[\/vc_column_text][vc_column_text]\n<p><strong>Incluye:<\/strong><br \/>\n1. Alojamiento privado en la categor\u00eda de habitaci\u00f3n de su elecci\u00f3n<br \/>\n2. Consultas con los m\u00e9dicos de nuestro Centro<br \/>\n3. Dos grandes terapias diarias<br \/>\n4. Sesi\u00f3n matinal de yoga en grupo<br \/>\n5. Todos los suplementos \/ medicamentos a base de hierbas durante su estancia<br \/>\n6. Todas las comidas del plan de dieta ayurv\u00e9dica<\/p>\n[\/vc_column_text][\/vc_column_inner][\/vc_row_inner][vc_empty_space][\/vc_tta_section][vc_tta_section title=&#8221;Artritis&#8221; tab_id=&#8221;1576692971934-d614b9b2-0734&#8243;][vc_row_inner][vc_column_inner width=&#8221;1\/2&#8243;][vc_single_image image=&#8221;120&#8243; img_size=&#8221;full&#8221;][\/vc_column_inner][vc_column_inner width=&#8221;1\/2&#8243;][vc_column_text]\n<h3><a href=\"https:\/\/ayurmana.in\/treatment\/arthritis\/\">Programa de artritis<\/a><\/h3>\n[\/vc_column_text][vc_column_text]<strong>Incluye:<\/strong><br \/>\n1. Alojamiento privado en la categor\u00eda de habitaci\u00f3n de su elecci\u00f3n<br \/>\n2. Consultas con los m\u00e9dicos de nuestro Centro<br \/>\n3. Dos grandes terapias diarias<br \/>\n4. Sesi\u00f3n matinal de yoga en grupo<br \/>\n5. Todos los suplementos \/ medicamentos a base de hierbas durante su estancia<br \/>\n6. Todas las comidas del plan de dieta ayurv\u00e9dica[\/vc_column_text][\/vc_column_inner][\/vc_row_inner][vc_empty_space][\/vc_tta_section][vc_tta_section title=&#8221;Migra\u00f1a&#8221; tab_id=&#8221;1576693073400-1461aa08-228a&#8221;][vc_row_inner][vc_column_inner width=&#8221;1\/2&#8243;][vc_single_image image=&#8221;172&#8243; img_size=&#8221;891x317px&#8221;][\/vc_column_inner][vc_column_inner width=&#8221;1\/2&#8243;][vc_column_text]\n<h3><a href=\"https:\/\/ayurmana.in\/treatment\/migraine\/\">Programa contra la migra\u00f1a<\/a><\/h3>\n[\/vc_column_text][vc_column_text]<strong>Incluye:<\/strong><br \/>\n1. Alojamiento privado en la categor\u00eda de habitaci\u00f3n de su elecci\u00f3n<br \/>\n2. Consultas con los m\u00e9dicos de nuestro Centro<br \/>\n3. Dos grandes terapias diarias<br \/>\n4. Sesi\u00f3n matinal de yoga en grupo<br \/>\n5. Todos los suplementos \/ medicamentos a base de hierbas durante su estancia<br \/>\n6. Todas las comidas del plan de dieta ayurv\u00e9dica[\/vc_column_text][\/vc_column_inner][\/vc_row_inner][vc_empty_space][\/vc_tta_section][vc_tta_section title=&#8221;Relajaci\u00f3n&#8221; tab_id=&#8221;1576693099241-a4a0f1d0-275e&#8221;][vc_row_inner][vc_column_inner width=&#8221;1\/2&#8243;][vc_single_image image=&#8221;196&#8243; img_size=&#8221;large&#8221;][\/vc_column_inner][vc_column_inner width=&#8221;1\/2&#8243;][vc_column_text]\n<h3><a href=\"https:\/\/ayurmana.in\/treatment\/rejuvenation\/\">Programa de relajaci\u00f3n<\/a><\/h3>\n[\/vc_column_text][vc_column_text]<strong>Incluye:<\/strong><br \/>\n1. Alojamiento privado en la categor\u00eda de habitaci\u00f3n de su elecci\u00f3n<br \/>\n2. Consultas con los m\u00e9dicos de nuestro Centro<br \/>\n3. Dos grandes terapias diarias<br \/>\n4. Sesi\u00f3n matinal de yoga en grupo<br \/>\n5. Todos los suplementos \/ medicamentos a base de hierbas durante su estancia<br \/>\n6. Todas las comidas del plan de dieta ayurv\u00e9dica[\/vc_column_text][\/vc_column_inner][\/vc_row_inner][vc_empty_space][\/vc_tta_section][vc_tta_section title=&#8221;Diabetes&#8221; tab_id=&#8221;1576693124192-3267d330-7ffb&#8221;][vc_row_inner][vc_column_inner width=&#8221;1\/2&#8243;][vc_single_image image=&#8221;75&#8243; img_size=&#8221;full&#8221;][\/vc_column_inner][vc_column_inner width=&#8221;1\/2&#8243;][vc_column_text]\n<h3><a href=\"https:\/\/ayurmana.in\/treatment\/diabetes\/\">Programa de diabetes<\/a><\/h3>\n[\/vc_column_text][vc_column_text]<strong>Incluye:<\/strong><br \/>\n1. Alojamiento privado en la categor\u00eda de habitaci\u00f3n de su elecci\u00f3n<br \/>\n2. Consultas con los m\u00e9dicos de nuestro Centro<br \/>\n3. Dos grandes terapias diarias<br \/>\n4. Sesi\u00f3n matinal de yoga en grupo<br \/>\n5. Todos los suplementos \/ medicamentos a base de hierbas durante su estancia<br \/>\n6. Todas las comidas del plan de dieta ayurv\u00e9dica[\/vc_column_text][\/vc_column_inner][\/vc_row_inner][vc_empty_space][\/vc_tta_section][vc_tta_section title=&#8221;Esclerosis m\u00faltiple&#8221; tab_id=&#8221;1576693141538-712dd74e-01c3&#8243;][vc_row_inner][vc_column_inner width=&#8221;1\/2&#8243;][vc_single_image image=&#8221;177&#8243; img_size=&#8221;large&#8221;][\/vc_column_inner][vc_column_inner width=&#8221;1\/2&#8243;][vc_column_text]\n<h3><a href=\"https:\/\/ayurmana.in\/treatment\/multiple-sclerosis\/\">Programa de esclerosis m\u00faltiple<\/a><\/h3>\n[\/vc_column_text][vc_column_text]<strong>Incluye:<\/strong><br \/>\n1. Alojamiento privado en la categor\u00eda de habitaci\u00f3n de su elecci\u00f3n<br \/>\n2. Consultas con los m\u00e9dicos de nuestro Centro<br \/>\n3. Dos grandes terapias diarias<br \/>\n4. Sesi\u00f3n matinal de yoga en grupo<br \/>\n5. Todos los suplementos \/ medicamentos a base de hierbas durante su estancia<br \/>\n6. Todas las comidas del plan de dieta ayurv\u00e9dica[\/vc_column_text][\/vc_column_inner][\/vc_row_inner][vc_empty_space][\/vc_tta_section][\/vc_tta_tabs][vc_btn title=&#8221;Solicitar reserva&#8221; color=&#8221;danger&#8221; i_icon_fontawesome=&#8221;fa fa-calendar-check-o&#8221; add_icon=&#8221;true&#8221; link=&#8221;url:https%3A%2F%2Fwww.ayurmana.in%2Fes%2Freserva-de-habitaciones%2F|title:Reserva%20de%20habitaciones|target:%20_blank|&#8221;][\/vc_column][\/vc_row][vc_row][vc_column][vc_column_text]<div id=\"footable_parent_568\"\n         class=\" footable_parent ninja_table_wrapper loading_ninja_table wp_table_data_press_parent semantic_ui \">\n                <table data-ninja_table_instance=\"ninja_table_instance_0\" data-footable_id=\"568\" data-filter-delay=\"1000\" aria-label=\"Price Table\"            id=\"footable_568\"\n           data-unique_identifier=\"ninja_table_unique_id_3798843434_568\"\n           class=\" foo-table ninja_footable foo_table_568 ninja_table_unique_id_3798843434_568 ui table  nt_type_ajax_table selectable celled striped vertical_centered  footable-paging-center ninja_table_search_disabled\">\n                <colgroup>\n                            <col class=\"ninja_column_0 \">\n                            <col class=\"ninja_column_1 \">\n                            <col class=\"ninja_column_2 \">\n                    <\/colgroup>\n            <\/table>\n    \n    \n    \n<\/div>\n[\/vc_column_text][\/vc_column][\/vc_row]\n","protected":false},"excerpt":{"rendered":"<p>[vc_row css=&#8221;.vc_custom_1577793916934{padding-bottom: 6px !important;}&#8221;][vc_column][vc_column_text] Tratamiento ayurv\u00e9dico de primera calidad y [&hellip;]<\/p>\n","protected":false},"author":1,"featured_media":0,"parent":0,"menu_order":0,"comment_status":"closed","ping_status":"closed","template":"","meta":{"_monsterinsights_skip_tracking":false,"_monsterinsights_sitenote_active":false,"_monsterinsights_sitenote_note":"","_monsterinsights_sitenote_category":0,"_joinchat":[],"footnotes":""},"class_list":["post-4630","page","type-page","status-publish","hentry"],"_links":{"self":[{"href":"https:\/\/ayurmana.in\/es\/wp-json\/wp\/v2\/pages\/4630","targetHints":{"allow":["GET"]}}],"collection":[{"href":"https:\/\/ayurmana.in\/es\/wp-json\/wp\/v2\/pages"}],"about":[{"href":"https:\/\/ayurmana.in\/es\/wp-json\/wp\/v2\/types\/page"}],"author":[{"embeddable":true,"href":"https:\/\/ayurmana.in\/es\/wp-json\/wp\/v2\/users\/1"}],"replies":[{"embeddable":true,"href":"https:\/\/ayurmana.in\/es\/wp-json\/wp\/v2\/comments?post=4630"}],"version-history":[{"count":0,"href":"https:\/\/ayurmana.in\/es\/wp-json\/wp\/v2\/pages\/4630\/revisions"}],"wp:attachment":[{"href":"https:\/\/ayurmana.in\/es\/wp-json\/wp\/v2\/media?parent=4630"}],"curies":[{"name":"wp","href":"https:\/\/api.w.org\/{rel}","templated":true}]}}