{"id":4692,"date":"2019-12-07T12:14:46","date_gmt":"2019-12-07T06:44:46","guid":{"rendered":"https:\/\/www.ayurmana.in\/testimonios\/"},"modified":"2023-10-18T14:10:26","modified_gmt":"2023-10-18T08:40:26","slug":"testimonios","status":"publish","type":"page","link":"https:\/\/ayurmana.in\/es\/testimonios\/","title":{"rendered":"Testimonios"},"content":{"rendered":"[vc_row][vc_column width=&#8221;1\/2&#8243;][vc_column_text]\n<h2>Testimonios<br \/>\n\u00a1Lo que dicen los clientes sobre Ayurmana !<\/h2>\n[\/vc_column_text][vc_column_text]\n<blockquote><p>Perd\u00ed m\u00e1s de 70 libras en ayurmana y cambi\u00f3 mi vida por completo. Mi diabetes y mi hipotiroidismo desaparecieron y me siento una persona totalmente distinta. Estoy m\u00e1s activa y en\u00e9rgica, mi humor es fant\u00e1stico y la gente dice que parezco al menos 10 a\u00f1os m\u00e1s joven.<\/p><\/blockquote>\n[\/vc_column_text][vc_column_text]\n<p style=\"text-align: right;\"><strong>Abdul Mehsin, Kuwait<\/strong><\/p>\n[\/vc_column_text][vc_column_text]\n<blockquote><p>Mi herida en el pie no cicatrizaba desde hac\u00eda meses y me aconsejaron la amputaci\u00f3n. Tras someterse a un tratamiento ayurv\u00e9dico durante 4 semanas en ayurmana, la herida se cur\u00f3 por completo.<\/p><\/blockquote>\n[\/vc_column_text][vc_column_text]\n<p style=\"text-align: right;\"><strong>Suresh Krishnan, India<\/strong><\/p>\n[\/vc_column_text][\/vc_column][vc_column width=&#8221;1\/2&#8243;][vc_empty_space height=&#8221;125px&#8221;][vc_video link=&#8221;https:\/\/youtu.be\/gl_Wsi8-aW4&#8243;][\/vc_column][\/vc_row][vc_row css=&#8221;.vc_custom_1578132968223{padding-top: 6px !important;}&#8221;][vc_column width=&#8221;1\/2&#8243;][vc_column_text]\n<blockquote><p>Sol\u00eda sufrir fatiga cr\u00f3nica y bajo estado de \u00e1nimo. El tratamiento ayurv\u00e9dico me cambi\u00f3 totalmente. Nunca pens\u00e9 que volver\u00eda a estar tan en forma.<\/p><\/blockquote>\n[\/vc_column_text][vc_column_text]\n<p style=\"text-align: right;\"><strong>Fiona , Reino Unido<\/strong><\/p>\n[\/vc_column_text][vc_column_text]\n<blockquote><p>En menos de seis semanas en ayurmana, mis niveles de az\u00facar en sangre, colesterol, tiroides e hipertensi\u00f3n estaban dentro de los l\u00edmites normales. Asombrosamente eficaz. S\u00edndrome metab\u00f3lico revertido.<\/p><\/blockquote>\n[\/vc_column_text][vc_column_text]\n<p style=\"text-align: right;\"><strong>Ashish Kapur, India<\/strong><\/p>\n[\/vc_column_text][vc_separator style=&#8221;dashed&#8221;][\/vc_column][vc_column width=&#8221;1\/2&#8243;][vc_column_text]\n<blockquote><p>Mi m\u00e9dico de cabecera me hab\u00eda sugerido la cirug\u00eda bari\u00e1trica porque padec\u00eda obesidad m\u00f3rbida. Estoy agradecida a ayurmana por ayudarme a perder m\u00e1s de 40 kilos y evitar la cirug\u00eda. Y lo mejor es que nunca tuve que pasar hambre para perder peso con el programa.<\/p><\/blockquote>\n[\/vc_column_text][vc_column_text]\n<p style=\"text-align: right;\"><strong>Paul D&#8217; Souza, India<\/strong><\/p>\n[\/vc_column_text][vc_column_text]\n<blockquote><p>Desde hace varios a\u00f1os no pod\u00eda dormir sin tomar sedantes y tambi\u00e9n tomaba antidepresivos. Despu\u00e9s del tratamiento ayurv\u00e9dico, dej\u00e9 de tomar ambos medicamentos y me siento mejor que nunca.<\/p><\/blockquote>\n[\/vc_column_text][vc_column_text]\n<p style=\"text-align: right;\"><strong>Lynn R Williams, EE.UU.<\/strong><\/p>\n[\/vc_column_text][vc_separator style=&#8221;dashed&#8221;][\/vc_column][\/vc_row][vc_row][vc_column width=&#8221;1\/2&#8243;][vc_video link=&#8221;https:\/\/www.youtube.com\/watch?v=YOiCvI6P8B0&amp;rel=0&#8243;][\/vc_column][vc_column width=&#8221;1\/2&#8243;][vc_column_text]\n<blockquote><p>Tomaba insulina 30-30 y otros dos medicamentos para la diabetes. El tratamiento ayurv\u00e9dico dio grandes resultados. Ahora he dejado la insulina y las pastillas y sin embargo mi az\u00facar es normal. Ahora tambi\u00e9n he dejado la insulina y el hipoglucemiante oral.<\/p><\/blockquote>\n[\/vc_column_text][vc_column_text]\n<p style=\"text-align: right;\"><strong>Sweta Tivari, India<\/strong><\/p>\n[\/vc_column_text][vc_column_text]\n<blockquote><p>Todav\u00eda no puedo creer que me haya curado de la migra\u00f1a. El dolor de cabeza sol\u00eda ser tan fuerte y llevaba tantos a\u00f1os sufri\u00e9ndolo que lo hab\u00eda aceptado como mi destino. Pero el tratamiento Ayurveda cambi\u00f3 mi vida.<\/p><\/blockquote>\n[\/vc_column_text][vc_column_text]\n<p style=\"text-align: right;\"><strong>Harrison Simpson, Suecia<\/strong><\/p>\n[\/vc_column_text][vc_separator style=&#8221;dashed&#8221;][\/vc_column][\/vc_row][vc_row][vc_column width=&#8221;1\/2&#8243;][vc_column_text]\n<blockquote><p>Sufr\u00eda de artritis reumatoide y estuve bajo medicaci\u00f3n durante 6 a\u00f1os. Mis dedos tambi\u00e9n ten\u00edan deformidades. La mejora tras 6 semanas de tratamiento fue asombrosa. El dolor y la inflamaci\u00f3n casi desaparecieron, incluso la deformidad disminuy\u00f3.<\/p><\/blockquote>\n[\/vc_column_text][vc_column_text]\n<p style=\"text-align: right;\"><strong>Maunu Manninen, Finlandia<\/strong><\/p>\n[\/vc_column_text][vc_separator style=&#8221;dashed&#8221;][vc_column_text]\n<blockquote><p>Soy inform\u00e1tico y sufr\u00eda dolores de cuello y espalda. En Ayurmana en unas 4 semanas desaparecieron todos mis s\u00edntomas. Nunca esper\u00e9 una mejora tan notable en tan poco tiempo<\/p><\/blockquote>\n[\/vc_column_text][vc_column_text]\n<p style=\"text-align: right;\"><strong>Anand kumar, India<\/strong><\/p>\n[\/vc_column_text][vc_separator style=&#8221;dashed&#8221;][vc_column_text]\n<blockquote><p>Las manchas blancas en el pecho, la cara y los brazos me ten\u00edan deprimido m\u00e1s all\u00e1 de la comprensi\u00f3n de nadie. Prob\u00e9 todos los tratamientos a mi alcance. Pero no se produjo ninguna mejora notable. Tom\u00e9 el tratamiento en ayurmana por recomendaci\u00f3n de una amiga y para mi sorpresa las manchas han empezado a ganar pigmentaci\u00f3n ahora. Estoy realmente asombrado por este sistema natural de medicina de la India.<\/p><\/blockquote>\n[\/vc_column_text][vc_column_text]\n<p style=\"text-align: right;\"><strong>Adalberta Pinto, Italia<\/strong><\/p>\n[\/vc_column_text][vc_separator style=&#8221;dashed&#8221;][vc_video link=&#8221;https:\/\/www.youtube.com\/watch?v=P53V4fJsGhs&#8221;][vc_column_text]\n<blockquote><p>He tenido problemas de ca\u00edda del cabello y caspa desde que era adolescente. Cuando la ca\u00edda del cabello se volvi\u00f3 asquerosa y el cuero cabelludo empez\u00f3 a notarse, empec\u00e9 a correr de m\u00e9dico en m\u00e9dico. La mayor\u00eda de las veces dio algunos resultados, pero siempre fue temporal hasta que tom\u00e9 el tratamiento ayurv\u00e9dico. Mi ca\u00edda ha cesado, la caspa ha desaparecido y mi cabello ha crecido grueso y sano.<\/p><\/blockquote>\n[\/vc_column_text][vc_column_text]\n<p style=\"text-align: right;\"><strong>Lengyel Judit, Hungr\u00eda<\/strong><\/p>\n[\/vc_column_text][vc_separator style=&#8221;dashed&#8221;][\/vc_column][vc_column width=&#8221;1\/2&#8243;][vc_video link=&#8221;https:\/\/www.youtube.com\/watch?v=mO00rLboBGs&#8221;][vc_column_text]\n<blockquote><p>Desde la infancia sufr\u00eda de eczema at\u00f3pico. Despu\u00e9s de cumplir 16 a\u00f1os, me dio un brote y empec\u00e9 a tomar esteroides e inmunosupresores. Encontr\u00e9 Ayurmana por casualidad y me ingresaron para recibir tratamiento. Los s\u00edntomas remitieron en menos de dos meses y no han vuelto a aparecer desde entonces. Ahora tengo 32 a\u00f1os y estoy fuera de los medicamentos y la recuperaci\u00f3n de mi forma f\u00edsica que fue alterada por la ingesta excesiva de esteroides..<\/p><\/blockquote>\n[\/vc_column_text][vc_column_text]\n<p style=\"text-align: right;\"><strong>Meliha Sangen, Dinamarca<\/strong><\/p>\n[\/vc_column_text][vc_separator style=&#8221;dashed&#8221;][vc_column_text]\n<blockquote><p>Hace un par de a\u00f1os me diagnosticaron el s\u00edndrome de fatiga cr\u00f3nica. Me somet\u00ed a numerosas pruebas y tratamientos sin ning\u00fan alivio. Pero despu\u00e9s de mi tratamiento rasayana de seis semanas, mi estado general de salud ha mejorado dr\u00e1sticamente. Ya no sufro de fatiga, mi estado de \u00e1nimo ha mejorado y me siento como refrescado y renovado.<\/p><\/blockquote>\n[\/vc_column_text][vc_column_text]\n<p style=\"text-align: right;\"><strong>Michelle Wurfel, Alemania<\/strong><\/p>\n[\/vc_column_text][vc_separator style=&#8221;dashed&#8221;][vc_column_text]\n<blockquote><p>Tras un accidente perd\u00ed la memoria, no pod\u00eda reconocer ni a mi mujer ni a mis hijos y me qued\u00e9 paral\u00edtico. El tratamiento Ayumana me devolvi\u00f3 la vida. Todav\u00eda no recuerdo el incidente y un largo periodo despu\u00e9s de eso. Pero ahora he vuelto a la normalidad f\u00edsica y mentalmente, y mi familia y amigos piensan que es un milagro despu\u00e9s de c\u00f3mo me hab\u00edan visto antes.<\/p><\/blockquote>\n[\/vc_column_text][vc_column_text]\n<p style=\"text-align: right;\"><strong>Sudarsanan, India<\/strong><\/p>\n[\/vc_column_text][vc_column_text]\n<blockquote><p>Sufr\u00ed dos derrames cerebrales consecutivos en 2 a\u00f1os. La primera vez afect\u00f3 a todo el lado derecho del cuerpo, mientras me recuperaba gradualmente, tuve un segundo incidente y perd\u00ed el habla, la capacidad de tragar y se me paraliz\u00f3 todo el lado izquierdo del cuerpo. Me llevaron a ayurmana y nadie pod\u00eda creer lo r\u00e1pido que me recuper\u00e9 hasta casi la completa normalidad.<\/p><\/blockquote>\n[\/vc_column_text][vc_column_text]\n<p style=\"text-align: right;\"><strong>Suhasini, India<\/strong><\/p>\n[\/vc_column_text][vc_separator style=&#8221;dashed&#8221;][\/vc_column][\/vc_row][vc_row][vc_column width=&#8221;1\/2&#8243;][vc_column_text]\n<blockquote><p>Era estudiante de medicina cuando me diagnosticaron esclerosis m\u00faltiple. Sab\u00eda que no hab\u00eda cura, pero mis padres me obligaron a seguir un tratamiento ayurv\u00e9dico. Ahora les doy las gracias por haberlo hecho. Mis s\u00edntomas han desaparecido por completo en un periodo de 4 a\u00f1os y todos los marcadores de la resonancia magn\u00e9tica se han invertido. Incluso mis profesores se asombraron de la mejora.<\/p><\/blockquote>\n[\/vc_column_text][vc_column_text]\n<p style=\"text-align: right;\"><strong>Cintheya, Alemania<\/strong><\/p>\n[\/vc_column_text][vc_separator style=&#8221;dashed&#8221;][vc_column_text]\n<blockquote><p>Empec\u00e9 a perder pelo en parches hace un par de a\u00f1os y empez\u00f3 a aumentar. Prob\u00e9 diferentes medicamentos, pero los parches segu\u00edan aumentando en n\u00famero. Despu\u00e9s de recibir tratamiento en Ayurmana, todas las manchas han vuelto a crecer y ya no aparecen nuevas manchas.<\/p><\/blockquote>\n[\/vc_column_text][vc_column_text]\n<p style=\"text-align: right;\"><strong>Jason Sawyer, EE.UU.<\/strong><\/p>\n[\/vc_column_text][vc_separator style=&#8221;dashed&#8221;][vc_column_text]\n<blockquote><p>En s\u00f3lo 6 semanas mi artrosis mejor\u00f3 tanto que pude caminar sin apoyo despu\u00e9s de casi 4 a\u00f1os.<\/p><\/blockquote>\n[\/vc_column_text][vc_column_text]\n<p style=\"text-align: right;\"><strong>Sumathi, India<\/strong><\/p>\n[\/vc_column_text][vc_separator style=&#8221;dashed&#8221;][\/vc_column][vc_column width=&#8221;1\/2&#8243;][vc_column_text]\n<blockquote><p>Cuando me diagnosticaron EMPP, los m\u00e9dicos me dijeron que ten\u00eda que aceptar y adaptarme a la progresi\u00f3n de la enfermedad. No quer\u00eda sucumbir sin luchar y busqu\u00e9 curas alternativas. Otro paciente con EM me sugiri\u00f3 el Ayurveda y ha sido una revelaci\u00f3n. La progresi\u00f3n de mi enfermedad se detuvo y, de hecho, muchos de los s\u00edntomas se invirtieron.<\/p><\/blockquote>\n[\/vc_column_text][vc_column_text]\n<p style=\"text-align: right;\"><strong>Anja Mahler, Alemania<\/strong><\/p>\n[\/vc_column_text][vc_separator style=&#8221;dashed&#8221;][vc_column_text]\n<blockquote><p>Sol\u00eda sufrir fuertes dolores de cabeza seguidos de n\u00e1useas y v\u00f3mitos. Prob\u00e9 todos los tratamientos disponibles sin \u00e9xito hasta que me cur\u00e9 con Ayurveda. Recomendar\u00eda a cualquier persona con migra\u00f1a que probara el ayurveda.<\/p><\/blockquote>\n[\/vc_column_text][vc_column_text]\n<p style=\"text-align: right;\"><strong>Elita Galarneau, Francia<\/strong><\/p>\n[\/vc_column_text][vc_separator style=&#8221;dashed&#8221;][vc_column_text]\n<blockquote><p>Me pon\u00eda insulina 80 unidades al d\u00eda cuando vine a recibir tratamiento. Ahora ya no tomo insulina y mi nivel de az\u00facar en sangre ha vuelto a la normalidad.<\/p><\/blockquote>\n[\/vc_column_text][vc_column_text]\n<p style=\"text-align: right;\"><strong>Reno Greve, Noruega<\/strong><\/p>\n[\/vc_column_text][vc_separator style=&#8221;dashed&#8221;][\/vc_column][\/vc_row]\n","protected":false},"excerpt":{"rendered":"<p>[vc_row][vc_column width=&#8221;1\/2&#8243;][vc_column_text] Testimonios \u00a1Lo que dicen los clientes sobre Ayurmana [&hellip;]<\/p>\n","protected":false},"author":1,"featured_media":0,"parent":0,"menu_order":0,"comment_status":"closed","ping_status":"closed","template":"","meta":{"_monsterinsights_skip_tracking":false,"_monsterinsights_sitenote_active":false,"_monsterinsights_sitenote_note":"","_monsterinsights_sitenote_category":0,"_joinchat":[],"footnotes":""},"class_list":["post-4692","page","type-page","status-publish","hentry"],"_links":{"self":[{"href":"https:\/\/ayurmana.in\/es\/wp-json\/wp\/v2\/pages\/4692","targetHints":{"allow":["GET"]}}],"collection":[{"href":"https:\/\/ayurmana.in\/es\/wp-json\/wp\/v2\/pages"}],"about":[{"href":"https:\/\/ayurmana.in\/es\/wp-json\/wp\/v2\/types\/page"}],"author":[{"embeddable":true,"href":"https:\/\/ayurmana.in\/es\/wp-json\/wp\/v2\/users\/1"}],"replies":[{"embeddable":true,"href":"https:\/\/ayurmana.in\/es\/wp-json\/wp\/v2\/comments?post=4692"}],"version-history":[{"count":0,"href":"https:\/\/ayurmana.in\/es\/wp-json\/wp\/v2\/pages\/4692\/revisions"}],"wp:attachment":[{"href":"https:\/\/ayurmana.in\/es\/wp-json\/wp\/v2\/media?parent=4692"}],"curies":[{"name":"wp","href":"https:\/\/api.w.org\/{rel}","templated":true}]}}