{"id":4712,"date":"2022-04-09T19:48:54","date_gmt":"2022-04-09T14:18:54","guid":{"rendered":"https:\/\/www.ayurmana.in\/los-mejores-hospitales-ayurvedicos-de-kerala\/"},"modified":"2025-05-20T20:09:26","modified_gmt":"2025-05-20T14:39:26","slug":"los-mejores-hospitales-ayurvedicos-de-kerala","status":"publish","type":"page","link":"https:\/\/ayurmana.in\/es\/los-mejores-hospitales-ayurvedicos-de-kerala\/","title":{"rendered":"Los mejores hospitales ayurv\u00e9dicos de Kerala"},"content":{"rendered":"[vc_row equal_height=&#8221;yes&#8221;][vc_column width=&#8221;1\/2&#8243;][vc_column_text]\n<h1 style=\"text-align: center;\">\u00bfQu\u00e9 hace de Ayurmana uno de los mejores hospitales ayurv\u00e9dicos de Kerala?<\/h1>\n<p>\u00bfEst\u00e1 buscando el mejor tratamiento ayurv\u00e9dico para su estado de salud espec\u00edfico? \u00bfDesea explorar c\u00f3mo esta pr\u00e1ctica ancestral aprovecha los propios mecanismos de su cuerpo para lograr una curaci\u00f3n profunda? \u00bfDesea mejorar su salud y su forma f\u00edsica para lograr un bienestar s\u00f3lido?<\/p>\n<p>En el Centro Ayurveda Ayurmana Dharma para la Curaci\u00f3n Avanzada empleamos estrategias cl\u00ednicamente probadas y potentes remedios naturales para una curaci\u00f3n r\u00e1pida y sostenible. Durante su estancia, se llevar\u00e1n a cabo modificaciones personalizadas del estilo de vida y se le ofrecer\u00e1n consejos nutricionales para promover y garantizar un bienestar y una longevidad prolongados.[\/vc_column_text][\/vc_column][vc_column width=&#8221;1\/2&#8243;][vc_single_image image=&#8221;2845&#8243; img_size=&#8221;large&#8221;][\/vc_column][\/vc_row][vc_row][vc_column][vc_separator][vc_row_inner][vc_column_inner width=&#8221;2\/3&#8243;][vc_column_text]\n<h2>\u00bfQu\u00e9 hace que Ayurmana sea la mejor opci\u00f3n para su tratamiento ayurv\u00e9dico en Kerala?<\/h2>\n<p>El enfoque terap\u00e9utico de Dharma Ayurveda se basa en los siglos de experiencia acumulada durante generaciones por la familia dharma, a trav\u00e9s de la aut\u00e9ntica pr\u00e1ctica del ayurveda. Esto, junto con la atenci\u00f3n intuitiva y dedicada de nuestros consumados m\u00e9dicos y terapeutas, le ayudar\u00e1 a lograr la curaci\u00f3n m\u00e1s profunda posible. Enclavado en una relajante colina entre exuberante vegetaci\u00f3n, su estancia en armon\u00eda con la naturaleza canalizar\u00e1 las energ\u00edas para llegar a la ra\u00edz de la <strong>curaci\u00f3n<\/strong>. Ayurmana es el primer paso hacia una vida de total transformaci\u00f3n y vitalidad.<\/p>\n<p>Algunas de las cualidades que hacen de Ayurmana una opci\u00f3n destacada son las siguientes:<\/p>\n<h3><strong>Trabaje con m\u00e9dicos ayurv\u00e9dicos experimentados para un enfoque integrado<\/strong><\/h3>\n<p>Dharma Ayurveda es el hogar de legendarios m\u00e9dicos ayurv\u00e9dicos que han llevado el legado de esta antigua pr\u00e1ctica y tratamiento tradicional. Arraigados en un servicio guiado por el coraz\u00f3n, nuestros talentosos profesionales exudan las modalidades curativas atemporales y veneradas para aprovechar al m\u00e1ximo los poderes curativos naturales de su cuerpo.<\/p>\n<p>Como maestros en el arte de la sanaci\u00f3n ayurv\u00e9dica, cada profesional viene equipado con experiencia te\u00f3rica y aplicada para recordarle su capacidad innata de sanar. Sus estrategias est\u00e1n arraigadas en una personificaci\u00f3n para curar sus dolencias f\u00edsicas e invitar a la armon\u00eda de la mente, el cuerpo y el esp\u00edritu como un componente integral.<\/p>\n<h3><strong>C\u00farese en un ambiente sereno para aquietar la mente y calmar el cuerpo<\/strong><\/h3>\n<p>Ayurmana se encuentra en el punto en el que un retiro tranquilo se une a la curaci\u00f3n y el crecimiento inspirador. A lo largo de la eternamente serena colina de Dharmagiri, el centro de curaci\u00f3n avanzada est\u00e1 adornado con intrincadas habitaciones y confortable mobiliario. Su estancia est\u00e1 llena de sonidos de la naturaleza, que ofrecen un respiro del ajetreo y el bullicio de la vida cotidiana. Reg\u00e1late el espacio para sentir, dejarte llevar, volverte hacia dentro y escuchar. El entorno que te rodea es una extensi\u00f3n de todo lo que es posible, desde las profundidades interiores hasta los rincones exteriores de una vida que mereces experimentar.<\/p>\n<h3><strong>Reciba curas exclusivas que han superado la prueba del tiempo<\/strong><\/h3>\n<p>Ayurmana se basa en innumerables curas exclusivas extra\u00eddas de manuscritos familiares centenarios y antiguas escrituras m\u00e9dicas que se han ido perfeccionando a lo largo de generaciones de pr\u00e1ctica. Cuando trabaje con los m\u00e9dicos y las herramientas de nuestras instalaciones, puede esperar recibir una sabidur\u00eda ancestral combinada con el af\u00e1n de evoluci\u00f3n a trav\u00e9s de una aplicaci\u00f3n moderna.<\/p>\n<p>Este es el enfoque ganador que adoptamos para curar diversas enfermedades, como:<\/p>\n<ul>\n<li>Enfermedades neurol\u00f3gicas: esclerosis m\u00faltiple, migra\u00f1a, ictus, ansiedad y depresi\u00f3n<\/li>\n<li>Enfermedades musculoesquel\u00e9ticas &#8211; Enfermedades del cuello y la espalda, dolor de rodilla, artritis, prolapso discal<\/li>\n<li>Enfermedades relacionadas con el estilo de vida: obesidad, estr\u00e9s, diabetes<\/li>\n<li>Piel y cabello &#8211; Eczema, psoriasis, alopecia<\/li>\n<\/ul>\n<h3>\u00bfPor qu\u00e9 Ayurmana es el mejor <strong>hospital ayurv\u00e9dico cerca de m\u00ed<\/strong>?<\/h3>\n<p>Los m\u00e9dicos ayurv\u00e9dicos de Ayurmana est\u00e1n bien formados en la pr\u00e1ctica de las exclusivas metodolog\u00edas de tratamiento seguidas por la familia dharma. Adem\u00e1s de curar dolencias f\u00edsicas y mentales, Ayurmana es el espacio de referencia para la desintoxicaci\u00f3n, el rejuvenecimiento, la inmunidad, la belleza y la longevidad. Nuestros hu\u00e9spedes reciben algo m\u00e1s que una soluci\u00f3n meditada a sus dolencias, sino una perspectiva y un punto de vista nuevos para mantener la vida con la que siempre han so\u00f1ado.<\/p>\n<h3>\u00bfQu\u00e9 hace que <strong>la medicina tradicional<\/strong> sea tan poderosa?<\/h3>\n<p>Combinando una profunda sabidur\u00eda m\u00e9dica y metodolog\u00edas de tratamiento probadas a lo largo del tiempo, Ayurmana ofrece curas espec\u00edficas y m\u00e9todos de <strong>bienestar<\/strong> personalizados para los requisitos y necesidades \u00fanicos de cada persona. El poder del <strong>tratamiento ayurv\u00e9dico<\/strong> es poderoso y se actualiza mejor con la intenci\u00f3n de limpiar la mente, el cuerpo y el esp\u00edritu. Cuando se combinan con el apoyo de m\u00e9dicos con alma, las modalidades ayurv\u00e9dicas tradicionales tienen espacio para brillar y lograr un cambio duradero.<\/p>\n<h3><strong>\u00bfC\u00f3mo se realizan los tratamientos ayurv\u00e9dicos?<\/strong><\/h3>\n<p>Los aut\u00e9nticos tratamientos ayurv\u00e9dicos y los tratamientos panchakarma se realizan con medicamentos ayurv\u00e9dicos originales preparados en la propia empresa. En cada tratamiento se pone la misma intenci\u00f3n y atenci\u00f3n para obtener los mejores resultados. Dicho esto, los medicamentos ayurv\u00e9dicos se preparan a partir de materias primas, procedentes de entornos naturales, utilizando conocimientos tradicionales y cient\u00edficos. Este c\u00e9lebre hospital ayurv\u00e9dico sigue siendo reconocido como el <em><br \/>\n  <strong>mejor hospital ayurv\u00e9dico de Kerala, India<\/strong><br \/>\n<\/em>debido a su enfoque que reconoce y potencia los detalles m\u00e1s peque\u00f1os que conducen a la curaci\u00f3n, el bienestar y la longevidad.[\/vc_column_text][\/vc_column_inner][vc_column_inner width=&#8221;1\/3&#8243;][vc_single_image image=&#8221;2512&#8243; img_size=&#8221;large&#8221; alignment=&#8221;center&#8221;][\/vc_column_inner][\/vc_row_inner][\/vc_column][\/vc_row][vc_row][vc_column][vc_column_text]\n<h3>Los 5 mejores hospitales ayurv\u00e9dicos de Kerala<\/h3>\n<h4><strong>Ayurmana | Centro Dharma Ayurveda de Curaci\u00f3n Avanzada<\/strong><\/h4>\n<p>Como se mencion\u00f3 anteriormente, Ayurmana es una empresa hermana de Dharma Ayurveda, donde se obtiene el mejor y m\u00e1s influyente tratamiento tradicional Ayurveda de apoyo y cura para casi todos los problemas de salud que pueda tener sin efectos secundarios adversos. En un entorno sereno, con c\u00f3modas instalaciones de alojamiento, bajo la direcci\u00f3n de m\u00e9dicos expertos y terapeutas atentos y h\u00e1biles, su viaje de curaci\u00f3n se hace m\u00e1s profundo y agradable.<\/p>\n<h4><strong>Arya Vaidya Sala | Kottakkal<\/strong><\/h4>\n<p>Situada en Kottakkal, Kerala (India), Arya Vaidya Sala es una reputada instituci\u00f3n ben\u00e9fica desde hace m\u00e1s de un siglo. Originalmente una cl\u00ednica de pueblo, Arya Vaidya Sala se desarroll\u00f3 hasta convertirse en una de las principales instituciones sin\u00f3nimo de Ayurveda, que ofrece servicios variados y sucursales en todo el pa\u00eds.<\/p>\n<h4><strong>Hospital Ayurveda Punarnava<\/strong><\/h4>\n<p>Con m\u00e1s de tres d\u00e9cadas de funcionamiento, Punarava es uno de los mejores hospitales ayurv\u00e9dicos de Kerala, que atiende a pacientes de varios pa\u00edses de todo el mundo. Este hospital presta servicios integrales de medicina ayurv\u00e9dica y utiliza metodolog\u00edas modernas en el diagn\u00f3stico y la gesti\u00f3n.<\/p>\n<h4><strong>Vaidyaratnam Oushadhasala<\/strong><\/h4>\n<p>Vaidyratnam Oushadhasala est\u00e1 dirigida por la familia de Thaikkattu Moss, que ha sido un nombre de renombre en el campo de la pr\u00e1ctica m\u00e9dica ayurv\u00e9dica. La organizaci\u00f3n gestiona otras unidades de atenci\u00f3n y servicios, como un instituto de investigaci\u00f3n, un centro de tratamiento, un museo y una residencia de ancianos, por nombrar algunos.<\/p>\n<h4><strong>Centro Panchakarma y Hospital Oftalmol\u00f3gico Matha Ayurveda<\/strong><\/h4>\n<p>Matha Ayurveda es un hospital oftalmol\u00f3gico especializado reconocido por ofrecer tratamiento ayurv\u00e9dico especializado para todas las afecciones oculares. El hospital cuenta con un equipo de m\u00e9dicos ayurv\u00e9dicos dirigidos por el Dr. Santhakumari, un nombre reputado y respetado en el campo de la oftalmolog\u00eda ayurv\u00e9dica.[\/vc_column_text][\/vc_column][\/vc_row]\n","protected":false},"excerpt":{"rendered":"<p>[vc_row equal_height=&#8221;yes&#8221;][vc_column width=&#8221;1\/2&#8243;][vc_column_text] \u00bfQu\u00e9 hace de Ayurmana uno de los [&hellip;]<\/p>\n","protected":false},"author":1,"featured_media":0,"parent":0,"menu_order":0,"comment_status":"closed","ping_status":"closed","template":"","meta":{"_monsterinsights_skip_tracking":false,"_monsterinsights_sitenote_active":false,"_monsterinsights_sitenote_note":"","_monsterinsights_sitenote_category":0,"_joinchat":[],"footnotes":""},"class_list":["post-4712","page","type-page","status-publish","hentry"],"_links":{"self":[{"href":"https:\/\/ayurmana.in\/es\/wp-json\/wp\/v2\/pages\/4712","targetHints":{"allow":["GET"]}}],"collection":[{"href":"https:\/\/ayurmana.in\/es\/wp-json\/wp\/v2\/pages"}],"about":[{"href":"https:\/\/ayurmana.in\/es\/wp-json\/wp\/v2\/types\/page"}],"author":[{"embeddable":true,"href":"https:\/\/ayurmana.in\/es\/wp-json\/wp\/v2\/users\/1"}],"replies":[{"embeddable":true,"href":"https:\/\/ayurmana.in\/es\/wp-json\/wp\/v2\/comments?post=4712"}],"version-history":[{"count":0,"href":"https:\/\/ayurmana.in\/es\/wp-json\/wp\/v2\/pages\/4712\/revisions"}],"wp:attachment":[{"href":"https:\/\/ayurmana.in\/es\/wp-json\/wp\/v2\/media?parent=4712"}],"curies":[{"name":"wp","href":"https:\/\/api.w.org\/{rel}","templated":true}]}}