{"id":4713,"date":"2019-12-16T23:06:06","date_gmt":"2019-12-16T17:36:06","guid":{"rendered":"https:\/\/www.ayurmana.in\/aviso-legal\/"},"modified":"2023-10-18T15:13:30","modified_gmt":"2023-10-18T09:43:30","slug":"aviso-legal","status":"publish","type":"page","link":"https:\/\/ayurmana.in\/es\/aviso-legal\/","title":{"rendered":"Aviso legal"},"content":{"rendered":"[vc_row][vc_column width=&#8221;1\/6&#8243;][\/vc_column][vc_column width=&#8221;2\/3&#8243;][vc_column_text]\n<h4>AVISO LEGAL<\/h4>\n[\/vc_column_text][vc_column_text]\n<h4>Marca registrada y derechos de autor<\/h4>\n[\/vc_column_text][vc_column_text]Dharma Ayurveda tiene derechos exclusivos sobre los logotipos &#8220;Dharma Ayurveda &#8221; y &#8220;Ayurmana&#8221; en su fuente estilizada y el dispositivo &#8220;Budhha&#8221;. Estas marcas est\u00e1n protegidas contra copia e imitaci\u00f3n en virtud de las leyes nacionales e internacionales y no pueden ser reproducidas, copiadas o utilizadas de otro modo sin el permiso expreso previo y por escrito de Dharma Ayurveda. Las marcas comerciales que no son propiedad de Dharma Ayurveda y a las que se hace referencia en este sitio web pertenecen a sus respectivos propietarios.[\/vc_column_text][vc_column_text]El Contenido de este sitio web, incluyendo la informaci\u00f3n, texto, im\u00e1genes, sonidos, gr\u00e1ficos, enlaces y cualquier otro software e informaci\u00f3n publicada o contenida de cualquier otro modo en este sitio, es propiedad de Dharma Ayurveda o est\u00e1 bajo licencia de Dharma Ayurveda. La copia, reproducci\u00f3n, distribuci\u00f3n, exhibici\u00f3n, transmisi\u00f3n y utilizaci\u00f3n no autorizadas de los contenidos, por cualquier medio, ya sea electr\u00f3nico, mec\u00e1nico, fotocopia, grabaci\u00f3n o cualquier otro, sin la previa autorizaci\u00f3n expresa y por escrito de Dharma Ayurveda, puede suponer la violaci\u00f3n de los derechos de Propiedad Intelectual de los correspondientes titulares, quienes podr\u00e1n iniciar las acciones oportunas contra dichos infractores. Copyright \u00a9 2020 Dharma Ayurveda. Todos los derechos reservados.[\/vc_column_text][vc_column_text]\n<h4>Descargo de responsabilidad<\/h4>\n[\/vc_column_text][vc_column_text]La informaci\u00f3n contenida en este sitio se ha incluido de buena fe y s\u00f3lo sirve para familiarizarse con ella. No debe confiarse en ella para ning\u00fan fin espec\u00edfico y no se ofrece ninguna declaraci\u00f3n ni garant\u00eda en cuanto a su exactitud o integridad. Ninguna informaci\u00f3n contenida en este sitio constituye una invitaci\u00f3n a entablar relaci\u00f3n alguna con Dharma Ayurveda o cualquiera de sus empleados y agentes. Ni Dharma Ayurveda, ni sus empleados o agentes ser\u00e1n responsables de ninguna p\u00e9rdida, da\u00f1o o gasto que surja de cualquier acceso o uso de este sitio o cualquier sitio vinculado a \u00e9l, incluyendo, sin limitaci\u00f3n, cualquier p\u00e9rdida de beneficios, p\u00e9rdida indirecta, incidental o consecuente.[\/vc_column_text][\/vc_column][vc_column width=&#8221;1\/6&#8243;][\/vc_column][\/vc_row]\n","protected":false},"excerpt":{"rendered":"<p>[vc_row][vc_column width=&#8221;1\/6&#8243;][\/vc_column][vc_column width=&#8221;2\/3&#8243;][vc_column_text] AVISO LEGAL [\/vc_column_text][vc_column_text] Marca registrada y derechos [&hellip;]<\/p>\n","protected":false},"author":1,"featured_media":0,"parent":0,"menu_order":0,"comment_status":"closed","ping_status":"closed","template":"","meta":{"_monsterinsights_skip_tracking":false,"_monsterinsights_sitenote_active":false,"_monsterinsights_sitenote_note":"","_monsterinsights_sitenote_category":0,"_joinchat":[],"footnotes":""},"class_list":["post-4713","page","type-page","status-publish","hentry"],"_links":{"self":[{"href":"https:\/\/ayurmana.in\/es\/wp-json\/wp\/v2\/pages\/4713","targetHints":{"allow":["GET"]}}],"collection":[{"href":"https:\/\/ayurmana.in\/es\/wp-json\/wp\/v2\/pages"}],"about":[{"href":"https:\/\/ayurmana.in\/es\/wp-json\/wp\/v2\/types\/page"}],"author":[{"embeddable":true,"href":"https:\/\/ayurmana.in\/es\/wp-json\/wp\/v2\/users\/1"}],"replies":[{"embeddable":true,"href":"https:\/\/ayurmana.in\/es\/wp-json\/wp\/v2\/comments?post=4713"}],"version-history":[{"count":0,"href":"https:\/\/ayurmana.in\/es\/wp-json\/wp\/v2\/pages\/4713\/revisions"}],"wp:attachment":[{"href":"https:\/\/ayurmana.in\/es\/wp-json\/wp\/v2\/media?parent=4713"}],"curies":[{"name":"wp","href":"https:\/\/api.w.org\/{rel}","templated":true}]}}