{"id":4719,"date":"2019-12-16T22:27:04","date_gmt":"2019-12-16T16:57:04","guid":{"rendered":"https:\/\/www.ayurmana.in\/condiciones-generales\/"},"modified":"2023-10-18T14:16:11","modified_gmt":"2023-10-18T08:46:11","slug":"condiciones-generales","status":"publish","type":"page","link":"https:\/\/ayurmana.in\/es\/condiciones-generales\/","title":{"rendered":"Condiciones generales"},"content":{"rendered":"[vc_row][vc_column width=&#8221;1\/6&#8243;][\/vc_column][vc_column width=&#8221;2\/3&#8243;][vc_column_text]\n<h4>Condiciones generales<\/h4>\n[\/vc_column_text][vc_column_text]Todos los servicios son operados, prestados y gestionados por Dharma Ayurveda. Los impuestos aplicables est\u00e1n incluidos en las tarifas indicadas. Derecho de error reservado. Las tarifas y la informaci\u00f3n indicadas no son vinculantes. La direcci\u00f3n podr\u00e1 modificar la tarifa sin previo aviso.[\/vc_column_text][vc_column_text]\n<h4>Confirmaci\u00f3n de la reserva y pol\u00edtica de cancelaci\u00f3n<\/h4>\n[\/vc_column_text][vc_column_text]Tenga en cuenta que la confirmaci\u00f3n de un n\u00famero de habitaci\u00f3n concreto no es vinculante, ya que nos reservamos el derecho a realizar cambios de habitaci\u00f3n dentro de la misma categor\u00eda siempre que sea necesario. La direcci\u00f3n se reserva el derecho de cambiar a los hu\u00e9spedes a una categor\u00eda de habitaci\u00f3n equivalente o superior. Cualquier solicitud de habitaci\u00f3n espec\u00edfica s\u00f3lo podr\u00e1 tenerse en cuenta si la reserva se recibe seis meses antes de la llegada y contra confirmaci\u00f3n con pago por adelantado.<\/p>\n<p>Las reservas s\u00f3lo pueden confirmarse por paquetes y contra pago por adelantado. Tenga en cuenta que su reserva podr\u00e1 cancelarse sin previo aviso si no se recibe el anticipo a tiempo. No nos hacemos responsables si el pago es rechazado o denegado por el proveedor de la tarjeta de cr\u00e9dito. Si se cancela la reserva, se aplicar\u00e1n los siguientes gastos:<\/p>\n<p>M\u00e1s de 14 d\u00edas antes de la llegada: sin gastos de cancelaci\u00f3n.<br \/>\nCancelaci\u00f3n menos de 14 d\u00edas antes de la llegada: 20.000 INR por reserva de habitaci\u00f3n.[\/vc_column_text][vc_column_text]\n<h4>Registro de entrada y salida<\/h4>\n[\/vc_column_text][vc_column_text]Registro: 14:00 PM<br \/>\nCheck-out: 12:00[\/vc_column_text][vc_column_text]\n<h4>Beneficios de fidelidad<\/h4>\n[\/vc_column_text][vc_column_text]Concedemos a nuestros hu\u00e9spedes habituales consideraciones especiales, como reserva prioritaria, selecci\u00f3n preferente de habitaci\u00f3n siempre que sea posible y check-in anticipado y check-out tard\u00edo sin cargos adicionales [subject to availability].[\/vc_column_text][\/vc_column][vc_column width=&#8221;1\/6&#8243;][\/vc_column][\/vc_row]\n","protected":false},"excerpt":{"rendered":"<p>[vc_row][vc_column width=&#8221;1\/6&#8243;][\/vc_column][vc_column width=&#8221;2\/3&#8243;][vc_column_text] Condiciones generales [\/vc_column_text][vc_column_text]Todos los servicios son operados, [&hellip;]<\/p>\n","protected":false},"author":1,"featured_media":0,"parent":0,"menu_order":0,"comment_status":"closed","ping_status":"closed","template":"page-templates\/page-fullwidth.php","meta":{"_monsterinsights_skip_tracking":false,"_monsterinsights_sitenote_active":false,"_monsterinsights_sitenote_note":"","_monsterinsights_sitenote_category":0,"_joinchat":[],"footnotes":""},"class_list":["post-4719","page","type-page","status-publish","hentry"],"_links":{"self":[{"href":"https:\/\/ayurmana.in\/es\/wp-json\/wp\/v2\/pages\/4719","targetHints":{"allow":["GET"]}}],"collection":[{"href":"https:\/\/ayurmana.in\/es\/wp-json\/wp\/v2\/pages"}],"about":[{"href":"https:\/\/ayurmana.in\/es\/wp-json\/wp\/v2\/types\/page"}],"author":[{"embeddable":true,"href":"https:\/\/ayurmana.in\/es\/wp-json\/wp\/v2\/users\/1"}],"replies":[{"embeddable":true,"href":"https:\/\/ayurmana.in\/es\/wp-json\/wp\/v2\/comments?post=4719"}],"version-history":[{"count":0,"href":"https:\/\/ayurmana.in\/es\/wp-json\/wp\/v2\/pages\/4719\/revisions"}],"wp:attachment":[{"href":"https:\/\/ayurmana.in\/es\/wp-json\/wp\/v2\/media?parent=4719"}],"curies":[{"name":"wp","href":"https:\/\/api.w.org\/{rel}","templated":true}]}}