{"id":4720,"date":"2020-04-30T21:09:14","date_gmt":"2020-04-30T15:39:14","guid":{"rendered":"https:\/\/www.ayurmana.in\/dra-maya-gopinath\/"},"modified":"2023-10-18T15:16:27","modified_gmt":"2023-10-18T09:46:27","slug":"dra-maya-gopinath","status":"publish","type":"page","link":"https:\/\/ayurmana.in\/es\/dra-maya-gopinath\/","title":{"rendered":"Dra. Maya Gopinath"},"content":{"rendered":"[vc_row][vc_column width=&#8221;1\/3&#8243;][vc_column_text]\n<h2>Dra. Maya Gopinath<\/h2>\n[\/vc_column_text][vc_single_image image=&#8221;2785&#8243; img_size=&#8221;medium&#8221; style=&#8221;img-frame-large&#8221;][\/vc_column][vc_column width=&#8221;2\/3&#8243;][vc_empty_space height=&#8221;25px&#8221;][vc_column_text]\n<h1>La mejor doctora ayurv\u00e9dica en Kerala, India<\/h1>\n<p>La Dra. Maya Gopinath es una eminente doctora ayurv\u00e9dica de familia dharma que cuenta con una amplia experiencia nacional e internacional en su haber. Se gradu\u00f3 en el Govt Ayurveda College Thripunithura con honores y trabaj\u00f3 en el Kottakal Arya Vaidyasala durante 3 a\u00f1os y en el Santhigiri Ayurveda Sidhha Hospital durante 2 a\u00f1os antes de comenzar su distinguida carrera con Dharma Ayurveda.<br \/>\nPerfeccion\u00f3 sus conocimientos bajo la tutela directa del Dr. Bahuleyan y m\u00e1s tarde trabaj\u00f3 como asesora principal en Ayurmana Kuwait durante m\u00e1s de 10 a\u00f1os. La Dra. Maya es Especialista Certificada en Marmas, tiene un M\u00e1ster en Asesoramiento y Terapia Familiar (MSCCFT) y est\u00e1 formada profesionalmente en t\u00e9cnicas de Sanaci\u00f3n Energ\u00e9tica y Terapia de Ritmo Matricial de Alemania. Ella es ampliamente considerado el mejor m\u00e9dico ayurv\u00e9dica dama en Trivandrum Kerala India.[\/vc_column_text][\/vc_column][\/vc_row]\n","protected":false},"excerpt":{"rendered":"<p>[vc_row][vc_column width=&#8221;1\/3&#8243;][vc_column_text] Dra. Maya Gopinath [\/vc_column_text][vc_single_image image=&#8221;2785&#8243; img_size=&#8221;medium&#8221; style=&#8221;img-frame-large&#8221;][\/vc_column][vc_column width=&#8221;2\/3&#8243;][vc_empty_space [&hellip;]<\/p>\n","protected":false},"author":1,"featured_media":0,"parent":0,"menu_order":0,"comment_status":"closed","ping_status":"closed","template":"","meta":{"_monsterinsights_skip_tracking":false,"_monsterinsights_sitenote_active":false,"_monsterinsights_sitenote_note":"","_monsterinsights_sitenote_category":0,"_joinchat":[],"footnotes":""},"class_list":["post-4720","page","type-page","status-publish","hentry"],"_links":{"self":[{"href":"https:\/\/ayurmana.in\/es\/wp-json\/wp\/v2\/pages\/4720","targetHints":{"allow":["GET"]}}],"collection":[{"href":"https:\/\/ayurmana.in\/es\/wp-json\/wp\/v2\/pages"}],"about":[{"href":"https:\/\/ayurmana.in\/es\/wp-json\/wp\/v2\/types\/page"}],"author":[{"embeddable":true,"href":"https:\/\/ayurmana.in\/es\/wp-json\/wp\/v2\/users\/1"}],"replies":[{"embeddable":true,"href":"https:\/\/ayurmana.in\/es\/wp-json\/wp\/v2\/comments?post=4720"}],"version-history":[{"count":0,"href":"https:\/\/ayurmana.in\/es\/wp-json\/wp\/v2\/pages\/4720\/revisions"}],"wp:attachment":[{"href":"https:\/\/ayurmana.in\/es\/wp-json\/wp\/v2\/media?parent=4720"}],"curies":[{"name":"wp","href":"https:\/\/api.w.org\/{rel}","templated":true}]}}