{"id":4736,"date":"2019-12-16T09:15:00","date_gmt":"2019-12-16T03:45:00","guid":{"rendered":"https:\/\/www.ayurmana.in\/preguntas-frecuentes\/"},"modified":"2023-10-18T15:15:22","modified_gmt":"2023-10-18T09:45:22","slug":"preguntas-frecuentes","status":"publish","type":"page","link":"https:\/\/ayurmana.in\/es\/preguntas-frecuentes\/","title":{"rendered":"PREGUNTAS FRECUENTES"},"content":{"rendered":"[vc_row][vc_column][vc_column_text]\n<h1>Preguntas m\u00e1s frecuentes  [FAQ]<\/h1>\n[\/vc_column_text][vc_toggle title=&#8221;\u00bfD\u00f3nde se encuentra AyurMana | Dharma Ayurveda Centre for Advanced Healing?&#8221;]Ayurmana se encuentra en Ayiroopara, un tranquilo y pintoresco pueblo de los suburbios de Thiruvananthapuram, la capital de Kerala. Est\u00e1 a 30 minutos en coche del aeropuerto internacional de Thiruvananthapuram, a 25 minutos de la estaci\u00f3n central de ferrocarril y a 20 minutos del centro de Trivandrum.[\/vc_toggle][vc_toggle title=&#8221;\u00bfC\u00f3mo llegar a AyurMana?&#8221;]El aeropuerto m\u00e1s cercano a AyurMana es el Aeropuerto Internacional de Trivandrum (c\u00f3digo del aeropuerto: TRV). Tambi\u00e9n conocido localmente como Thiruvananthapuram, el aeropuerto est\u00e1 a s\u00f3lo 24 km de nuestro centro. Puede encontrar f\u00e1cilmente buenas conexiones a\u00e9reas desde cualquier parte del mundo <strong>introduciendo <a href=\"https:\/\/www.google.com\/search?q=flights+to+trv\" target=\"_blank\" rel=\"noopener\">aqu\u00ed su aeropuerto de salida<\/a><\/strong>.<\/p>\n<p>Cuando llegue al aeropuerto de Trivandrum, si ha solicitado recogida en el aeropuerto, nuestro conductor le estar\u00e1 esperando en la puerta de llegada con un cartel con su nombre. Y en un abrir y cerrar de ojos, estar\u00e1 de camino a nuestro centro [approx 30 minutes].<\/p>\n<p>Queremos asegurarnos de que se sienta completamente a gusto. Tenga la seguridad de que nos ocuparemos de usted desde su llegada al aeropuerto hasta su regreso a casa.<\/p>\n<p>Esperamos darle la bienvenida a AyurMana.[\/vc_toggle][vc_toggle title=&#8221;\u00bfCu\u00e1nto cuesta un tratamiento ayurv\u00e9dico en AyurMana?&#8221;]AyurMana no tiene \u00e1nimo de lucro y lleva ofreciendo sus servicios a clientes de todo el mundo a un precio muy razonable desde 1965.<\/p>\n<p>Los paquetes de tratamiento ayurv\u00e9dico en AyurMana son mucho menos caros que los que puede encontrar en cualquier otro centro de nuestra categor\u00eda y cubren todos los gastos de tratamiento, comida y alojamiento.<\/p>\n<p>Ayurmana tambi\u00e9n ofrece paquetes premium para que las curas \u00fanicas y los tratamientos especializados est\u00e9n al alcance de un mayor n\u00famero de personas que sufren.<\/p>\n<p>Todas las categor\u00edas de habitaciones, desde la est\u00e1ndar sin aire acondicionado hasta la suite privada con aire acondicionado, cuentan con cuarto de ba\u00f1o privado e instalaciones que van desde televisi\u00f3n multicanal hasta conexi\u00f3n inal\u00e1mbrica a Internet gratuita. Todas las comidas del plan diet\u00e9tico ayurv\u00e9dico est\u00e1ndar del centro tambi\u00e9n son gratuitas para el paciente.<\/p>\n<p>Siguiendo con la tradici\u00f3n de la familia dharma desde 1965, el alojamiento en habitaciones est\u00e1ndar sigue siendo GRATUITO, en beneficio de los pacientes con limitaciones econ\u00f3micas.<\/p>\n<p>Aqu\u00ed encontrar\u00e1 los precios de los paquetes de tratamientos ayurv\u00e9dicos.[\/vc_toggle][vc_toggle title=&#8221;\u00bfQu\u00e9 formas de pago aceptan?&#8221;]Para confirmar la reserva se requiere un dep\u00f3sito por adelantado, que se mencionar\u00e1 en el aviso de reserva. Aceptamos las tarjetas de cr\u00e9dito m\u00e1s habituales, como MasterCard, Visa y American Express, as\u00ed como transferencias bancarias.<\/p>\n<p>Una vez que te hayas registrado en AyurMana, puedes pagar el saldo y cualquier extra utilizando dinero en efectivo en euros, d\u00f3lares estadounidenses o rupias indias. Tambi\u00e9n tiene la opci\u00f3n de pagar con tarjeta de cr\u00e9dito o d\u00e9bito.[\/vc_toggle][vc_toggle title=&#8221;\u00bfDeseo recibir tratamiento para una enfermedad concreta que no figura en su sitio web?&#8221;]El n\u00famero limitado de programas y enfermedades que figuran en este sitio web s\u00f3lo pretende dar una idea b\u00e1sica al visitante y no incluye todos los programas de tratamiento especializado y curas que ofrece el centro.<\/p>\n<p>Escr\u00edbanos sobre sus problemas de salud. Nuestros amables m\u00e9dicos estar\u00e1n encantados de responderle con sus sugerencias y posibilidades de tratamiento.[\/vc_toggle][vc_toggle title=&#8221;\u00bfCu\u00e1l es el mejor momento para ir a AyurMana?&#8221;]AyurMana es un lugar maravilloso, todo el a\u00f1o. Para determinar la hora a la que debe venir, le sugerimos que primero analice lo que quiere conseguir y el tiempo de que dispone. Le rogamos que no se preocupe demasiado por la &#8220;afluencia&#8221; o la &#8220;temporada&#8221;: nunca permitimos m\u00e1s reservas de las que podemos gestionar y le aseguramos que cada temporada tiene algo especial.[\/vc_toggle][vc_toggle title=&#8221;\u00bfC\u00f3mo se compara con otros retiros de sanaci\u00f3n de todo el mundo?&#8221;]Aunque muchos lugares afirman que no se parecen a ning\u00fan otro, realmente nos ha resultado dif\u00edcil encontrar en el mundo un centro similar que ofrezca una curaci\u00f3n tan profunda y de forma asequible.<\/p>\n<p>A veces, la gente viene esperando que seamos un centro de bienestar o un retiro de salud; por suerte, cuando se van, suelen encontrar esta definici\u00f3n tan inexacta como inadecuada. Nuestra misi\u00f3n es grande y ambiciosa, y nos esforzamos al m\u00e1ximo para lograr lo nunca visto en curaci\u00f3n y bienestar.<\/p>\n<p>Miles de hu\u00e9spedes que se han curado a lo largo de las d\u00e9cadas siguen siendo testimonio de nuestro trabajo.[\/vc_toggle][vc_toggle title=&#8221;\u00bfEst\u00e1n permitidos los dispositivos electr\u00f3nicos en el Retiro?&#8221;]Los tel\u00e9fonos m\u00f3viles, iPads, tabletas, tel\u00e9fonos inteligentes y ordenadores personales se pueden utilizar en las habitaciones de los hu\u00e9spedes, pero no est\u00e1n permitidos en ning\u00fan espacio compartido o al aire libre. No se permite hacer fotograf\u00edas en el retiro. Nuestro empe\u00f1o es proteger la intimidad y el espacio personal de los hu\u00e9spedes y crear un entorno propicio al bienestar.[\/vc_toggle][vc_toggle title=&#8221;\u00bfHay conectividad m\u00f3vil y WiFi en las habitaciones?&#8221;]S\u00ed. No cobramos a nuestros hu\u00e9spedes por el WiFi.[\/vc_toggle][vc_toggle title=&#8221;\u00bfOfrece Ayurmana asistencia en el aeropuerto a sus hu\u00e9spedes?&#8221;]Somos conscientes de que los aeropuertos pueden ser tediosos, agotadores y, a veces, intimidantes. La asistencia en el aeropuerto se ofrece como servicio opcional a trav\u00e9s de un reputado proveedor mundial de servicios que opera en el aeropuerto de Thiruvananthapuram, con cargo adicional. Los hu\u00e9spedes pueden beneficiarse de esta ayuda si la solicitan al hacer la reserva y comunican los detalles del vuelo con suficiente antelaci\u00f3n. Para m\u00e1s informaci\u00f3n, haga clic aqu\u00ed.[\/vc_toggle][vc_toggle title=&#8221;Puede que necesite traer a un amigo que no quiera estar en ning\u00fan programa de tratamiento en Ayurmana. \u00bfEst\u00e1 permitido?&#8221;]S\u00ed, est\u00e1 permitido.[\/vc_toggle][\/vc_column][\/vc_row]\n","protected":false},"excerpt":{"rendered":"<p>[vc_row][vc_column][vc_column_text] Preguntas m\u00e1s frecuentes [FAQ] [\/vc_column_text][vc_toggle title=&#8221;\u00bfD\u00f3nde se encuentra AyurMana [&hellip;]<\/p>\n","protected":false},"author":1,"featured_media":0,"parent":0,"menu_order":0,"comment_status":"closed","ping_status":"closed","template":"","meta":{"_monsterinsights_skip_tracking":false,"_monsterinsights_sitenote_active":false,"_monsterinsights_sitenote_note":"","_monsterinsights_sitenote_category":0,"_joinchat":[],"footnotes":""},"class_list":["post-4736","page","type-page","status-publish","hentry"],"_links":{"self":[{"href":"https:\/\/ayurmana.in\/es\/wp-json\/wp\/v2\/pages\/4736","targetHints":{"allow":["GET"]}}],"collection":[{"href":"https:\/\/ayurmana.in\/es\/wp-json\/wp\/v2\/pages"}],"about":[{"href":"https:\/\/ayurmana.in\/es\/wp-json\/wp\/v2\/types\/page"}],"author":[{"embeddable":true,"href":"https:\/\/ayurmana.in\/es\/wp-json\/wp\/v2\/users\/1"}],"replies":[{"embeddable":true,"href":"https:\/\/ayurmana.in\/es\/wp-json\/wp\/v2\/comments?post=4736"}],"version-history":[{"count":0,"href":"https:\/\/ayurmana.in\/es\/wp-json\/wp\/v2\/pages\/4736\/revisions"}],"wp:attachment":[{"href":"https:\/\/ayurmana.in\/es\/wp-json\/wp\/v2\/media?parent=4736"}],"curies":[{"name":"wp","href":"https:\/\/api.w.org\/{rel}","templated":true}]}}