{"id":4749,"date":"2020-05-21T08:42:10","date_gmt":"2020-05-21T03:12:10","guid":{"rendered":"https:\/\/www.ayurmana.in\/tratamiento-ayurvedico-para-el-dolor-de-rodilla\/"},"modified":"2023-10-18T15:15:44","modified_gmt":"2023-10-18T09:45:44","slug":"tratamiento-ayurvedico-para-el-dolor-de-rodilla","status":"publish","type":"page","link":"https:\/\/ayurmana.in\/es\/tratamiento-ayurvedico-para-el-dolor-de-rodilla\/","title":{"rendered":"Tratamiento ayurv\u00e9dico para el dolor de rodilla"},"content":{"rendered":"[vc_row curly_padding=&#8221;content-padding-none&#8221;][vc_column width=&#8221;2\/3&#8243; curly_padding=&#8221;content-padding-xs&#8221;][vc_column_text]\n<h1>Tratamiento ayurv\u00e9dico para el dolor de rodilla en Kerala<\/h1>\n[\/vc_column_text][vc_single_image image=&#8221;2802&#8243; img_size=&#8221;full&#8221;][\/vc_column][vc_column width=&#8221;1\/3&#8243; curly_padding=&#8221;content-padding-xs&#8221; offset=&#8221;vc_hidden-xs&#8221;][vc_empty_space height=&#8221;45px&#8221;][vc_column_text]\n<h4>TESTIMONIOS<\/h4>\n<p><em>Sufr\u00eda fuertes dolores e hinchaz\u00f3n en la rodilla. Me diagnosticaron artrosis e hice fisioterapia y tratamiento durante casi 6 meses sin alivio. Entonces visit\u00e9 AyurMana donde me recomendaron someterme a una artroscopia que revel\u00f3 una rotura parcial del LCA. Aplicaron un plan de tratamiento espec\u00edfico por fases y despu\u00e9s de 3 meses ya he vuelto a la normalidad y camino sin dolor.<\/em>[\/vc_column_text][vc_column_text]\n<p style=\"text-align: right;\"><strong>Sam Thomas, Bengaluru<\/strong><\/p>\n[\/vc_column_text][\/vc_column][\/vc_row][vc_row curly_padding=&#8221;content-padding-none&#8221;][vc_column width=&#8221;2\/3&#8243;][vc_column_text]La rodilla es una articulaci\u00f3n compleja que soporta peso y est\u00e1 formada por diferentes m\u00fasculos, ligamentos, tendones, menisco, cart\u00edlago articular y r\u00f3tula. De ah\u00ed que sea propenso a una amplia gama de lesiones y enfermedades.<\/p>\n<p>Millones de personas sufren cada d\u00eda dolor de rodilla. La prevalencia en los hombres supera el 15% y en las mujeres es de aproximadamente el 20% de la poblaci\u00f3n total. Las causas m\u00e1s comunes son la condromalacia rotuliana, el esguince de ligamentos, la rotura de menisco y la tendinitis. Razones tan simples como una torcedura, un paso en falso o un esfuerzo derivado de alguna actividad f\u00edsica pueden provocar una lesi\u00f3n. Pero tambi\u00e9n puede deberse a causas sin lesi\u00f3n como la bursitis, el quiste de Bakers, la gota, autoinmunes como en la reumatoide o el desgaste gradual como en la artrosis.<\/p>\n<p>El tratamiento del dolor de rodilla variar\u00e1 en cada caso en funci\u00f3n de la causa concreta. Si no se diagnostica y trata adecuadamente, puede tardar varios a\u00f1os en curarse.<\/p>\n<p>AyurMana es un centro especializado en el tratamiento ayurv\u00e9dico del dolor de rodilla en Trivandrum, Kerala (India). Llevamos a\u00f1os ayudando a las personas a encontrar una cura duradera y una mayor calidad de vida. Independientemente de c\u00f3mo haya acabado con dolor en las rodillas, podemos ayudarle a llevar una vida m\u00e1s activa con mucho menos dolor. As\u00ed que antes de elegir la cirug\u00eda o recurrir a las pastillas para el dolor, re\u00fanase con un m\u00e9dico Ayurmana y vea si el ayurveda puede ser la respuesta que estaba buscando.[\/vc_column_text][\/vc_column][vc_column width=&#8221;1\/3&#8243; curly_padding=&#8221;content-padding-none&#8221; el_class=&#8221;rr-menu&#8221; offset=&#8221;vc_hidden-xs&#8221;][vc_column_text]\n<h4>Enlaces r\u00e1pidos<\/h4>\n<ul>\n<li><a href=\"https:\/\/ayurmana.in\/es\/habitaciones-y-suites\/\">Habitaciones y suites<\/a><br \/>\n<hr>\n<\/li>\n<li><a href=\"https:\/\/ayurmana.in\/es\/ayurveda-paquetes-kerala\/\">Nuestros paquetes<\/a><br \/>\n<hr>\n<\/li>\n<li><a href=\"https:\/\/ayurmana.in\/es\/reserva-de-habitaciones\/\">Reserva de habitaciones<\/a><br \/>\n<hr>\n<\/li>\n<li><a href=\"https:\/\/ayurmana.in\/es\/preguntas-frecuentes\/\">PREGUNTAS FRECUENTES<\/a><\/li>\n<\/ul>\n[\/vc_column_text][\/vc_column][\/vc_row][vc_row][vc_column width=&#8221;2\/3&#8243;][\/vc_column][vc_column width=&#8221;1\/3&#8243; offset=&#8221;vc_hidden-lg vc_hidden-md vc_hidden-sm&#8221;][vc_empty_space height=&#8221;115px&#8221;][vc_column_text]\n<h4>TESTIMONIOS<\/h4>\n<p><em>Sufr\u00eda fuertes dolores e hinchaz\u00f3n en la rodilla. Me diagnosticaron artrosis y segu\u00ed fisioterapia y tratamiento con diferentes m\u00e9dicos durante casi 6 meses sin alivio. Entonces visit\u00e9 AyurMana donde me recomendaron someterme a una artroscopia que revel\u00f3 una rotura parcial del LCA. Aplicaron un plan de tratamiento espec\u00edfico por fases y despu\u00e9s de 3 meses ya he vuelto a la normalidad y camino sin dolor.<\/em>[\/vc_column_text][vc_column_text]\n<p style=\"text-align: right;\"><strong>Sam Thomas, Bengaluru<\/strong><\/p>\n[\/vc_column_text][vc_column_text]<em>Desde hace unos a\u00f1os el \u00e1cido \u00farico en mi sangre era alto y recientemente empec\u00e9 a tener dolor en los dedos gordos de los pies y en la rodilla. El tratamiento ayurv\u00e9dico durante 3 semanas en AyurMana dio grandes resultados. Mis s\u00edntomas han desaparecido y el \u00e1cido \u00farico ha bajado a niveles normales.<\/em>[\/vc_column_text][vc_column_text]\n<p style=\"text-align: right;\"><strong>Sukriti, Odisha<\/strong><\/p>\n[\/vc_column_text][vc_column_text el_class=&#8221;rr-menu&#8221;]\n<h4>Enlaces r\u00e1pidos<\/h4>\n<ul>\n<li><a href=\"https:\/\/ayurmana.in\/es\/habitaciones-y-suites\/\">Habitaciones y suites<\/a><br \/>\n<hr>\n<\/li>\n<li><a href=\"https:\/\/ayurmana.in\/es\/ayurveda-paquetes-kerala\/\">Nuestros paquetes<\/a><br \/>\n<hr>\n<\/li>\n<li><a href=\"https:\/\/ayurmana.in\/es\/reserva-de-habitaciones\/\">Reserva de habitaciones<\/a><br \/>\n<hr>\n<\/li>\n<li><a href=\"https:\/\/ayurmana.in\/es\/preguntas-frecuentes\/\">PREGUNTAS FRECUENTES<\/a><\/li>\n<\/ul>\n[\/vc_column_text][\/vc_column][\/vc_row]\n","protected":false},"excerpt":{"rendered":"<p>[vc_row curly_padding=&#8221;content-padding-none&#8221;][vc_column width=&#8221;2\/3&#8243; curly_padding=&#8221;content-padding-xs&#8221;][vc_column_text] Tratamiento ayurv\u00e9dico para el dolor de [&hellip;]<\/p>\n","protected":false},"author":1,"featured_media":0,"parent":0,"menu_order":0,"comment_status":"closed","ping_status":"closed","template":"","meta":{"_monsterinsights_skip_tracking":false,"_monsterinsights_sitenote_active":false,"_monsterinsights_sitenote_note":"","_monsterinsights_sitenote_category":0,"_joinchat":[],"footnotes":""},"class_list":["post-4749","page","type-page","status-publish","hentry"],"_links":{"self":[{"href":"https:\/\/ayurmana.in\/es\/wp-json\/wp\/v2\/pages\/4749","targetHints":{"allow":["GET"]}}],"collection":[{"href":"https:\/\/ayurmana.in\/es\/wp-json\/wp\/v2\/pages"}],"about":[{"href":"https:\/\/ayurmana.in\/es\/wp-json\/wp\/v2\/types\/page"}],"author":[{"embeddable":true,"href":"https:\/\/ayurmana.in\/es\/wp-json\/wp\/v2\/users\/1"}],"replies":[{"embeddable":true,"href":"https:\/\/ayurmana.in\/es\/wp-json\/wp\/v2\/comments?post=4749"}],"version-history":[{"count":0,"href":"https:\/\/ayurmana.in\/es\/wp-json\/wp\/v2\/pages\/4749\/revisions"}],"wp:attachment":[{"href":"https:\/\/ayurmana.in\/es\/wp-json\/wp\/v2\/media?parent=4749"}],"curies":[{"name":"wp","href":"https:\/\/api.w.org\/{rel}","templated":true}]}}