{"id":4750,"date":"2020-04-11T18:56:19","date_gmt":"2020-04-11T13:26:19","guid":{"rendered":"https:\/\/www.ayurmana.in\/karkidaka-chikitsa\/"},"modified":"2023-10-18T15:13:23","modified_gmt":"2023-10-18T09:43:23","slug":"karkidaka-chikitsa","status":"publish","type":"page","link":"https:\/\/ayurmana.in\/es\/karkidaka-chikitsa\/","title":{"rendered":"Karkidaka-chikitsa"},"content":{"rendered":"[vc_row css=&#8221;.vc_custom_1577384645434{padding-bottom: 6px !important;}&#8221;][vc_column width=&#8221;2\/3&#8243; css=&#8221;.vc_custom_1577696343492{padding-bottom: 6px !important;}&#8221;][vc_column_text]\n<h1>Karkidaka Chikitsa<\/h1>\n[\/vc_column_text][vc_single_image image=&#8221;2801&#8243; img_size=&#8221;full&#8221;][\/vc_column][vc_column width=&#8221;1\/3&#8243; offset=&#8221;vc_hidden-xs&#8221;][vc_empty_space height=&#8221;115px&#8221;][vc_column_text]\n<h4>TESTIMONIOS<\/h4>\n<p><em>Me somet\u00ed al famoso karkidaka chikitsa en AyurMana en 2015 solo por bienestar. Pero sorprendentemente mi rinitis al\u00e9rgica estacional y mi urticaria desaparecieron desde entonces. Ahora vuelvo durante el monz\u00f3n cada dos a\u00f1os.<\/em>[\/vc_column_text][vc_column_text]\n<p style=\"text-align: right;\"><strong>Elysa Rijnberg, alem\u00e1n<\/strong><strong>y<\/strong><\/p>\n[\/vc_column_text][vc_column_text]<em>Mi madre sol\u00eda sufrir durante todo el a\u00f1o dolores en las articulaciones. Pero despu\u00e9s de empezar a tomar regularmente el tratamiento Monsoon Ayurveda, los dolores y molestias peri\u00f3dicos han desaparecido. Gracias AyurMana.<\/em>[\/vc_column_text][vc_column_text]\n<p style=\"text-align: right;\"><strong>Priya Sekhar, India<\/strong><\/p>\n[\/vc_column_text][\/vc_column][\/vc_row][vc_row css=&#8221;.vc_custom_1577384784092{padding-top: 6px !important;padding-bottom: 20px !important;}&#8221;][vc_column width=&#8221;2\/3&#8243;][vc_column_text]Karkidaka chikitsa es una tradici\u00f3n que se practica desde hace varios siglos en Kerala. Es una fabulosa estrategia curativa para aprovechar los momentos de desaf\u00edo f\u00edsico, mental y espiritual, para lograr la curaci\u00f3n y un bienestar prolongado.<\/p>\n<h3>Por qu\u00e9 Karkidaka<\/h3>\n<p>Karkidaka se considera el mes m\u00e1s exigente del a\u00f1o en t\u00e9rminos de salud espiritual, mental y f\u00edsica. Estad\u00edsticamente es un mes en el que las muertes por enfermedades, accidentes y causas no naturales son de las m\u00e1s elevadas. Nuestros antepasados hab\u00edan seguido varias costumbres para hacer frente y minimizar las aflicciones durante el Karkidaka .<\/p>\n<h3>Influencia del monz\u00f3n karkidaka en la salud<\/h3>\n<p>M\u00e1s del 80% de las enfermedades que nos aquejan se transmiten por el agua. Las lluvias aumentan las posibilidades de propagaci\u00f3n de enfermedades a trav\u00e9s del agua potable, el agua de drenaje, el agua del aire atmosf\u00e9rico, etc., causando fiebre, infecciones, etc. Adem\u00e1s, la humedad del ambiente suele agravar varias afecciones, como la artritis, las alergias, el asma, etc.[\/vc_column_text][\/vc_column][vc_column width=&#8221;1\/3&#8243; offset=&#8221;vc_hidden-xs&#8221;][vc_column_text el_class=&#8221;rr-menu&#8221;]\n<h4>Enlaces r\u00e1pidos<\/h4>\n<ul>\n<li><a href=\"https:\/\/ayurmana.in\/es\/habitaciones-y-suites\/\">Habitaciones y suites<\/a><br \/>\n<hr>\n<\/li>\n<li><a href=\"https:\/\/ayurmana.in\/es\/ayurveda-paquetes-kerala\/\">Nuestros paquetes<\/a><br \/>\n<hr>\n<\/li>\n<li><a href=\"https:\/\/ayurmana.in\/es\/reserva-de-habitaciones\/\">Reserva de habitaciones<\/a><br \/>\n<hr>\n<\/li>\n<li><a href=\"https:\/\/ayurmana.in\/es\/preguntas-frecuentes\/\">PREGUNTAS FRECUENTES<\/a><\/li>\n<\/ul>\n[\/vc_column_text][\/vc_column][\/vc_row][vc_row css=&#8221;.vc_custom_1577038844768{padding-top: 6px !important;}&#8221;][vc_column width=&#8221;2\/3&#8243;][vc_message message_box_color=&#8221;mulled_wine&#8221;]<strong>Pr\u00e1cticas Karkidaka<\/strong>[\/vc_message][vc_column_text]\n<ul>\n<li>Recital o escucha de escrituras espirituales y discursos enriquecedores.<\/li>\n<li>Rutinas saludables: por ejemplo, durante el karkidaka se recomienda a todos los miembros de la familia que vuelvan a casa al anochecer; nada de trasnochar. Otra pr\u00e1ctica consiste en beber s\u00f3lo agua caliente hervida con hierbas purificadoras durante el karkidaka.<\/li>\n<li>Dieta curativa especial [oushada kanji] para mejorar la inmunidad.<\/li>\n<li>Karkidaka chikitsa para aliviar las condiciones de salud existentes y prevenir enfermedades.<\/li>\n<li>Satsanga &#8211; Reuniones sociales para di\u00e1logos espirituales con el fin de mantener a todo el mundo cerca y en un estado de \u00e1nimo positivo para apoyarse mutuamente si surge una necesidad a uno de los miembros de la sociedad.<\/li>\n<\/ul>\n[\/vc_column_text][\/vc_column][vc_column width=&#8221;1\/3&#8243;][\/vc_column][\/vc_row][vc_row css=&#8221;.vc_custom_1577384784092{padding-top: 6px !important;padding-bottom: 20px !important;}&#8221;][vc_column][vc_column_text]\n<h3>Influencia del monz\u00f3n karkidaka en la salud<\/h3>\n<p>M\u00e1s del 80% de las enfermedades que nos aquejan se transmiten por el agua. Las lluvias aumentan las posibilidades de propagaci\u00f3n de enfermedades a trav\u00e9s del agua potable, el agua de drenaje, el agua del aire atmosf\u00e9rico, etc., causando fiebre, infecciones, etc. Adem\u00e1s, la humedad del ambiente suele agravar varias afecciones, como la artritis, las alergias, el asma, etc.<\/p>\n<h3>\u00bfCu\u00e1les son los objetivos de Karkidaka chikitsa?<\/h3>\n<ol>\n<li>Desintoxicar &#8211; Durante d\u00edas y meses ingerimos toxinas y contaminantes que se acumulan en el organismo. Provienen del aire contaminado que respiramos, lleno de gases de escape de veh\u00edculos y contaminaci\u00f3n industrial; alimentos contaminados que se cultivan con productos qu\u00edmicos y pesticidas y se preparan o cocinan con aditivos para darles sabor; agua contaminada que contiene numerosos contaminantes, etc. Estas toxinas se acumulan en el organismo y cuando alcanzan cierto nivel dan lugar a s\u00edntomas como alergias, dolores corporales, hinchazones, depresi\u00f3n e incluso trastornos autoinmunitarios. El Karkidaka Chikitsa intenta movilizar las toxinas de su cuerpo y eliminarlas a trav\u00e9s de canales de limpieza.<\/li>\n<li>Aumento de la inmunidad &#8211; El kanji Oushada, preparado con hierbas que han demostrado mejorar y fortalecer el sistema inmunol\u00f3gico, complementar\u00e1 las estrategias de desintoxicaci\u00f3n para aumentar la inmunidad.<\/li>\n<li>Rejuvenecer &#8211; Las terapias de masaje mejorar\u00e1n la circulaci\u00f3n y aumentar\u00e1n el nivel de ox\u00edgeno y nutrientes en los tejidos para rejuvenecer y refrescar el cuerpo.<\/li>\n<li>Elimine la flacidez &#8211; Las terapias tambi\u00e9n le ayudar\u00e1n a eliminar la flacidez al romper los dep\u00f3sitos de grasa y tonificar el cuerpo.<\/li>\n<li>Aliviar los problemas de salud actuales: un m\u00e9dico experimentado puede aconsejar formas de tratar las dolencias actuales y curarlas. Si tratas y curas tus problemas de salud en las \u00e9pocas m\u00e1s dif\u00edciles, lo m\u00e1s probable es que el cuerpo est\u00e9 preparado para afrontar los retos durante las \u00e9pocas de menos pruebas con mayor eficacia y, como se observa en la mayor\u00eda de los casos, el resto del a\u00f1o estar\u00e1 libre de s\u00edntomas.<\/li>\n<\/ol>\n[\/vc_column_text][\/vc_column][\/vc_row][vc_row css=&#8221;.vc_custom_1577038844768{padding-top: 6px !important;}&#8221;][vc_column][vc_message message_box_color=&#8221;mulled_wine&#8221;]<strong>Objetivos de Karkidaka Chikitsa<\/strong>[\/vc_message][vc_column_text]\n<ul class=\"inline list-01\">\n<li>Desintoxicar<\/li>\n<li>Aumentar la inmunidad<\/li>\n<li>Rejuvenecer<\/li>\n<li>Elimina la flacidez<\/li>\n<li>Exfolia para revelar una piel fresca<\/li>\n<li>Aliviar los problemas de salud actuales<\/li>\n<\/ul>\n[\/vc_column_text][vc_message message_box_color=&#8221;mulled_wine&#8221;]<strong>Pr\u00e1cticas a seguir durante el curso de karkidaka<\/strong>[\/vc_message][vc_column_text]\n<ul class=\"inline list-01\">\n<li>Beber al menos 2 litros de agua tibia al d\u00eda.<\/li>\n<li>Evitar los alimentos no vegetarianos, los fritos, el alcohol y el tabaco<\/li>\n<li>Vuelve pronto a casa y acu\u00e9state pronto<\/li>\n<li>Encuentra tiempo para pasarlo con la familia, los amigos y las personas con las que disfrutas compartiendo tu tiempo.<\/li>\n<li>Hacer ejercicios de respiraci\u00f3n profunda durante 10 minutos por la ma\u00f1ana todos los d\u00edas<\/li>\n<\/ul>\n[\/vc_column_text][\/vc_column][\/vc_row][vc_row css=&#8221;.vc_custom_1577384784092{padding-top: 6px !important;padding-bottom: 20px !important;}&#8221;][vc_column][vc_column_text]\n<h3>\u00bfCu\u00e1ndo empezar?<\/h3>\n<p>En 2017, Karkidaka comienza el 17 de julio y se prolonga hasta el 16 de agosto. Sin embargo, debido al calentamiento global, los cambios clim\u00e1ticos se desplazan constantemente hacia los extremos. Un clima m\u00e1s c\u00e1lido hace que la atm\u00f3sfera recoja, retenga y deje caer m\u00e1s agua. Esto influye en los patrones clim\u00e1ticos de manera que las \u00e9pocas h\u00famedas se vuelven m\u00e1s h\u00famedas y las secas m\u00e1s secas. Desde hace unas d\u00e9cadas, las lluvias comienzan ya en junio y se intensifican en julio. Adapt\u00e1ndose a los tiempos cambiantes, teniendo en cuenta los objetivos fundamentales, AyurMana inicia el programa de tratamiento monz\u00f3nico desde la segunda semana de julio hasta la \u00faltima semana de agosto.[\/vc_column_text][\/vc_column][\/vc_row][vc_row][vc_column width=&#8221;2\/3&#8243;][\/vc_column][vc_column width=&#8221;1\/3&#8243; offset=&#8221;vc_hidden-lg vc_hidden-md vc_hidden-sm&#8221;][vc_empty_space height=&#8221;35px&#8221;][vc_column_text]\n<h4>TESTIMONIOS<\/h4>\n<p><em>Me pon\u00eda insulina 80 unidades al d\u00eda cuando vine a recibir tratamiento. Ahora ya no tomo insulina y mi nivel de az\u00facar en sangre ha vuelto a la normalidad.<\/em>[\/vc_column_text][vc_column_text]\n<p style=\"text-align: right;\"><strong>Reno Greve, Noruega<\/strong><\/p>\n[\/vc_column_text][vc_column_text]\n<p><em>Tomaba insulina y otros dos medicamentos para la diabetes. El tratamiento ayurv\u00e9dico dio grandes resultados. He dejado la insulina, el hipoglucemiante oral y las pastillas y aun as\u00ed mi az\u00facar es normal.<\/em><\/p>\n[\/vc_column_text][vc_column_text]\n<p style=\"text-align: right;\"><strong>Sweta Tivari, India<\/strong><\/p>\n[\/vc_column_text][vc_column_text el_class=&#8221;rr-menu&#8221;]\n<h4>Enlaces r\u00e1pidos<\/h4>\n<ul>\n<li><a href=\"https:\/\/ayurmana.in\/es\/habitaciones-y-suites\/\">Habitaciones y suites<\/a><br \/>\n<hr>\n<\/li>\n<li><a href=\"https:\/\/ayurmana.in\/es\/ayurveda-paquetes-kerala\/\">Nuestros paquetes<\/a><br \/>\n<hr>\n<\/li>\n<li><a href=\"https:\/\/ayurmana.in\/es\/reserva-de-habitaciones\/\">Reserva de habitaciones<\/a><br \/>\n<hr>\n<\/li>\n<li><a href=\"https:\/\/ayurmana.in\/es\/preguntas-frecuentes\/\">PREGUNTAS FRECUENTES<\/a><\/li>\n<\/ul>\n[\/vc_column_text][\/vc_column][\/vc_row]\n","protected":false},"excerpt":{"rendered":"<p>[vc_row css=&#8221;.vc_custom_1577384645434{padding-bottom: 6px !important;}&#8221;][vc_column width=&#8221;2\/3&#8243; css=&#8221;.vc_custom_1577696343492{padding-bottom: 6px !important;}&#8221;][vc_column_text] Karkidaka Chikitsa [&hellip;]<\/p>\n","protected":false},"author":1,"featured_media":0,"parent":0,"menu_order":0,"comment_status":"closed","ping_status":"closed","template":"","meta":{"_monsterinsights_skip_tracking":false,"_monsterinsights_sitenote_active":false,"_monsterinsights_sitenote_note":"","_monsterinsights_sitenote_category":0,"_joinchat":[],"footnotes":""},"class_list":["post-4750","page","type-page","status-publish","hentry"],"_links":{"self":[{"href":"https:\/\/ayurmana.in\/es\/wp-json\/wp\/v2\/pages\/4750","targetHints":{"allow":["GET"]}}],"collection":[{"href":"https:\/\/ayurmana.in\/es\/wp-json\/wp\/v2\/pages"}],"about":[{"href":"https:\/\/ayurmana.in\/es\/wp-json\/wp\/v2\/types\/page"}],"author":[{"embeddable":true,"href":"https:\/\/ayurmana.in\/es\/wp-json\/wp\/v2\/users\/1"}],"replies":[{"embeddable":true,"href":"https:\/\/ayurmana.in\/es\/wp-json\/wp\/v2\/comments?post=4750"}],"version-history":[{"count":0,"href":"https:\/\/ayurmana.in\/es\/wp-json\/wp\/v2\/pages\/4750\/revisions"}],"wp:attachment":[{"href":"https:\/\/ayurmana.in\/es\/wp-json\/wp\/v2\/media?parent=4750"}],"curies":[{"name":"wp","href":"https:\/\/api.w.org\/{rel}","templated":true}]}}