{"id":4761,"date":"2020-05-21T08:40:42","date_gmt":"2020-05-21T03:10:42","guid":{"rendered":"https:\/\/www.ayurmana.in\/panchakarma-tratamiento-kerala-india\/"},"modified":"2023-10-18T14:46:17","modified_gmt":"2023-10-18T09:16:17","slug":"panchakarma-tratamiento-kerala-india","status":"publish","type":"page","link":"https:\/\/ayurmana.in\/es\/panchakarma-tratamiento-kerala-india\/","title":{"rendered":"Panchakarma-Tratamiento-Kerala-India."},"content":{"rendered":"[vc_row curly_padding=&#8221;content-padding-xs&#8221;][vc_column width=&#8221;2\/3&#8243; curly_padding=&#8221;content-padding-xs&#8221;][vc_column_text]\n<h1>Mejor tratamiento Panchakarma en Kerala India<\/h1>\n[\/vc_column_text][vc_single_image image=&#8221;2803&#8243; img_size=&#8221;full&#8221;][\/vc_column][vc_column width=&#8221;1\/3&#8243; offset=&#8221;vc_hidden-xs&#8221;][vc_empty_space height=&#8221;75px&#8221;][vc_column_text]\n<h4>TESTIMONIOS<\/h4>\n<p><em>Me pon\u00eda insulina 80 unidades al d\u00eda cuando vine a recibir tratamiento. Ahora ya no tomo insulina y mi nivel de az\u00facar en sangre ha vuelto a la normalidad.<\/em>[\/vc_column_text][vc_column_text]\n<p style=\"text-align: right;\"><strong>Reno Greve, Noruega<\/strong><\/p>\n[\/vc_column_text][vc_column_text]<em>Tomaba insulina y otros dos medicamentos para la diabetes. El tratamiento ayurv\u00e9dico dio grandes resultados. He dejado la insulina, el hipoglucemiante oral y las pastillas y aun as\u00ed mi az\u00facar es normal.<\/em>[\/vc_column_text][vc_column_text]\n<p style=\"text-align: right;\"><strong>Sweta Tivari, India<\/strong><\/p>\n[\/vc_column_text][\/vc_column][\/vc_row][vc_row curly_padding=&#8221;content-padding-xs&#8221;][vc_column width=&#8221;2\/3&#8243;][vc_column_text]Panchakarma es un programa ayurv\u00e9dico intensivo de desintoxicaci\u00f3n destinado a reducir la sobrecarga de toxinas en el sistema, que podr\u00eda haberse acumulado a lo largo de d\u00e9cadas debido a los contaminantes ambientales, alimentos contaminados o procesados qu\u00edmicamente, medicamentos, productos qu\u00edmicos y pesticidas, tabaquismo, etc.<\/p>\n<p>Cuando se reduce la sobrecarga t\u00f3xica, los procesos del organismo, incluidos el sistema inmunitario y el metabolismo, empiezan a funcionar a su verdadero potencial, lo que conduce a la curaci\u00f3n y a una mayor calidad de salud y bienestar.<\/p>\n<h3>\u00bfQu\u00e9 son los tratamientos Panchakarma?<\/h3>\n<p>Las toxinas que entran en el cuerpo pueden llegar a ser muy peligrosas y afectar a los \u00f3rganos principales. As\u00ed que el cuerpo los retira de la circulaci\u00f3n e intenta eliminarlo o trasladarlo a las profundidades de los tejidos, como la grasa. Sin embargo, a medida que aumenta el nivel de toxinas acumuladas en los tejidos, empiezan a alterarse los procesos biol\u00f3gicos y fisicoqu\u00edmicos del organismo, lo que provoca diversas enfermedades f\u00edsicas y mentales.<\/p>\n<p>Durante un programa de panchakarma, estas toxinas se devuelven a los canales de eliminaci\u00f3n y se expulsan mediante los cinco procesos de limpieza: Vamana (v\u00f3mito inducido), Virechana (purgaci\u00f3n), Nasya (purga nasal), Vasthi (enema medicado) y Raktamoksha [Expelling Impure blood from an affected site].<\/p>\n<h3>\u00bfCu\u00e1nto dura el tratamiento Panchakarma?<\/h3>\n<p>Un curso de panchakarma adecuado y eficaz consta de 3 fases.<\/p>\n<p>La primera es la fase preparatoria. En esta fase inicial tenemos que tomar un preparado medicamentoso espec\u00edfico para conseguir que el organismo libere las toxinas de los lugares donde las tiene almacenadas de forma difusa para que puedan ser eliminadas en la segunda fase. Este medicamento se administra en dosis crecientes cada d\u00eda hasta que llega a los tejidos y libera las toxinas de vuelta al organismo. Cuando esto ocurra, mostrar\u00e1 signos t\u00edpicos de toxicidad o intoxicaci\u00f3n, que es cuando comenzamos la siguiente fase.<\/p>\n<p>La segunda es la fase de limpieza. Esta es la fase de desintoxicaci\u00f3n que incluye los cinco procedimientos de desintoxicaci\u00f3n [pancha] [karmas] . Son el v\u00f3mito inducido, la purgaci\u00f3n, la purga nasal, el enema medicado y la sangr\u00eda. El n\u00famero de d\u00edas y veces que habr\u00e1 que repetir la terapia lo decidir\u00e1 un m\u00e9dico experimentado y competente. Adem\u00e1s, es posible que no todas las personas necesiten estos cinco procedimientos. Tambi\u00e9n lo determina el m\u00e9dico tras una evaluaci\u00f3n detallada.<\/p>\n<p>La tercera y \u00faltima es la fase de recuperaci\u00f3n. Esta fase se centra en conseguir que el cuerpo sane y se acomode a su ritmo natural innato. Los nutritivos suplementos herbales y la comida ayurv\u00e9dica org\u00e1nica reavivar\u00e1n, refrescar\u00e1n y rejuvenecer\u00e1n la mente y el cuerpo con una renovada oleada de energ\u00eda vital.<\/p>\n<p>Durante estas 3 fases del retiro, podr\u00e1 someterse a diversas terapias de masajes con aceite y otros tratamientos ayurv\u00e9dicos. Habr\u00e1 consultas diarias con los m\u00e9dicos, as\u00ed como yoga ayurveda y meditaci\u00f3n.<\/p>\n<p>Un programa panchakarma cl\u00e1sico completo no puede completarse en menos de 42 d\u00edas. Se aconseja sobre todo a los pacientes que padecen enfermedades cr\u00f3nicas y resistentes<\/p>\n<p>Sin embargo, una persona sana normal que desee disfrutar de un tratamiento ayurv\u00e9dico tradicional que incluya desintoxicaci\u00f3n para su bienestar, puede realizar un tratamiento panchakarma especial de 3 semanas a un precio asequible en Kerala. Durante este programa tambi\u00e9n se le iniciar\u00e1 en un estilo de vida saludable que incluye rutinas de yoga y meditaci\u00f3n que podr\u00e1 continuar de vuelta a casa.<\/p>\n<h3>\u00bfTiene efectos secundarios el Panchakarma?<\/h3>\n<p>La respuesta es s\u00ed y no. Durante la primera fase, cuando las toxinas se liberan de nuevo en el sistema desde donde se almacenaron difundidas en su cuerpo, se sentir\u00e1 enfermo como si estuviera envenenado. De hecho, se le administra diariamente un medicamento de desintoxicaci\u00f3n en dosis crecientes hasta que esto ocurra. Puede sentir n\u00e1useas, fiebre, fatiga, malestar, dolores de cabeza, congesti\u00f3n, sensaci\u00f3n de malestar general, etc. En realidad, no se trata de efectos secundarios. De hecho, son efectos previstos en este proceso de tratamiento y un signo de que se est\u00e1n liberando toxinas. Una vez que estas toxinas son expulsadas por los pancha karmas, te sientes mucho m\u00e1s ligero, alegre y en\u00e9rgico.[\/vc_column_text][\/vc_column][vc_column width=&#8221;1\/3&#8243; offset=&#8221;vc_hidden-xs&#8221;][vc_column_text el_class=&#8221;rr-menu&#8221;]\n<h4>Enlaces r\u00e1pidos<\/h4>\n<ul>\n<li><a href=\"https:\/\/ayurmana.in\/es\/habitaciones-y-suites\/\">Habitaciones y suites<\/a><br \/>\n<hr \/>\n<\/li>\n<li><a href=\"https:\/\/ayurmana.in\/es\/ayurveda-paquetes-kerala\/\">Nuestros paquetes<\/a><br \/>\n<hr \/>\n<\/li>\n<li><a href=\"https:\/\/ayurmana.in\/es\/reserva-de-habitaciones\/\">Reserva de habitaciones<\/a><br \/>\n<hr \/>\n<\/li>\n<li><a href=\"https:\/\/ayurmana.in\/es\/preguntas-frecuentes\/\">PREGUNTAS FRECUENTES<\/a><\/li>\n<\/ul>\n[\/vc_column_text][\/vc_column][\/vc_row][vc_row][vc_column width=&#8221;2\/3&#8243;][\/vc_column][vc_column width=&#8221;1\/3&#8243; offset=&#8221;vc_hidden-lg vc_hidden-md vc_hidden-sm&#8221;][vc_empty_space height=&#8221;115px&#8221;][vc_column_text]\n<h4>TESTIMONIOS<\/h4>\n<p><em>Me pon\u00eda insulina 80 unidades al d\u00eda cuando vine a recibir tratamiento. Ahora ya no tomo insulina y mi nivel de az\u00facar en sangre ha vuelto a la normalidad.<\/em>[\/vc_column_text][vc_column_text]\n<p style=\"text-align: right;\"><strong>Reno Greve, Noruega<\/strong><\/p>\n[\/vc_column_text][vc_column_text]<em>Tomaba insulina y otros dos medicamentos para la diabetes. El tratamiento ayurv\u00e9dico dio grandes resultados. He dejado la insulina, el hipoglucemiante oral y las pastillas y aun as\u00ed mi az\u00facar es normal.<\/em>[\/vc_column_text][vc_column_text]\n<p style=\"text-align: right;\"><strong>Sweta Tivari, India<\/strong><\/p>\n[\/vc_column_text][vc_column_text el_class=&#8221;rr-menu&#8221;]\n<h4>Enlaces r\u00e1pidos<\/h4>\n<ul>\n<li><a href=\"https:\/\/ayurmana.in\/es\/habitaciones-y-suites\/\">Habitaciones y suites<\/a><br \/>\n<hr \/>\n<\/li>\n<li><a href=\"https:\/\/ayurmana.in\/es\/ayurveda-paquetes-kerala\/\">Nuestros paquetes<\/a><br \/>\n<hr \/>\n<\/li>\n<li><a href=\"https:\/\/ayurmana.in\/es\/reserva-de-habitaciones\/\">Reserva de habitaciones<\/a><br \/>\n<hr \/>\n<\/li>\n<li><a href=\"https:\/\/ayurmana.in\/es\/preguntas-frecuentes\/\">PREGUNTAS FRECUENTES<\/a><\/li>\n<\/ul>\n[\/vc_column_text][\/vc_column][\/vc_row]\n","protected":false},"excerpt":{"rendered":"<p>[vc_row curly_padding=&#8221;content-padding-xs&#8221;][vc_column width=&#8221;2\/3&#8243; curly_padding=&#8221;content-padding-xs&#8221;][vc_column_text] Mejor tratamiento Panchakarma en Kerala India [&hellip;]<\/p>\n","protected":false},"author":1,"featured_media":0,"parent":0,"menu_order":0,"comment_status":"closed","ping_status":"closed","template":"","meta":{"_monsterinsights_skip_tracking":false,"_monsterinsights_sitenote_active":false,"_monsterinsights_sitenote_note":"","_monsterinsights_sitenote_category":0,"_joinchat":[],"footnotes":""},"class_list":["post-4761","page","type-page","status-publish","hentry"],"_links":{"self":[{"href":"https:\/\/ayurmana.in\/es\/wp-json\/wp\/v2\/pages\/4761","targetHints":{"allow":["GET"]}}],"collection":[{"href":"https:\/\/ayurmana.in\/es\/wp-json\/wp\/v2\/pages"}],"about":[{"href":"https:\/\/ayurmana.in\/es\/wp-json\/wp\/v2\/types\/page"}],"author":[{"embeddable":true,"href":"https:\/\/ayurmana.in\/es\/wp-json\/wp\/v2\/users\/1"}],"replies":[{"embeddable":true,"href":"https:\/\/ayurmana.in\/es\/wp-json\/wp\/v2\/comments?post=4761"}],"version-history":[{"count":0,"href":"https:\/\/ayurmana.in\/es\/wp-json\/wp\/v2\/pages\/4761\/revisions"}],"wp:attachment":[{"href":"https:\/\/ayurmana.in\/es\/wp-json\/wp\/v2\/media?parent=4761"}],"curies":[{"name":"wp","href":"https:\/\/api.w.org\/{rel}","templated":true}]}}