{"id":4796,"date":"2019-11-21T22:11:12","date_gmt":"2019-11-21T16:41:12","guid":{"rendered":"https:\/\/www.ayurmana.in\/prolapso-discal\/"},"modified":"2023-10-18T15:15:23","modified_gmt":"2023-10-18T09:45:23","slug":"prolapso-discal","status":"publish","type":"page","link":"https:\/\/ayurmana.in\/es\/prolapso-discal\/","title":{"rendered":"Prolapso discal"},"content":{"rendered":"[vc_row css=&#8221;.vc_custom_1577697552058{padding-bottom: 6px !important;}&#8221;][vc_column width=&#8221;2\/3&#8243; css=&#8221;.vc_custom_1577697544262{padding-bottom: 6px !important;}&#8221;][vc_column_text]\n<h1>Tratamiento ayurv\u00e9dico eficaz para el prolapso discal<\/h1>\n[\/vc_column_text][vc_single_image image=&#8221;125&#8243; img_size=&#8221;large&#8221;][vc_column_text]\n<h3>Conquiste los problemas de columna y recupere su vida activa<br \/>\nResultados sostenibles en protuberancias discales y trastornos degenerativos del disco<\/h3>\n[\/vc_column_text][\/vc_column][vc_column width=&#8221;1\/3&#8243; offset=&#8221;vc_hidden-xs&#8221;][vc_empty_space height=&#8221;75px&#8221;][vc_column_text]\n<h4>TESTIMONIOS<\/h4>\n<p><em>Sufr\u00eda fuertes dolores de espalda que limitaban mis actividades normales. La resonancia magn\u00e9tica revel\u00f3 una protuberancia discal a varios niveles y me recomendaron una intervenci\u00f3n quir\u00fargica. Pero no estaba preparada para una operaci\u00f3n de columna y en su lugar prob\u00e9 el ayurveda. El tratamiento me devolvi\u00f3 a la vida normal. Estoy activo como antes gracias a AyurMana.<\/em>[\/vc_column_text][vc_column_text]\n<p style=\"text-align: right;\"><strong>Deepesh Vohra, India<\/strong><\/p>\n[\/vc_column_text][\/vc_column][\/vc_row][vc_row css=&#8221;.vc_custom_1577697588346{padding-top: 6px !important;padding-bottom: 6px !important;}&#8221;][vc_column width=&#8221;2\/3&#8243;][vc_column_text]La causa m\u00e1s com\u00fan de los dolores de cuello y espalda son los espasmos musculares, que representan casi el 80% de todos los casos. Sin embargo, la protuberancia discal se ha hecho m\u00e1s frecuente en las \u00faltimas d\u00e9cadas, incluso entre los j\u00f3venes. Entre los factores que provocan la hernia discal se encuentran la falta de ejercicio (que debilita los m\u00fasculos de la espalda y aumenta la tensi\u00f3n sobre los discos), permanecer sentado durante muchas horas, los viajes largos en bicicleta y los desplazamientos en coche, etc.<\/p>\n<p>El tratamiento ayurv\u00e9dico para el prolapso discal depender\u00e1 de varios factores, como el nivel del disco afectado, la extensi\u00f3n del compromiso estructural, la edad, la postura natural y la forma de andar del paciente, cu\u00e1nto tiempo se ha padecido la hernia discal y la gravedad de las molestias derivadas de la compresi\u00f3n nerviosa causada por el problema, etc. Un diagn\u00f3stico precoz ayudar\u00e1 a conseguir una curaci\u00f3n casi completa mediante el ayurveda. Sin embargo, en los casos m\u00e1s avanzados, puede ser necesario un tratamiento a largo plazo.<\/p>\n<p>El tratamiento puede incluir procedimientos de descompresi\u00f3n, como fomentaciones tibias y compresas de aceite caliente, masajes especializados para aliviar la inflamaci\u00f3n y fortalecer los m\u00fasculos, estiramientos recomendados por el m\u00e9dico para crear una presi\u00f3n negativa en la columna y revertir la protuberancia discal, y pr\u00e1cticas espec\u00edficas de yoga para mejorar el equilibrio y el movimiento y prevenir las recidivas.[\/vc_column_text][\/vc_column][vc_column width=&#8221;1\/3&#8243; offset=&#8221;vc_hidden-xs&#8221;][vc_column_text el_class=&#8221;rr-menu&#8221;]\n<h4>Enlaces r\u00e1pidos<\/h4>\n<ul>\n<li><a href=\"https:\/\/ayurmana.in\/es\/habitaciones-y-suites\/\">Habitaciones y suites<\/a><br \/>\n<hr>\n<\/li>\n<li><a href=\"https:\/\/ayurmana.in\/es\/ayurveda-paquetes-kerala\/\">Nuestros paquetes<\/a><br \/>\n<hr>\n<\/li>\n<li><a href=\"https:\/\/ayurmana.in\/es\/reserva-de-habitaciones\/\">Reserva de habitaciones<\/a><br \/>\n<hr>\n<\/li>\n<li><a href=\"https:\/\/ayurmana.in\/es\/preguntas-frecuentes\/\">PREGUNTAS FRECUENTES<\/a><\/li>\n<\/ul>\n[\/vc_column_text][\/vc_column][\/vc_row][vc_row css=&#8221;.vc_custom_1577040001383{padding-top: 6px !important;}&#8221;][vc_column width=&#8221;1\/2&#8243;][vc_message message_box_color=&#8221;mulled_wine&#8221;]<strong>Causas comunes<\/strong>[\/vc_message][vc_column_text]\n<ul>\n<li>Espondilitis \/espondilosis<\/li>\n<li>Hernias y\/o protuberancias discales<\/li>\n<li>Enfermedad discal degenerativa<\/li>\n<li>Ci\u00e1tica<\/li>\n<li>Estenosis espinal<\/li>\n<li>S\u00edndromes facetarios<\/li>\n<li>Espondilolistesis<\/li>\n<li>Lesiones y accidentes<\/li>\n<li>Espasmos musculares<\/li>\n<\/ul>\n[\/vc_column_text][\/vc_column][vc_column width=&#8221;1\/2&#8243;][vc_message message_box_color=&#8221;mulled_wine&#8221;]<strong>\u00bfQu\u00e9 puede esperar de nuestro programa?<\/strong>[\/vc_message][vc_column_text]\n<ul>\n<li>Elimina el dolor y la rigidez<\/li>\n<li>Recuperar la movilidad y la flexibilidad<\/li>\n<li>Fortalecer los m\u00fasculos de la espalda<\/li>\n<li>Reparar los da\u00f1os articulares y la p\u00e9rdida \u00f3sea<\/li>\n<li>Invertir la causa de la enfermedad<\/li>\n<li>Vuelta a la vida activa<\/li>\n<\/ul>\n[\/vc_column_text][\/vc_column][\/vc_row][vc_row][vc_column width=&#8221;2\/3&#8243;][\/vc_column][vc_column width=&#8221;1\/3&#8243; offset=&#8221;vc_hidden-lg vc_hidden-md vc_hidden-sm&#8221;][vc_empty_space height=&#8221;55px&#8221;][vc_column_text]\n<h4>TESTIMONIOS<\/h4>\n<p><em>Tras un accidente perd\u00ed la memoria, no pod\u00eda reconocer ni a mi mujer ni a mis hijos y me qued\u00e9 paral\u00edtico. El tratamiento Ayumana me devolvi\u00f3 la vida. Todav\u00eda no recuerdo el incidente y un largo periodo despu\u00e9s de eso. Pero ahora he vuelto a la normalidad f\u00edsica y mentalmente, y mi familia y amigos piensan que es un milagro despu\u00e9s de c\u00f3mo me hab\u00edan visto antes.<\/em>[\/vc_column_text][vc_column_text]\n<p style=\"text-align: right;\"><strong>Sudarsanan, India<\/strong><\/p>\n[\/vc_column_text][vc_column_text el_class=&#8221;rr-menu&#8221;]\n<h4>Enlaces r\u00e1pidos<\/h4>\n<ul>\n<li><a href=\"https:\/\/ayurmana.in\/es\/habitaciones-y-suites\/\">Habitaciones y suites<\/a><br \/>\n<hr>\n<\/li>\n<li><a href=\"https:\/\/ayurmana.in\/es\/ayurveda-paquetes-kerala\/\">Nuestros paquetes<\/a><br \/>\n<hr>\n<\/li>\n<li><a href=\"https:\/\/ayurmana.in\/es\/reserva-de-habitaciones\/\">Reserva de habitaciones<\/a><br \/>\n<hr>\n<\/li>\n<li><a href=\"https:\/\/ayurmana.in\/es\/preguntas-frecuentes\/\">PREGUNTAS FRECUENTES<\/a><\/li>\n<\/ul>\n[\/vc_column_text][\/vc_column][\/vc_row]\n","protected":false},"excerpt":{"rendered":"<p>[vc_row css=&#8221;.vc_custom_1577697552058{padding-bottom: 6px !important;}&#8221;][vc_column width=&#8221;2\/3&#8243; css=&#8221;.vc_custom_1577697544262{padding-bottom: 6px !important;}&#8221;][vc_column_text] Tratamiento ayurv\u00e9dico [&hellip;]<\/p>\n","protected":false},"author":1,"featured_media":0,"parent":0,"menu_order":0,"comment_status":"closed","ping_status":"closed","template":"","meta":{"_monsterinsights_skip_tracking":false,"_monsterinsights_sitenote_active":false,"_monsterinsights_sitenote_note":"","_monsterinsights_sitenote_category":0,"_joinchat":[],"footnotes":""},"class_list":["post-4796","page","type-page","status-publish","hentry"],"_links":{"self":[{"href":"https:\/\/ayurmana.in\/es\/wp-json\/wp\/v2\/pages\/4796","targetHints":{"allow":["GET"]}}],"collection":[{"href":"https:\/\/ayurmana.in\/es\/wp-json\/wp\/v2\/pages"}],"about":[{"href":"https:\/\/ayurmana.in\/es\/wp-json\/wp\/v2\/types\/page"}],"author":[{"embeddable":true,"href":"https:\/\/ayurmana.in\/es\/wp-json\/wp\/v2\/users\/1"}],"replies":[{"embeddable":true,"href":"https:\/\/ayurmana.in\/es\/wp-json\/wp\/v2\/comments?post=4796"}],"version-history":[{"count":0,"href":"https:\/\/ayurmana.in\/es\/wp-json\/wp\/v2\/pages\/4796\/revisions"}],"wp:attachment":[{"href":"https:\/\/ayurmana.in\/es\/wp-json\/wp\/v2\/media?parent=4796"}],"curies":[{"name":"wp","href":"https:\/\/api.w.org\/{rel}","templated":true}]}}