{"id":4800,"date":"2020-04-29T19:42:27","date_gmt":"2020-04-29T14:12:27","guid":{"rendered":"https:\/\/www.ayurmana.in\/tratamiento-ayurvedico-para-el-virus-de-la-corona-covid19\/"},"modified":"2023-10-18T15:16:35","modified_gmt":"2023-10-18T09:46:35","slug":"tratamiento-ayurvedico-para-el-virus-de-la-corona-covid19","status":"publish","type":"page","link":"https:\/\/ayurmana.in\/es\/tratamiento-ayurvedico-para-el-virus-de-la-corona-covid19\/","title":{"rendered":"tratamiento ayurv\u00e9dico para el virus de la corona-covid19"},"content":{"rendered":"[vc_row equal_height=&#8221;yes&#8221;][vc_column width=&#8221;1\/2&#8243;][vc_column_text]\n<h1 style=\"text-align: center;\">Ayurveda en tiempos de Corona | Tratamiento ayurv\u00e9dico para el virus Corona o Covid19<\/h1>\n<p>2020 ha sido un a\u00f1o como ning\u00fan otro en la memoria reciente o incluso lejana para, bueno, el mundo entero, ya que navegamos tiempos inquietantes en medio de la novedosa pandemia del virus Corona. El n\u00famero de casos confirmados ha superado los 7 millones y el n\u00famero de personas que han sucumbido al virus ha superado las 16 mil y pico.<\/p>\n<p>La mayor\u00eda de nosotros hemos practicado el distanciamiento social qued\u00e1ndonos m\u00e1s tiempo en casa, cancelando planes largamente planeados, evitando los espacios concurridos y trabajando desde casa con un calendario indefinido de cu\u00e1ndo volver\u00eda la normalidad. Ha sido un camino muy largo.<\/p>\n<p>Hemos recibido cientos de consultas solicitando recomendaciones ayurv\u00e9dicas para combatir la pandemia de Corona. A continuaci\u00f3n compartimos algunos consejos y estrategias ayurv\u00e9dicos que han demostrado una y otra vez que ayudan al sistema inmunitario de nuestro cuerpo de forma eficaz en momentos de graves desaf\u00edos.[\/vc_column_text][\/vc_column][vc_column width=&#8221;1\/2&#8243;][vc_single_image image=&#8221;2402&#8243; img_size=&#8221;large&#8221;][\/vc_column][\/vc_row][vc_row][vc_column][vc_column_text]\n<h3>\u00bfCu\u00e1l es el tratamiento ayurv\u00e9dico del Covid-19?<\/h3>\n<p>El enfoque fundamental del Ayurveda en cualquier infecci\u00f3n es apoyar y potenciar los procesos innatos del cuerpo para hacer frente a los desaf\u00edos planteados por los organismos infecciosos.<\/p>\n<p>El cuerpo humano es incre\u00edblemente m\u00e1s evolucionado e inteligente que cualquier virus. Y para decir lo obvio, cuando estamos en forma y en buena forma, venceremos a cualquier virus 100 de cada 100 veces. Pero la triste realidad es que la mayor\u00eda de nosotros no estamos ni en forma ni en buena forma.<\/p>\n<p>Y el Covid 19 no es un virus normal. Aunque se pensaba que era un pat\u00f3geno que atacaba principalmente los pulmones, ha resultado ser un enemigo mucho m\u00e1s formidable, que afecta a casi todos los \u00f3rganos principales del cuerpo. Y a\u00fan no existe una cura probada. No dejemos nada al azar. Lo racional es mejorar nuestra inmunidad y forma f\u00edsica y mantenernos alejados del virus hasta que dispongamos de una cura fiable.<\/p>\n<h4>Consejos ayurv\u00e9dicos para mejorar la inmunidad<\/h4>\n<p>Tenga en cuenta que estas sugerencias ayurv\u00e9dicas no sustituyen a los tratamientos convencionales, sino que son recomendaciones para mantener un sistema inmunitario sano.<br \/>\nSiga estrictamente las advertencias de los respectivos gobiernos y departamentos de salud.[\/vc_column_text][vc_separator][vc_row_inner][vc_column_inner width=&#8221;2\/3&#8243;][vc_column_text]\n<h3>Recomendaciones ayurv\u00e9dicas del Ministerio de AYUSH  [Govt of India]<\/h3>\n<h4>Medidas generales para mejorar la inmunidad y la forma f\u00edsica y mental<\/h4>\n<ul>\n<li>Beba agua caliente a lo largo del d\u00eda.<\/li>\n<li>Haga Pranayama [deep breathing exercise] diariamente<\/li>\n<li>Practicar yoga durante al menos 30 minutos al d\u00eda<\/li>\n<li>Meditar a diario<\/li>\n<li>Incluya c\u00farcuma (curcumina), comino, cilantro y ajo en los platos.<\/li>\n<\/ul>\n[\/vc_column_text][vc_column_text]\n<h4>Bebida ayurv\u00e9dica para la inmunidad<\/h4>\n<p>Beba t\u00e9 de hierbas hecho con Albahaca Santa, Canela, Pimienta Negra, Jengibre Seco y Pasas &#8211; una o dos veces al d\u00eda.<br \/>\nA\u00f1ada jengibre (az\u00facar natural) y\/o zumo de lim\u00f3n fresco a su gusto, si es necesario.<br \/>\nQuienes est\u00e9n acostumbrados a consumir leche con regularidad, pueden mezclar media cucharadita de polvo de c\u00farcuma en<br \/>\n150 ml de leche caliente y tomar una o dos veces al d\u00eda.<\/p>\n<h4>Medicina ayurv\u00e9dica a base de plantas para la inmunidad y la fuerza<\/h4>\n<p>Chyavanprash 10gm por la ma\u00f1ana.  [Diabetics can take sugar free Chyavanprash][\/vc_column_text][vc_column_text]\n<h4>Sencillo tratamiento ayurv\u00e9dico que mejora la salud bucal y nasal y la inmunidad<\/h4>\n<ul>\n<li>Aplicaci\u00f3n nasal &#8211; Instilar 2 gotas de aceite de s\u00e9samo \/ aceite de coco \/ Ghee en ambas fosas nasales por la ma\u00f1ana.<\/li>\n<li>Terapia de extracci\u00f3n con aceite &#8211; Tomar 1 cucharada sopera de aceite de s\u00e9samo o de coco en la boca.<br \/>\nNo beber, enjuagar en la boca durante 2 \u00f3 3 minutos y escupir, seguido de un enjuague con agua tibia.<br \/>\nEsto puede hacerse una o dos veces al d\u00eda.<\/li>\n<li>La inhalaci\u00f3n de vapor con hojas frescas de menta o semillas de alcaravea puede practicarse una vez al d\u00eda.<\/li>\n<li>El polvo de clavo mezclado con az\u00facar natural \/ miel puede tomarse 2-3 veces al d\u00eda en caso de tos o irritaci\u00f3n de garganta.<\/li>\n<\/ul>\n[\/vc_column_text][\/vc_column_inner][vc_column_inner width=&#8221;1\/3&#8243;][vc_single_image image=&#8221;2512&#8243; img_size=&#8221;large&#8221;][\/vc_column_inner][\/vc_row_inner][\/vc_column][\/vc_row][vc_row][vc_column width=&#8221;1\/2&#8243;][vc_column_text]\n<h3>Sugerencias adicionales de nuestro equipo.<\/h3>\n<h4>Hierbas ayurv\u00e9dicas que pueden ayudar al organismo a luchar contra los virus.<\/h4>\n<p>La hierba Tinospora cordifolia [Amrit] se considera uno de los inmunomoduladores m\u00e1s potentes de la naturaleza que puede ayudar al organismo a combatir la gripe v\u00edrica. [Es el ingrediente principal de muchas f\u00f3rmulas que se utilizan en ayurveda para la fiebre, el resfriado, la tos y las infecciones]. Y tambi\u00e9n ayuda a modular la respuesta inmunitaria del organismo en varias afecciones inmunomediadas [Mentioned in ayurvedic scriptures as the most potent herb [agrya oushadi] en el tratamiento de la afecci\u00f3n autoinmunitaria artritis reumatoide].<\/p>\n<p>Tomar Withania Somnifera [Aswagandha] puede fortalecer los nervios y aumentar la inmunidad en este momento.<\/p>\n<p>El polvo de triphala es \u00fatil para mantener la salud intestinal y del colon y tambi\u00e9n beneficia al sistema inmunitario.<\/p>\n<p>Amla [Indian gooseberry] 30 ml de zumo mezclado con 1 cucharadita de miel, una pizca de c\u00farcuma, una pizca de pimienta negra y 1 cucharadita de zumo de lim\u00f3n al d\u00eda es un remedio popular para la inmunidad.[\/vc_column_text][\/vc_column][vc_column width=&#8221;1\/2&#8243;][vc_single_image image=&#8221;2514&#8243; img_size=&#8221;large&#8221;][\/vc_column][\/vc_row][vc_row][vc_column][vc_column_text]\n<h3>La vida despu\u00e9s de Corona &#8211; Algunas reflexiones<\/h3>\n<p>Aunque de momento es dif\u00edcil encontrar un lado positivo al brote de coronavirus, uno de los aspectos positivos es que este periodo de agitaci\u00f3n mundial puede cambiar algunos de nuestros h\u00e1bitos menos deseables. Bueno, \u00a1hay que cambiar algunos h\u00e1bitos para que la vida siga igual!<\/p>\n<p><strong>\u00bfVeremos muchos menos buf\u00e9s y bares de ensaladas?<\/strong><br \/>\nMucha menos gente se inclinar\u00e1 ahora por comer en un buf\u00e9 abierto o en una mesa com\u00fan. Si pensamos en ello, no es s\u00f3lo el estornudo o la tos o el habla. Al fin y al cabo, cu\u00e1nta gente va al ba\u00f1o o se mete los dedos en la nariz o en la boca y no se lava las manos y luego se sirve con las manos muy sucias la cuchara de servir com\u00fan.<\/p>\n<p><strong>\u00bfQuedan descartados los abrazos y los apretones de manos?<\/strong><br \/>\nSe va a producir un cambio cultural en la forma en que nos saludamos unos a otros. Los apretones de manos, los choques de manos, los abrazos y los besos van a abandonarse cada vez m\u00e1s. Los saludos sociales pueden implicar ahora un namaskar, una mano en el coraz\u00f3n, una inclinaci\u00f3n de cabeza o pr\u00e1cticamente cualquier acci\u00f3n que permita evitar el contacto directo.<\/p>\n<p><strong>\u00bfSer\u00e1n obligatorios los desinfectantes de manos en los lugares p\u00fablicos?<\/strong><br \/>\nProbablemente veremos desinfectante de manos disponible en oficinas, reuniones p\u00fablicas, tiendas, centros comerciales, gimnasios, restaurantes, cajeros autom\u00e1ticos, ascensores y otros establecimientos.<\/p>\n<p><strong>\u00bfHabr\u00e1 m\u00e1s gente que se salte los restaurantes abarrotados y los locales de comida callejera?<\/strong><br \/>\nAunque a\u00fan no est\u00e1 claro, es probable que se produzcan cambios en nuestro h\u00e1bito de comer fuera de casa. Por ejemplo, es posible que se prefieran las opciones de entrega a domicilio y comida para llevar a las de cenar en el restaurante, y tambi\u00e9n es posible que veamos informaci\u00f3n m\u00e1s expl\u00edcita en los restaurantes sobre sus pr\u00e1cticas de higiene.<\/p>\n<p><strong>\u00bfEst\u00e1 aumentando la popularidad de los bid\u00e9s y los grifos sanitarios?<\/strong><br \/>\nLas empresas que fabrican bid\u00e9s acoplables han registrado ventas m\u00e1s de 10 veces superiores a las que ten\u00edan desde el inicio del brote de coronavirus. Dado que los bid\u00e9s son una alternativa (o un complemento) al papel higi\u00e9nico, es l\u00f3gico que ahora haya m\u00e1s gente interesada en ellos. Ahora que los bid\u00e9s y los grifos sanitarios son cada vez m\u00e1s populares y habituales en los cuartos de ba\u00f1o occidentales, es probable que sigamos viendo esa tendencia cuando acabe la pandemia.<\/p>\n<p><strong>\u00bfPodr\u00eda cambiar la distancia personal socialmente aceptable?<\/strong><br \/>\nUna de las principales pol\u00edticas de lucha contra el coronavirus es la idea del distanciamiento social. Esto implica mantenerse al menos a dos metros de distancia de otras personas. Y aunque la regla de los dos metros no se mantenga una vez pasado el brote, es probable que la gente sea m\u00e1s consciente de a qui\u00e9n deja acercarse a su espacio personal. Es posible que nos inclinemos a evitar los espacios abarrotados y que cambie la distancia personal socialmente aceptable.<\/p>\n<p><strong>\u00bfPasar\u00e1n ahora los empresarios m\u00e1s tiempo en casa con la familia que sus socios?<\/strong><br \/>\nUn aspecto de la realizaci\u00f3n de negocios que se vio restringido en esta \u00e9poca de corona, fueron los viajes. Aunque las grandes empresas ya utilizaban las reuniones en l\u00ednea, a muchas otras no les impresion\u00f3 tanto la idea. Sin embargo, el bloqueo ha obligado a la mayor\u00eda a recurrir exclusivamente a reuniones en l\u00ednea y videoconferencias. Algunos creen que esto puede iniciar una nueva cultura, a medida que m\u00e1s y m\u00e1s gente se familiarice con la facilidad de las reuniones en l\u00ednea y considere el tiempo y el dinero que se ahorra en desplazamientos. As\u00ed que m\u00e1s tiempo en familia, \u00a1ojal\u00e1![\/vc_column_text][\/vc_column][\/vc_row]\n","protected":false},"excerpt":{"rendered":"<p>[vc_row equal_height=&#8221;yes&#8221;][vc_column width=&#8221;1\/2&#8243;][vc_column_text] Ayurveda en tiempos de Corona | Tratamiento [&hellip;]<\/p>\n","protected":false},"author":1,"featured_media":0,"parent":0,"menu_order":0,"comment_status":"closed","ping_status":"closed","template":"","meta":{"_monsterinsights_skip_tracking":false,"_monsterinsights_sitenote_active":false,"_monsterinsights_sitenote_note":"","_monsterinsights_sitenote_category":0,"_joinchat":[],"footnotes":""},"class_list":["post-4800","page","type-page","status-publish","hentry"],"_links":{"self":[{"href":"https:\/\/ayurmana.in\/es\/wp-json\/wp\/v2\/pages\/4800","targetHints":{"allow":["GET"]}}],"collection":[{"href":"https:\/\/ayurmana.in\/es\/wp-json\/wp\/v2\/pages"}],"about":[{"href":"https:\/\/ayurmana.in\/es\/wp-json\/wp\/v2\/types\/page"}],"author":[{"embeddable":true,"href":"https:\/\/ayurmana.in\/es\/wp-json\/wp\/v2\/users\/1"}],"replies":[{"embeddable":true,"href":"https:\/\/ayurmana.in\/es\/wp-json\/wp\/v2\/comments?post=4800"}],"version-history":[{"count":0,"href":"https:\/\/ayurmana.in\/es\/wp-json\/wp\/v2\/pages\/4800\/revisions"}],"wp:attachment":[{"href":"https:\/\/ayurmana.in\/es\/wp-json\/wp\/v2\/media?parent=4800"}],"curies":[{"name":"wp","href":"https:\/\/api.w.org\/{rel}","templated":true}]}}