{"id":4816,"date":"2019-11-22T14:39:27","date_gmt":"2019-11-22T09:09:27","guid":{"rendered":"https:\/\/www.ayurmana.in\/migrana\/"},"modified":"2023-10-18T15:13:29","modified_gmt":"2023-10-18T09:43:29","slug":"migrana","status":"publish","type":"page","link":"https:\/\/ayurmana.in\/es\/migrana\/","title":{"rendered":"Migra\u00f1a"},"content":{"rendered":"[vc_row css=&#8221;.vc_custom_1577698011775{padding-bottom: 6px !important;}&#8221;][vc_column width=&#8221;2\/3&#8243; css=&#8221;.vc_custom_1577698021750{padding-bottom: 6px !important;}&#8221;][vc_column_text]\n<h1>Cure su migra\u00f1a con un tratamiento ayurv\u00e9dico<\/h1>\n[\/vc_column_text][vc_single_image image=&#8221;172&#8243; img_size=&#8221;large&#8221;][vc_column_text]\n<h3>Lib\u00e9rese de la migra\u00f1a y las cefaleas cr\u00f3nicas<br \/>No deje que la migra\u00f1a descarrile su vida<\/h3>\n[\/vc_column_text][\/vc_column][vc_column width=&#8221;1\/3&#8243; offset=&#8221;vc_hidden-xs&#8221;][vc_empty_space height=&#8221;115px&#8221;][vc_column_text]\n<h4>TESTIMONIOS<\/h4>\n<p><em>Sol\u00eda sufrir fuertes dolores de cabeza seguidos de n\u00e1useas y v\u00f3mitos. Prob\u00e9 todos los tratamientos disponibles sin \u00e9xito hasta que me cur\u00e9 con Ayurveda. Recomendar\u00eda a cualquier persona con migra\u00f1a que probara el ayurveda.<\/em>[\/vc_column_text][vc_column_text]\n<p style=\"text-align: right;\"><strong>Elita Galarneau, Francia<\/strong><\/p>\n[\/vc_column_text][\/vc_column][\/vc_row][vc_row css=&#8221;.vc_custom_1577698043365{padding-top: 6px !important;padding-bottom: 6px !important;}&#8221;][vc_column width=&#8221;2\/3&#8243;][vc_column_text]<!-- \/wp:post-content --><\/p>\n<p><!-- wp:paragraph -->La migra\u00f1a es uno de los dolores m\u00e1s intensos, en ocasiones comparable incluso al dolor de parto. El dolor de cabeza provoca una intensa sensaci\u00f3n punzante o puls\u00e1til en una zona de la cabeza y suele ir seguido de n\u00e1useas, v\u00f3mitos y sensibilidad extrema a la luz, el sonido o el olor. El dolor suele empeorar con la actividad f\u00edsica, mientras que tumbarse en un lugar oscuro y tranquilo puede sentirse mejor.<\/p>\n<p>El dolor de cabeza puede durar de horas a d\u00edas y suele ir precedido o acompa\u00f1ado de s\u00edntomas sensoriales de alerta (aura), como destellos de luz, puntos ciegos u hormigueo en el brazo o la pierna.<\/p>\n<p>La gen\u00e9tica, los factores sociales y ambientales, los desequilibrios hormonales y qu\u00edmicos del organismo, las alergias alimentarias, los medicamentos, el estr\u00e9s, etc., pueden contribuir a la migra\u00f1a.<\/p>\n<p>Las escrituras ayurv\u00e9dicas que se remontan al a\u00f1o 1500 a.C. describen detalladamente la migra\u00f1a y sus diversos tipos, lo que indica que tambi\u00e9n era bastante com\u00fan en aquella \u00e9poca. El tratamiento y la gesti\u00f3n de las afecciones tambi\u00e9n se explican con gran detalle.<\/p>\n<p>En nuestra experiencia en el tratamiento de la migra\u00f1a, los casos que estaban sufriendo durante m\u00e1s de 25 a\u00f1os se han curado con estos tratamientos ayurv\u00e9dicos probados por el tiempo.<\/p>\n[\/vc_column_text][\/vc_column][vc_column width=&#8221;1\/3&#8243; offset=&#8221;vc_hidden-xs&#8221;][vc_column_text el_class=&#8221;rr-menu&#8221;]\n<h4>Enlaces r\u00e1pidos<\/h4>\n<ul>\n<li><a href=\"https:\/\/ayurmana.in\/es\/habitaciones-y-suites\/\">Habitaciones y suites<\/a><br \/>\n<hr>\n<\/li>\n<li><a href=\"https:\/\/ayurmana.in\/es\/ayurveda-paquetes-kerala\/\">Nuestros paquetes<\/a><br \/>\n<hr>\n<\/li>\n<li><a href=\"https:\/\/ayurmana.in\/es\/reserva-de-habitaciones\/\">Reserva de habitaciones<\/a><br \/>\n<hr>\n<\/li>\n<li><a href=\"https:\/\/ayurmana.in\/es\/preguntas-frecuentes\/\">PREGUNTAS FRECUENTES<\/a><\/li>\n<\/ul>\n[\/vc_column_text][\/vc_column][\/vc_row][vc_row css=&#8221;.vc_custom_1577041001827{padding-top: 6px !important;}&#8221;][vc_column width=&#8221;1\/2&#8243;][vc_message message_box_color=&#8221;mulled_wine&#8221;]\n<p><strong>Causas comunes<\/strong><\/p>\n[\/vc_message][vc_column_text]\n<ul>\n<li>Dolor en uno o ambos lados de la cabeza<\/li>\n<li>El dolor es puls\u00e1til y palpitante.<\/li>\n<li>Sensibilidad a la luz, los sonidos y a veces los olores<\/li>\n<li>Visi\u00f3n borrosa<\/li>\n<li>N\u00e1useas y v\u00f3mitos<\/li>\n<li>Mareo, a veces seguido de desmayo<\/li>\n<\/ul>\n[\/vc_column_text][\/vc_column][vc_column width=&#8221;1\/2&#8243;][vc_message message_box_color=&#8221;mulled_wine&#8221;]\n<p><strong>\u00bfQu\u00e9 puede esperar de nuestro programa?<\/strong><\/p>\n[\/vc_message][vc_column_text]\n<ul>\n<li>Reducci\u00f3n de la intensidad del ataque<\/li>\n<li>Reducci\u00f3n de la frecuencia<\/li>\n<li>Marcada mejor\u00eda de los s\u00edntomas asociados<\/li>\n<li>Mejora del estado de \u00e1nimo<\/li>\n<li>Mejora del nivel de energ\u00eda<\/li>\n<li>Recuperar la calidad de vida<\/li>\n<\/ul>\n[\/vc_column_text][\/vc_column][\/vc_row][vc_row][vc_column width=&#8221;2\/3&#8243;][\/vc_column][vc_column width=&#8221;1\/3&#8243; offset=&#8221;vc_hidden-lg vc_hidden-md vc_hidden-sm&#8221;][vc_empty_space height=&#8221;35px&#8221;][vc_column_text]\n<h4>TESTIMONIOS<\/h4>\n<p><em>Sol\u00eda sufrir fuertes dolores de cabeza seguidos de n\u00e1useas y v\u00f3mitos. Prob\u00e9 todos los tratamientos disponibles sin \u00e9xito hasta que me cur\u00e9 con Ayurveda. Recomendar\u00eda a cualquier persona con migra\u00f1a que probara el ayurveda.<\/em>[\/vc_column_text][vc_column_text]\n<p style=\"text-align: right;\"><strong>Elita Galarneau, Francia<\/strong><\/p>\n[\/vc_column_text][vc_empty_space height=&#8221;35px&#8221;][vc_column_text el_class=&#8221;rr-menu&#8221;]\n<h4>Enlaces r\u00e1pidos<\/h4>\n<ul>\n<li><a href=\"https:\/\/ayurmana.in\/es\/habitaciones-y-suites\/\">Habitaciones y suites<\/a><br \/>\n<hr>\n<\/li>\n<li><a href=\"https:\/\/ayurmana.in\/es\/ayurveda-paquetes-kerala\/\">Nuestros paquetes<\/a><br \/>\n<hr>\n<\/li>\n<li><a href=\"https:\/\/ayurmana.in\/es\/reserva-de-habitaciones\/\">Reserva de habitaciones<\/a><br \/>\n<hr>\n<\/li>\n<li><a href=\"https:\/\/ayurmana.in\/es\/preguntas-frecuentes\/\">PREGUNTAS FRECUENTES<\/a><\/li>\n<\/ul>\n[\/vc_column_text][\/vc_column][\/vc_row]\n","protected":false},"excerpt":{"rendered":"<p>[vc_row css=&#8221;.vc_custom_1577698011775{padding-bottom: 6px !important;}&#8221;][vc_column width=&#8221;2\/3&#8243; css=&#8221;.vc_custom_1577698021750{padding-bottom: 6px !important;}&#8221;][vc_column_text] Cure su [&hellip;]<\/p>\n","protected":false},"author":1,"featured_media":0,"parent":0,"menu_order":0,"comment_status":"closed","ping_status":"closed","template":"","meta":{"_monsterinsights_skip_tracking":false,"_monsterinsights_sitenote_active":false,"_monsterinsights_sitenote_note":"","_monsterinsights_sitenote_category":0,"_joinchat":[],"footnotes":""},"class_list":["post-4816","page","type-page","status-publish","hentry"],"_links":{"self":[{"href":"https:\/\/ayurmana.in\/es\/wp-json\/wp\/v2\/pages\/4816","targetHints":{"allow":["GET"]}}],"collection":[{"href":"https:\/\/ayurmana.in\/es\/wp-json\/wp\/v2\/pages"}],"about":[{"href":"https:\/\/ayurmana.in\/es\/wp-json\/wp\/v2\/types\/page"}],"author":[{"embeddable":true,"href":"https:\/\/ayurmana.in\/es\/wp-json\/wp\/v2\/users\/1"}],"replies":[{"embeddable":true,"href":"https:\/\/ayurmana.in\/es\/wp-json\/wp\/v2\/comments?post=4816"}],"version-history":[{"count":0,"href":"https:\/\/ayurmana.in\/es\/wp-json\/wp\/v2\/pages\/4816\/revisions"}],"wp:attachment":[{"href":"https:\/\/ayurmana.in\/es\/wp-json\/wp\/v2\/media?parent=4816"}],"curies":[{"name":"wp","href":"https:\/\/api.w.org\/{rel}","templated":true}]}}