{"id":4825,"date":"2019-11-22T15:23:14","date_gmt":"2019-11-22T09:53:14","guid":{"rendered":"https:\/\/www.ayurmana.in\/ictus\/"},"modified":"2023-10-18T14:19:51","modified_gmt":"2023-10-18T08:49:51","slug":"ictus","status":"publish","type":"page","link":"https:\/\/ayurmana.in\/es\/ictus\/","title":{"rendered":"Ictus"},"content":{"rendered":"[vc_row css=&#8221;.vc_custom_1577700393330{padding-bottom: 6px !important;}&#8221;][vc_column width=&#8221;2\/3&#8243;][vc_column_text]\n<h1>Recuperarse de un derrame cerebral con un tratamiento ayurv\u00e9dico en Kerala<\/h1>\n[\/vc_column_text][vc_single_image image=&#8221;187&#8243; img_size=&#8221;large&#8221;][vc_column_text]\n<h3>Rehabilitaci\u00f3n y recuperaci\u00f3n tras un ictus.<br \/>\nAcelerar y mejorar la recuperaci\u00f3n mediante el Ayurveda<\/h3>\n[\/vc_column_text][\/vc_column][vc_column width=&#8221;1\/3&#8243; offset=&#8221;vc_hidden-xs&#8221;][vc_empty_space height=&#8221;75px&#8221;][vc_column_text]\n<h4>TESTIMONIOS<\/h4>\n<p><em> Sufr\u00ed dos derrames cerebrales consecutivos en 2 a\u00f1os. La primera vez afect\u00f3 a todo el lado derecho del cuerpo, mientras me recuperaba gradualmente, tuve un segundo incidente y perd\u00ed el habla, la capacidad de tragar y se me paraliz\u00f3 todo el lado izquierdo del cuerpo. Me llevaron a ayurmana y nadie pod\u00eda creer lo r\u00e1pido que me recuper\u00e9 hasta casi la completa normalidad.<\/em>[\/vc_column_text][vc_column_text]\n<p style=\"text-align: right;\"><strong>Suhasini, India<\/strong><\/p>\n[\/vc_column_text][\/vc_column][\/vc_row][vc_row css=&#8221;.vc_custom_1577700326851{padding-top: 6px !important;padding-bottom: 6px !important;}&#8221;][vc_column width=&#8221;2\/3&#8243;][vc_column_text]El ictus es una afecci\u00f3n en la que se produce una r\u00e1pida p\u00e9rdida de las funciones cerebrales causada por una alteraci\u00f3n del riego sangu\u00edneo cerebral. Existen dos tipos principales de ictus: isqu\u00e9mico (debido a la falta de flujo sangu\u00edneo) causado por una obstrucci\u00f3n (trombosis o embolia arterial) y hemorr\u00e1gico (debido a la rotura de un vaso sangu\u00edneo).<\/p>\n<p>El paciente puede perder repentinamente la capacidad de mover una o m\u00e1s extremidades de un lado del cuerpo, incapacidad para comprender o formular el habla, o incapacidad para ver un lado del campo visual. Dependiendo de la zona del cerebro afectada, las funciones relacionadas se ven afectadas.<\/p>\n<p>La velocidad y el grado de recuperaci\u00f3n tras un ictus dependen de muchos factores, como la magnitud del da\u00f1o cerebral, la zona del cerebro afectada, la edad y el estado general de salud.<\/p>\n<p>El tratamiento ayurv\u00e9dico del ictus tiene como objetivo recuperar las funciones perdidas en la medida de lo posible mediante tratamientos, ejercicios, dieta y rutinas que estimulen y rejuvenezcan las c\u00e9lulas cerebrales, fortalezcan y tonifiquen los m\u00fasculos y mejoren la salud general. El tratamiento ayurv\u00e9dico de Kerala para el tratamiento del ictus es mundialmente conocido por las terapias y tratamientos tremendamente eficaces que ayudan a recuperarse y reponerse de la par\u00e1lisis[\/vc_column_text][\/vc_column][vc_column width=&#8221;1\/3&#8243; offset=&#8221;vc_hidden-xs&#8221;][vc_column_text el_class=&#8221;rr-menu&#8221;]\n<h4>Enlaces r\u00e1pidos<\/h4>\n<ul>\n<li><a href=\"https:\/\/ayurmana.in\/es\/habitaciones-y-suites\/\">Habitaciones y suites<\/a><br \/>\n<hr \/>\n<\/li>\n<li><a href=\"https:\/\/ayurmana.in\/es\/ayurveda-paquetes-kerala\/\">Nuestros paquetes<\/a><br \/>\n<hr \/>\n<\/li>\n<li><a href=\"https:\/\/ayurmana.in\/es\/reserva-de-habitaciones\/\">Reserva de habitaciones<\/a><br \/>\n<hr \/>\n<\/li>\n<li><a href=\"https:\/\/ayurmana.in\/es\/preguntas-frecuentes\/\">PREGUNTAS FRECUENTES<\/a><\/li>\n<\/ul>\n[\/vc_column_text][\/vc_column][\/vc_row][vc_row css=&#8221;.vc_custom_1577700407810{padding-top: 6px !important;}&#8221;][vc_column width=&#8221;1\/2&#8243;][vc_message message_box_color=&#8221;mulled_wine&#8221;]<strong>Causas comunes<\/strong>[\/vc_message][vc_column_text]\n<ul>\n<li>Aterosclerosis<\/li>\n<li>Hipertensi\u00f3n arterial<\/li>\n<li>Fibrilaci\u00f3n auricular<\/li>\n<li>Colesterol alto<\/li>\n<li>Diabetes mellitus<\/li>\n<li>Dietas poco saludables<\/li>\n<li>Estilo de vida poco saludable<\/li>\n<li>Estr\u00e9s<\/li>\n<li>Tendencia hereditaria<\/li>\n<\/ul>\n[\/vc_column_text][\/vc_column][vc_column width=&#8221;1\/2&#8243;][vc_message message_box_color=&#8221;mulled_wine&#8221;]<strong>\u00bfQu\u00e9 puede esperar de nuestro programa?<\/strong>[\/vc_message][vc_column_text]\n<ul>\n<li>Acelerar la recuperaci\u00f3n<\/li>\n<li>Mayor movilidad y flexibilidad<\/li>\n<li>Mayor resistencia<\/li>\n<li>Mejora del estado de \u00e1nimo<\/li>\n<li>Controlar las afecciones asociadas<\/li>\n<li>Mejorar las facultades mentales<\/li>\n<\/ul>\n[\/vc_column_text][\/vc_column][\/vc_row][vc_row][vc_column width=&#8221;2\/3&#8243;][\/vc_column][vc_column width=&#8221;1\/3&#8243; offset=&#8221;vc_hidden-lg vc_hidden-md vc_hidden-sm&#8221;][vc_empty_space height=&#8221;55px&#8221;][vc_column_text]\n<h4>TESTIMONIOS<\/h4>\n<p><em> Sufr\u00ed dos derrames cerebrales consecutivos en 2 a\u00f1os. La primera vez afect\u00f3 a todo el lado derecho del cuerpo, mientras me recuperaba gradualmente, tuve un segundo incidente y perd\u00ed el habla, la capacidad de tragar y se me paraliz\u00f3 todo el lado izquierdo del cuerpo. Me llevaron a ayurmana y nadie pod\u00eda creer lo r\u00e1pido que me recuper\u00e9 hasta casi la completa normalidad.<\/em>[\/vc_column_text][vc_column_text]\n<p style=\"text-align: right;\"><strong>Suhasini, India<\/strong><\/p>\n[\/vc_column_text][vc_column_text el_class=&#8221;rr-menu&#8221;]\n<h4>Enlaces r\u00e1pidos<\/h4>\n<ul>\n<li><a href=\"https:\/\/ayurmana.in\/es\/habitaciones-y-suites\/\">Habitaciones y suites<\/a><br \/>\n<hr \/>\n<\/li>\n<li><a href=\"https:\/\/ayurmana.in\/es\/ayurveda-paquetes-kerala\/\">Nuestros paquetes<\/a><br \/>\n<hr \/>\n<\/li>\n<li><a href=\"https:\/\/ayurmana.in\/es\/reserva-de-habitaciones\/\">Reserva de habitaciones<\/a><br \/>\n<hr \/>\n<\/li>\n<li><a href=\"https:\/\/ayurmana.in\/es\/preguntas-frecuentes\/\">PREGUNTAS FRECUENTES<\/a><\/li>\n<\/ul>\n[\/vc_column_text][\/vc_column][\/vc_row]\n","protected":false},"excerpt":{"rendered":"<p>[vc_row css=&#8221;.vc_custom_1577700393330{padding-bottom: 6px !important;}&#8221;][vc_column width=&#8221;2\/3&#8243;][vc_column_text] Recuperarse de un derrame cerebral [&hellip;]<\/p>\n","protected":false},"author":1,"featured_media":0,"parent":0,"menu_order":0,"comment_status":"closed","ping_status":"closed","template":"","meta":{"_monsterinsights_skip_tracking":false,"_monsterinsights_sitenote_active":false,"_monsterinsights_sitenote_note":"","_monsterinsights_sitenote_category":0,"_joinchat":[],"footnotes":""},"class_list":["post-4825","page","type-page","status-publish","hentry"],"_links":{"self":[{"href":"https:\/\/ayurmana.in\/es\/wp-json\/wp\/v2\/pages\/4825","targetHints":{"allow":["GET"]}}],"collection":[{"href":"https:\/\/ayurmana.in\/es\/wp-json\/wp\/v2\/pages"}],"about":[{"href":"https:\/\/ayurmana.in\/es\/wp-json\/wp\/v2\/types\/page"}],"author":[{"embeddable":true,"href":"https:\/\/ayurmana.in\/es\/wp-json\/wp\/v2\/users\/1"}],"replies":[{"embeddable":true,"href":"https:\/\/ayurmana.in\/es\/wp-json\/wp\/v2\/comments?post=4825"}],"version-history":[{"count":0,"href":"https:\/\/ayurmana.in\/es\/wp-json\/wp\/v2\/pages\/4825\/revisions"}],"wp:attachment":[{"href":"https:\/\/ayurmana.in\/es\/wp-json\/wp\/v2\/media?parent=4825"}],"curies":[{"name":"wp","href":"https:\/\/api.w.org\/{rel}","templated":true}]}}