{"id":4838,"date":"2019-11-22T15:01:42","date_gmt":"2019-11-22T09:31:42","guid":{"rendered":"https:\/\/www.ayurmana.in\/esclerosis-multiple\/"},"modified":"2023-10-18T15:09:37","modified_gmt":"2023-10-18T09:39:37","slug":"esclerosis-multiple","status":"publish","type":"page","link":"https:\/\/ayurmana.in\/es\/esclerosis-multiple\/","title":{"rendered":"Esclerosis m\u00faltiple"},"content":{"rendered":"[vc_row css=&#8221;.vc_custom_1577041652761{padding-bottom: 6px !important;}&#8221;][vc_column width=&#8221;2\/3&#8243;][vc_column_text]\n<h1>Tratamiento ayurv\u00e9dico eficaz de la esclerosis m\u00faltiple en Kerala (India)<\/h1>\n[\/vc_column_text][vc_single_image image=&#8221;177&#8243; img_size=&#8221;large&#8221;][vc_column_text]\n<h3>No dejes que la esclerosis m\u00faltiple defina tu vida.<br \/>\nLas antiguas terapias ayurv\u00e9dicas y el yoga ayudan a dominar la esclerosis m\u00faltiple de forma natural<\/h3>\n[\/vc_column_text][\/vc_column][vc_column width=&#8221;1\/3&#8243; offset=&#8221;vc_hidden-xs&#8221;][vc_empty_space height=&#8221;65px&#8221;][vc_column_text]\n<h4>TESTIMONIOS<\/h4>\n<p><em>Cuando me diagnosticaron EMPP, los m\u00e9dicos me dijeron que ten\u00eda que aceptar y adaptarme a la progresi\u00f3n de la enfermedad. Busqu\u00e9 curas alternativas. Otro paciente con EM me sugiri\u00f3 el Ayurveda y ha sido una revelaci\u00f3n. La progresi\u00f3n de mi enfermedad se detuvo y, de hecho, muchos de los s\u00edntomas se invirtieron.  <\/em><\/p>\n[\/vc_column_text][vc_column_text]\n<p style=\"text-align: right;\"><strong>Anja Mahler, Alemania<\/strong><\/p>\n[\/vc_column_text][vc_column_text]\n<p><em>Era estudiante de medicina cuando me diagnosticaron esclerosis m\u00faltiple. Sab\u00eda que no hab\u00eda cura, pero mis padres me obligaron a seguir un tratamiento ayurv\u00e9dico. Ahora les doy las gracias por haberlo hecho. Mis s\u00edntomas han desaparecido por completo en un periodo de 4 a\u00f1os y todos los marcadores de la resonancia magn\u00e9tica se han invertido.  <\/em><\/p>\n[\/vc_column_text][vc_column_text]\n<p style=\"text-align: right;\"><strong>Cintheya, Alemania<\/strong><\/p>\n[\/vc_column_text][\/vc_column][\/vc_row][vc_row css=&#8221;.vc_custom_1577699863357{padding-top: 6px !important;padding-bottom: 6px !important;}&#8221;][vc_column width=&#8221;2\/3&#8243;][vc_column_text]\n<p>La esclerosis m\u00faltiple (EM) es una enfermedad autoinmune debilitante que afecta al cerebro, la m\u00e9dula espinal y los nervios \u00f3pticos. El sistema inmunitario ataca por error y destruye la vaina protectora (mielina) que recubre los nervios. Los da\u00f1os en la mielina distorsionan e interrumpen las se\u00f1ales que entran y salen del cerebro y la m\u00e9dula espinal. En todo el mundo se est\u00e1 investigando intensamente con pacientes de esclerosis m\u00faltiple -desde inmunomoduladores y supresores selectivos hasta terapia con c\u00e9lulas madre- para encontrar una soluci\u00f3n. Sin embargo, la cura ha sido dif\u00edcil de encontrar hasta la fecha.<\/p>\n<p><strong>Normalmente existen 4 tipos de EM.<\/strong><\/p>\n<p>1. EM recurrente-remitente (EMRR). Al 85% de las personas con EM se les diagnostica inicialmente Esclerosis M\u00faltiple Reca\u00edda. Las personas con EMRR sufren episodios de EM con intervalos de remisi\u00f3n entre ellos en los que casi no hay s\u00edntomas.<\/p>\n<p>2. EM secundaria-progresiva (EMSP). En la EMPS, los s\u00edntomas empeoran de forma constante a lo largo del tiempo, con o sin intervalos. La EMRR pasa a EMSP en alg\u00fan momento.<\/p>\n<p>3. EM primaria-progresiva (EMPP). Al 10% de las personas con EM se les diagnostica EMPP, caracterizada por un empeoramiento lento de los s\u00edntomas desde el principio, sin intervalos.<\/p>\n<p>4. EM progresiva recurrente (EMRP). Forma poco frecuente de EM (5%), la EMPR empeora constantemente desde el principio, con exacerbaciones agudas.<\/p>\n[\/vc_column_text][\/vc_column][vc_column width=&#8221;1\/3&#8243; offset=&#8221;vc_hidden-xs&#8221;][vc_column_text el_class=&#8221;rr-menu&#8221;]\n<h4>Enlaces r\u00e1pidos<\/h4>\n<ul>\n<li><a href=\"https:\/\/ayurmana.in\/es\/habitaciones-y-suites\/\">Habitaciones y suites<\/a><br \/>\n<hr>\n<\/li>\n<li><a href=\"https:\/\/ayurmana.in\/es\/ayurveda-paquetes-kerala\/\">Nuestros paquetes<\/a><br \/>\n<hr>\n<\/li>\n<li><a href=\"https:\/\/ayurmana.in\/es\/reserva-de-habitaciones\/\">Reserva de habitaciones<\/a><br \/>\n<hr>\n<\/li>\n<li><a href=\"https:\/\/ayurmana.in\/es\/preguntas-frecuentes\/\">PREGUNTAS FRECUENTES<\/a><\/li>\n<\/ul>\n[\/vc_column_text][\/vc_column][\/vc_row][vc_row css=&#8221;.vc_custom_1577699849628{padding-top: 6px !important;padding-bottom: 6px !important;}&#8221;][vc_column width=&#8221;2\/3&#8243;][vc_column_text]\n<p>En Dharma Ayurveda hemos desarrollado m\u00f3dulos de tratamiento cl\u00ednicamente probados para la esclerosis m\u00faltiple. Estos programas de tratamiento ayurv\u00e9dico para la EM combinan terapias ayurv\u00e9dicas, yoga, dieta y nutrici\u00f3n espec\u00edficas y suplementos herbales de eficacia probada. Se basan en los enfoques curativos de la familia del dharma, probados a lo largo del tiempo. Las pr\u00e1cticas especializadas de yoga -especialmente el pranayama y la meditaci\u00f3n- que complementan las potentes terapias ayurv\u00e9dicas, las f\u00f3rmulas a base de hierbas y la dieta y nutrici\u00f3n personalizadas han ayudado a este profundo tratamiento ayurv\u00e9dico para la esclerosis m\u00faltiple en kerala india, a curar a cientos de pacientes afectados por esta enfermedad debilitante.<\/p>\n<p><strong>El tratamiento intenta:  <\/strong><\/p>\n<p>a. Calmar el sistema inmunitario para detener la actividad de la enfermedad<br \/>\nb. Aliviar la inflamaci\u00f3n de los nervios causada por la esclerosis m\u00faltiple.<br \/>\nc. Rejuvenecer las c\u00e9lulas productoras de mielina para ayudar al organismo a reparar la mielina da\u00f1ada.<br \/>\nd. Activar los procesos corporales para revertir y eliminar las cicatrices en el SNC.<\/p>\n<p>En nuestra experiencia tratando casos de EM, hemos observado una notable mejor\u00eda en la mayor\u00eda de los aspectos de la EM tras el tratamiento ayurv\u00e9dico. En muchos casos que fueron tratados por nosotros en los primeros a\u00f1os de la EM, y siguieron el r\u00e9gimen ayurv\u00e9dico y el tratamiento anual, incluso los marcadores en la resonancia magn\u00e9tica se invirtieron en el cuarto y quinto a\u00f1o.<\/p>\n<p>Tenga en cuenta que un tratamiento precoz puede prevenir, limitar o al menos retrasar la discapacidad, al minimizar los da\u00f1os que la enfermedad provoca en el sistema nervioso.<\/p>\n[\/vc_column_text][\/vc_column][vc_column width=&#8221;1\/3&#8243;][\/vc_column][\/vc_row][vc_row css=&#8221;.vc_custom_1577041640280{padding-top: 6px !important;}&#8221;][vc_column width=&#8221;1\/2&#8243;][vc_message message_box_color=&#8221;mulled_wine&#8221;]\n<p><strong>S\u00edntomas comunes<\/strong><\/p>\n[\/vc_message][vc_column_text]\n<ul>\n<li>Fatiga<\/li>\n<li>Entumecimiento \/ Hormigueo \/ Dolor<\/li>\n<li>Temblor de extremidades u ocasionalmente de cabeza<\/li>\n<li>Problemas de marcha \/ equilibrio \/ coordinaci\u00f3n<\/li>\n<li>Cambios en la visi\u00f3n \/ p\u00e9rdida de visi\u00f3n<\/li>\n<li>Espasticidad muscular<\/li>\n<li>Problemas de vejiga \/ intestino<\/li>\n<li>Tartamudez \/ dificultad para hablar<\/li>\n<li>Depresi\u00f3n \/ Disfunci\u00f3n emocional y cognitiva<\/li>\n<\/ul>\n[\/vc_column_text][\/vc_column][vc_column width=&#8221;1\/2&#8243;][vc_message message_box_color=&#8221;mulled_wine&#8221;]\n<p><strong>\u00bfQu\u00e9 puede esperar de nuestro programa?<\/strong><\/p>\n[\/vc_message][vc_column_text]\n<ul>\n<li>Mejora del nivel de energ\u00eda<\/li>\n<li>Mayor equilibrio y movimientos<\/li>\n<li>Mejora del estado emocional<\/li>\n<li>Reducci\u00f3n de la espasticidad muscular<\/li>\n<li>Detener \/ Invertir \/ Retrasar el avance de la enfermedad<\/li>\n<li>Armonizar mente, cuerpo y esp\u00edritu<\/li>\n<\/ul>\n[\/vc_column_text][\/vc_column][\/vc_row][vc_row][vc_column width=&#8221;2\/3&#8243;][\/vc_column][vc_column width=&#8221;1\/3&#8243; offset=&#8221;vc_hidden-lg vc_hidden-md vc_hidden-sm&#8221;][vc_empty_space height=&#8221;55px&#8221;][vc_column_text]\n<h4>TESTIMONIOS<\/h4>\n<p><em>Cuando me diagnosticaron EMPP, los m\u00e9dicos me dijeron que ten\u00eda que aceptar y adaptarme a la progresi\u00f3n de la enfermedad. Busqu\u00e9 curas alternativas. Otro paciente con EM me sugiri\u00f3 el Ayurveda y ha sido una revelaci\u00f3n. La progresi\u00f3n de mi enfermedad se detuvo y, de hecho, muchos de los s\u00edntomas se invirtieron.  <\/em><\/p>\n[\/vc_column_text][vc_column_text]\n<p style=\"text-align: right;\"><strong>Anja Mahler, Alemania<\/strong><\/p>\n[\/vc_column_text][vc_column_text]\n<p><em>Era estudiante de medicina cuando me diagnosticaron esclerosis m\u00faltiple. Sab\u00eda que no hab\u00eda cura, pero mis padres me obligaron a seguir un tratamiento ayurv\u00e9dico. Ahora les doy las gracias por haberlo hecho. Mis s\u00edntomas han desaparecido por completo en un periodo de 4 a\u00f1os y todos los marcadores de la resonancia magn\u00e9tica se han invertido.  <\/em><\/p>\n[\/vc_column_text][vc_column_text]\n<p style=\"text-align: right;\"><strong>Cintheya, Alemania<\/strong><\/p>\n[\/vc_column_text][vc_column_text el_class=&#8221;rr-menu&#8221;]\n<h4>Enlaces r\u00e1pidos<\/h4>\n<ul>\n<li><a href=\"https:\/\/ayurmana.in\/es\/habitaciones-y-suites\/\">Habitaciones y suites<\/a><br \/>\n<hr>\n<\/li>\n<li><a href=\"https:\/\/ayurmana.in\/es\/ayurveda-paquetes-kerala\/\">Nuestros paquetes<\/a><br \/>\n<hr>\n<\/li>\n<li><a href=\"https:\/\/ayurmana.in\/es\/reserva-de-habitaciones\/\">Reserva de habitaciones<\/a><br \/>\n<hr>\n<\/li>\n<li><a href=\"https:\/\/ayurmana.in\/es\/preguntas-frecuentes\/\">PREGUNTAS FRECUENTES<\/a><\/li>\n<\/ul>\n[\/vc_column_text][\/vc_column][\/vc_row]\n","protected":false},"excerpt":{"rendered":"<p>[vc_row css=&#8221;.vc_custom_1577041652761{padding-bottom: 6px !important;}&#8221;][vc_column width=&#8221;2\/3&#8243;][vc_column_text] Tratamiento ayurv\u00e9dico eficaz de la [&hellip;]<\/p>\n","protected":false},"author":1,"featured_media":0,"parent":0,"menu_order":0,"comment_status":"closed","ping_status":"closed","template":"","meta":{"_monsterinsights_skip_tracking":false,"_monsterinsights_sitenote_active":false,"_monsterinsights_sitenote_note":"","_monsterinsights_sitenote_category":0,"_joinchat":[],"footnotes":""},"class_list":["post-4838","page","type-page","status-publish","hentry"],"_links":{"self":[{"href":"https:\/\/ayurmana.in\/es\/wp-json\/wp\/v2\/pages\/4838","targetHints":{"allow":["GET"]}}],"collection":[{"href":"https:\/\/ayurmana.in\/es\/wp-json\/wp\/v2\/pages"}],"about":[{"href":"https:\/\/ayurmana.in\/es\/wp-json\/wp\/v2\/types\/page"}],"author":[{"embeddable":true,"href":"https:\/\/ayurmana.in\/es\/wp-json\/wp\/v2\/users\/1"}],"replies":[{"embeddable":true,"href":"https:\/\/ayurmana.in\/es\/wp-json\/wp\/v2\/comments?post=4838"}],"version-history":[{"count":0,"href":"https:\/\/ayurmana.in\/es\/wp-json\/wp\/v2\/pages\/4838\/revisions"}],"wp:attachment":[{"href":"https:\/\/ayurmana.in\/es\/wp-json\/wp\/v2\/media?parent=4838"}],"curies":[{"name":"wp","href":"https:\/\/api.w.org\/{rel}","templated":true}]}}