{"id":4845,"date":"2019-11-22T15:33:15","date_gmt":"2019-11-22T10:03:15","guid":{"rendered":"https:\/\/www.ayurmana.in\/cuidado-del-cabello\/"},"modified":"2023-10-18T15:15:23","modified_gmt":"2023-10-18T09:45:23","slug":"cuidado-del-cabello","status":"publish","type":"page","link":"https:\/\/ayurmana.in\/es\/cuidado-del-cabello\/","title":{"rendered":"Cuidado del cabello"},"content":{"rendered":"[vc_row css=&#8221;.vc_custom_1577040106928{padding-bottom: 6px !important;}&#8221;][vc_column width=&#8221;2\/3&#8243;][vc_column_text]\n<h1>Restaure y mejore su cabello con un tratamiento ayurv\u00e9dico<\/h1>\n[\/vc_column_text][vc_single_image image=&#8221;192&#8243; img_size=&#8221;large&#8221;][vc_column_text]\n<h3>Programa de cuidado del cabello<br \/>\nConserva tu pelo y pierde las canas<\/h3>\n[\/vc_column_text][\/vc_column][vc_column width=&#8221;1\/3&#8243; offset=&#8221;vc_hidden-xs&#8221;][vc_empty_space height=&#8221;65px&#8221;][vc_column_text]\n<h4>TESTIMONIOS<\/h4>\n<p><em>He tenido problemas de ca\u00edda del cabello y caspa desde que era adolescente. Cuando la ca\u00edda del cabello se volvi\u00f3 asquerosa y el cuero cabelludo empez\u00f3 a notarse, empec\u00e9 a correr de m\u00e9dico en m\u00e9dico. La mayor\u00eda de las veces dio algunos resultados, pero siempre fue temporal hasta que tom\u00e9 el tratamiento ayurv\u00e9dico. Mi ca\u00edda ha cesado, la caspa ha desaparecido y mi cabello ha crecido grueso y sano.<\/em>[\/vc_column_text][vc_column_text]\n<p style=\"text-align: right;\"><strong>Lengyel Judit, Hungr\u00eda<\/strong><\/p>\n[\/vc_column_text][vc_column_text]<em>Empec\u00e9 a perder pelo en parches hace un par de a\u00f1os y empez\u00f3 a aumentar. Prob\u00e9 diferentes medicamentos, pero los parches segu\u00edan aumentando en n\u00famero. Despu\u00e9s de recibir tratamiento en Ayurmana, todas las manchas han vuelto a crecer y ya no aparecen nuevas manchas.<\/em>[\/vc_column_text][vc_column_text]\n<p style=\"text-align: right;\"><strong>Jason Sawyer, EE.UU.<\/strong><\/p>\n[\/vc_column_text][\/vc_column][\/vc_row][vc_row css=&#8221;.vc_custom_1577700937967{padding-top: 6px !important;padding-bottom: 6px !important;}&#8221;][vc_column width=&#8221;2\/3&#8243;][vc_column_text]Muy a menudo, lo que realza el carisma de un hombre o el atractivo general y el glamour de una mujer es su pelo.<br \/>\nNuestro programa capilar personalizado sanea, nutre y fortalece el cuero cabelludo y cada hebra capilar desde su ra\u00edz, garantizando que su cabello se mantenga sano y bello, con su vitalidad natural y su brillo radiante. El tratamiento tambi\u00e9n cura la ca\u00edda excesiva del cabello, la alopecia areata, el encanecimiento prematuro, la caspa cr\u00f3nica, etc.[\/vc_column_text][\/vc_column][vc_column width=&#8221;1\/3&#8243; offset=&#8221;vc_hidden-xs&#8221;][vc_column_text el_class=&#8221;rr-menu&#8221;]\n<h4>Enlaces r\u00e1pidos<\/h4>\n<ul>\n<li><a href=\"https:\/\/ayurmana.in\/es\/habitaciones-y-suites\/\">Habitaciones y suites<\/a><br \/>\n<hr>\n<\/li>\n<li><a href=\"https:\/\/ayurmana.in\/es\/ayurveda-paquetes-kerala\/\">Nuestros paquetes<\/a><br \/>\n<hr>\n<\/li>\n<li><a href=\"https:\/\/ayurmana.in\/es\/reserva-de-habitaciones\/\">Reserva de habitaciones<\/a><br \/>\n<hr>\n<\/li>\n<li><a href=\"https:\/\/ayurmana.in\/es\/preguntas-frecuentes\/\">PREGUNTAS FRECUENTES<\/a><\/li>\n<\/ul>\n[\/vc_column_text][\/vc_column][\/vc_row][vc_row css=&#8221;.vc_custom_1577700995127{padding-top: 6px !important;}&#8221;][vc_column width=&#8221;1\/2&#8243;][vc_message message_box_color=&#8221;mulled_wine&#8221;]<strong>Quejas comunes<\/strong>[\/vc_message][vc_column_text]\n<ul>\n<li>Cabello apagado y sin vida<\/li>\n<li>Ca\u00edda irregular del cabello<\/li>\n<li>Adelgazamiento del cabello<\/li>\n<li>Caspa cr\u00f3nica<\/li>\n<li>Encanecimiento prematuro<\/li>\n<li>Calvicie<\/li>\n<\/ul>\n[\/vc_column_text][\/vc_column][vc_column width=&#8221;1\/2&#8243;][vc_message message_box_color=&#8221;mulled_wine&#8221;]<strong>\u00bfQu\u00e9 puede esperar de nuestro programa?<\/strong>[\/vc_message][vc_column_text]\n<ul>\n<li>Frena la ca\u00edda del cabello<\/li>\n<li>Potencia el brillo y la luminosidad<\/li>\n<li>Cura los trastornos del cuero cabelludo<\/li>\n<li>Nutre el cabello desde la ra\u00edz<\/li>\n<li>Cura la caspa<\/li>\n<li>Favorece el crecimiento del cabello<\/li>\n<\/ul>\n[\/vc_column_text][\/vc_column][\/vc_row][vc_row][vc_column width=&#8221;2\/3&#8243;][\/vc_column][vc_column width=&#8221;1\/3&#8243; offset=&#8221;vc_hidden-lg vc_hidden-md vc_hidden-sm&#8221;][vc_empty_space height=&#8221;55px&#8221;][vc_column_text]\n<h4>TESTIMONIOS<\/h4>\n<p><em>He tenido problemas de ca\u00edda del cabello y caspa desde que era adolescente. Cuando la ca\u00edda del cabello se volvi\u00f3 asquerosa y el cuero cabelludo empez\u00f3 a notarse, empec\u00e9 a correr de m\u00e9dico en m\u00e9dico. La mayor\u00eda de las veces dio algunos resultados, pero siempre fue temporal hasta que tom\u00e9 el tratamiento ayurv\u00e9dico. Mi ca\u00edda ha cesado, la caspa ha desaparecido y mi cabello ha crecido grueso y sano.<\/em>[\/vc_column_text][vc_column_text]\n<p style=\"text-align: right;\"><strong>Lengyel Judit, Hungr\u00eda<\/strong><\/p>\n[\/vc_column_text][vc_column_text]<em>Empec\u00e9 a perder pelo en parches hace un par de a\u00f1os y empez\u00f3 a aumentar. Prob\u00e9 diferentes medicamentos, pero los parches segu\u00edan aumentando en n\u00famero. Despu\u00e9s de recibir tratamiento en Ayurmana, todas las manchas han vuelto a crecer y ya no aparecen nuevas manchas.<\/em>[\/vc_column_text][vc_column_text]\n<p style=\"text-align: right;\"><strong>Jason Sawyer, EE.UU.<\/strong><\/p>\n[\/vc_column_text][vc_column_text el_class=&#8221;rr-menu&#8221;]\n<h4>Enlaces r\u00e1pidos<\/h4>\n<ul>\n<li><a href=\"https:\/\/ayurmana.in\/es\/habitaciones-y-suites\/\">Habitaciones y suites<\/a><br \/>\n<hr>\n<\/li>\n<li><a href=\"https:\/\/ayurmana.in\/es\/ayurveda-paquetes-kerala\/\">Nuestros paquetes<\/a><br \/>\n<hr>\n<\/li>\n<li><a href=\"https:\/\/ayurmana.in\/es\/reserva-de-habitaciones\/\">Reserva de habitaciones<\/a><br \/>\n<hr>\n<\/li>\n<li><a href=\"https:\/\/ayurmana.in\/es\/preguntas-frecuentes\/\">PREGUNTAS FRECUENTES<\/a><\/li>\n<\/ul>\n[\/vc_column_text][\/vc_column][\/vc_row]\n","protected":false},"excerpt":{"rendered":"<p>[vc_row css=&#8221;.vc_custom_1577040106928{padding-bottom: 6px !important;}&#8221;][vc_column width=&#8221;2\/3&#8243;][vc_column_text] Restaure y mejore su cabello [&hellip;]<\/p>\n","protected":false},"author":1,"featured_media":0,"parent":0,"menu_order":0,"comment_status":"closed","ping_status":"closed","template":"","meta":{"_monsterinsights_skip_tracking":false,"_monsterinsights_sitenote_active":false,"_monsterinsights_sitenote_note":"","_monsterinsights_sitenote_category":0,"_joinchat":[],"footnotes":""},"class_list":["post-4845","page","type-page","status-publish","hentry"],"_links":{"self":[{"href":"https:\/\/ayurmana.in\/es\/wp-json\/wp\/v2\/pages\/4845","targetHints":{"allow":["GET"]}}],"collection":[{"href":"https:\/\/ayurmana.in\/es\/wp-json\/wp\/v2\/pages"}],"about":[{"href":"https:\/\/ayurmana.in\/es\/wp-json\/wp\/v2\/types\/page"}],"author":[{"embeddable":true,"href":"https:\/\/ayurmana.in\/es\/wp-json\/wp\/v2\/users\/1"}],"replies":[{"embeddable":true,"href":"https:\/\/ayurmana.in\/es\/wp-json\/wp\/v2\/comments?post=4845"}],"version-history":[{"count":0,"href":"https:\/\/ayurmana.in\/es\/wp-json\/wp\/v2\/pages\/4845\/revisions"}],"wp:attachment":[{"href":"https:\/\/ayurmana.in\/es\/wp-json\/wp\/v2\/media?parent=4845"}],"curies":[{"name":"wp","href":"https:\/\/api.w.org\/{rel}","templated":true}]}}