{"id":4857,"date":"2019-11-22T15:42:39","date_gmt":"2019-11-22T10:12:39","guid":{"rendered":"https:\/\/www.ayurmana.in\/rejuvenecimiento\/"},"modified":"2023-10-18T14:40:30","modified_gmt":"2023-10-18T09:10:30","slug":"rejuvenecimiento","status":"publish","type":"page","link":"https:\/\/ayurmana.in\/es\/rejuvenecimiento\/","title":{"rendered":"Rejuvenecimiento"},"content":{"rendered":"[vc_row css=&#8221;.vc_custom_1577701476185{padding-bottom: 6px !important;}&#8221;][vc_column width=&#8221;2\/3&#8243;][vc_column_text]\r\n<h1>Refr\u00e9squese y rejuvenezca con un programa de tratamiento ayurv\u00e9dico<\/h1>\r\n[\/vc_column_text][vc_single_image image=&#8221;196&#8243; img_size=&#8221;large&#8221;][vc_column_text]\r\n<h3>Invierta su reloj biol\u00f3gico y luzca y si\u00e9ntase varios a\u00f1os m\u00e1s joven.<\/h3>\r\n[\/vc_column_text][\/vc_column][vc_column width=&#8221;1\/3&#8243; offset=&#8221;vc_hidden-xs&#8221;][vc_empty_space height=&#8221;65px&#8221;][vc_column_text]\r\n<h4>TESTIMONIOS<\/h4>\r\n<p><em>Sol\u00eda sufrir fatiga cr\u00f3nica y bajo estado de \u00e1nimo. El tratamiento ayurv\u00e9dico me cambi\u00f3 totalmente. Nunca pens\u00e9 que volver\u00eda a estar tan en forma. <\/em>[\/vc_column_text][vc_column_text]\r\n<p style=\"text-align: right;\"><strong>Fiona, Reino Unido<\/strong><\/p>\r\n[\/vc_column_text][vc_column_text]\r\n<p><em>Hace un par de a\u00f1os me diagnosticaron el s\u00edndrome de fatiga cr\u00f3nica. Me somet\u00ed a numerosas pruebas y tratamientos sin ning\u00fan alivio. Pero despu\u00e9s de mi tratamiento rasayana de seis semanas, mi estado general de salud ha mejorado dr\u00e1sticamente.<\/em><\/p>\r\n[\/vc_column_text][vc_column_text]\r\n<p style=\"text-align: right;\"><strong>Michelle Wurfel, Alemania<\/strong><\/p>\r\n[\/vc_column_text][\/vc_column][\/vc_row][vc_row css=&#8221;.vc_custom_1577701489373{padding-top: 6px !important;padding-bottom: 6px !important;}&#8221;][vc_column width=&#8221;2\/3&#8243;][vc_column_text]<!-- \/wp:post-content --><\/p>\r\n<p><!-- wp:paragraph -->El programa de Dharma, probado a lo largo del tiempo, proporciona una nueva oleada de energ\u00eda y nutre el esp\u00edritu, dejando todo tu ser renovado y rejuvenecido. Este programa de tratamiento personalizado es dise\u00f1ado por nuestro m\u00e9dico tras una consulta detallada para adaptarse a las necesidades \u00fanicas de su cuerpo. Los tratamientos y procesos milenarios desintoxican el cuerpo desde el interior y las potentes f\u00f3rmulas ayurv\u00e9dicas elaboradas a partir de fuentes naturales org\u00e1nicas nutren y refuerzan la inmunidad y fortalecen todo el organismo, dej\u00e1ndolo fresco, renovado y revitalizado.<\/p>\r\n<p><!-- \/wp:paragraph --><\/p>\r\n<p>&nbsp;<\/p>\r\n[\/vc_column_text][\/vc_column][vc_column width=&#8221;1\/3&#8243; offset=&#8221;vc_hidden-xs&#8221;][vc_column_text el_class=&#8221;rr-menu&#8221;]\r\n<h4>Enlaces r\u00e1pidos<\/h4>\r\n<ul>\r\n<li><a href=\"https:\/\/ayurmana.in\/es\/habitaciones-y-suites\/\">Habitaciones y suites<\/a><br \/><hr \/><\/li>\r\n<li><a href=\"https:\/\/ayurmana.in\/es\/ayurveda-paquetes-kerala\/\">Nuestros paquetes<\/a><br \/><hr \/><\/li>\r\n<li><a href=\"https:\/\/ayurmana.in\/es\/reserva-de-habitaciones\/\">Reserva de habitaciones<\/a><br \/><hr \/><\/li>\r\n<li><a href=\"https:\/\/ayurmana.in\/es\/preguntas-frecuentes\/\">PREGUNTAS FRECUENTES<\/a><\/li>\r\n<\/ul>\r\n[\/vc_column_text][\/vc_column][\/vc_row][vc_row][vc_column width=&#8221;1\/2&#8243;][vc_message message_box_color=&#8221;mulled_wine&#8221;]\r\n<p><strong>Quejas comunes<\/strong><\/p>\r\n[\/vc_message][vc_column_text]\r\n<ul>\r\n<li>Fatiga<\/li>\r\n<li>Debilidad del sistema nervioso<\/li>\r\n<li>Debilitamiento de la inmunidad<\/li>\r\n<li>Dolores de espalda y articulaciones<\/li>\r\n<li>Cambios de humor y alteraciones del sue\u00f1o<\/li>\r\n<li>Aspecto cansado y envejecido<\/li>\r\n<\/ul>\r\n[\/vc_column_text][\/vc_column][vc_column width=&#8221;1\/2&#8243;][vc_message message_box_color=&#8221;mulled_wine&#8221;]\r\n<p><strong>\u00bfQu\u00e9 puede esperar de nuestro programa?<\/strong><\/p>\r\n[\/vc_message][vc_column_text]\r\n<ul>\r\n<li>Aumentar los niveles de energ\u00eda<\/li>\r\n<li>Invertir los efectos del envejecimiento<\/li>\r\n<li>Aumenta la fuerza y la inmunidad<\/li>\r\n<li>Rejuvenece el sistema nervioso<\/li>\r\n<li>Mejora el tono y la tez de la piel<\/li>\r\n<li>Luzca y si\u00e9ntase m\u00e1s joven<\/li>\r\n<\/ul>\r\n[\/vc_column_text][\/vc_column][\/vc_row][vc_row][vc_column width=&#8221;2\/3&#8243;][\/vc_column][vc_column width=&#8221;1\/3&#8243; offset=&#8221;vc_hidden-lg vc_hidden-md vc_hidden-sm&#8221;][vc_empty_space height=&#8221;55px&#8221;][vc_column_text]\r\n<h4>TESTIMONIOS<\/h4>\r\n<p><em>Sol\u00eda sufrir fatiga cr\u00f3nica y bajo estado de \u00e1nimo. El tratamiento ayurv\u00e9dico me cambi\u00f3 totalmente. Nunca pens\u00e9 que volver\u00eda a estar tan en forma. <\/em>[\/vc_column_text][vc_column_text]\r\n<p style=\"text-align: right;\"><strong>Fiona, Reino Unido<\/strong><\/p>\r\n[\/vc_column_text][vc_column_text]\r\n<p><em>Hace un par de a\u00f1os me diagnosticaron el s\u00edndrome de fatiga cr\u00f3nica. Me somet\u00ed a numerosas pruebas y tratamientos sin ning\u00fan alivio. Pero despu\u00e9s de mi tratamiento rasayana de seis semanas, mi estado general de salud ha mejorado dr\u00e1sticamente.<\/em><\/p>\r\n[\/vc_column_text][vc_column_text]\r\n<p style=\"text-align: right;\"><strong>Michelle Wurfel, Alemania<\/strong><\/p>\r\n[\/vc_column_text][vc_column_text el_class=&#8221;rr-menu&#8221;]\r\n<h4>Enlaces r\u00e1pidos<\/h4>\r\n<ul>\r\n<li><a href=\"https:\/\/ayurmana.in\/es\/habitaciones-y-suites\/\">Habitaciones y suites<\/a><br \/><hr \/><\/li>\r\n<li><a href=\"https:\/\/ayurmana.in\/es\/ayurveda-paquetes-kerala\/\">Nuestros paquetes<\/a><br \/><hr \/><\/li>\r\n<li><a href=\"https:\/\/ayurmana.in\/es\/reserva-de-habitaciones\/\">Reserva de habitaciones<\/a><br \/><hr \/><\/li>\r\n<li><a href=\"https:\/\/ayurmana.in\/es\/preguntas-frecuentes\/\">PREGUNTAS FRECUENTES<\/a><\/li>\r\n<\/ul>\r\n[\/vc_column_text][\/vc_column][\/vc_row]","protected":false},"excerpt":{"rendered":"<p>[vc_row css=&#8221;.vc_custom_1577701476185{padding-bottom: 6px !important;}&#8221;][vc_column width=&#8221;2\/3&#8243;][vc_column_text] Refr\u00e9squese y rejuvenezca con un [&hellip;]<\/p>\n","protected":false},"author":1,"featured_media":0,"parent":0,"menu_order":0,"comment_status":"closed","ping_status":"closed","template":"","meta":{"_monsterinsights_skip_tracking":false,"_monsterinsights_sitenote_active":false,"_monsterinsights_sitenote_note":"","_monsterinsights_sitenote_category":0,"_joinchat":[],"footnotes":""},"class_list":["post-4857","page","type-page","status-publish","hentry"],"_links":{"self":[{"href":"https:\/\/ayurmana.in\/es\/wp-json\/wp\/v2\/pages\/4857","targetHints":{"allow":["GET"]}}],"collection":[{"href":"https:\/\/ayurmana.in\/es\/wp-json\/wp\/v2\/pages"}],"about":[{"href":"https:\/\/ayurmana.in\/es\/wp-json\/wp\/v2\/types\/page"}],"author":[{"embeddable":true,"href":"https:\/\/ayurmana.in\/es\/wp-json\/wp\/v2\/users\/1"}],"replies":[{"embeddable":true,"href":"https:\/\/ayurmana.in\/es\/wp-json\/wp\/v2\/comments?post=4857"}],"version-history":[{"count":0,"href":"https:\/\/ayurmana.in\/es\/wp-json\/wp\/v2\/pages\/4857\/revisions"}],"wp:attachment":[{"href":"https:\/\/ayurmana.in\/es\/wp-json\/wp\/v2\/media?parent=4857"}],"curies":[{"name":"wp","href":"https:\/\/api.w.org\/{rel}","templated":true}]}}