{"id":4876,"date":"2019-11-23T11:28:14","date_gmt":"2019-11-23T05:58:14","guid":{"rendered":"https:\/\/www.ayurmana.in\/dr-bahuleyan\/"},"modified":"2023-10-18T15:15:23","modified_gmt":"2023-10-18T09:45:23","slug":"dr-bahuleyan","status":"publish","type":"page","link":"https:\/\/ayurmana.in\/es\/dr-bahuleyan\/","title":{"rendered":"Dr. Bahuleyan"},"content":{"rendered":"[vc_row curly_padding=&#8221;content-padding-xs&#8221;][vc_column width=&#8221;1\/3&#8243; curly_padding=&#8221;content-padding-xs&#8221;][vc_column_text]\n<h2>Late Dr.Bahuleyan<\/h2>\n<h3>Nuestra luz de gu\u00eda<\/h3>\n[\/vc_column_text][vc_single_image image=&#8221;261&#8243; img_size=&#8221;medium&#8221; alignment=&#8221;center&#8221; style=&#8221;img-frame-large&#8221;][\/vc_column][vc_column width=&#8221;2\/3&#8243; curly_padding=&#8221;content-padding-xs&#8221;][vc_empty_space height=&#8221;125px&#8221;][vc_column_text]El difunto Dr. Bahuleyan, el sanador ayurv\u00e9dico m\u00e1s venerado de su \u00e9poca, ha sido la luz que gu\u00eda y el portador de la antorcha del enfoque centenario, \u00fanico y radical de la familia dharma en la sanaci\u00f3n ayurv\u00e9dica.<\/p>\n<p>En su inigualable carrera curativa de m\u00e1s de 50 a\u00f1os, el Dr. Bahuleyan ha guiado y formado a cientos de m\u00e9dicos ayurv\u00e9dicos que han dedicado sus vidas a la pr\u00e1ctica aut\u00e9ntica del sagrado arte curativo del Ayurveda.<\/p>\n<p>En 1965, el Dr. Bahuleyan estableci\u00f3 Dharma Ayurveda en Trivandrum, en Ayirooppara.<\/p>\n<p>El famoso sanador ayurv\u00e9dico de Kerala, India, fue Consultor Especialista del Gobierno de Kerala y Oficial M\u00e9dico Superior del Hospital del Colegio Ayurv\u00e9dico del Gobierno, Thiruvananthapuram, Kerala, India.<\/p>\n<p>Fue director del Santhigiri Ashram y director asesor del Grupo Santhigiri de hospitales ayurv\u00e9dicos en Thiruvananthapuram, Kerala (India).<\/p>\n<p>Fue patrono de la Sociedad de la Cruz Roja de la India, en Thiruvananthapuram, Kerala. En Maruthuamalai construy\u00f3 el Ashram Dharma, que ofrec\u00eda tratamiento gratuito a los pobres que llegaban de aldeas remotas.<\/p>\n<p>Dharma Ayurveda se ha expandido ahora con operaciones en la India y en el extranjero. Nuestro Presidente fundador fue este humilde, amable y gran m\u00e9dico ayurveda de Kerala, India. En nuestros corazones sigue siendo tan p\u00f3stumo.[\/vc_column_text][\/vc_column][\/vc_row]\n","protected":false},"excerpt":{"rendered":"<p>[vc_row curly_padding=&#8221;content-padding-xs&#8221;][vc_column width=&#8221;1\/3&#8243; curly_padding=&#8221;content-padding-xs&#8221;][vc_column_text] Late Dr.Bahuleyan Nuestra luz de gu\u00eda [&hellip;]<\/p>\n","protected":false},"author":1,"featured_media":0,"parent":0,"menu_order":0,"comment_status":"closed","ping_status":"closed","template":"","meta":{"_monsterinsights_skip_tracking":false,"_monsterinsights_sitenote_active":false,"_monsterinsights_sitenote_note":"","_monsterinsights_sitenote_category":0,"_joinchat":[],"footnotes":""},"class_list":["post-4876","page","type-page","status-publish","hentry"],"_links":{"self":[{"href":"https:\/\/ayurmana.in\/es\/wp-json\/wp\/v2\/pages\/4876","targetHints":{"allow":["GET"]}}],"collection":[{"href":"https:\/\/ayurmana.in\/es\/wp-json\/wp\/v2\/pages"}],"about":[{"href":"https:\/\/ayurmana.in\/es\/wp-json\/wp\/v2\/types\/page"}],"author":[{"embeddable":true,"href":"https:\/\/ayurmana.in\/es\/wp-json\/wp\/v2\/users\/1"}],"replies":[{"embeddable":true,"href":"https:\/\/ayurmana.in\/es\/wp-json\/wp\/v2\/comments?post=4876"}],"version-history":[{"count":0,"href":"https:\/\/ayurmana.in\/es\/wp-json\/wp\/v2\/pages\/4876\/revisions"}],"wp:attachment":[{"href":"https:\/\/ayurmana.in\/es\/wp-json\/wp\/v2\/media?parent=4876"}],"curies":[{"name":"wp","href":"https:\/\/api.w.org\/{rel}","templated":true}]}}