{"id":4892,"date":"2019-11-23T11:30:55","date_gmt":"2019-11-23T06:00:55","guid":{"rendered":"https:\/\/www.ayurmana.in\/dr-jayaprakash\/"},"modified":"2023-10-18T15:15:22","modified_gmt":"2023-10-18T09:45:22","slug":"dr-jayaprakash","status":"publish","type":"page","link":"https:\/\/ayurmana.in\/es\/dr-jayaprakash\/","title":{"rendered":"Dr. Jayaprakash"},"content":{"rendered":"[vc_row curly_padding=&#8221;content-padding-xs&#8221;][vc_column width=&#8221;1\/3&#8243; curly_padding=&#8221;content-padding-xs&#8221;][vc_column_text]\n<h2>Dr. Jayaprakash<\/h2>\n[\/vc_column_text][vc_single_image image=&#8221;267&#8243; img_size=&#8221;medium&#8221; style=&#8221;img-frame-large&#8221;][\/vc_column][vc_column width=&#8221;2\/3&#8243;][vc_empty_space height=&#8221;50px&#8221;][vc_column_text]\n<h1>Mejor m\u00e9dico ayurv\u00e9dico en Kerala India<\/h1>\n<p>El Dr. Jayaprakash naci\u00f3 en el seno de la familia Dharma, curanderos ayurv\u00e9dicos tradicionales durante m\u00e1s de nueve generaciones. Su padre, el famoso y m\u00e1s venerado m\u00e9dico ayurv\u00e9dico de su \u00e9poca, el Dr. Bahuelyan, le inici\u00f3 en la curaci\u00f3n a una edad temprana. Ampli\u00f3 sus estudios de Medicina y Cirug\u00eda Ayurv\u00e9dicas y se convirti\u00f3 en uno de los pioneros en adaptar los conceptos del Ayurveda a la sociedad y el estilo de vida modernos con una eficacia incre\u00edble. Su labor ha sido decisiva para la propagaci\u00f3n y la pr\u00e1ctica del ayurveda fuera de Kerala, en toda la India y en el extranjero. El &#8220;Doctors Vest Book of Indian Medicine&#8221; compilado y publicado por \u00e9l en 1995 se considera el manual definitivo para los practicantes de la medicina india &#8211; Ayurveda y Sidhha.<\/p>\n<p>El inspirador trabajo de toda una vida del Dr. Jayaprakash explorando y siguiendo las verdaderas ra\u00edces de la antigua medicina india ha desentra\u00f1ado muchas curas perdidas, t\u00e9cnicas de tratamiento y modalidades que exist\u00edan para varias enfermedades incurables, en esta tierra. Sus esfuerzos y su deseo de devolver algo a estas sociedades tribales y abor\u00edgenes le llevaron a constituir la organizaci\u00f3n sin \u00e1nimo de lucro &#8220;Centro para el Desarrollo de la Medicina India&#8221;. La organizaci\u00f3n apoya a los asentamientos tribales y abor\u00edgenes de los bosques y aldeas remotas de attapadi, kallar, mukkali, maruthuamalai, etc. mediante campamentos m\u00e9dicos gratuitos, tratamientos gratuitos y campamentos oftalmol\u00f3gicos gratuitos.<\/p>\n<p>El Dr. Jayaprakash, ampliamente reconocido como el mejor m\u00e9dico ayurv\u00e9dico de Kerala (India), dirige ahora Dharma Ayurveda y sus operaciones en la India y en el extranjero. Su estimada lista de cleintes incluye celebridades internacionales: cient\u00edficos de renombre, m\u00e9dicos, escritores, dirigentes de pa\u00edses, leyendas del cine y la m\u00fasica, familias reales, etc.<\/p>\n[\/vc_column_text][\/vc_column][\/vc_row]\n","protected":false},"excerpt":{"rendered":"<p>[vc_row curly_padding=&#8221;content-padding-xs&#8221;][vc_column width=&#8221;1\/3&#8243; curly_padding=&#8221;content-padding-xs&#8221;][vc_column_text] Dr. Jayaprakash [\/vc_column_text][vc_single_image image=&#8221;267&#8243; img_size=&#8221;medium&#8221; style=&#8221;img-frame-large&#8221;][\/vc_column][vc_column [&hellip;]<\/p>\n","protected":false},"author":1,"featured_media":0,"parent":0,"menu_order":0,"comment_status":"closed","ping_status":"closed","template":"","meta":{"_monsterinsights_skip_tracking":false,"_monsterinsights_sitenote_active":false,"_monsterinsights_sitenote_note":"","_monsterinsights_sitenote_category":0,"_joinchat":[],"footnotes":""},"class_list":["post-4892","page","type-page","status-publish","hentry"],"_links":{"self":[{"href":"https:\/\/ayurmana.in\/es\/wp-json\/wp\/v2\/pages\/4892","targetHints":{"allow":["GET"]}}],"collection":[{"href":"https:\/\/ayurmana.in\/es\/wp-json\/wp\/v2\/pages"}],"about":[{"href":"https:\/\/ayurmana.in\/es\/wp-json\/wp\/v2\/types\/page"}],"author":[{"embeddable":true,"href":"https:\/\/ayurmana.in\/es\/wp-json\/wp\/v2\/users\/1"}],"replies":[{"embeddable":true,"href":"https:\/\/ayurmana.in\/es\/wp-json\/wp\/v2\/comments?post=4892"}],"version-history":[{"count":0,"href":"https:\/\/ayurmana.in\/es\/wp-json\/wp\/v2\/pages\/4892\/revisions"}],"wp:attachment":[{"href":"https:\/\/ayurmana.in\/es\/wp-json\/wp\/v2\/media?parent=4892"}],"curies":[{"name":"wp","href":"https:\/\/api.w.org\/{rel}","templated":true}]}}